{"id":111,"date":"2022-09-07T20:47:49","date_gmt":"2022-09-07T20:47:49","guid":{"rendered":"https:\/\/www.lstream.org\/?page_id=111"},"modified":"2024-01-09T20:16:06","modified_gmt":"2024-01-09T20:16:06","slug":"hospitals-physicians","status":"publish","type":"page","link":"https:\/\/www.lstream.org\/es\/hospitals-physicians\/","title":{"rendered":"Hospitales y m\u00e9dicos"},"content":{"rendered":"<div data-elementor-type=\"wp-page\" data-elementor-id=\"111\" class=\"elementor elementor-111\" data-elementor-post-type=\"page\">\n\t\t\t\t\t\t<section data-particle_enable=\"false\" data-particle-mobile-disabled=\"false\" class=\"elementor-section elementor-top-section elementor-element elementor-element-3c41b8c8 elementor-section-full_width elementor-section-content-bottom elementor-section-height-default elementor-section-height-default\" data-id=\"3c41b8c8\" data-element_type=\"section\" data-e-type=\"section\" data-settings=\"{&quot;background_background&quot;:&quot;classic&quot;}\">\n\t\t\t\t\t\t<div class=\"elementor-container elementor-column-gap-no\">\n\t\t\t\t\t<div class=\"elementor-column elementor-col-100 elementor-top-column elementor-element elementor-element-7a53d2ba\" data-id=\"7a53d2ba\" data-element_type=\"column\" data-e-type=\"column\">\n\t\t\t<div class=\"elementor-widget-wrap elementor-element-populated\">\n\t\t\t\t\t\t<div class=\"elementor-element elementor-element-1876fce9 elementor-widget elementor-widget-heading\" data-id=\"1876fce9\" data-element_type=\"widget\" data-e-type=\"widget\" data-widget_type=\"heading.default\">\n\t\t\t\t<div class=\"elementor-widget-container\">\n\t\t\t\t\t<h2 class=\"elementor-heading-title elementor-size-default\">Hospitales y m\u00e9dicos<\/h2>\t\t\t\t<\/div>\n\t\t\t\t<\/div>\n\t\t\t\t<div class=\"elementor-element elementor-element-a8e1050 elementor-align-center elementor-widget elementor-widget-global elementor-global-2059 elementor-widget-breadcrumbs\" data-id=\"a8e1050\" data-element_type=\"widget\" data-e-type=\"widget\" data-widget_type=\"breadcrumbs.default\">\n\t\t\t\t<div class=\"elementor-widget-container\">\n\t\t\t\t\t<span id=\"breadcrumbs\"><span><span><a href=\"https:\/\/www.lstream.org\/es\/\">Hogar<\/a><\/span><\/span><\/span>\t\t\t\t<\/div>\n\t\t\t\t<\/div>\n\t\t\t\t\t<\/div>\n\t\t<\/div>\n\t\t\t\t\t<\/div>\n\t\t<\/section>\n\t\t\t\t<section data-particle_enable=\"false\" data-particle-mobile-disabled=\"false\" class=\"elementor-section elementor-top-section elementor-element elementor-element-8e87f7b elementor-section-content-middle elementor-section-boxed elementor-section-height-default elementor-section-height-default\" data-id=\"8e87f7b\" data-element_type=\"section\" data-e-type=\"section\">\n\t\t\t\t\t\t<div class=\"elementor-container elementor-column-gap-default\">\n\t\t\t\t\t<div class=\"elementor-column elementor-col-100 elementor-top-column elementor-element elementor-element-45e2b90\" data-id=\"45e2b90\" data-element_type=\"column\" data-e-type=\"column\">\n\t\t\t<div class=\"elementor-widget-wrap elementor-element-populated\">\n\t\t\t\t\t\t<div class=\"elementor-element elementor-element-0c39a74 elementor-widget__width-auto elementor-widget elementor-widget-button\" data-id=\"0c39a74\" data-element_type=\"widget\" data-e-type=\"widget\" data-widget_type=\"button.default\">\n\t\t\t\t<div class=\"elementor-widget-container\">\n\t\t\t\t\t\t\t\t\t<div class=\"elementor-button-wrapper\">\n\t\t\t\t\t<a class=\"elementor-button elementor-button-link elementor-size-sm\" href=\"https:\/\/giftoflife.lstream.org\/hemacontrol\/hospital\/auth\/signin\">\n\t\t\t\t\t\t<span class=\"elementor-button-content-wrapper\">\n\t\t\t\t\t\t\t\t\t<span class=\"elementor-button-text\">REALIZAR PEDIDO EN HEMACONTROL<\/span>\n\t\t\t\t\t<\/span>\n\t\t\t\t\t<\/a>\n\t\t\t\t<\/div>\n\t\t\t\t\t\t\t\t<\/div>\n\t\t\t\t<\/div>\n\t\t\t\t\t<\/div>\n\t\t<\/div>\n\t\t\t\t\t<\/div>\n\t\t<\/section>\n\t\t\t\t<section data-particle_enable=\"false\" data-particle-mobile-disabled=\"false\" class=\"elementor-section elementor-top-section elementor-element elementor-element-41215b62 elementor-section-full_width elementor-section-height-min-height elementor-section-items-stretch elementor-section-content-top elementor-section-height-default\" data-id=\"41215b62\" data-element_type=\"section\" data-e-type=\"section\">\n\t\t\t\t\t\t<div class=\"elementor-container elementor-column-gap-no\">\n\t\t\t\t\t<div class=\"elementor-column elementor-col-100 elementor-top-column elementor-element elementor-element-4cb76ee3\" data-id=\"4cb76ee3\" data-element_type=\"column\" data-e-type=\"column\">\n\t\t\t<div class=\"elementor-widget-wrap elementor-element-populated\">\n\t\t\t\t\t\t<section data-particle_enable=\"false\" data-particle-mobile-disabled=\"false\" class=\"elementor-section elementor-inner-section elementor-element elementor-element-76c381f3 elementor-reverse-mobile elementor-section-boxed elementor-section-height-default elementor-section-height-default\" data-id=\"76c381f3\" data-element_type=\"section\" data-e-type=\"section\">\n\t\t\t\t\t\t<div class=\"elementor-container elementor-column-gap-default\">\n\t\t\t\t\t<div class=\"elementor-column elementor-col-50 elementor-inner-column elementor-element elementor-element-e709fba\" data-id=\"e709fba\" data-element_type=\"column\" data-e-type=\"column\" data-settings=\"{&quot;background_background&quot;:&quot;classic&quot;}\">\n\t\t\t<div class=\"elementor-widget-wrap elementor-element-populated\">\n\t\t\t\t\t\t<div class=\"elementor-element elementor-element-1494ed15 elementor-widget elementor-widget-spacer\" data-id=\"1494ed15\" data-element_type=\"widget\" data-e-type=\"widget\" data-widget_type=\"spacer.default\">\n\t\t\t\t<div class=\"elementor-widget-container\">\n\t\t\t\t\t\t\t<div class=\"elementor-spacer\">\n\t\t\t<div class=\"elementor-spacer-inner\"><\/div>\n\t\t<\/div>\n\t\t\t\t\t\t<\/div>\n\t\t\t\t<\/div>\n\t\t\t\t\t<\/div>\n\t\t<\/div>\n\t\t\t\t<div class=\"elementor-column elementor-col-50 elementor-inner-column elementor-element elementor-element-1bdfbbf6\" data-id=\"1bdfbbf6\" data-element_type=\"column\" data-e-type=\"column\">\n\t\t\t<div class=\"elementor-widget-wrap elementor-element-populated\">\n\t\t\t\t\t\t<div class=\"elementor-element elementor-element-31312938 elementor-widget elementor-widget-heading\" data-id=\"31312938\" data-element_type=\"widget\" data-e-type=\"widget\" data-widget_type=\"heading.default\">\n\t\t\t\t<div class=\"elementor-widget-container\">\n\t\t\t\t\t<h2 class=\"elementor-heading-title elementor-size-default\">Servicios m\u00e9dicos<\/h2>\t\t\t\t<\/div>\n\t\t\t\t<\/div>\n\t\t\t\t<div class=\"elementor-element elementor-element-3d55a557 elementor-widget elementor-widget-text-editor\" data-id=\"3d55a557\" data-element_type=\"widget\" data-e-type=\"widget\" data-widget_type=\"text-editor.default\">\n\t\t\t\t<div class=\"elementor-widget-container\">\n\t\t\t\t\t\t\t\t\t<p>M\u00e1s que un banco de sangre, LifeStream ofrece a la comunidad una lista completa de servicios de transfusi\u00f3n. Estos programas est\u00e1n pensados como opciones para brindar comodidad y confianza adicionales a quienes est\u00e1n en el centro de nuestra misi\u00f3n: los pacientes locales y sus seres queridos.<\/p><p>Entre ellas se incluyen la donaci\u00f3n aut\u00f3loga (designarse como receptor); donaci\u00f3n dirigida (designaci\u00f3n de un destinatario espec\u00edfico distinto de uno mismo); y colecci\u00f3n terap\u00e9utica.<\/p><p>Si tiene preguntas sobre los servicios m\u00e9dicos, comun\u00edquese con un Coordinador de servicios especiales al 877.386.6874 o al 909.885.6503 (ext. 664) o por correo electr\u00f3nico a <a href=\"mailto:SpecialServices@LStream.org\">SpecialServices@LStream.org<\/a><\/p><p>LifeStream cuenta con un equipo m\u00f3vil de af\u00e9resis terap\u00e9utica que puede proporcionar los siguientes procedimientos en entornos hospitalarios o ambulatorios: intercambios terap\u00e9uticos de plasma, intercambios de gl\u00f3bulos rojos y agotamiento celular (leucocitos, plaquetas, gl\u00f3bulos rojos). <br \/>Contacto principal: (909) 677-0823. Contacto secundario: (909) 386-6829.<\/p>\t\t\t\t\t\t\t\t<\/div>\n\t\t\t\t<\/div>\n\t\t\t\t<div class=\"elementor-element elementor-element-6d1fc4c6 elementor-align-left elementor-widget elementor-widget-button\" data-id=\"6d1fc4c6\" data-element_type=\"widget\" data-e-type=\"widget\" data-widget_type=\"button.default\">\n\t\t\t\t<div class=\"elementor-widget-container\">\n\t\t\t\t\t\t\t\t\t<div class=\"elementor-button-wrapper\">\n\t\t\t\t\t<a class=\"elementor-button elementor-button-link elementor-size-sm\" href=\"https:\/\/www.lstream.org\/es\/hospitals-physicians\/physician-services\/\">\n\t\t\t\t\t\t<span class=\"elementor-button-content-wrapper\">\n\t\t\t\t\t\t<span class=\"elementor-button-icon\">\n\t\t\t\t<i aria-hidden=\"true\" class=\"fas fa-tint\"><\/i>\t\t\t<\/span>\n\t\t\t\t\t\t\t\t\t<span class=\"elementor-button-text\">Aprende m\u00e1s<\/span>\n\t\t\t\t\t<\/span>\n\t\t\t\t\t<\/a>\n\t\t\t\t<\/div>\n\t\t\t\t\t\t\t\t<\/div>\n\t\t\t\t<\/div>\n\t\t\t\t\t<\/div>\n\t\t<\/div>\n\t\t\t\t\t<\/div>\n\t\t<\/section>\n\t\t\t\t<section data-particle_enable=\"false\" data-particle-mobile-disabled=\"false\" class=\"elementor-section elementor-inner-section elementor-element elementor-element-f30a0ba elementor-section-boxed elementor-section-height-default elementor-section-height-default\" data-id=\"f30a0ba\" data-element_type=\"section\" data-e-type=\"section\">\n\t\t\t\t\t\t<div class=\"elementor-container elementor-column-gap-default\">\n\t\t\t\t\t<div class=\"elementor-column elementor-col-50 elementor-inner-column elementor-element elementor-element-965ce16\" data-id=\"965ce16\" data-element_type=\"column\" data-e-type=\"column\">\n\t\t\t<div class=\"elementor-widget-wrap elementor-element-populated\">\n\t\t\t\t\t\t<div class=\"elementor-element elementor-element-69550c21 elementor-widget elementor-widget-heading\" data-id=\"69550c21\" data-element_type=\"widget\" data-e-type=\"widget\" data-widget_type=\"heading.default\">\n\t\t\t\t<div class=\"elementor-widget-container\">\n\t\t\t\t\t<h2 class=\"elementor-heading-title elementor-size-default\">Servicios hospitalarios<\/h2>\t\t\t\t<\/div>\n\t\t\t\t<\/div>\n\t\t\t\t<div class=\"elementor-element elementor-element-60d3408f elementor-widget elementor-widget-text-editor\" data-id=\"60d3408f\" data-element_type=\"widget\" data-e-type=\"widget\" data-widget_type=\"text-editor.default\">\n\t\t\t\t<div class=\"elementor-widget-container\">\n\t\t\t\t\t\t\t\t\t<p>LifeStream se enorgullece de brindar un servicio al cliente superior a nuestros hospitales asociados, con quienes a su vez cuentan los pacientes en cuyo inter\u00e9s ambos servimos.<\/p>\t\t\t\t\t\t\t\t<\/div>\n\t\t\t\t<\/div>\n\t\t\t\t<div class=\"elementor-element elementor-element-98ede3a elementor-align-left elementor-widget elementor-widget-button\" data-id=\"98ede3a\" data-element_type=\"widget\" data-e-type=\"widget\" data-widget_type=\"button.default\">\n\t\t\t\t<div class=\"elementor-widget-container\">\n\t\t\t\t\t\t\t\t\t<div class=\"elementor-button-wrapper\">\n\t\t\t\t\t<a class=\"elementor-button elementor-button-link elementor-size-sm\" href=\"https:\/\/www.lstream.org\/es\/hospitals-physicians\/hospital-services\/\">\n\t\t\t\t\t\t<span class=\"elementor-button-content-wrapper\">\n\t\t\t\t\t\t<span class=\"elementor-button-icon\">\n\t\t\t\t<i aria-hidden=\"true\" class=\"fas fa-tint\"><\/i>\t\t\t<\/span>\n\t\t\t\t\t\t\t\t\t<span class=\"elementor-button-text\">Aprende m\u00e1s<\/span>\n\t\t\t\t\t<\/span>\n\t\t\t\t\t<\/a>\n\t\t\t\t<\/div>\n\t\t\t\t\t\t\t\t<\/div>\n\t\t\t\t<\/div>\n\t\t\t\t\t<\/div>\n\t\t<\/div>\n\t\t\t\t<div class=\"elementor-column elementor-col-50 elementor-inner-column elementor-element elementor-element-215b3f81\" data-id=\"215b3f81\" data-element_type=\"column\" data-e-type=\"column\" data-settings=\"{&quot;background_background&quot;:&quot;classic&quot;}\">\n\t\t\t<div class=\"elementor-widget-wrap elementor-element-populated\">\n\t\t\t\t\t\t<div class=\"elementor-element elementor-element-1d660b93 elementor-widget elementor-widget-spacer\" data-id=\"1d660b93\" data-element_type=\"widget\" data-e-type=\"widget\" data-widget_type=\"spacer.default\">\n\t\t\t\t<div class=\"elementor-widget-container\">\n\t\t\t\t\t\t\t<div class=\"elementor-spacer\">\n\t\t\t<div class=\"elementor-spacer-inner\"><\/div>\n\t\t<\/div>\n\t\t\t\t\t\t<\/div>\n\t\t\t\t<\/div>\n\t\t\t\t\t<\/div>\n\t\t<\/div>\n\t\t\t\t\t<\/div>\n\t\t<\/section>\n\t\t\t\t<div class=\"elementor-element elementor-element-183e389 elementor-widget-divider--view-line elementor-widget elementor-widget-divider\" data-id=\"183e389\" data-element_type=\"widget\" data-e-type=\"widget\" data-widget_type=\"divider.default\">\n\t\t\t\t<div class=\"elementor-widget-container\">\n\t\t\t\t\t\t\t<div class=\"elementor-divider\">\n\t\t\t<span class=\"elementor-divider-separator\">\n\t\t\t\t\t\t<\/span>\n\t\t<\/div>\n\t\t\t\t\t\t<\/div>\n\t\t\t\t<\/div>\n\t\t\t\t\t<\/div>\n\t\t<\/div>\n\t\t\t\t\t<\/div>\n\t\t<\/section>\n\t\t\t\t<\/div>","protected":false},"excerpt":{"rendered":"<p>Hospitals &#038; Physicians PLACE ORDER ON HEMACONTROL Physician Services More than a blood bank, LifeStream offers the community a comprehensive list of transfusion services. These programs are intended as options to bring additional comfort and confidence to those at the heart of our mission \u2013 local patients and their loved ones. These include autologous donation [&hellip;]<\/p>\n","protected":false},"author":1,"featured_media":0,"parent":0,"menu_order":3,"comment_status":"closed","ping_status":"closed","template":"elementor_header_footer","meta":{"_acf_changed":false,"footnotes":""},"class_list":["post-111","page","type-page","status-publish","hentry"],"acf":[],"yoast_head":"<!-- This site is optimized with the Yoast SEO Premium plugin v27.2 (Yoast SEO v27.2) - https:\/\/yoast.com\/product\/yoast-seo-premium-wordpress\/ -->\n<title>Hospitals &amp; Physicians - LifeStream Blood Bank<\/title>\n<meta name=\"robots\" content=\"noindex, follow, max-snippet:-1, max-image-preview:large, max-video-preview:-1\" \/>\n<meta property=\"og:locale\" content=\"es_MX\" \/>\n<meta property=\"og:type\" content=\"article\" \/>\n<meta property=\"og:title\" content=\"Hospitals &amp; Physicians\" \/>\n<meta property=\"og:description\" content=\"Hospitals &#038; Physicians PLACE ORDER ON HEMACONTROL Physician Services More than a blood bank, LifeStream offers the community a comprehensive list of transfusion services. These programs are intended as options to bring additional comfort and confidence to those at the heart of our mission \u2013 local patients and their loved ones. These include autologous donation [&hellip;]\" \/>\n<meta property=\"og:url\" content=\"https:\/\/www.lstream.org\/es\/hospitals-physicians\/\" \/>\n<meta property=\"og:site_name\" content=\"LifeStream Blood Bank\" \/>\n<meta property=\"article:modified_time\" content=\"2024-01-09T20:16:06+00:00\" \/>\n<meta name=\"twitter:card\" content=\"summary_large_image\" \/>\n<meta name=\"twitter:label1\" content=\"Tiempo de lectura\" \/>\n\t<meta name=\"twitter:data1\" content=\"1 minuto\" \/>\n<script type=\"application\/ld+json\" class=\"yoast-schema-graph\">{\"@context\":\"https:\/\/schema.org\",\"@graph\":[{\"@type\":\"WebPage\",\"@id\":\"https:\/\/www.lstream.org\/hospitals-physicians\/\",\"url\":\"https:\/\/www.lstream.org\/hospitals-physicians\/\",\"name\":\"Hospitals & Physicians - LifeStream Blood Bank\",\"isPartOf\":{\"@id\":\"https:\/\/www.lstream.org\/#website\"},\"datePublished\":\"2022-09-07T20:47:49+00:00\",\"dateModified\":\"2024-01-09T20:16:06+00:00\",\"breadcrumb\":{\"@id\":\"https:\/\/www.lstream.org\/hospitals-physicians\/#breadcrumb\"},\"inLanguage\":\"es\",\"potentialAction\":[{\"@type\":\"ReadAction\",\"target\":[\"https:\/\/www.lstream.org\/hospitals-physicians\/\"]}]},{\"@type\":\"BreadcrumbList\",\"@id\":\"https:\/\/www.lstream.org\/hospitals-physicians\/#breadcrumb\",\"itemListElement\":[{\"@type\":\"ListItem\",\"position\":1,\"name\":\"Home\",\"item\":\"https:\/\/www.lstream.org\/\"},{\"@type\":\"ListItem\",\"position\":2,\"name\":\"Hospitals &#038; Physicians\"}]},{\"@type\":\"WebSite\",\"@id\":\"https:\/\/www.lstream.org\/#website\",\"url\":\"https:\/\/www.lstream.org\/\",\"name\":\"LifeStream Blood Bank\",\"description\":\"\",\"publisher\":{\"@id\":\"https:\/\/www.lstream.org\/#organization\"},\"potentialAction\":[{\"@type\":\"SearchAction\",\"target\":{\"@type\":\"EntryPoint\",\"urlTemplate\":\"https:\/\/www.lstream.org\/?s={search_term_string}\"},\"query-input\":{\"@type\":\"PropertyValueSpecification\",\"valueRequired\":true,\"valueName\":\"search_term_string\"}}],\"inLanguage\":\"es\"},{\"@type\":\"Organization\",\"@id\":\"https:\/\/www.lstream.org\/#organization\",\"name\":\"LifeStream Blood Bank\",\"url\":\"https:\/\/www.lstream.org\/\",\"logo\":{\"@type\":\"ImageObject\",\"inLanguage\":\"es\",\"@id\":\"https:\/\/www.lstream.org\/#\/schema\/logo\/image\/\",\"url\":\"https:\/\/www.lstream.org\/wp-content\/uploads\/2022\/09\/Site-Logo.svg\",\"contentUrl\":\"https:\/\/www.lstream.org\/wp-content\/uploads\/2022\/09\/Site-Logo.svg\",\"width\":348,\"height\":82.3524,\"caption\":\"LifeStream Blood Bank\"},\"image\":{\"@id\":\"https:\/\/www.lstream.org\/#\/schema\/logo\/image\/\"}}]}<\/script>\n<!-- \/ Yoast SEO Premium plugin. -->","yoast_head_json":{"title":"Hospitals & Physicians - LifeStream Blood Bank","robots":{"index":"noindex","follow":"follow","max-snippet":"max-snippet:-1","max-image-preview":"max-image-preview:large","max-video-preview":"max-video-preview:-1"},"og_locale":"es_MX","og_type":"article","og_title":"Hospitals & Physicians","og_description":"Hospitals &#038; Physicians PLACE ORDER ON HEMACONTROL Physician Services More than a blood bank, LifeStream offers the community a comprehensive list of transfusion services. These programs are intended as options to bring additional comfort and confidence to those at the heart of our mission \u2013 local patients and their loved ones. These include autologous donation [&hellip;]","og_url":"https:\/\/www.lstream.org\/es\/hospitals-physicians\/","og_site_name":"LifeStream Blood Bank","article_modified_time":"2024-01-09T20:16:06+00:00","twitter_card":"summary_large_image","twitter_misc":{"Tiempo de lectura":"1 minuto"},"schema":{"@context":"https:\/\/schema.org","@graph":[{"@type":"WebPage","@id":"https:\/\/www.lstream.org\/hospitals-physicians\/","url":"https:\/\/www.lstream.org\/hospitals-physicians\/","name":"Hospitals & Physicians - LifeStream Blood Bank","isPartOf":{"@id":"https:\/\/www.lstream.org\/#website"},"datePublished":"2022-09-07T20:47:49+00:00","dateModified":"2024-01-09T20:16:06+00:00","breadcrumb":{"@id":"https:\/\/www.lstream.org\/hospitals-physicians\/#breadcrumb"},"inLanguage":"es","potentialAction":[{"@type":"ReadAction","target":["https:\/\/www.lstream.org\/hospitals-physicians\/"]}]},{"@type":"BreadcrumbList","@id":"https:\/\/www.lstream.org\/hospitals-physicians\/#breadcrumb","itemListElement":[{"@type":"ListItem","position":1,"name":"Home","item":"https:\/\/www.lstream.org\/"},{"@type":"ListItem","position":2,"name":"Hospitals &#038; Physicians"}]},{"@type":"WebSite","@id":"https:\/\/www.lstream.org\/#website","url":"https:\/\/www.lstream.org\/","name":"Banco de sangre LifeStream","description":"","publisher":{"@id":"https:\/\/www.lstream.org\/#organization"},"potentialAction":[{"@type":"SearchAction","target":{"@type":"EntryPoint","urlTemplate":"https:\/\/www.lstream.org\/?s={search_term_string}"},"query-input":{"@type":"PropertyValueSpecification","valueRequired":true,"valueName":"search_term_string"}}],"inLanguage":"es"},{"@type":"Organization","@id":"https:\/\/www.lstream.org\/#organization","name":"Banco de sangre LifeStream","url":"https:\/\/www.lstream.org\/","logo":{"@type":"ImageObject","inLanguage":"es","@id":"https:\/\/www.lstream.org\/#\/schema\/logo\/image\/","url":"https:\/\/www.lstream.org\/wp-content\/uploads\/2022\/09\/Site-Logo.svg","contentUrl":"https:\/\/www.lstream.org\/wp-content\/uploads\/2022\/09\/Site-Logo.svg","width":348,"height":82.3524,"caption":"LifeStream Blood Bank"},"image":{"@id":"https:\/\/www.lstream.org\/#\/schema\/logo\/image\/"}}]}},"_links":{"self":[{"href":"https:\/\/www.lstream.org\/es\/wp-json\/wp\/v2\/pages\/111","targetHints":{"allow":["GET"]}}],"collection":[{"href":"https:\/\/www.lstream.org\/es\/wp-json\/wp\/v2\/pages"}],"about":[{"href":"https:\/\/www.lstream.org\/es\/wp-json\/wp\/v2\/types\/page"}],"author":[{"embeddable":true,"href":"https:\/\/www.lstream.org\/es\/wp-json\/wp\/v2\/users\/1"}],"replies":[{"embeddable":true,"href":"https:\/\/www.lstream.org\/es\/wp-json\/wp\/v2\/comments?post=111"}],"version-history":[{"count":133,"href":"https:\/\/www.lstream.org\/es\/wp-json\/wp\/v2\/pages\/111\/revisions"}],"predecessor-version":[{"id":24397,"href":"https:\/\/www.lstream.org\/es\/wp-json\/wp\/v2\/pages\/111\/revisions\/24397"}],"wp:attachment":[{"href":"https:\/\/www.lstream.org\/es\/wp-json\/wp\/v2\/media?parent=111"}],"curies":[{"name":"wp","href":"https:\/\/api.w.org\/{rel}","templated":true}]}}