{"id":117,"date":"2022-09-07T20:49:34","date_gmt":"2022-09-07T20:49:34","guid":{"rendered":"https:\/\/www.lstream.org\/?page_id=117"},"modified":"2026-01-05T16:46:52","modified_gmt":"2026-01-05T16:46:52","slug":"licensures","status":"publish","type":"page","link":"https:\/\/www.lstream.org\/es\/hospitals-physicians\/hospital-services\/licensures\/","title":{"rendered":"Licencias"},"content":{"rendered":"<div data-elementor-type=\"wp-page\" data-elementor-id=\"117\" class=\"elementor elementor-117\" data-elementor-post-type=\"page\">\n\t\t\t\t\t\t<section data-particle_enable=\"false\" data-particle-mobile-disabled=\"false\" class=\"elementor-section elementor-top-section elementor-element elementor-element-8be69a5 elementor-section-full_width elementor-section-content-bottom elementor-section-height-default elementor-section-height-default\" data-id=\"8be69a5\" data-element_type=\"section\" data-e-type=\"section\" data-settings=\"{&quot;background_background&quot;:&quot;classic&quot;}\">\n\t\t\t\t\t\t<div class=\"elementor-container elementor-column-gap-no\">\n\t\t\t\t\t<div class=\"elementor-column elementor-col-100 elementor-top-column elementor-element elementor-element-88eb082\" data-id=\"88eb082\" data-element_type=\"column\" data-e-type=\"column\">\n\t\t\t<div class=\"elementor-widget-wrap elementor-element-populated\">\n\t\t\t\t\t\t<div class=\"elementor-element elementor-element-574e80a elementor-widget elementor-widget-heading\" data-id=\"574e80a\" data-element_type=\"widget\" data-e-type=\"widget\" data-widget_type=\"heading.default\">\n\t\t\t\t<div class=\"elementor-widget-container\">\n\t\t\t\t\t<h2 class=\"elementor-heading-title elementor-size-default\">Licencias y Acreditaciones<\/h2>\t\t\t\t<\/div>\n\t\t\t\t<\/div>\n\t\t\t\t<div class=\"elementor-element elementor-element-6e27c16 elementor-align-center elementor-widget elementor-widget-global elementor-global-2059 elementor-widget-breadcrumbs\" data-id=\"6e27c16\" data-element_type=\"widget\" data-e-type=\"widget\" data-widget_type=\"breadcrumbs.default\">\n\t\t\t\t<div class=\"elementor-widget-container\">\n\t\t\t\t\t<span id=\"breadcrumbs\"><span><span><a href=\"https:\/\/www.lstream.org\/es\/\">Hogar<\/a><\/span><\/span><\/span>\t\t\t\t<\/div>\n\t\t\t\t<\/div>\n\t\t\t\t\t<\/div>\n\t\t<\/div>\n\t\t\t\t\t<\/div>\n\t\t<\/section>\n\t\t\t\t<section data-particle_enable=\"false\" data-particle-mobile-disabled=\"false\" class=\"elementor-section elementor-top-section elementor-element elementor-element-c581373 elementor-section-boxed elementor-section-height-default elementor-section-height-default\" data-id=\"c581373\" data-element_type=\"section\" data-e-type=\"section\">\n\t\t\t\t\t\t<div class=\"elementor-container elementor-column-gap-default\">\n\t\t\t\t\t<div class=\"elementor-column elementor-col-100 elementor-top-column elementor-element elementor-element-dd4b3ab\" data-id=\"dd4b3ab\" data-element_type=\"column\" data-e-type=\"column\">\n\t\t\t<div class=\"elementor-widget-wrap elementor-element-populated\">\n\t\t\t\t\t\t<div class=\"elementor-element elementor-element-29add44 elementor-widget elementor-widget-text-editor\" data-id=\"29add44\" data-element_type=\"widget\" data-e-type=\"widget\" data-widget_type=\"text-editor.default\">\n\t\t\t\t<div class=\"elementor-widget-container\">\n\t\t\t\t\t\t\t\t\t<ul><li><a href=\"https:\/\/www.lstream.org\/wp-content\/uploads\/2025\/12\/9039-AABB_Certificate-2025.pdf\" target=\"_blank\" rel=\"noreferrer noopener\" data-lf-fd-inspected-xbp1oaebojy8edvj=\"true\">Acreditaci\u00f3n AABB<\/a><\/li><\/ul><p><strong><br \/>Registros de establecimientos de la Administraci\u00f3n de Alimentos y Medicamentos<\/strong><\/p><ul><li><a href=\"https:\/\/www.lstream.org\/wp-content\/uploads\/2025\/12\/SAN-BERNARDINO-SUMMARY_FEI0002074143A202508DEC25V.pdf\" target=\"_blank\" rel=\"noreferrer noopener\" data-lf-fd-inspected-xbp1oaebojy8edvj=\"true\">San Bernardino Lab and Donor Center<\/a><\/li><li><a href=\"https:\/\/www.lstream.org\/wp-content\/uploads\/2025\/12\/ONTARIO-SUMMARY_FEI0002077814A202508DEC25V.pdf\" data-lf-fd-inspected-xbp1oaebojy8edvj=\"true\">ontario<\/a><\/li><li><a href=\"https:\/\/www.lstream.org\/wp-content\/uploads\/2025\/12\/RIVERSIDE-SUMMARY_FEI0002077725A202508DEC25V.pdf\" data-lf-fd-inspected-xbp1oaebojy8edvj=\"true\">Orilla<\/a><\/li><li><a href=\"https:\/\/www.lstream.org\/wp-content\/uploads\/2025\/12\/VICTORVILLE-SUMMARY_FEI0002077906A202508DEC25V.pdf\" data-lf-fd-inspected-xbp1oaebojy8edvj=\"true\">Victorville<\/a><\/li><li><a href=\"https:\/\/www.lstream.org\/wp-content\/uploads\/2025\/12\/LA-QUINTA-SUMMARY_FEI3006854037A202508DEC25V.pdf\" data-lf-fd-inspected-xbp1oaebojy8edvj=\"true\">la quinta<\/a><\/li><li><a href=\"https:\/\/www.lstream.org\/wp-content\/uploads\/2025\/12\/MURRIETA-SUMMARY_FEI3014698410A202508DEC25V.pdf\" data-lf-fd-inspected-xbp1oaebojy8edvj=\"true\">Murrieta<\/a><\/li><li><a href=\"https:\/\/www.lstream.org\/wp-content\/uploads\/2025\/12\/RANCHO-MIRAGE-SUMMARY_FEI3015959534A202508DEC25V.pdf\" data-lf-fd-inspected-xbp1oaebojy8edvj=\"true\">Rancho Espejismo<\/a><\/li><li><a href=\"https:\/\/www.lstream.org\/wp-content\/uploads\/2025\/12\/PALM-DESERT-SUMMARY_FEI3018122616A202508DEC25V.pdf\" data-lf-fd-inspected-xbp1oaebojy8edvj=\"true\">Desierto de palmeras<\/a><\/li><li><a href=\"https:\/\/www.lstream.org\/wp-content\/uploads\/2025\/12\/COMMERCE-SUMMARY_FEI3011462240A202508DEC25V.pdf\" target=\"_blank\" rel=\"noreferrer noopener\" data-lf-fd-inspected-xbp1oaebojy8edvj=\"true\">Comercio<\/a><\/li><li><a href=\"https:\/\/www.lstream.org\/wp-content\/uploads\/2025\/12\/HEMET-SUMMARY_FEI3022932543A202508DEC25V.pdf\" target=\"_blank\" rel=\"noreferrer noopener\" data-lf-fd-inspected-xbp1oaebojy8edvj=\"true\">\u00c9l conoci\u00f3<\/a><\/li><li><a href=\"https:\/\/www.lstream.org\/wp-content\/uploads\/2025\/12\/PLACENTIA-SUMMARY_FEI3008449457A202508DEC25V.pdf\">Placentia<\/a><\/li><li><a href=\"https:\/\/www.lstream.org\/wp-content\/uploads\/2025\/12\/MORENO-VALLEY-SUMMARY_FEI-3042048581.pdf\">Moreno Valley<\/a><\/li><\/ul><p><strong><br \/>Licencias del Departamento de Salud P\u00fablica de California para la producci\u00f3n de productos biol\u00f3gicos<\/strong><\/p><ul><li><a href=\"https:\/\/www.lstream.org\/wp-content\/uploads\/2025\/10\/SB-Main-Biologics_2025.pdf\">San Bernardino, Riverside, Ontario, Victorville, Murrieta, La Quinta, Placentia, Rancho Mirage, Hemet, Moreno Valley<\/a><\/li><li><a href=\"https:\/\/www.lstream.org\/wp-content\/uploads\/2025\/07\/Palm-Desert-Biologics_2025.pdf\" data-lf-fd-inspected-xbp1oaebojy8edvj=\"true\">Desierto de palmeras<\/a><\/li><li><a href=\"https:\/\/www.lstream.org\/wp-content\/uploads\/2025\/07\/Commerce-Biologics_2025.pdf\" data-lf-fd-inspected-xbp1oaebojy8edvj=\"true\">Comercio<\/a><\/li><\/ul><p><strong><br \/>Licencias\/registros de laboratorio cl\u00ednico del Departamento de Salud P\u00fablica de California<\/strong><\/p><ul><li><a href=\"https:\/\/www.lstream.org\/wp-content\/uploads\/2025\/10\/San-Bernardino-DC-2025.pdf\" data-lf-fd-inspected-xbp1oaebojy8edvj=\"true\">San Bernardino-Hospitalidad Ln.\u00a0<\/a><\/li><li><a href=\"https:\/\/www.lstream.org\/wp-content\/uploads\/2026\/01\/San-Bernardino_Clin-Lab-Lic-2026.pdf\">San Bernardino-Orange Show Rd.\u00a0<\/a><\/li><li><a href=\"https:\/\/www.lstream.org\/wp-content\/uploads\/2025\/10\/Ontario-2025.pdf\" data-lf-fd-inspected-xbp1oaebojy8edvj=\"true\">ontario<\/a><\/li><li><a href=\"https:\/\/www.lstream.org\/wp-content\/uploads\/2025\/10\/Riverside-2025.pdf\" data-lf-fd-inspected-xbp1oaebojy8edvj=\"true\">Orilla<\/a><\/li><li><a href=\"https:\/\/www.lstream.org\/wp-content\/uploads\/2025\/10\/Victorville-2025.pdf\" data-type=\"URL\" data-lf-fd-inspected-xbp1oaebojy8edvj=\"true\">Victorville<\/a><\/li><li><a href=\"https:\/\/www.lstream.org\/wp-content\/uploads\/2025\/10\/La-Quinta-2025.pdf\" data-lf-fd-inspected-xbp1oaebojy8edvj=\"true\">la quinta<\/a><\/li><li><a href=\"https:\/\/www.lstream.org\/wp-content\/uploads\/2025\/10\/Murrieta-2025.pdf\" data-lf-fd-inspected-xbp1oaebojy8edvj=\"true\">Murrieta<\/a><\/li><li><a href=\"https:\/\/www.lstream.org\/wp-content\/uploads\/2025\/10\/Rancho-Mirage-2025.pdf\" data-lf-fd-inspected-xbp1oaebojy8edvj=\"true\">Rancho Espejismo<\/a><\/li><li><a href=\"https:\/\/www.lstream.org\/wp-content\/uploads\/2025\/10\/Palm-Desert-2025.pdf\" data-lf-fd-inspected-xbp1oaebojy8edvj=\"true\">Desierto de palmeras<\/a><\/li><li><a href=\"https:\/\/www.lstream.org\/wp-content\/uploads\/2025\/10\/Hemet-2025.pdf\" target=\"_blank\" rel=\"noreferrer noopener\" data-lf-fd-inspected-xbp1oaebojy8edvj=\"true\">\u00c9l conoci\u00f3<\/a><\/li><li><a href=\"https:\/\/www.lstream.org\/wp-content\/uploads\/2025\/10\/Placentia-2025.pdf\">Placentia<\/a><\/li><li><a href=\"https:\/\/www.lstream.org\/wp-content\/uploads\/2025\/11\/Moreno-Valley-2025.pdf\">Moreno Valley<\/a><\/li><\/ul><div class=\"wp-block-spacer\" aria-hidden=\"true\">\u00a0<\/div><p><strong>CMS \u2013 Certificados de acreditaci\u00f3n CLIA<\/strong><\/p><ul><li><a href=\"https:\/\/www.lstream.org\/wp-content\/uploads\/2025\/07\/CLIA-Certificate-05D0575143-2025-07-27.pdf\" data-lf-fd-inspected-xbp1oaebojy8edvj=\"true\">San Bernardino<\/a><\/li><\/ul><p><strong><br \/>CMS \u2013 Certificado de exenci\u00f3n CLIA<\/strong><\/p><ul><li><a href=\"https:\/\/www.lstream.org\/wp-content\/uploads\/2024\/10\/CLIA-Certificate-05D1086558-2024-09-24.pdf\">Riverside, Ontario, Victorville, La Quinta, Murrieta, Rancho Mirage, San Bernardino, Palm Desert, Hemet<\/a><\/li><\/ul>\t\t\t\t\t\t\t\t<\/div>\n\t\t\t\t<\/div>\n\t\t\t\t\t<\/div>\n\t\t<\/div>\n\t\t\t\t\t<\/div>\n\t\t<\/section>\n\t\t\t\t<\/div>","protected":false},"excerpt":{"rendered":"<p>Licensures and Accreditations AABB Accreditation Food and Drug Administration Establishment Registrations San Bernardino Lab and Donor Center Ontario Riverside Victorville La Quinta Murrieta Rancho Mirage Palm Desert Commerce Hemet Placentia Moreno Valley California Department of Public Health Licenses for the Production of Biologics San Bernardino, Riverside, Ontario, Victorville, Murrieta, La Quinta, Placentia, Rancho Mirage, Hemet, [&hellip;]<\/p>\n","protected":false},"author":1,"featured_media":0,"parent":113,"menu_order":2,"comment_status":"closed","ping_status":"closed","template":"elementor_header_footer","meta":{"_acf_changed":false,"footnotes":""},"class_list":["post-117","page","type-page","status-publish","hentry"],"acf":[],"yoast_head":"<!-- This site is optimized with the Yoast SEO Premium plugin v27.2 (Yoast SEO v27.2) - https:\/\/yoast.com\/product\/yoast-seo-premium-wordpress\/ -->\n<title>Licensures - LifeStream Blood Bank<\/title>\n<meta name=\"robots\" content=\"noindex, follow, max-snippet:-1, max-image-preview:large, max-video-preview:-1\" \/>\n<meta property=\"og:locale\" content=\"es_MX\" \/>\n<meta property=\"og:type\" content=\"article\" \/>\n<meta property=\"og:title\" content=\"Licensures\" \/>\n<meta property=\"og:description\" content=\"Licensures and Accreditations AABB Accreditation Food and Drug Administration Establishment Registrations San Bernardino Lab and Donor Center Ontario Riverside Victorville La Quinta Murrieta Rancho Mirage Palm Desert Commerce Hemet Placentia Moreno Valley California Department of Public Health Licenses for the Production of Biologics San Bernardino, Riverside, Ontario, Victorville, Murrieta, La Quinta, Placentia, Rancho Mirage, Hemet, [&hellip;]\" \/>\n<meta property=\"og:url\" content=\"https:\/\/www.lstream.org\/es\/hospitals-physicians\/hospital-services\/licensures\/\" \/>\n<meta property=\"og:site_name\" content=\"LifeStream Blood Bank\" \/>\n<meta property=\"article:modified_time\" content=\"2026-01-05T16:46:52+00:00\" \/>\n<meta name=\"twitter:card\" content=\"summary_large_image\" \/>\n<meta name=\"twitter:label1\" content=\"Tiempo de lectura\" \/>\n\t<meta name=\"twitter:data1\" content=\"1 minuto\" \/>\n<script type=\"application\/ld+json\" class=\"yoast-schema-graph\">{\"@context\":\"https:\/\/schema.org\",\"@graph\":[{\"@type\":\"WebPage\",\"@id\":\"https:\/\/www.lstream.org\/hospitals-physicians\/hospital-services\/licensures\/\",\"url\":\"https:\/\/www.lstream.org\/hospitals-physicians\/hospital-services\/licensures\/\",\"name\":\"Licensures - LifeStream Blood Bank\",\"isPartOf\":{\"@id\":\"https:\/\/www.lstream.org\/#website\"},\"datePublished\":\"2022-09-07T20:49:34+00:00\",\"dateModified\":\"2026-01-05T16:46:52+00:00\",\"breadcrumb\":{\"@id\":\"https:\/\/www.lstream.org\/hospitals-physicians\/hospital-services\/licensures\/#breadcrumb\"},\"inLanguage\":\"es\",\"potentialAction\":[{\"@type\":\"ReadAction\",\"target\":[\"https:\/\/www.lstream.org\/hospitals-physicians\/hospital-services\/licensures\/\"]}]},{\"@type\":\"BreadcrumbList\",\"@id\":\"https:\/\/www.lstream.org\/hospitals-physicians\/hospital-services\/licensures\/#breadcrumb\",\"itemListElement\":[{\"@type\":\"ListItem\",\"position\":1,\"name\":\"Home\",\"item\":\"https:\/\/www.lstream.org\/\"},{\"@type\":\"ListItem\",\"position\":2,\"name\":\"Hospitals &#038; Physicians\",\"item\":\"https:\/\/www.lstream.org\/hospitals-physicians\/\"},{\"@type\":\"ListItem\",\"position\":3,\"name\":\"Hospital Services\",\"item\":\"https:\/\/www.lstream.org\/hospitals-physicians\/hospital-services\/\"},{\"@type\":\"ListItem\",\"position\":4,\"name\":\"Licensures\"}]},{\"@type\":\"WebSite\",\"@id\":\"https:\/\/www.lstream.org\/#website\",\"url\":\"https:\/\/www.lstream.org\/\",\"name\":\"LifeStream Blood Bank\",\"description\":\"\",\"publisher\":{\"@id\":\"https:\/\/www.lstream.org\/#organization\"},\"potentialAction\":[{\"@type\":\"SearchAction\",\"target\":{\"@type\":\"EntryPoint\",\"urlTemplate\":\"https:\/\/www.lstream.org\/?s={search_term_string}\"},\"query-input\":{\"@type\":\"PropertyValueSpecification\",\"valueRequired\":true,\"valueName\":\"search_term_string\"}}],\"inLanguage\":\"es\"},{\"@type\":\"Organization\",\"@id\":\"https:\/\/www.lstream.org\/#organization\",\"name\":\"LifeStream Blood Bank\",\"url\":\"https:\/\/www.lstream.org\/\",\"logo\":{\"@type\":\"ImageObject\",\"inLanguage\":\"es\",\"@id\":\"https:\/\/www.lstream.org\/#\/schema\/logo\/image\/\",\"url\":\"https:\/\/www.lstream.org\/wp-content\/uploads\/2022\/09\/Site-Logo.svg\",\"contentUrl\":\"https:\/\/www.lstream.org\/wp-content\/uploads\/2022\/09\/Site-Logo.svg\",\"width\":348,\"height\":82.3524,\"caption\":\"LifeStream Blood Bank\"},\"image\":{\"@id\":\"https:\/\/www.lstream.org\/#\/schema\/logo\/image\/\"}}]}<\/script>\n<!-- \/ Yoast SEO Premium plugin. -->","yoast_head_json":{"title":"Licensures - LifeStream Blood Bank","robots":{"index":"noindex","follow":"follow","max-snippet":"max-snippet:-1","max-image-preview":"max-image-preview:large","max-video-preview":"max-video-preview:-1"},"og_locale":"es_MX","og_type":"article","og_title":"Licensures","og_description":"Licensures and Accreditations AABB Accreditation Food and Drug Administration Establishment Registrations San Bernardino Lab and Donor Center Ontario Riverside Victorville La Quinta Murrieta Rancho Mirage Palm Desert Commerce Hemet Placentia Moreno Valley California Department of Public Health Licenses for the Production of Biologics San Bernardino, Riverside, Ontario, Victorville, Murrieta, La Quinta, Placentia, Rancho Mirage, Hemet, [&hellip;]","og_url":"https:\/\/www.lstream.org\/es\/hospitals-physicians\/hospital-services\/licensures\/","og_site_name":"LifeStream Blood Bank","article_modified_time":"2026-01-05T16:46:52+00:00","twitter_card":"summary_large_image","twitter_misc":{"Tiempo de lectura":"1 minuto"},"schema":{"@context":"https:\/\/schema.org","@graph":[{"@type":"WebPage","@id":"https:\/\/www.lstream.org\/hospitals-physicians\/hospital-services\/licensures\/","url":"https:\/\/www.lstream.org\/hospitals-physicians\/hospital-services\/licensures\/","name":"Licensures - LifeStream Blood Bank","isPartOf":{"@id":"https:\/\/www.lstream.org\/#website"},"datePublished":"2022-09-07T20:49:34+00:00","dateModified":"2026-01-05T16:46:52+00:00","breadcrumb":{"@id":"https:\/\/www.lstream.org\/hospitals-physicians\/hospital-services\/licensures\/#breadcrumb"},"inLanguage":"es","potentialAction":[{"@type":"ReadAction","target":["https:\/\/www.lstream.org\/hospitals-physicians\/hospital-services\/licensures\/"]}]},{"@type":"BreadcrumbList","@id":"https:\/\/www.lstream.org\/hospitals-physicians\/hospital-services\/licensures\/#breadcrumb","itemListElement":[{"@type":"ListItem","position":1,"name":"Home","item":"https:\/\/www.lstream.org\/"},{"@type":"ListItem","position":2,"name":"Hospitals &#038; Physicians","item":"https:\/\/www.lstream.org\/hospitals-physicians\/"},{"@type":"ListItem","position":3,"name":"Hospital Services","item":"https:\/\/www.lstream.org\/hospitals-physicians\/hospital-services\/"},{"@type":"ListItem","position":4,"name":"Licensures"}]},{"@type":"WebSite","@id":"https:\/\/www.lstream.org\/#website","url":"https:\/\/www.lstream.org\/","name":"Banco de sangre LifeStream","description":"","publisher":{"@id":"https:\/\/www.lstream.org\/#organization"},"potentialAction":[{"@type":"SearchAction","target":{"@type":"EntryPoint","urlTemplate":"https:\/\/www.lstream.org\/?s={search_term_string}"},"query-input":{"@type":"PropertyValueSpecification","valueRequired":true,"valueName":"search_term_string"}}],"inLanguage":"es"},{"@type":"Organization","@id":"https:\/\/www.lstream.org\/#organization","name":"Banco de sangre LifeStream","url":"https:\/\/www.lstream.org\/","logo":{"@type":"ImageObject","inLanguage":"es","@id":"https:\/\/www.lstream.org\/#\/schema\/logo\/image\/","url":"https:\/\/www.lstream.org\/wp-content\/uploads\/2022\/09\/Site-Logo.svg","contentUrl":"https:\/\/www.lstream.org\/wp-content\/uploads\/2022\/09\/Site-Logo.svg","width":348,"height":82.3524,"caption":"LifeStream Blood Bank"},"image":{"@id":"https:\/\/www.lstream.org\/#\/schema\/logo\/image\/"}}]}},"_links":{"self":[{"href":"https:\/\/www.lstream.org\/es\/wp-json\/wp\/v2\/pages\/117","targetHints":{"allow":["GET"]}}],"collection":[{"href":"https:\/\/www.lstream.org\/es\/wp-json\/wp\/v2\/pages"}],"about":[{"href":"https:\/\/www.lstream.org\/es\/wp-json\/wp\/v2\/types\/page"}],"author":[{"embeddable":true,"href":"https:\/\/www.lstream.org\/es\/wp-json\/wp\/v2\/users\/1"}],"replies":[{"embeddable":true,"href":"https:\/\/www.lstream.org\/es\/wp-json\/wp\/v2\/comments?post=117"}],"version-history":[{"count":151,"href":"https:\/\/www.lstream.org\/es\/wp-json\/wp\/v2\/pages\/117\/revisions"}],"predecessor-version":[{"id":27357,"href":"https:\/\/www.lstream.org\/es\/wp-json\/wp\/v2\/pages\/117\/revisions\/27357"}],"up":[{"embeddable":true,"href":"https:\/\/www.lstream.org\/es\/wp-json\/wp\/v2\/pages\/113"}],"wp:attachment":[{"href":"https:\/\/www.lstream.org\/es\/wp-json\/wp\/v2\/media?parent=117"}],"curies":[{"name":"wp","href":"https:\/\/api.w.org\/{rel}","templated":true}]}}