{"id":139,"date":"2022-09-07T20:54:53","date_gmt":"2022-09-07T20:54:53","guid":{"rendered":"https:\/\/www.lstream.org\/?page_id=139"},"modified":"2023-01-27T20:38:19","modified_gmt":"2023-01-27T20:38:19","slug":"before-your-appointment","status":"publish","type":"page","link":"https:\/\/www.lstream.org\/es\/give-blood\/before-your-appointment\/","title":{"rendered":"Antes de su cita"},"content":{"rendered":"<div data-elementor-type=\"wp-page\" data-elementor-id=\"139\" class=\"elementor elementor-139\" data-elementor-post-type=\"page\">\n\t\t\t\t\t\t<section data-particle_enable=\"false\" data-particle-mobile-disabled=\"false\" class=\"elementor-section elementor-top-section elementor-element elementor-element-9bb32fd elementor-section-full_width elementor-section-content-bottom elementor-section-height-default elementor-section-height-default\" data-id=\"9bb32fd\" data-element_type=\"section\" data-e-type=\"section\" data-settings=\"{&quot;background_background&quot;:&quot;classic&quot;}\">\n\t\t\t\t\t\t<div class=\"elementor-container elementor-column-gap-no\">\n\t\t\t\t\t<div class=\"elementor-column elementor-col-100 elementor-top-column elementor-element elementor-element-97461f7\" data-id=\"97461f7\" data-element_type=\"column\" data-e-type=\"column\">\n\t\t\t<div class=\"elementor-widget-wrap elementor-element-populated\">\n\t\t\t\t\t\t<div class=\"elementor-element elementor-element-693dacc elementor-widget elementor-widget-heading\" data-id=\"693dacc\" data-element_type=\"widget\" data-e-type=\"widget\" data-widget_type=\"heading.default\">\n\t\t\t\t<div class=\"elementor-widget-container\">\n\t\t\t\t\t<h2 class=\"elementor-heading-title elementor-size-default\">Antes de su cita<\/h2>\t\t\t\t<\/div>\n\t\t\t\t<\/div>\n\t\t\t\t<div class=\"elementor-element elementor-element-346d579 elementor-align-center elementor-widget elementor-widget-global elementor-global-2059 elementor-widget-breadcrumbs\" data-id=\"346d579\" data-element_type=\"widget\" data-e-type=\"widget\" data-widget_type=\"breadcrumbs.default\">\n\t\t\t\t<div class=\"elementor-widget-container\">\n\t\t\t\t\t<span id=\"breadcrumbs\"><span><span><a href=\"https:\/\/www.lstream.org\/es\/\">Hogar<\/a><\/span><\/span><\/span>\t\t\t\t<\/div>\n\t\t\t\t<\/div>\n\t\t\t\t\t<\/div>\n\t\t<\/div>\n\t\t\t\t\t<\/div>\n\t\t<\/section>\n\t\t\t\t<section data-particle_enable=\"false\" data-particle-mobile-disabled=\"false\" class=\"elementor-section elementor-top-section elementor-element elementor-element-a306240 elementor-section-boxed elementor-section-height-default elementor-section-height-default\" data-id=\"a306240\" data-element_type=\"section\" data-e-type=\"section\">\n\t\t\t\t\t\t<div class=\"elementor-container elementor-column-gap-default\">\n\t\t\t\t\t<div class=\"elementor-column elementor-col-66 elementor-top-column elementor-element elementor-element-8b10cf1\" data-id=\"8b10cf1\" data-element_type=\"column\" data-e-type=\"column\">\n\t\t\t<div class=\"elementor-widget-wrap elementor-element-populated\">\n\t\t\t\t\t\t<div class=\"elementor-element elementor-element-840e9b5 elementor-widget elementor-widget-video\" data-id=\"840e9b5\" data-element_type=\"widget\" data-e-type=\"widget\" data-settings=\"{&quot;youtube_url&quot;:&quot;https:\\\/\\\/youtu.be\\\/JwUR8iCxBMk&quot;,&quot;yt_privacy&quot;:&quot;yes&quot;,&quot;video_type&quot;:&quot;youtube&quot;,&quot;controls&quot;:&quot;yes&quot;}\" data-widget_type=\"video.default\">\n\t\t\t\t<div class=\"elementor-widget-container\">\n\t\t\t\t\t\t\t<div class=\"elementor-wrapper elementor-open-inline\">\n\t\t\t<div class=\"elementor-video\"><\/div>\t\t<\/div>\n\t\t\t\t\t\t<\/div>\n\t\t\t\t<\/div>\n\t\t\t\t\t<\/div>\n\t\t<\/div>\n\t\t\t\t<div class=\"elementor-column elementor-col-33 elementor-top-column elementor-element elementor-element-0f10000\" data-id=\"0f10000\" data-element_type=\"column\" data-e-type=\"column\" data-settings=\"{&quot;background_background&quot;:&quot;classic&quot;}\">\n\t\t\t<div class=\"elementor-widget-wrap elementor-element-populated\">\n\t\t\t\t\t\t<div class=\"elementor-element elementor-element-b6095c7 elementor-widget elementor-widget-heading\" data-id=\"b6095c7\" data-element_type=\"widget\" data-e-type=\"widget\" data-widget_type=\"heading.default\">\n\t\t\t\t<div class=\"elementor-widget-container\">\n\t\t\t\t\t<h2 class=\"elementor-heading-title elementor-size-default\">\u00bfSab\u00edas?<\/h2>\t\t\t\t<\/div>\n\t\t\t\t<\/div>\n\t\t\t\t<div class=\"elementor-element elementor-element-d0184cd elementor-widget elementor-widget-text-editor\" data-id=\"d0184cd\" data-element_type=\"widget\" data-e-type=\"widget\" data-widget_type=\"text-editor.default\">\n\t\t\t\t<div class=\"elementor-widget-container\">\n\t\t\t\t\t\t\t\t\t<h5>Con <em>Pase expreso<\/em> Puede acelerar su proceso de donaci\u00f3n completando las preguntas requeridas sobre el historial m\u00e9dico y la lectura previa a la donaci\u00f3n antes de llegar al sitio de donaci\u00f3n.<\/h5>\t\t\t\t\t\t\t\t<\/div>\n\t\t\t\t<\/div>\n\t\t\t\t<div class=\"elementor-element elementor-element-a5e9018 elementor-align-center elementor-mobile-align-center elementor-widget elementor-widget-button\" data-id=\"a5e9018\" data-element_type=\"widget\" data-e-type=\"widget\" data-widget_type=\"button.default\">\n\t\t\t\t<div class=\"elementor-widget-container\">\n\t\t\t\t\t\t\t\t\t<div class=\"elementor-button-wrapper\">\n\t\t\t\t\t<a class=\"elementor-button elementor-button-link elementor-size-sm\" href=\"https:\/\/www.lstream.org\/es\/expresspass\/\">\n\t\t\t\t\t\t<span class=\"elementor-button-content-wrapper\">\n\t\t\t\t\t\t\t\t\t<span class=\"elementor-button-text\">\u00a1APRENDE SOBRE EXPRESSPASS!<\/span>\n\t\t\t\t\t<\/span>\n\t\t\t\t\t<\/a>\n\t\t\t\t<\/div>\n\t\t\t\t\t\t\t\t<\/div>\n\t\t\t\t<\/div>\n\t\t\t\t\t<\/div>\n\t\t<\/div>\n\t\t\t\t\t<\/div>\n\t\t<\/section>\n\t\t\t\t<section data-particle_enable=\"false\" data-particle-mobile-disabled=\"false\" class=\"elementor-section elementor-top-section elementor-element elementor-element-4449298 elementor-section-boxed elementor-section-height-default elementor-section-height-default\" data-id=\"4449298\" data-element_type=\"section\" data-e-type=\"section\">\n\t\t\t\t\t\t<div class=\"elementor-container elementor-column-gap-default\">\n\t\t\t\t\t<div class=\"elementor-column elementor-col-100 elementor-top-column elementor-element elementor-element-62eba40\" data-id=\"62eba40\" data-element_type=\"column\" data-e-type=\"column\">\n\t\t\t<div class=\"elementor-widget-wrap elementor-element-populated\">\n\t\t\t\t\t\t<div class=\"elementor-element elementor-element-5e8fcef elementor-widget elementor-widget-heading\" data-id=\"5e8fcef\" data-element_type=\"widget\" data-e-type=\"widget\" data-widget_type=\"heading.default\">\n\t\t\t\t<div class=\"elementor-widget-container\">\n\t\t\t\t\t<h2 class=\"elementor-heading-title elementor-size-default\">A continuaci\u00f3n se muestran algunas formas r\u00e1pidas de ayudar a que su donaci\u00f3n sea exitosa:<\/h2>\t\t\t\t<\/div>\n\t\t\t\t<\/div>\n\t\t\t\t<div class=\"elementor-element elementor-element-3c034c0 elementor-widget elementor-widget-ucaddon_step_process\" data-id=\"3c034c0\" data-element_type=\"widget\" data-e-type=\"widget\" data-widget_type=\"ucaddon_step_process.default\">\n\t\t\t\t<div class=\"elementor-widget-container\">\n\t\t\t\t\t\n<!-- start Step Process -->\n\t\t<link id='font-awesome-css' href='https:\/\/www.lstream.org\/wp-content\/plugins\/unlimited-elements-for-elementor-premium\/assets_libraries\/font-awesome6\/fontawesome-all.min.css' type='text\/css' rel='stylesheet' >\n\t\t<link id='font-awesome-4-shim-css' href='https:\/\/www.lstream.org\/wp-content\/plugins\/unlimited-elements-for-elementor-premium\/assets_libraries\/font-awesome6\/fontawesome-v4-shims.min.css' type='text\/css' rel='stylesheet' >\n\n<style>\/* widget: Step Process *\/\n\n#uc_step_process_elementor_3c034c0\n{\n  display:flex;\n}\n\n#uc_step_process_elementor_3c034c0 .ue-link\n{\n  display:block;\n  position:absolute;\n  top:0px;\n  bottom:0px;\n  left:0px;\n  right:0px;\n}\n\n#uc_step_process_elementor_3c034c0 .ue-step-item\n{\n  flex:1;\n  display:flex;\n  flex-direction:column;\n  position:relative;\n}\n#uc_step_process_elementor_3c034c0 .ue-item-highlight\n{\n  display: flex;\n  align-items:center;\n  \n}\n\n#uc_step_process_elementor_3c034c0 .ue-step-item-gap\n{\n  flex-grow:0;\n  flex-shrink:0;\n}\n\n#uc_step_process_elementor_3c034c0 .ue-step-item-line\n{\n  height:2px;\n  flex-grow:1;\n}\n\n#uc_step_process_elementor_3c034c0 .ue-step-icon\n{\n  display:flex;\n  justify-content:center;\n  align-items:center;\n  flex-grow:0;\n  flex-shrink:0;\n  position:relative;\n  line-height:1em;\n  transition:0.3s;\n}\n\n#uc_step_process_elementor_3c034c0 .ue-icon svg\n{\n  height:1em;\n  width:1em;\n}\n\n#uc_step_process_elementor_3c034c0 .ue-step-label\n{\n  position:absolute;\n  left:-25px;\n  top:-25px;\n  display:flex;\n  justify-content:center;\n  align-items:center;\n}\n.ue-step-label\n{\n  font-size:9px;\n  line-height:1em;\n}\n\n#uc_step_process_elementor_3c034c0 .ue-step-item-content\n{\n}\n\n#uc_step_process_elementor_3c034c0 .ue-step-item:last-child .ue-step-item-line:last-child\n{\n  opacity:0;\n}\n\n#uc_step_process_elementor_3c034c0 .ue-step-item:first-child .ue-step-item-line:first-child\n{\n  opacity:0;\n}\n\n#uc_step_process_elementor_3c034c0 .ue-step-item-spacer\n{\n  flex-grow:0;\n  flex-shrink:0;\n  \n}\n\n#uc_step_process_elementor_3c034c0 .ue-graphic-image img\n{\n  \n}\n\n\n#uc_step_process_elementor_3c034c0.uc-remote-parent .ue-step-item\n{\n  cursor:pointer;\n}\n\n\n\n\n\n\n@media only screen and (max-width: 768px) {\n  #uc_step_process_elementor_3c034c0\n    {\n      flex-direction:column;\n    }\n  \n  #uc_step_process_elementor_3c034c0 .ue-step-item\n  {\n    flex-direction:row;\n  }\n  \n  #uc_step_process_elementor_3c034c0 .ue-item-highlight\n  {\n    flex-direction:column;\n  }\n  \n   #uc_step_process_elementor_3c034c0 .ue-step-item .ue-step-item-line:first-child\n    {\n      display:none;\n    }\n  \n\n    #uc_step_process_elementor_3c034c0  .ue-step-item-gap:nth-child(2)\n     {\n      display:none;    \n      }\n   #uc_step_process_elementor_3c034c0  .ue-step-item-line:first-child\n      {\n      display:none;    \n      }\n  \n    #uc_step_process_elementor_3c034c0  .ue-step-item-line\n      {\n        height:100%;\n        width:2px;\n      }\n}\n\n\n\n<\/style>\n\n<div id=\"uc_step_process_elementor_3c034c0\" class=\"\" >\n <div class=\"ue-step-item ue-item elementor-repeater-item-ff31351\">\n    <div class=\"ue-item-highlight\">\n      \n      <div class=\"ue-step-item-line\"><\/div>\n      <div class=\"ue-step-item-gap\"><\/div>\n      <div class=\"ue-step-icon\">\n                        <span class=\"ue-graphic-image\"><img decoding=\"async\" src=\"https:\/\/www.lstream.org\/wp-content\/uploads\/2022\/10\/SMiStock-1091500222.jpg\"><\/span>        \n        <div class=\"ue-step-label\">1<\/div>      <\/div>\n      <div class=\"ue-step-item-gap\"><\/div>\n      <div class=\"ue-step-item-line\"><\/div>\n      \n    <\/div>\n    \n    <div class=\"ue-step-item-spacer\"><\/div>\n    \n    <div class=\"ue-step-item-content\">  \n       <div class=\"ue-step-item-content-title\">\u00a1Comer hasta!<\/div>       <div class=\"ue-step-item-content-text\">Como preparaci\u00f3n para su donaci\u00f3n, coma abundantemente y beba muchos l\u00edquidos.<br \/><br \/>\nHierro y vitamina C: Combinar alimentos ricos en hierro y vitamina C aumentar\u00e1 la fuerza de tu cuerpo. \u00a1Fuerza que puedes brindarle a un paciente que la necesita! Piense en verduras verdes y frutas c\u00edtricas.<br \/><br \/>\nRefrigerios salados: una cantidad saludable de refrigerios salados puede ayudar a que su pr\u00f3xima donaci\u00f3n de sangre sea una experiencia positiva y garantizar que su donaci\u00f3n se utilice para salvar una o m\u00e1s vidas. Pretzels, \u00bfalguien?<br \/><br \/>\nPero no se salte comidas: piense en la donaci\u00f3n de sangre como una parte normal de su d\u00eda. No te saltes ni agregues comidas a tu rutina normal. Simplemente agregue algunos refrigerios saludables.<\/div>    <\/div>\n  \n    <\/div>\n<div class=\"ue-step-item ue-item elementor-repeater-item-bc277b9\">\n    <div class=\"ue-item-highlight\">\n      \n      <div class=\"ue-step-item-line\"><\/div>\n      <div class=\"ue-step-item-gap\"><\/div>\n      <div class=\"ue-step-icon\">\n                        <span class=\"ue-graphic-image\"><img decoding=\"async\" src=\"https:\/\/www.lstream.org\/wp-content\/uploads\/2022\/10\/Clean-water-in-glass-1.jpg\"><\/span>        \n        <div class=\"ue-step-label\">2<\/div>      <\/div>\n      <div class=\"ue-step-item-gap\"><\/div>\n      <div class=\"ue-step-item-line\"><\/div>\n      \n    <\/div>\n    \n    <div class=\"ue-step-item-spacer\"><\/div>\n    \n    <div class=\"ue-step-item-content\">  \n       <div class=\"ue-step-item-content-title\">\u00a1Beberse todo!<\/div>       <div class=\"ue-step-item-content-text\">La hidrataci\u00f3n es importante antes y despu\u00e9s de tu donaci\u00f3n. Cuando donas sangre, das medio litro de sangre a la vez y casi la mitad es agua. \u00a1Cuanta m\u00e1s agua bebas, m\u00e1s f\u00e1cilmente se mover\u00e1 tu sangre por tu cuerpo y m\u00e1s r\u00e1pido podr\u00e1s reemplazar la pinta que diste!<\/div>    <\/div>\n  \n    <\/div>\n<div class=\"ue-step-item ue-item elementor-repeater-item-e79f934\">\n    <div class=\"ue-item-highlight\">\n      \n      <div class=\"ue-step-item-line\"><\/div>\n      <div class=\"ue-step-item-gap\"><\/div>\n      <div class=\"ue-step-icon\">\n                        <span class=\"ue-graphic-image\"><img decoding=\"async\" src=\"https:\/\/www.lstream.org\/wp-content\/uploads\/2022\/09\/Leadership.jpg\"><\/span>        \n        <div class=\"ue-step-label\">3<\/div>      <\/div>\n      <div class=\"ue-step-item-gap\"><\/div>\n      <div class=\"ue-step-item-line\"><\/div>\n      \n    <\/div>\n    \n    <div class=\"ue-step-item-spacer\"><\/div>\n    \n    <div class=\"ue-step-item-content\">  \n       <div class=\"ue-step-item-content-title\">\u00a1Mu\u00e9vanse!<\/div>       <div class=\"ue-step-item-content-text\">En los momentos previos y durante tu donaci\u00f3n realiza algunos ejercicios sencillos de flexi\u00f3n o tensi\u00f3n. Comience con los dedos de los pies y avance hacia arriba tensando los m\u00fasculos de los brazos, las piernas o el tronco durante unos segundos, luego rel\u00e1jese. \u00a1Estos sencillos movimientos mantendr\u00e1n tu sangre en movimiento para una donaci\u00f3n relajante!<\/div>    <\/div>\n  \n    <\/div>\n\n<\/div>\n<!-- end Step Process -->\t\t\t\t<\/div>\n\t\t\t\t<\/div>\n\t\t\t\t<div class=\"elementor-element elementor-element-34ec9ca elementor-widget elementor-widget-heading\" data-id=\"34ec9ca\" data-element_type=\"widget\" data-e-type=\"widget\" data-widget_type=\"heading.default\">\n\t\t\t\t<div class=\"elementor-widget-container\">\n\t\t\t\t\t<h2 class=\"elementor-heading-title elementor-size-default\">\u00a1Ahora est\u00e1s listo para ser un salvavidas!<\/h2>\t\t\t\t<\/div>\n\t\t\t\t<\/div>\n\t\t\t\t\t<\/div>\n\t\t<\/div>\n\t\t\t\t\t<\/div>\n\t\t<\/section>\n\t\t\t\t<section data-particle_enable=\"false\" data-particle-mobile-disabled=\"false\" class=\"elementor-section elementor-top-section elementor-element elementor-element-cf55242 elementor-section-boxed elementor-section-height-default elementor-section-height-default\" data-id=\"cf55242\" data-element_type=\"section\" data-e-type=\"section\">\n\t\t\t\t\t\t<div class=\"elementor-container elementor-column-gap-default\">\n\t\t\t\t\t<div class=\"elementor-column elementor-col-100 elementor-top-column elementor-element elementor-element-c266be7\" data-id=\"c266be7\" data-element_type=\"column\" data-e-type=\"column\">\n\t\t\t<div class=\"elementor-widget-wrap elementor-element-populated\">\n\t\t\t\t\t\t<div class=\"elementor-element elementor-element-c9bba7a elementor-widget elementor-widget-text-editor\" data-id=\"c9bba7a\" data-element_type=\"widget\" data-e-type=\"widget\" data-widget_type=\"text-editor.default\">\n\t\t\t\t<div class=\"elementor-widget-container\">\n\t\t\t\t\t\t\t\t\t<h5 style=\"text-align: center;\">\u00bfSab\u00edas? Con ExpressPass puede acelerar su proceso de donaci\u00f3n completando las preguntas requeridas de lectura previa a la donaci\u00f3n y de historial m\u00e9dico antes de llegar al sitio de donaci\u00f3n.<\/h5>\t\t\t\t\t\t\t\t<\/div>\n\t\t\t\t<\/div>\n\t\t\t\t<div class=\"elementor-element elementor-element-4252ddc elementor-align-center elementor-mobile-align-center elementor-widget elementor-widget-button\" data-id=\"4252ddc\" data-element_type=\"widget\" data-e-type=\"widget\" data-widget_type=\"button.default\">\n\t\t\t\t<div class=\"elementor-widget-container\">\n\t\t\t\t\t\t\t\t\t<div class=\"elementor-button-wrapper\">\n\t\t\t\t\t<a class=\"elementor-button elementor-button-link elementor-size-sm\" href=\"https:\/\/www.lstream.org\/es\/expresspass\/\" target=\"_blank\">\n\t\t\t\t\t\t<span class=\"elementor-button-content-wrapper\">\n\t\t\t\t\t\t\t\t\t<span class=\"elementor-button-text\">APRENDE M\u00c1S SOBRE EXPRESSPASS<\/span>\n\t\t\t\t\t<\/span>\n\t\t\t\t\t<\/a>\n\t\t\t\t<\/div>\n\t\t\t\t\t\t\t\t<\/div>\n\t\t\t\t<\/div>\n\t\t\t\t\t<\/div>\n\t\t<\/div>\n\t\t\t\t\t<\/div>\n\t\t<\/section>\n\t\t\t\t<\/div>","protected":false},"excerpt":{"rendered":"<p>Before Your Appointment Did You Know? With ExpressPass you can speed up your donation process by completing the required pre-donation reading and health history questions before arriving at the donation site. LEARN ABOUT EXPRESSPASS! Here\u2019s Some Quick Ways To Help Your Donation Be Successful: 1 Eat Up! In preparation for your donation, eat a hearty [&hellip;]<\/p>\n","protected":false},"author":1,"featured_media":0,"parent":129,"menu_order":3,"comment_status":"closed","ping_status":"closed","template":"elementor_header_footer","meta":{"_acf_changed":false,"footnotes":""},"class_list":["post-139","page","type-page","status-publish","hentry"],"acf":[],"yoast_head":"<!-- This site is optimized with the Yoast SEO Premium plugin v27.2 (Yoast SEO v27.2) - https:\/\/yoast.com\/product\/yoast-seo-premium-wordpress\/ -->\n<title>Before Your Appointment - LifeStream Blood Bank<\/title>\n<meta name=\"robots\" content=\"noindex, follow, max-snippet:-1, max-image-preview:large, max-video-preview:-1\" \/>\n<meta property=\"og:locale\" content=\"es_MX\" \/>\n<meta property=\"og:type\" content=\"article\" \/>\n<meta property=\"og:title\" content=\"Before Your Appointment\" \/>\n<meta property=\"og:description\" content=\"Before Your Appointment Did You Know? With ExpressPass you can speed up your donation process by completing the required pre-donation reading and health history questions before arriving at the donation site. LEARN ABOUT EXPRESSPASS! Here\u2019s Some Quick Ways To Help Your Donation Be Successful: 1 Eat Up! In preparation for your donation, eat a hearty [&hellip;]\" \/>\n<meta property=\"og:url\" content=\"https:\/\/www.lstream.org\/es\/give-blood\/before-your-appointment\/\" \/>\n<meta property=\"og:site_name\" content=\"LifeStream Blood Bank\" \/>\n<meta property=\"article:modified_time\" content=\"2023-01-27T20:38:19+00:00\" \/>\n<meta property=\"og:image\" content=\"https:\/\/www.lstream.org\/wp-content\/uploads\/2022\/10\/SMiStock-1091500222.jpg\" \/>\n<meta name=\"twitter:card\" content=\"summary_large_image\" \/>\n<meta name=\"twitter:label1\" content=\"Tiempo de lectura\" \/>\n\t<meta name=\"twitter:data1\" content=\"3 minutos\" \/>\n<script type=\"application\/ld+json\" class=\"yoast-schema-graph\">{\"@context\":\"https:\/\/schema.org\",\"@graph\":[{\"@type\":\"WebPage\",\"@id\":\"https:\/\/www.lstream.org\/give-blood\/before-your-appointment\/\",\"url\":\"https:\/\/www.lstream.org\/give-blood\/before-your-appointment\/\",\"name\":\"Before Your Appointment - LifeStream Blood Bank\",\"isPartOf\":{\"@id\":\"https:\/\/www.lstream.org\/#website\"},\"primaryImageOfPage\":{\"@id\":\"https:\/\/www.lstream.org\/give-blood\/before-your-appointment\/#primaryimage\"},\"image\":{\"@id\":\"https:\/\/www.lstream.org\/give-blood\/before-your-appointment\/#primaryimage\"},\"thumbnailUrl\":\"https:\/\/www.lstream.org\/wp-content\/uploads\/2022\/10\/SMiStock-1091500222.jpg\",\"datePublished\":\"2022-09-07T20:54:53+00:00\",\"dateModified\":\"2023-01-27T20:38:19+00:00\",\"breadcrumb\":{\"@id\":\"https:\/\/www.lstream.org\/give-blood\/before-your-appointment\/#breadcrumb\"},\"inLanguage\":\"es\",\"potentialAction\":[{\"@type\":\"ReadAction\",\"target\":[\"https:\/\/www.lstream.org\/give-blood\/before-your-appointment\/\"]}]},{\"@type\":\"ImageObject\",\"inLanguage\":\"es\",\"@id\":\"https:\/\/www.lstream.org\/give-blood\/before-your-appointment\/#primaryimage\",\"url\":\"https:\/\/www.lstream.org\/wp-content\/uploads\/2022\/10\/SMiStock-1091500222.jpg\",\"contentUrl\":\"https:\/\/www.lstream.org\/wp-content\/uploads\/2022\/10\/SMiStock-1091500222.jpg\"},{\"@type\":\"BreadcrumbList\",\"@id\":\"https:\/\/www.lstream.org\/give-blood\/before-your-appointment\/#breadcrumb\",\"itemListElement\":[{\"@type\":\"ListItem\",\"position\":1,\"name\":\"Home\",\"item\":\"https:\/\/www.lstream.org\/\"},{\"@type\":\"ListItem\",\"position\":2,\"name\":\"Give Blood\",\"item\":\"https:\/\/www.lstream.org\/give-blood\/\"},{\"@type\":\"ListItem\",\"position\":3,\"name\":\"Before Your Appointment\"}]},{\"@type\":\"WebSite\",\"@id\":\"https:\/\/www.lstream.org\/#website\",\"url\":\"https:\/\/www.lstream.org\/\",\"name\":\"LifeStream Blood Bank\",\"description\":\"\",\"publisher\":{\"@id\":\"https:\/\/www.lstream.org\/#organization\"},\"potentialAction\":[{\"@type\":\"SearchAction\",\"target\":{\"@type\":\"EntryPoint\",\"urlTemplate\":\"https:\/\/www.lstream.org\/?s={search_term_string}\"},\"query-input\":{\"@type\":\"PropertyValueSpecification\",\"valueRequired\":true,\"valueName\":\"search_term_string\"}}],\"inLanguage\":\"es\"},{\"@type\":\"Organization\",\"@id\":\"https:\/\/www.lstream.org\/#organization\",\"name\":\"LifeStream Blood Bank\",\"url\":\"https:\/\/www.lstream.org\/\",\"logo\":{\"@type\":\"ImageObject\",\"inLanguage\":\"es\",\"@id\":\"https:\/\/www.lstream.org\/#\/schema\/logo\/image\/\",\"url\":\"https:\/\/www.lstream.org\/wp-content\/uploads\/2022\/09\/Site-Logo.svg\",\"contentUrl\":\"https:\/\/www.lstream.org\/wp-content\/uploads\/2022\/09\/Site-Logo.svg\",\"width\":348,\"height\":82.3524,\"caption\":\"LifeStream Blood Bank\"},\"image\":{\"@id\":\"https:\/\/www.lstream.org\/#\/schema\/logo\/image\/\"}}]}<\/script>\n<!-- \/ Yoast SEO Premium plugin. -->","yoast_head_json":{"title":"Before Your Appointment - LifeStream Blood Bank","robots":{"index":"noindex","follow":"follow","max-snippet":"max-snippet:-1","max-image-preview":"max-image-preview:large","max-video-preview":"max-video-preview:-1"},"og_locale":"es_MX","og_type":"article","og_title":"Before Your Appointment","og_description":"Before Your Appointment Did You Know? With ExpressPass you can speed up your donation process by completing the required pre-donation reading and health history questions before arriving at the donation site. LEARN ABOUT EXPRESSPASS! Here\u2019s Some Quick Ways To Help Your Donation Be Successful: 1 Eat Up! In preparation for your donation, eat a hearty [&hellip;]","og_url":"https:\/\/www.lstream.org\/es\/give-blood\/before-your-appointment\/","og_site_name":"LifeStream Blood Bank","article_modified_time":"2023-01-27T20:38:19+00:00","og_image":[{"url":"https:\/\/www.lstream.org\/wp-content\/uploads\/2022\/10\/SMiStock-1091500222.jpg","type":"","width":"","height":""}],"twitter_card":"summary_large_image","twitter_misc":{"Tiempo de lectura":"3 minutos"},"schema":{"@context":"https:\/\/schema.org","@graph":[{"@type":"WebPage","@id":"https:\/\/www.lstream.org\/give-blood\/before-your-appointment\/","url":"https:\/\/www.lstream.org\/give-blood\/before-your-appointment\/","name":"Before Your Appointment - LifeStream Blood Bank","isPartOf":{"@id":"https:\/\/www.lstream.org\/#website"},"primaryImageOfPage":{"@id":"https:\/\/www.lstream.org\/give-blood\/before-your-appointment\/#primaryimage"},"image":{"@id":"https:\/\/www.lstream.org\/give-blood\/before-your-appointment\/#primaryimage"},"thumbnailUrl":"https:\/\/www.lstream.org\/wp-content\/uploads\/2022\/10\/SMiStock-1091500222.jpg","datePublished":"2022-09-07T20:54:53+00:00","dateModified":"2023-01-27T20:38:19+00:00","breadcrumb":{"@id":"https:\/\/www.lstream.org\/give-blood\/before-your-appointment\/#breadcrumb"},"inLanguage":"es","potentialAction":[{"@type":"ReadAction","target":["https:\/\/www.lstream.org\/give-blood\/before-your-appointment\/"]}]},{"@type":"ImageObject","inLanguage":"es","@id":"https:\/\/www.lstream.org\/give-blood\/before-your-appointment\/#primaryimage","url":"https:\/\/www.lstream.org\/wp-content\/uploads\/2022\/10\/SMiStock-1091500222.jpg","contentUrl":"https:\/\/www.lstream.org\/wp-content\/uploads\/2022\/10\/SMiStock-1091500222.jpg"},{"@type":"BreadcrumbList","@id":"https:\/\/www.lstream.org\/give-blood\/before-your-appointment\/#breadcrumb","itemListElement":[{"@type":"ListItem","position":1,"name":"Home","item":"https:\/\/www.lstream.org\/"},{"@type":"ListItem","position":2,"name":"Give Blood","item":"https:\/\/www.lstream.org\/give-blood\/"},{"@type":"ListItem","position":3,"name":"Before Your Appointment"}]},{"@type":"WebSite","@id":"https:\/\/www.lstream.org\/#website","url":"https:\/\/www.lstream.org\/","name":"Banco de sangre LifeStream","description":"","publisher":{"@id":"https:\/\/www.lstream.org\/#organization"},"potentialAction":[{"@type":"SearchAction","target":{"@type":"EntryPoint","urlTemplate":"https:\/\/www.lstream.org\/?s={search_term_string}"},"query-input":{"@type":"PropertyValueSpecification","valueRequired":true,"valueName":"search_term_string"}}],"inLanguage":"es"},{"@type":"Organization","@id":"https:\/\/www.lstream.org\/#organization","name":"Banco de sangre LifeStream","url":"https:\/\/www.lstream.org\/","logo":{"@type":"ImageObject","inLanguage":"es","@id":"https:\/\/www.lstream.org\/#\/schema\/logo\/image\/","url":"https:\/\/www.lstream.org\/wp-content\/uploads\/2022\/09\/Site-Logo.svg","contentUrl":"https:\/\/www.lstream.org\/wp-content\/uploads\/2022\/09\/Site-Logo.svg","width":348,"height":82.3524,"caption":"LifeStream Blood Bank"},"image":{"@id":"https:\/\/www.lstream.org\/#\/schema\/logo\/image\/"}}]}},"_links":{"self":[{"href":"https:\/\/www.lstream.org\/es\/wp-json\/wp\/v2\/pages\/139","targetHints":{"allow":["GET"]}}],"collection":[{"href":"https:\/\/www.lstream.org\/es\/wp-json\/wp\/v2\/pages"}],"about":[{"href":"https:\/\/www.lstream.org\/es\/wp-json\/wp\/v2\/types\/page"}],"author":[{"embeddable":true,"href":"https:\/\/www.lstream.org\/es\/wp-json\/wp\/v2\/users\/1"}],"replies":[{"embeddable":true,"href":"https:\/\/www.lstream.org\/es\/wp-json\/wp\/v2\/comments?post=139"}],"version-history":[{"count":28,"href":"https:\/\/www.lstream.org\/es\/wp-json\/wp\/v2\/pages\/139\/revisions"}],"predecessor-version":[{"id":18966,"href":"https:\/\/www.lstream.org\/es\/wp-json\/wp\/v2\/pages\/139\/revisions\/18966"}],"up":[{"embeddable":true,"href":"https:\/\/www.lstream.org\/es\/wp-json\/wp\/v2\/pages\/129"}],"wp:attachment":[{"href":"https:\/\/www.lstream.org\/es\/wp-json\/wp\/v2\/media?parent=139"}],"curies":[{"name":"wp","href":"https:\/\/api.w.org\/{rel}","templated":true}]}}