{"id":15170,"date":"2021-06-08T15:53:26","date_gmt":"2021-06-08T22:53:26","guid":{"rendered":"https:\/\/www.lstream.org\/?page_id=15170"},"modified":"2021-06-08T15:53:26","modified_gmt":"2021-06-08T22:53:26","slug":"hospital-services-manual","status":"publish","type":"page","link":"https:\/\/www.lstream.org\/es\/hospital-services-manual\/","title":{"rendered":"MANUAL DE SERVICIOS HOSPITALARIOS"},"content":{"rendered":"<h2 class=\"has-text-align-center wp-block-heading\" id=\"table-of-contents\">Tabla de contenido<\/h2>\n\n\n\n<div class=\"wp-block-group is-layout-flow wp-block-group-is-layout-flow\">\n<ol class=\"wp-block-list\">\n<li><mark style=\"background-color:rgba(0, 0, 0, 0);color:#1e3945\" class=\"has-inline-color\"><a rel=\"noreferrer noopener\" href=\"https:\/\/www.lstream.org\/wp-content\/uploads\/Contact-List-1.17.22.pdf\" data-type=\"URL\" target=\"_blank\">Lista de contactos<\/a><\/mark><\/li>\n\n\n\n<li><mark style=\"background-color:rgba(0, 0, 0, 0);color:#1e3945\" class=\"has-inline-color\"><a rel=\"noreferrer noopener\" href=\"https:\/\/www.lstream.org\/wp-content\/uploads\/Product-Product-Codes-and-ISBT-Codes.pdf\" target=\"_blank\">Productos, c\u00f3digos de productos y c\u00f3digos ISBT<\/a><\/mark><\/li>\n\n\n\n<li><mark style=\"background-color:rgba(0, 0, 0, 0);color:#1e3945\" class=\"has-inline-color\">Circular de informaci\u00f3n de la AABB: comun\u00edquese con Servicios hospitalarios para obtener una copia actualizada<\/mark><\/li>\n\n\n\n<li><mark style=\"background-color:rgba(0, 0, 0, 0);color:#1e3945\" class=\"has-inline-color\"><a rel=\"noreferrer noopener\" href=\"https:\/\/www.lstream.org\/wp-content\/uploads\/Tests-Performed-Reference-Laboratory.pdf\" target=\"_blank\">Laboratorio de Referencia \u2013 Pruebas Realizadas<\/a><br>una forma - <a rel=\"noreferrer noopener\" href=\"https:\/\/www.lstream.org\/wp-content\/uploads\/REQUEST-FOR-REFERENCE-LABORATORY-STUDIES-1.pdf\" target=\"_blank\">Solicitud de referencia <\/a><a rel=\"noreferrer noopener\" href=\"https:\/\/www.lstream.org\/wp-content\/uploads\/REQUEST-FOR-REFERENCE-LABORATORY-STUDIES-2.pdf\" target=\"_blank\">Estudios de laboratorio<\/a><br>b) Forma \u2013 <a rel=\"noreferrer noopener\" href=\"https:\/\/www.lstream.org\/wp-content\/uploads\/1705F3-REFERENCE-LABORATORY-SPECIAL-ORDER-FORM.pdf\" target=\"_blank\">Solicitud de sangre con ant\u00edgeno negativo y plaquetas HLA<\/a><\/mark><\/li>\n\n\n\n<li><mark style=\"background-color:rgba(0, 0, 0, 0);color:#1e3945\" class=\"has-inline-color\"><a rel=\"noreferrer noopener\" href=\"https:\/\/www.lstream.org\/wp-content\/uploads\/Blood-Product-Compatability-Chart-1.pdf\" target=\"_blank\">Tabla de compatibilidad de productos sangu\u00edneos<\/a><\/mark><\/li>\n\n\n\n<li><mark style=\"background-color:rgba(0, 0, 0, 0);color:#1e3945\" class=\"has-inline-color\"><a rel=\"noreferrer noopener\" href=\"https:\/\/www.lstream.org\/wp-content\/uploads\/transfering_blood_products_between_hospitals-1.pdf\" target=\"_blank\">Transferencia de productos sangu\u00edneos entre hospitales<\/a><br>una forma - <a rel=\"noreferrer noopener\" href=\"https:\/\/www.lstream.org\/wp-content\/uploads\/0171F1-LIFESTREAM-BLOOD-COMPONENT-TRANSFER-FORM.pdf\" target=\"_blank\">Traslado de hospital a hospital<\/a><\/mark><\/li>\n\n\n\n<li><mark style=\"background-color:rgba(0, 0, 0, 0);color:#1e3945\" class=\"has-inline-color\"><a rel=\"noreferrer noopener\" href=\"https:\/\/www.lstream.org\/wp-content\/uploads\/investigation_of_possible_transfusion-acquired_infection-1.pdf\" target=\"_blank\">Investigaci\u00f3n de una posible infecci\u00f3n adquirida por transfusi\u00f3n<\/a><br>una forma - <a rel=\"noreferrer noopener\" href=\"https:\/\/www.lstream.org\/wp-content\/uploads\/0272F4-FILLABLE-REPORT-OF-SUSPECTED-TRANSUSION-ACQUIRED-INFECTION.pdf\" target=\"_blank\">Informe de sospecha de infecci\u00f3n adquirida por transfusi\u00f3n<\/a><\/mark><\/li>\n\n\n\n<li><mark style=\"background-color:rgba(0, 0, 0, 0);color:#1e3945\" class=\"has-inline-color\"><a rel=\"noreferrer noopener\" href=\"https:\/\/www.lstream.org\/wp-content\/uploads\/Reporting-Transfusion-Associated-Adverse-Events.pdf\" target=\"_blank\">Notificaci\u00f3n de un evento adverso grave notificable<\/a><br>una forma - <a rel=\"noreferrer noopener\" href=\"https:\/\/www.lstream.org\/wp-content\/uploads\/1625F1-AABB-REPORT-OF-ADVERSE-TRANSFUSION-REACTION-TO-BLOOD-SUPPLIERS-1.pdf\" target=\"_blank\">Eventos adversos graves reportables<\/a><\/mark><\/li>\n\n\n\n<li><mark style=\"background-color:rgba(0, 0, 0, 0);color:#1e3945\" class=\"has-inline-color\"><a rel=\"noreferrer noopener\" href=\"https:\/\/www.lstream.org\/wp-content\/uploads\/lookback-1.pdf\" target=\"_blank\">Mirar atr\u00e1s<\/a><br>a) <a href=\"https:\/\/www.lstream.org\/wp-content\/uploads\/1412M1E-PRODUCT-RETRIEVAL-NOTIFICATION-ELECTRONIC-1.pdf\">Modelo de carta de recuperaci\u00f3n de producto<\/a><br>b) <a rel=\"noreferrer noopener\" href=\"https:\/\/www.lstream.org\/wp-content\/uploads\/1412M4E-CONFIRMATORY-TEST-RESULTS-HCV-ELECTRONIC.pdf\" target=\"_blank\">Modelo de carta de confirmaci\u00f3n del VHC<\/a><br>C) <a rel=\"noreferrer noopener\" href=\"https:\/\/www.lstream.org\/wp-content\/uploads\/1412M2E-CONFIRMATORY-TEST-RESULTS-HIV-ELECTRONIC.pdf\" target=\"_blank\">Modelo de carta de confirmaci\u00f3n del VIH<\/a><br>d) <a rel=\"noreferrer noopener\" href=\"https:\/\/www.lstream.org\/wp-content\/uploads\/1432M2-URGENT-HCV-HIV-RECIPIENT-LOOKBACK-INVESTIGATION.pdf\" target=\"_blank\">Ejemplo de carta de presentaci\u00f3n para el paquete retrospectivo<\/a><br>e) Formulario \u2013 <a rel=\"noreferrer noopener\" href=\"https:\/\/www.lstream.org\/wp-content\/uploads\/1432F5-TRANSFUSION-SERVICE-COMPONENT-DISPOSITION-FORM-1.pdf\" target=\"_blank\">Disposici\u00f3n de los componentes de transfusi\u00f3n<\/a><br>F) <a rel=\"noreferrer noopener\" href=\"https:\/\/www.lstream.org\/wp-content\/uploads\/HIV-I-Information-Packet-1.pdf\" target=\"_blank\">Paquete de informaci\u00f3n sobre VIH I<\/a><br>gramo) <a rel=\"noreferrer noopener\" href=\"https:\/\/www.lstream.org\/wp-content\/uploads\/HIV-II-Information-Packet-1.pdf\" target=\"_blank\">Paquete de informaci\u00f3n sobre VIH II<\/a><br>h) <a rel=\"noreferrer noopener\" href=\"https:\/\/www.lstream.org\/wp-content\/uploads\/1432F3-SAMPLE-LETTER-FOR-PHYSICIAN.pdf\" target=\"_blank\">VIH \u2013 Modelo de carta de VHC enviada por el director m\u00e9dico al m\u00e9dico tratante<\/a><br>i) Formulario \u2013<a rel=\"noreferrer noopener\" href=\"https:\/\/www.lstream.org\/wp-content\/uploads\/1432F2-HIV-AND-HCV-LOOKBACK-RECIPIENT-STATUS.pdf\" data-type=\"URL\" target=\"_blank\"> Respuesta del M\u00e9dico al Servicio de Transfusi\u00f3n<\/a><br>j) <a rel=\"noreferrer noopener\" href=\"https:\/\/www.lstream.org\/wp-content\/uploads\/1432M3-HEPATITIS-C-LOOKBACK-PACKET.pdf\" target=\"_blank\">Paquete de informaci\u00f3n retrospectiva sobre VHC<\/a><br>k) <a rel=\"noreferrer noopener\" href=\"https:\/\/www.lstream.org\/wp-content\/uploads\/0278M1A-MARKET-WITHDRAWAL-FOR-POST-DONATION-INFORMATION-ELECTRONIC.pdf\" target=\"_blank\">Carta de informaci\u00f3n posterior al donante<\/a><\/mark><\/li>\n\n\n\n<li><mark style=\"background-color:rgba(0, 0, 0, 0);color:#1e3945\" class=\"has-inline-color\"><a rel=\"noreferrer noopener\" href=\"https:\/\/www.lstream.org\/wp-content\/uploads\/Trali-Mitigation-Risk-Protocol-1.pdf\" target=\"_blank\">Protocolo de riesgos de mitigaci\u00f3n de Trali<\/a><\/mark><\/li>\n\n\n\n<li><mark style=\"background-color:rgba(0, 0, 0, 0);color:#1e3945\" class=\"has-inline-color\"><a rel=\"noreferrer noopener\" href=\"https:\/\/www.lstream.org\/wp-content\/uploads\/Bacterial-Contamination-Risk-Mitigation-Strategy-Updated-12-2021.pdf\" target=\"_blank\">Estrategia de mitigaci\u00f3n del riesgo de contaminaci\u00f3n bacteriana<\/a><\/mark><\/li>\n\n\n\n<li><mark style=\"background-color:rgba(0, 0, 0, 0);color:#1e3945\" class=\"has-inline-color\">&#039;Una gu\u00eda para pacientes sobre transfusi\u00f3n de sangre&#039; \u2013 <a rel=\"noreferrer noopener\" href=\"https:\/\/www.mbc.ca.gov\/Resources\/brochures\/blood-transfusions.aspx\" target=\"_blank\">Departamento de Servicios de Salud de California<\/a><\/mark><br><mark style=\"background-color:rgba(0, 0, 0, 0);color:#1e3945\" class=\"has-inline-color\"><a rel=\"noreferrer noopener\" href=\"https:\/\/www.lstream.org\/wp-content\/uploads\/Blood-Transfusion-Brochure.pdf\" target=\"_blank\">(Ingl\u00e9s)<\/a> <a rel=\"noreferrer noopener\" href=\"https:\/\/www.lstream.org\/wp-content\/uploads\/Blood-Transfusion-Brochure-1.pdf\" target=\"_blank\">(Espa\u00f1ol)<\/a><\/mark><\/li>\n\n\n\n<li><mark style=\"background-color:rgba(0, 0, 0, 0);color:#1e3945\" class=\"has-inline-color\"><a rel=\"noreferrer noopener\" href=\"https:\/\/www.lstream.org\/wp-content\/uploads\/CPT-Testing-Codes-1.pdf\" target=\"_blank\">C\u00f3digos CPT (pruebas)<\/a><\/mark><\/li>\n\n\n\n<li><mark style=\"background-color:rgba(0, 0, 0, 0);color:#1e3945\" class=\"has-inline-color\"><a rel=\"noreferrer noopener\" href=\"https:\/\/www.lstream.org\/wp-content\/uploads\/HCPCS-Product-Codes-1.pdf\" target=\"_blank\">C\u00f3digos HCPCS (producto)<\/a><\/mark><\/li>\n\n\n\n<li><mark style=\"background-color:rgba(0, 0, 0, 0);color:#1e3945\" class=\"has-inline-color\"><a rel=\"noreferrer noopener\" href=\"https:\/\/www.lstream.org\/wp-content\/uploads\/ABO-Online-Blood-Product-Ordering-1.pdf\" target=\"_blank\">ABO \u2013 (Pedido de productos sangu\u00edneos en l\u00ednea)<\/a><\/mark><\/li>\n\n\n\n<li><mark style=\"background-color:rgba(0, 0, 0, 0);color:#1e3945\" class=\"has-inline-color\"><a rel=\"noreferrer noopener\" href=\"https:\/\/www.lstream.org\/wp-content\/uploads\/0168F1-BLOOD-PRODUCT-ORDER-FORM-1.pdf\" target=\"_blank\">Formulario de pedido manual de productos sangu\u00edneos<\/a><\/mark><\/li>\n\n\n\n<li><mark style=\"background-color:rgba(0, 0, 0, 0);color:#1e3945\" class=\"has-inline-color\"><a rel=\"noreferrer noopener\" href=\"https:\/\/www.lstream.org\/wp-content\/uploads\/0167F2-MEMORANDUM-FOR-RETURN-OF-BLOOD-PRODUCTS.pdf\" target=\"_blank\">Formulario de devoluci\u00f3n manual de productos sangu\u00edneos<\/a><\/mark><\/li>\n\n\n\n<li><mark style=\"background-color:rgba(0, 0, 0, 0);color:#1e3945\" class=\"has-inline-color\"><a rel=\"noreferrer noopener\" href=\"https:\/\/www.lstream.org\/wp-content\/uploads\/COL-00033.F2-LABORATORY-REQUISITION.pdf\" target=\"_blank\">Solicitud de laboratorio<\/a><\/mark><\/li>\n\n\n\n<li><a rel=\"noreferrer noopener\" href=\"https:\/\/www.lstream.org\/wp-content\/uploads\/17-Therapeutic-Procedures-vSept-21.pdf\" target=\"_blank\"><mark style=\"background-color:rgba(0, 0, 0, 0);color:#1e3945\" class=\"has-inline-color\">Procedimientos Terap\u00e9uticos<\/mark><\/a><\/li>\n\n\n\n<li><a rel=\"noreferrer noopener\" href=\"https:\/\/www.lstream.org\/wp-content\/uploads\/Autologous-Acceptability-Criteria-2.pdf\" target=\"_blank\"><mark style=\"background-color:rgba(0, 0, 0, 0);color:#1e3945\" class=\"has-inline-color\">Criterios de aceptabilidad aut\u00f3loga<\/mark><\/a><\/li>\n\n\n\n<li><a rel=\"noreferrer noopener\" href=\"https:\/\/www.lstream.org\/wp-content\/uploads\/AUTOLOGOUS-DONATION-PROTOCOL_.pdf\" target=\"_blank\"><mark style=\"background-color:rgba(0, 0, 0, 0);color:#1e3945\" class=\"has-inline-color\">Protocolo de donaci\u00f3n aut\u00f3loga<\/mark><\/a><\/li>\n\n\n\n<li><mark style=\"background-color:rgba(0, 0, 0, 0);color:#1e3945\" class=\"has-inline-color\"><a rel=\"noreferrer noopener\" href=\"https:\/\/www.lstream.org\/wp-content\/uploads\/Shipping-Autologous-Units-With-Reactive-Infectious-Disease-Markers-1.pdf\" target=\"_blank\">Env\u00edo de unidades aut\u00f3logas con marcadores reactivos de enfermedades infecciosas<\/a><\/mark><\/li>\n\n\n\n<li><mark style=\"background-color:rgba(0, 0, 0, 0);color:#1e3945\" class=\"has-inline-color\"><a rel=\"noreferrer noopener\" href=\"https:\/\/www.lstream.org\/wp-content\/uploads\/Physician-Material-Order-Form-1.pdf\" target=\"_blank\">Formulario de pedido de material m\u00e9dico<\/a><\/mark><\/li>\n\n\n\n<li><mark style=\"background-color:rgba(0, 0, 0, 0);color:#1e3945\" class=\"has-inline-color\">Laboratorio de Referencia: Servicios de Transfusi\u00f3n<br>una forma - <a rel=\"noreferrer noopener\" href=\"https:\/\/www.lstream.org\/wp-content\/uploads\/1879F1-REQUEST-FOR-TRANSFUSION-OF-BLOOD-COMPONENTS-1.pdf\" target=\"_blank\">Solicitud de transfusi\u00f3n de componentes sangu\u00edneos<\/a><br>b) Forma \u2013 <a rel=\"noreferrer noopener\" href=\"https:\/\/www.lstream.org\/wp-content\/uploads\/24b.pdf\" target=\"_blank\">Transfusi\u00f3n <\/a><a rel=\"noreferrer noopener\" href=\"https:\/\/www.lstream.org\/wp-content\/uploads\/1879F2-TRANSFUSION-REACTION-FORM.pdf\" target=\"_blank\">Reacci\u00f3n<\/a><br>c) Hojas de instrucciones:<br>i. <a rel=\"noreferrer noopener\" href=\"https:\/\/www.lstream.org\/wp-content\/uploads\/1879M1-INSTRUCTION-SHEET-GUIDELINES-FOR-BLOOD-TRANSFUSION.pdf\" target=\"_blank\">Pautas para la transfusi\u00f3n de sangre<\/a><br>ii. <a rel=\"noreferrer noopener\" href=\"https:\/\/www.lstream.org\/wp-content\/uploads\/1879M2-SUBMISSION-OF-PATIENT-BLOOD-SAMPLE.pdf\" target=\"_blank\">Env\u00edo de muestra de sangre del paciente<\/a><br>III. <a rel=\"noreferrer noopener\" href=\"https:\/\/www.lstream.org\/wp-content\/uploads\/1879M3-COMPLETION-FOR-REQUEST-FOR-TRANSFUSION-BLOOD-COMPONENTS.pdf\" target=\"_blank\">Finalizaci\u00f3n de solicitud de transfusi\u00f3n de componentes sangu\u00edneos<\/a><br>IV. <a rel=\"noreferrer noopener\" href=\"https:\/\/www.lstream.org\/wp-content\/uploads\/1879M4-SECURLINK-BLOOD-BAND.pdf\" target=\"_blank\">Hoja de instrucciones para la banda sangu\u00ednea Securlink<\/a><\/mark><\/li>\n<\/ol>\n<\/div>\n\n\n\n<p><\/p>","protected":false},"excerpt":{"rendered":"<p>Tabla de contenido<\/p>","protected":false},"author":3,"featured_media":0,"parent":0,"menu_order":24,"comment_status":"closed","ping_status":"closed","template":"","meta":{"_acf_changed":false,"footnotes":""},"class_list":["post-15170","page","type-page","status-publish","hentry"],"acf":[],"yoast_head":"<!-- This site is optimized with the Yoast SEO Premium plugin v27.2 (Yoast SEO v27.2) - https:\/\/yoast.com\/product\/yoast-seo-premium-wordpress\/ -->\n<title>HOSPITAL SERVICES MANUAL - LifeStream Blood Bank<\/title>\n<meta name=\"robots\" content=\"noindex, follow, max-snippet:-1, max-image-preview:large, max-video-preview:-1\" \/>\n<meta property=\"og:locale\" content=\"es_MX\" \/>\n<meta property=\"og:type\" content=\"article\" \/>\n<meta property=\"og:title\" content=\"HOSPITAL SERVICES MANUAL\" \/>\n<meta property=\"og:description\" content=\"Table of Contents\" \/>\n<meta property=\"og:url\" content=\"https:\/\/www.lstream.org\/es\/hospital-services-manual\/\" \/>\n<meta property=\"og:site_name\" content=\"LifeStream Blood Bank\" \/>\n<meta name=\"twitter:card\" content=\"summary_large_image\" \/>\n<meta name=\"twitter:label1\" content=\"Tiempo de lectura\" \/>\n\t<meta name=\"twitter:data1\" content=\"1 minuto\" \/>\n<script type=\"application\/ld+json\" class=\"yoast-schema-graph\">{\"@context\":\"https:\/\/schema.org\",\"@graph\":[{\"@type\":\"WebPage\",\"@id\":\"https:\/\/www.lstream.org\/hospital-services-manual\/\",\"url\":\"https:\/\/www.lstream.org\/hospital-services-manual\/\",\"name\":\"HOSPITAL SERVICES MANUAL - LifeStream Blood Bank\",\"isPartOf\":{\"@id\":\"https:\/\/www.lstream.org\/#website\"},\"datePublished\":\"2021-06-08T22:53:26+00:00\",\"breadcrumb\":{\"@id\":\"https:\/\/www.lstream.org\/hospital-services-manual\/#breadcrumb\"},\"inLanguage\":\"es\",\"potentialAction\":[{\"@type\":\"ReadAction\",\"target\":[\"https:\/\/www.lstream.org\/hospital-services-manual\/\"]}]},{\"@type\":\"BreadcrumbList\",\"@id\":\"https:\/\/www.lstream.org\/hospital-services-manual\/#breadcrumb\",\"itemListElement\":[{\"@type\":\"ListItem\",\"position\":1,\"name\":\"Home\",\"item\":\"https:\/\/www.lstream.org\/\"},{\"@type\":\"ListItem\",\"position\":2,\"name\":\"HOSPITAL SERVICES MANUAL\"}]},{\"@type\":\"WebSite\",\"@id\":\"https:\/\/www.lstream.org\/#website\",\"url\":\"https:\/\/www.lstream.org\/\",\"name\":\"LifeStream Blood Bank\",\"description\":\"\",\"publisher\":{\"@id\":\"https:\/\/www.lstream.org\/#organization\"},\"potentialAction\":[{\"@type\":\"SearchAction\",\"target\":{\"@type\":\"EntryPoint\",\"urlTemplate\":\"https:\/\/www.lstream.org\/?s={search_term_string}\"},\"query-input\":{\"@type\":\"PropertyValueSpecification\",\"valueRequired\":true,\"valueName\":\"search_term_string\"}}],\"inLanguage\":\"es\"},{\"@type\":\"Organization\",\"@id\":\"https:\/\/www.lstream.org\/#organization\",\"name\":\"LifeStream Blood Bank\",\"url\":\"https:\/\/www.lstream.org\/\",\"logo\":{\"@type\":\"ImageObject\",\"inLanguage\":\"es\",\"@id\":\"https:\/\/www.lstream.org\/#\/schema\/logo\/image\/\",\"url\":\"https:\/\/www.lstream.org\/wp-content\/uploads\/2022\/09\/Site-Logo.svg\",\"contentUrl\":\"https:\/\/www.lstream.org\/wp-content\/uploads\/2022\/09\/Site-Logo.svg\",\"width\":348,\"height\":82.3524,\"caption\":\"LifeStream Blood Bank\"},\"image\":{\"@id\":\"https:\/\/www.lstream.org\/#\/schema\/logo\/image\/\"}}]}<\/script>\n<!-- \/ Yoast SEO Premium plugin. -->","yoast_head_json":{"title":"HOSPITAL SERVICES MANUAL - LifeStream Blood Bank","robots":{"index":"noindex","follow":"follow","max-snippet":"max-snippet:-1","max-image-preview":"max-image-preview:large","max-video-preview":"max-video-preview:-1"},"og_locale":"es_MX","og_type":"article","og_title":"HOSPITAL SERVICES MANUAL","og_description":"Table of Contents","og_url":"https:\/\/www.lstream.org\/es\/hospital-services-manual\/","og_site_name":"LifeStream Blood Bank","twitter_card":"summary_large_image","twitter_misc":{"Tiempo de lectura":"1 minuto"},"schema":{"@context":"https:\/\/schema.org","@graph":[{"@type":"WebPage","@id":"https:\/\/www.lstream.org\/hospital-services-manual\/","url":"https:\/\/www.lstream.org\/hospital-services-manual\/","name":"HOSPITAL SERVICES MANUAL - LifeStream Blood Bank","isPartOf":{"@id":"https:\/\/www.lstream.org\/#website"},"datePublished":"2021-06-08T22:53:26+00:00","breadcrumb":{"@id":"https:\/\/www.lstream.org\/hospital-services-manual\/#breadcrumb"},"inLanguage":"es","potentialAction":[{"@type":"ReadAction","target":["https:\/\/www.lstream.org\/hospital-services-manual\/"]}]},{"@type":"BreadcrumbList","@id":"https:\/\/www.lstream.org\/hospital-services-manual\/#breadcrumb","itemListElement":[{"@type":"ListItem","position":1,"name":"Home","item":"https:\/\/www.lstream.org\/"},{"@type":"ListItem","position":2,"name":"HOSPITAL SERVICES MANUAL"}]},{"@type":"WebSite","@id":"https:\/\/www.lstream.org\/#website","url":"https:\/\/www.lstream.org\/","name":"Banco de sangre LifeStream","description":"","publisher":{"@id":"https:\/\/www.lstream.org\/#organization"},"potentialAction":[{"@type":"SearchAction","target":{"@type":"EntryPoint","urlTemplate":"https:\/\/www.lstream.org\/?s={search_term_string}"},"query-input":{"@type":"PropertyValueSpecification","valueRequired":true,"valueName":"search_term_string"}}],"inLanguage":"es"},{"@type":"Organization","@id":"https:\/\/www.lstream.org\/#organization","name":"Banco de sangre LifeStream","url":"https:\/\/www.lstream.org\/","logo":{"@type":"ImageObject","inLanguage":"es","@id":"https:\/\/www.lstream.org\/#\/schema\/logo\/image\/","url":"https:\/\/www.lstream.org\/wp-content\/uploads\/2022\/09\/Site-Logo.svg","contentUrl":"https:\/\/www.lstream.org\/wp-content\/uploads\/2022\/09\/Site-Logo.svg","width":348,"height":82.3524,"caption":"LifeStream Blood Bank"},"image":{"@id":"https:\/\/www.lstream.org\/#\/schema\/logo\/image\/"}}]}},"_links":{"self":[{"href":"https:\/\/www.lstream.org\/es\/wp-json\/wp\/v2\/pages\/15170","targetHints":{"allow":["GET"]}}],"collection":[{"href":"https:\/\/www.lstream.org\/es\/wp-json\/wp\/v2\/pages"}],"about":[{"href":"https:\/\/www.lstream.org\/es\/wp-json\/wp\/v2\/types\/page"}],"author":[{"embeddable":true,"href":"https:\/\/www.lstream.org\/es\/wp-json\/wp\/v2\/users\/3"}],"replies":[{"embeddable":true,"href":"https:\/\/www.lstream.org\/es\/wp-json\/wp\/v2\/comments?post=15170"}],"version-history":[{"count":0,"href":"https:\/\/www.lstream.org\/es\/wp-json\/wp\/v2\/pages\/15170\/revisions"}],"wp:attachment":[{"href":"https:\/\/www.lstream.org\/es\/wp-json\/wp\/v2\/media?parent=15170"}],"curies":[{"name":"wp","href":"https:\/\/api.w.org\/{rel}","templated":true}]}}