{"id":15467,"date":"2021-06-25T13:31:17","date_gmt":"2021-06-25T20:31:17","guid":{"rendered":"https:\/\/www.lstream.org\/?page_id=15467"},"modified":"2021-06-25T13:31:17","modified_gmt":"2021-06-25T20:31:17","slug":"licensures-and-accreditations","status":"publish","type":"page","link":"https:\/\/www.lstream.org\/es\/licensures-and-accreditations\/","title":{"rendered":"LICENSURES AND ACCREDITATIONS"},"content":{"rendered":"<h2 class=\"wp-block-heading\" id=\"licensures-and-accreditations\">LICENSURES AND ACCREDITATIONS<\/h2>\n\n\n\n<p><a rel=\"noreferrer noopener\" href=\"https:\/\/www.lstream.org\/wp-content\/uploads\/AABB_Certificate-new.pdf\" target=\"_blank\">Acreditaci\u00f3n AABB<\/a><\/p>\n\n\n\n<p><a href=\"https:\/\/www.lstream.org\/wp-content\/uploads\/FDA-Establishment-License-002.pdf\" data-type=\"URL\" data-id=\"https:\/\/www.lstream.org\/wp-content\/uploads\/FDA-Establishment-License-002.pdf\">Licencia de establecimiento de la FDA<\/a><\/p>\n\n\n\n<p><strong>Registros de establecimientos de la Administraci\u00f3n de Alimentos y Medicamentos<\/strong><\/p>\n\n\n\n<ul class=\"wp-block-list\">\n<li><a href=\"https:\/\/www.lstream.org\/wp-content\/uploads\/San-Bernardino-Donor-Center_FDA-Registration-2023.pdf\">Centro de Donantes de San Bernardino<\/a><\/li>\n\n\n\n<li><a href=\"https:\/\/www.lstream.org\/wp-content\/uploads\/San-Bernardino-Main_FDA-Registration-384-West-Orange-Blvd-2023.pdf\" data-type=\"URL\" data-id=\"https:\/\/www.lstream.org\/wp-content\/uploads\/San-Bernardino-2022-FDA-Regisrtation-.pdf\" target=\"_blank\" rel=\"noreferrer noopener\">Laboratorio San Bernardino<\/a><\/li>\n\n\n\n<li><a href=\"https:\/\/www.lstream.org\/wp-content\/uploads\/Ontario_FDA_Registration_2023.pdf\">ontario<\/a><\/li>\n\n\n\n<li><a href=\"https:\/\/www.lstream.org\/wp-content\/uploads\/Riverside_FDA_Registration_2023.pdf\">Orilla<\/a><\/li>\n\n\n\n<li><a href=\"https:\/\/www.lstream.org\/wp-content\/uploads\/Victorville_FDA-Registration-2023.pdf\">Victorville<\/a><\/li>\n\n\n\n<li><a href=\"https:\/\/www.lstream.org\/wp-content\/uploads\/Placentia_FDA_Registration_2023.pdf\">Placentia<\/a><\/li>\n\n\n\n<li><a href=\"https:\/\/www.lstream.org\/wp-content\/uploads\/La-Quinta_FDA-Registration-2023.pdf\">la quinta<\/a><\/li>\n\n\n\n<li><a href=\"https:\/\/www.lstream.org\/wp-content\/uploads\/Murrieta_FDA-Registration-2023.pdf\">Murrieta<\/a><\/li>\n\n\n\n<li><a href=\"https:\/\/www.lstream.org\/wp-content\/uploads\/Rancho_Mirage_FDA_Registration_2023.pdf\">Rancho Espejismo<\/a><\/li>\n\n\n\n<li><a href=\"https:\/\/www.lstream.org\/wp-content\/uploads\/Palm_Desert_FDA_Registration_2023.pdf\">Desierto de palmeras<\/a><\/li>\n\n\n\n<li><a href=\"https:\/\/www.lstream.org\/wp-content\/uploads\/Commerce_FDA-Registration-2023.pdf\" target=\"_blank\" rel=\"noreferrer noopener\">Comercio<\/a><\/li>\n\n\n\n<li><a href=\"https:\/\/www.lstream.org\/wp-content\/uploads\/Hemet_FDA-Registration-2023.pdf\" target=\"_blank\" rel=\"noreferrer noopener\">\u00c9l conoci\u00f3<\/a><\/li>\n<\/ul>\n\n\n\n<p><strong>Licencias del Departamento de Salud P\u00fablica de California para la producci\u00f3n de productos biol\u00f3gicos<\/strong><\/p>\n\n\n\n<ul class=\"wp-block-list\">\n<li><a href=\"https:\/\/www.lstream.org\/wp-content\/uploads\/San-Bernardino_Biologics-2022.pdf\">San Bernardino, Riverside, Ontario, Victorville, Murrieta, La Quinta<\/a><\/li>\n\n\n\n<li><a href=\"https:\/\/www.lstream.org\/wp-content\/uploads\/Placentia_Biologics-2022.pdf\">Placentia<\/a><\/li>\n\n\n\n<li><a href=\"https:\/\/www.lstream.org\/wp-content\/uploads\/RADC-Biologics-2022.pdf\">Rancho Mirage (offsite collection center: Hemet)<\/a><\/li>\n\n\n\n<li><a href=\"https:\/\/www.lstream.org\/wp-content\/uploads\/Palm-Desert_Biologics-2022.pdf\">Desierto de palmeras<\/a><\/li>\n\n\n\n<li><a href=\"https:\/\/www.lstream.org\/wp-content\/uploads\/CDDC-Biologics-2022.pdf\">Comercio<\/a><\/li>\n<\/ul>\n\n\n\n<p><strong>Licencias\/registros de laboratorio cl\u00ednico del Departamento de Salud P\u00fablica de California<\/strong><\/p>\n\n\n\n<ul class=\"wp-block-list\">\n<li><a href=\"https:\/\/www.lstream.org\/wp-content\/uploads\/License-Certificate-2022.pdf\" data-type=\"URL\">San Bernardino &#8211; Orange Show Rd.<\/a><\/li>\n\n\n\n<li><a href=\"https:\/\/www.lstream.org\/wp-content\/uploads\/Clinical-and-Public-Health-Laboratory-License-v022022.pdf\">San Bernardino &#8211; Hospitality Ln.<\/a><\/li>\n\n\n\n<li><a href=\"https:\/\/www.lstream.org\/wp-content\/uploads\/Ontario_CLR00337436_4_2022.pdf\">ontario<\/a><\/li>\n\n\n\n<li><a href=\"https:\/\/www.lstream.org\/wp-content\/uploads\/Riverside_CLR00337436_2022.pdf\">Orilla<\/a><\/li>\n\n\n\n<li><a href=\"https:\/\/www.lstream.org\/wp-content\/uploads\/Victorville_CLR00337436_3_2022.pdf\" data-type=\"URL\">Victorville<\/a><\/li>\n\n\n\n<li><a href=\"https:\/\/www.lstream.org\/wp-content\/uploads\/La-Quinta_CLR00337436_5_2022.pdf\">la quinta<\/a><\/li>\n\n\n\n<li><a href=\"https:\/\/www.lstream.org\/wp-content\/uploads\/Murrieta_CLR00337436_7_2022.pdf\">Murrieta<\/a><\/li>\n\n\n\n<li><a href=\"https:\/\/www.lstream.org\/wp-content\/uploads\/Rancho-Mirage_CLR00337436_11_2022.pdf\">Rancho Espejismo<\/a><\/li>\n\n\n\n<li><a href=\"https:\/\/www.lstream.org\/wp-content\/uploads\/Palm-Desert_CLR00337436_10_2022.pdf\">Desierto de palmeras<\/a><\/li>\n\n\n\n<li><a rel=\"noreferrer noopener\" href=\"https:\/\/www.lstream.org\/wp-content\/uploads\/Placentia_CLR00337436_9_2022.pdf\" target=\"_blank\">Placentia<\/a><\/li>\n\n\n\n<li><a rel=\"noreferrer noopener\" href=\"https:\/\/www.lstream.org\/wp-content\/uploads\/Hemet_CLR00337436_12_2022.pdf\" target=\"_blank\">\u00c9l conoci\u00f3<\/a><\/li>\n<\/ul>\n\n\n\n<div style=\"height:16px\" aria-hidden=\"true\" class=\"wp-block-spacer\"><\/div>\n\n\n\n<p><strong>CMS \u2013 Certificados de acreditaci\u00f3n CLIA<\/strong><\/p>\n\n\n\n<ul class=\"wp-block-list\">\n<li><a href=\"https:\/\/www.lstream.org\/wp-content\/uploads\/SBDC-CLIA-Certificate-of-Accreditation.pdf\">San Bernardino<\/a><\/li>\n<\/ul>\n\n\n\n<p><strong>CMS \u2013 Certificado de exenci\u00f3n CLIA<\/strong><\/p>\n\n\n\n<ul class=\"wp-block-list\">\n<li><a href=\"https:\/\/www.lstream.org\/wp-content\/uploads\/Riverside_MULTISITE_CLIA-Waiver_2022.pdf\">Riverside, Ontario, Victorville, La Quinta, Murrieta, Rancho Mirage, San Bernardino, Placentia, Palm Desert, Hemet<\/a><\/li>\n<\/ul>","protected":false},"excerpt":{"rendered":"<p>LICENSURES AND ACCREDITATIONS AABB Accreditation FDA Establishment License Food and Drug Administration Establishment Registrations California Department of Public Health Licenses for the Production of Biologics California Department of Public Health Clinical Laboratory Licenses\/Registrations CMS \u2013 CLIA Certificates of Accreditation CMS \u2013 CLIA Certificate of Waiver<\/p>","protected":false},"author":3,"featured_media":0,"parent":0,"menu_order":21,"comment_status":"closed","ping_status":"closed","template":"","meta":{"_acf_changed":false,"footnotes":""},"class_list":["post-15467","page","type-page","status-publish","hentry"],"acf":[],"yoast_head":"<!-- This site is optimized with the Yoast SEO Premium plugin v27.2 (Yoast SEO v27.2) - https:\/\/yoast.com\/product\/yoast-seo-premium-wordpress\/ -->\n<title>LICENSURES AND ACCREDITATIONS - LifeStream Blood Bank<\/title>\n<meta name=\"robots\" content=\"noindex, follow, max-snippet:-1, max-image-preview:large, max-video-preview:-1\" \/>\n<meta property=\"og:locale\" content=\"es_MX\" \/>\n<meta property=\"og:type\" content=\"article\" \/>\n<meta property=\"og:title\" content=\"LICENSURES AND ACCREDITATIONS\" \/>\n<meta property=\"og:description\" content=\"LICENSURES AND ACCREDITATIONS AABB Accreditation FDA Establishment License Food and Drug Administration Establishment Registrations California Department of Public Health Licenses for the Production of Biologics California Department of Public Health Clinical Laboratory Licenses\/Registrations CMS \u2013 CLIA Certificates of Accreditation CMS \u2013 CLIA Certificate of Waiver\" \/>\n<meta property=\"og:url\" content=\"https:\/\/www.lstream.org\/es\/licensures-and-accreditations\/\" \/>\n<meta property=\"og:site_name\" content=\"LifeStream Blood Bank\" \/>\n<meta name=\"twitter:card\" content=\"summary_large_image\" \/>\n<meta name=\"twitter:label1\" content=\"Tiempo de lectura\" \/>\n\t<meta name=\"twitter:data1\" content=\"1 minuto\" \/>\n<script type=\"application\/ld+json\" class=\"yoast-schema-graph\">{\"@context\":\"https:\/\/schema.org\",\"@graph\":[{\"@type\":\"WebPage\",\"@id\":\"https:\/\/www.lstream.org\/licensures-and-accreditations\/\",\"url\":\"https:\/\/www.lstream.org\/licensures-and-accreditations\/\",\"name\":\"LICENSURES AND ACCREDITATIONS - LifeStream Blood Bank\",\"isPartOf\":{\"@id\":\"https:\/\/www.lstream.org\/#website\"},\"datePublished\":\"2021-06-25T20:31:17+00:00\",\"breadcrumb\":{\"@id\":\"https:\/\/www.lstream.org\/licensures-and-accreditations\/#breadcrumb\"},\"inLanguage\":\"es\",\"potentialAction\":[{\"@type\":\"ReadAction\",\"target\":[\"https:\/\/www.lstream.org\/licensures-and-accreditations\/\"]}]},{\"@type\":\"BreadcrumbList\",\"@id\":\"https:\/\/www.lstream.org\/licensures-and-accreditations\/#breadcrumb\",\"itemListElement\":[{\"@type\":\"ListItem\",\"position\":1,\"name\":\"Home\",\"item\":\"https:\/\/www.lstream.org\/\"},{\"@type\":\"ListItem\",\"position\":2,\"name\":\"LICENSURES AND ACCREDITATIONS\"}]},{\"@type\":\"WebSite\",\"@id\":\"https:\/\/www.lstream.org\/#website\",\"url\":\"https:\/\/www.lstream.org\/\",\"name\":\"LifeStream Blood Bank\",\"description\":\"\",\"publisher\":{\"@id\":\"https:\/\/www.lstream.org\/#organization\"},\"potentialAction\":[{\"@type\":\"SearchAction\",\"target\":{\"@type\":\"EntryPoint\",\"urlTemplate\":\"https:\/\/www.lstream.org\/?s={search_term_string}\"},\"query-input\":{\"@type\":\"PropertyValueSpecification\",\"valueRequired\":true,\"valueName\":\"search_term_string\"}}],\"inLanguage\":\"es\"},{\"@type\":\"Organization\",\"@id\":\"https:\/\/www.lstream.org\/#organization\",\"name\":\"LifeStream Blood Bank\",\"url\":\"https:\/\/www.lstream.org\/\",\"logo\":{\"@type\":\"ImageObject\",\"inLanguage\":\"es\",\"@id\":\"https:\/\/www.lstream.org\/#\/schema\/logo\/image\/\",\"url\":\"https:\/\/www.lstream.org\/wp-content\/uploads\/2022\/09\/Site-Logo.svg\",\"contentUrl\":\"https:\/\/www.lstream.org\/wp-content\/uploads\/2022\/09\/Site-Logo.svg\",\"width\":348,\"height\":82.3524,\"caption\":\"LifeStream Blood Bank\"},\"image\":{\"@id\":\"https:\/\/www.lstream.org\/#\/schema\/logo\/image\/\"}}]}<\/script>\n<!-- \/ Yoast SEO Premium plugin. -->","yoast_head_json":{"title":"LICENSURES AND ACCREDITATIONS - LifeStream Blood Bank","robots":{"index":"noindex","follow":"follow","max-snippet":"max-snippet:-1","max-image-preview":"max-image-preview:large","max-video-preview":"max-video-preview:-1"},"og_locale":"es_MX","og_type":"article","og_title":"LICENSURES AND ACCREDITATIONS","og_description":"LICENSURES AND ACCREDITATIONS AABB Accreditation FDA Establishment License Food and Drug Administration Establishment Registrations California Department of Public Health Licenses for the Production of Biologics California Department of Public Health Clinical Laboratory Licenses\/Registrations CMS \u2013 CLIA Certificates of Accreditation CMS \u2013 CLIA Certificate of Waiver","og_url":"https:\/\/www.lstream.org\/es\/licensures-and-accreditations\/","og_site_name":"LifeStream Blood Bank","twitter_card":"summary_large_image","twitter_misc":{"Tiempo de lectura":"1 minuto"},"schema":{"@context":"https:\/\/schema.org","@graph":[{"@type":"WebPage","@id":"https:\/\/www.lstream.org\/licensures-and-accreditations\/","url":"https:\/\/www.lstream.org\/licensures-and-accreditations\/","name":"LICENSURES AND ACCREDITATIONS - LifeStream Blood Bank","isPartOf":{"@id":"https:\/\/www.lstream.org\/#website"},"datePublished":"2021-06-25T20:31:17+00:00","breadcrumb":{"@id":"https:\/\/www.lstream.org\/licensures-and-accreditations\/#breadcrumb"},"inLanguage":"es","potentialAction":[{"@type":"ReadAction","target":["https:\/\/www.lstream.org\/licensures-and-accreditations\/"]}]},{"@type":"BreadcrumbList","@id":"https:\/\/www.lstream.org\/licensures-and-accreditations\/#breadcrumb","itemListElement":[{"@type":"ListItem","position":1,"name":"Home","item":"https:\/\/www.lstream.org\/"},{"@type":"ListItem","position":2,"name":"LICENSURES AND ACCREDITATIONS"}]},{"@type":"WebSite","@id":"https:\/\/www.lstream.org\/#website","url":"https:\/\/www.lstream.org\/","name":"Banco de sangre LifeStream","description":"","publisher":{"@id":"https:\/\/www.lstream.org\/#organization"},"potentialAction":[{"@type":"SearchAction","target":{"@type":"EntryPoint","urlTemplate":"https:\/\/www.lstream.org\/?s={search_term_string}"},"query-input":{"@type":"PropertyValueSpecification","valueRequired":true,"valueName":"search_term_string"}}],"inLanguage":"es"},{"@type":"Organization","@id":"https:\/\/www.lstream.org\/#organization","name":"Banco de sangre LifeStream","url":"https:\/\/www.lstream.org\/","logo":{"@type":"ImageObject","inLanguage":"es","@id":"https:\/\/www.lstream.org\/#\/schema\/logo\/image\/","url":"https:\/\/www.lstream.org\/wp-content\/uploads\/2022\/09\/Site-Logo.svg","contentUrl":"https:\/\/www.lstream.org\/wp-content\/uploads\/2022\/09\/Site-Logo.svg","width":348,"height":82.3524,"caption":"LifeStream Blood Bank"},"image":{"@id":"https:\/\/www.lstream.org\/#\/schema\/logo\/image\/"}}]}},"_links":{"self":[{"href":"https:\/\/www.lstream.org\/es\/wp-json\/wp\/v2\/pages\/15467","targetHints":{"allow":["GET"]}}],"collection":[{"href":"https:\/\/www.lstream.org\/es\/wp-json\/wp\/v2\/pages"}],"about":[{"href":"https:\/\/www.lstream.org\/es\/wp-json\/wp\/v2\/types\/page"}],"author":[{"embeddable":true,"href":"https:\/\/www.lstream.org\/es\/wp-json\/wp\/v2\/users\/3"}],"replies":[{"embeddable":true,"href":"https:\/\/www.lstream.org\/es\/wp-json\/wp\/v2\/comments?post=15467"}],"version-history":[{"count":0,"href":"https:\/\/www.lstream.org\/es\/wp-json\/wp\/v2\/pages\/15467\/revisions"}],"wp:attachment":[{"href":"https:\/\/www.lstream.org\/es\/wp-json\/wp\/v2\/media?parent=15467"}],"curies":[{"name":"wp","href":"https:\/\/api.w.org\/{rel}","templated":true}]}}