{"id":16937,"date":"2022-03-08T14:20:12","date_gmt":"2022-03-08T22:20:12","guid":{"rendered":"https:\/\/www.lstream.org\/?page_id=16937"},"modified":"2023-03-29T22:32:46","modified_gmt":"2023-03-29T22:32:46","slug":"highlanders","status":"publish","type":"page","link":"https:\/\/www.lstream.org\/es\/highlanders\/","title":{"rendered":"\u00a1Sangra oro y azul!"},"content":{"rendered":"<h3 class=\"has-black-color has-text-color has-x-large-font-size wp-block-heading\">\u00a1Bienvenidos monta\u00f1eses!<\/h3>\r\n\r\n\r\n\r\n<figure class=\"wp-block-image size-full is-resized\"><a href=\"https:\/\/lsblooddrive.org\/UCRAthletics\"><img decoding=\"async\" class=\"alignleft size-thumbnail wp-image-22125\" src=\"https:\/\/www.lstream.org\/wp-content\/uploads\/2023\/03\/UCR-New-Logo-2021-150x150.png\" alt=\"\" width=\"150\" height=\"150\" srcset=\"https:\/\/www.lstream.org\/wp-content\/uploads\/2023\/03\/UCR-New-Logo-2021-150x150.png 150w, https:\/\/www.lstream.org\/wp-content\/uploads\/2023\/03\/UCR-New-Logo-2021-12x12.png 12w\" sizes=\"(max-width: 150px) 100vw, 150px\" \/><\/a><\/figure>\r\n<p>&nbsp;<\/p>\r\n<p>&nbsp;<\/p>\r\n<p>&nbsp;<\/p>\r\n<p>&nbsp;<\/p>\r\n<p>&nbsp;<\/p>\r\n\r\n\r\n\r\n<p><strong>Para programar una cita de donaci\u00f3n de sangre, haga clic a continuaci\u00f3n, llame al 800-879-4484 o descargue la aplicaci\u00f3n m\u00f3vil LifeStream. <\/strong>Los pacientes necesitan su ayuda. Estamos tomando medidas adicionales para mantener seguros a los donantes. Para obtener m\u00e1s informaci\u00f3n sobre COVID-19, por favor <a href=\"https:\/\/www.lstream.org\/es\/covid-19\/\">haga clic aqu\u00ed<\/a>.<\/p>\r\n\r\n\r\n\r\n<div id=\"footable_parent_16395\"\n         class=\"footable_parent ninja_table_wrapper loading_ninja_table wp_table_data_press_parent semantic_ui\">\n                <table data-ninja_table_instance=\"ninja_table_instance_0\" data-footable_id=\"16395\" data-filter-delay=\"1000\" aria-label=\"UCR\"            id=\"footable_16395\"\n           data-unique_identifier=\"ninja_table_unique_id_2102974675_16395\"\n           class=\"foo-table ninja_footable foo_table_16395 ninja_table_unique_id_2102974675_16395 ui table  ninja_search_right nt_type_legacy_table single line selectable striped compact vertical_centered  footable-paging-right ninja_table_pro\">\n                <colgroup>\n                            <col class=\"ninja_column_0\">\n                            <col class=\"ninja_column_1\">\n                            <col class=\"ninja_column_2\">\n                    <\/colgroup>\n        <thead>\n<tr class=\"footable-header\">\n                                                        <th scope=\"col\"  class=\"ninja_column_0 ninja_clmn_nm_drive_date\">Fecha de conducci\u00f3n<\/th><th scope=\"col\"  class=\"ninja_column_1 ninja_clmn_nm_drive_name\">Drive Times<\/th><th scope=\"col\"  class=\"ninja_column_2 ninja_clmn_nm_appointment\">Cita<\/th><\/tr>\n<\/thead>\n<tbody>\n\n        <tr data-row_id=\"6521\" class=\"ninja_table_row_0 nt_row_id_6521\">\n            <td>05\/06\/2026<\/td><td>09:00 am - 07:00 pm<\/td><td><a target=\"_blank\"  class=\"nt_btn\" style=\"\" rel=\"\" href=\"https:\/\/giftoflife.lstream.org\/donor\/schedules\/drive_schedule\/124238\">Cronograma<\/a><\/td>        <\/tr>\n            <tr data-row_id=\"6522\" class=\"ninja_table_row_1 nt_row_id_6522\">\n            <td>05\/07\/2026<\/td><td>09:00 am - 07:00 pm<\/td><td><a target=\"_blank\"  class=\"nt_btn\" style=\"\" rel=\"\" href=\"https:\/\/giftoflife.lstream.org\/donor\/schedules\/drive_schedule\/124239\">Cronograma<\/a><\/td>        <\/tr>\n    <\/tbody><!--ninja_tobody_rendering_done-->\n    <\/table>\n    \n    \n    \n<\/div>","protected":false},"excerpt":{"rendered":"<p>Welcome Highlanders! To schedule a blood donation appointment, click below, call 800-879-4484 or download the LifeStream mobile app! Patients need your help. We are taking extra steps to keep donors safe. For more info about COVID-19, please click here.<\/p>","protected":false},"author":3,"featured_media":0,"parent":0,"menu_order":7,"comment_status":"closed","ping_status":"closed","template":"","meta":{"_acf_changed":false,"footnotes":""},"class_list":["post-16937","page","type-page","status-publish","hentry"],"acf":[],"yoast_head":"<!-- This site is optimized with the Yoast SEO Premium plugin v27.2 (Yoast SEO v27.2) - https:\/\/yoast.com\/product\/yoast-seo-premium-wordpress\/ -->\n<title>Bleed Gold &amp; Blue! - LifeStream Blood Bank<\/title>\n<meta name=\"robots\" content=\"noindex, follow, max-snippet:-1, max-image-preview:large, max-video-preview:-1\" \/>\n<meta property=\"og:locale\" content=\"es_MX\" \/>\n<meta property=\"og:type\" content=\"article\" \/>\n<meta property=\"og:title\" content=\"Bleed Gold &amp; Blue!\" \/>\n<meta property=\"og:description\" content=\"Welcome Highlanders! To schedule a blood donation appointment, click below, call 800-879-4484 or download the LifeStream mobile app! Patients need your help. We are taking extra steps to keep donors safe. For more info about COVID-19, please click here.\" \/>\n<meta property=\"og:url\" content=\"https:\/\/www.lstream.org\/es\/highlanders\/\" \/>\n<meta property=\"og:site_name\" content=\"LifeStream Blood Bank\" \/>\n<meta property=\"article:modified_time\" content=\"2023-03-29T22:32:46+00:00\" \/>\n<meta property=\"og:image\" content=\"https:\/\/www.lstream.org\/wp-content\/uploads\/2023\/03\/UCR-New-Logo-2021-150x150.png\" \/>\n<meta name=\"twitter:card\" content=\"summary_large_image\" \/>\n<meta name=\"twitter:label1\" content=\"Tiempo de lectura\" \/>\n\t<meta name=\"twitter:data1\" content=\"1 minuto\" \/>\n<script type=\"application\/ld+json\" class=\"yoast-schema-graph\">{\"@context\":\"https:\/\/schema.org\",\"@graph\":[{\"@type\":\"WebPage\",\"@id\":\"https:\/\/www.lstream.org\/highlanders\/\",\"url\":\"https:\/\/www.lstream.org\/highlanders\/\",\"name\":\"Bleed Gold & Blue! - LifeStream Blood Bank\",\"isPartOf\":{\"@id\":\"https:\/\/www.lstream.org\/#website\"},\"primaryImageOfPage\":{\"@id\":\"https:\/\/www.lstream.org\/highlanders\/#primaryimage\"},\"image\":{\"@id\":\"https:\/\/www.lstream.org\/highlanders\/#primaryimage\"},\"thumbnailUrl\":\"https:\/\/www.lstream.org\/wp-content\/uploads\/2023\/03\/UCR-New-Logo-2021-150x150.png\",\"datePublished\":\"2022-03-08T22:20:12+00:00\",\"dateModified\":\"2023-03-29T22:32:46+00:00\",\"breadcrumb\":{\"@id\":\"https:\/\/www.lstream.org\/highlanders\/#breadcrumb\"},\"inLanguage\":\"es\",\"potentialAction\":[{\"@type\":\"ReadAction\",\"target\":[\"https:\/\/www.lstream.org\/highlanders\/\"]}]},{\"@type\":\"ImageObject\",\"inLanguage\":\"es\",\"@id\":\"https:\/\/www.lstream.org\/highlanders\/#primaryimage\",\"url\":\"https:\/\/www.lstream.org\/wp-content\/uploads\/2023\/03\/UCR-New-Logo-2021-150x150.png\",\"contentUrl\":\"https:\/\/www.lstream.org\/wp-content\/uploads\/2023\/03\/UCR-New-Logo-2021-150x150.png\"},{\"@type\":\"BreadcrumbList\",\"@id\":\"https:\/\/www.lstream.org\/highlanders\/#breadcrumb\",\"itemListElement\":[{\"@type\":\"ListItem\",\"position\":1,\"name\":\"Home\",\"item\":\"https:\/\/www.lstream.org\/\"},{\"@type\":\"ListItem\",\"position\":2,\"name\":\"Bleed Gold &#038; Blue!\"}]},{\"@type\":\"WebSite\",\"@id\":\"https:\/\/www.lstream.org\/#website\",\"url\":\"https:\/\/www.lstream.org\/\",\"name\":\"LifeStream Blood Bank\",\"description\":\"\",\"publisher\":{\"@id\":\"https:\/\/www.lstream.org\/#organization\"},\"potentialAction\":[{\"@type\":\"SearchAction\",\"target\":{\"@type\":\"EntryPoint\",\"urlTemplate\":\"https:\/\/www.lstream.org\/?s={search_term_string}\"},\"query-input\":{\"@type\":\"PropertyValueSpecification\",\"valueRequired\":true,\"valueName\":\"search_term_string\"}}],\"inLanguage\":\"es\"},{\"@type\":\"Organization\",\"@id\":\"https:\/\/www.lstream.org\/#organization\",\"name\":\"LifeStream Blood Bank\",\"url\":\"https:\/\/www.lstream.org\/\",\"logo\":{\"@type\":\"ImageObject\",\"inLanguage\":\"es\",\"@id\":\"https:\/\/www.lstream.org\/#\/schema\/logo\/image\/\",\"url\":\"https:\/\/www.lstream.org\/wp-content\/uploads\/2022\/09\/Site-Logo.svg\",\"contentUrl\":\"https:\/\/www.lstream.org\/wp-content\/uploads\/2022\/09\/Site-Logo.svg\",\"width\":348,\"height\":82.3524,\"caption\":\"LifeStream Blood Bank\"},\"image\":{\"@id\":\"https:\/\/www.lstream.org\/#\/schema\/logo\/image\/\"}}]}<\/script>\n<!-- \/ Yoast SEO Premium plugin. -->","yoast_head_json":{"title":"Bleed Gold & Blue! - LifeStream Blood Bank","robots":{"index":"noindex","follow":"follow","max-snippet":"max-snippet:-1","max-image-preview":"max-image-preview:large","max-video-preview":"max-video-preview:-1"},"og_locale":"es_MX","og_type":"article","og_title":"Bleed Gold & Blue!","og_description":"Welcome Highlanders! To schedule a blood donation appointment, click below, call 800-879-4484 or download the LifeStream mobile app! Patients need your help. We are taking extra steps to keep donors safe. For more info about COVID-19, please click here.","og_url":"https:\/\/www.lstream.org\/es\/highlanders\/","og_site_name":"LifeStream Blood Bank","article_modified_time":"2023-03-29T22:32:46+00:00","og_image":[{"url":"https:\/\/www.lstream.org\/wp-content\/uploads\/2023\/03\/UCR-New-Logo-2021-150x150.png","type":"","width":"","height":""}],"twitter_card":"summary_large_image","twitter_misc":{"Tiempo de lectura":"1 minuto"},"schema":{"@context":"https:\/\/schema.org","@graph":[{"@type":"WebPage","@id":"https:\/\/www.lstream.org\/highlanders\/","url":"https:\/\/www.lstream.org\/highlanders\/","name":"Bleed Gold & Blue! - LifeStream Blood Bank","isPartOf":{"@id":"https:\/\/www.lstream.org\/#website"},"primaryImageOfPage":{"@id":"https:\/\/www.lstream.org\/highlanders\/#primaryimage"},"image":{"@id":"https:\/\/www.lstream.org\/highlanders\/#primaryimage"},"thumbnailUrl":"https:\/\/www.lstream.org\/wp-content\/uploads\/2023\/03\/UCR-New-Logo-2021-150x150.png","datePublished":"2022-03-08T22:20:12+00:00","dateModified":"2023-03-29T22:32:46+00:00","breadcrumb":{"@id":"https:\/\/www.lstream.org\/highlanders\/#breadcrumb"},"inLanguage":"es","potentialAction":[{"@type":"ReadAction","target":["https:\/\/www.lstream.org\/highlanders\/"]}]},{"@type":"ImageObject","inLanguage":"es","@id":"https:\/\/www.lstream.org\/highlanders\/#primaryimage","url":"https:\/\/www.lstream.org\/wp-content\/uploads\/2023\/03\/UCR-New-Logo-2021-150x150.png","contentUrl":"https:\/\/www.lstream.org\/wp-content\/uploads\/2023\/03\/UCR-New-Logo-2021-150x150.png"},{"@type":"BreadcrumbList","@id":"https:\/\/www.lstream.org\/highlanders\/#breadcrumb","itemListElement":[{"@type":"ListItem","position":1,"name":"Home","item":"https:\/\/www.lstream.org\/"},{"@type":"ListItem","position":2,"name":"Bleed Gold &#038; Blue!"}]},{"@type":"WebSite","@id":"https:\/\/www.lstream.org\/#website","url":"https:\/\/www.lstream.org\/","name":"Banco de sangre LifeStream","description":"","publisher":{"@id":"https:\/\/www.lstream.org\/#organization"},"potentialAction":[{"@type":"SearchAction","target":{"@type":"EntryPoint","urlTemplate":"https:\/\/www.lstream.org\/?s={search_term_string}"},"query-input":{"@type":"PropertyValueSpecification","valueRequired":true,"valueName":"search_term_string"}}],"inLanguage":"es"},{"@type":"Organization","@id":"https:\/\/www.lstream.org\/#organization","name":"Banco de sangre LifeStream","url":"https:\/\/www.lstream.org\/","logo":{"@type":"ImageObject","inLanguage":"es","@id":"https:\/\/www.lstream.org\/#\/schema\/logo\/image\/","url":"https:\/\/www.lstream.org\/wp-content\/uploads\/2022\/09\/Site-Logo.svg","contentUrl":"https:\/\/www.lstream.org\/wp-content\/uploads\/2022\/09\/Site-Logo.svg","width":348,"height":82.3524,"caption":"LifeStream Blood Bank"},"image":{"@id":"https:\/\/www.lstream.org\/#\/schema\/logo\/image\/"}}]}},"_links":{"self":[{"href":"https:\/\/www.lstream.org\/es\/wp-json\/wp\/v2\/pages\/16937","targetHints":{"allow":["GET"]}}],"collection":[{"href":"https:\/\/www.lstream.org\/es\/wp-json\/wp\/v2\/pages"}],"about":[{"href":"https:\/\/www.lstream.org\/es\/wp-json\/wp\/v2\/types\/page"}],"author":[{"embeddable":true,"href":"https:\/\/www.lstream.org\/es\/wp-json\/wp\/v2\/users\/3"}],"replies":[{"embeddable":true,"href":"https:\/\/www.lstream.org\/es\/wp-json\/wp\/v2\/comments?post=16937"}],"version-history":[{"count":2,"href":"https:\/\/www.lstream.org\/es\/wp-json\/wp\/v2\/pages\/16937\/revisions"}],"predecessor-version":[{"id":22127,"href":"https:\/\/www.lstream.org\/es\/wp-json\/wp\/v2\/pages\/16937\/revisions\/22127"}],"wp:attachment":[{"href":"https:\/\/www.lstream.org\/es\/wp-json\/wp\/v2\/media?parent=16937"}],"curies":[{"name":"wp","href":"https:\/\/api.w.org\/{rel}","templated":true}]}}