{"id":17512,"date":"2022-06-24T11:25:22","date_gmt":"2022-06-24T18:25:22","guid":{"rendered":"https:\/\/www.lstream.org\/?page_id=17512"},"modified":"2022-06-24T11:25:22","modified_gmt":"2022-06-24T18:25:22","slug":"donatebloodtoday","status":"publish","type":"page","link":"https:\/\/www.lstream.org\/es\/donatebloodtoday\/","title":{"rendered":"AYUDA A SALVAR VIDAS, DONA SANGRE"},"content":{"rendered":"<h2 class=\"wp-block-heading\">AYUDA A SALVAR VIDAS, DONA SANGRE<\/h2>\n\n\n\n<p>Valoramos su tiempo y hacemos todo lo posible para ofrecer centros de donantes y campa\u00f1as m\u00f3viles que sean convenientes para usted. <strong>Para programar su cita para donar sangre, haga clic a continuaci\u00f3n<\/strong>:<\/p>\n\n\n\n<div class=\"wp-block-buttons is-layout-flex wp-block-buttons-is-layout-flex\">\n<div class=\"wp-block-button\"><a class=\"wp-block-button__link has-vivid-red-background-color has-background\" href=\"https:\/\/giftoflife.lstream.org\/donor\/schedules\/zip\" target=\"_blank\" rel=\"noreferrer noopener\">Programar ahora<\/a><\/div>\n<\/div>\n\n\n\n<p><\/p>\n\n\n\n<p><\/p>","protected":false},"excerpt":{"rendered":"<p>HELP SAVE LIVES, DONATE BLOOD We value your time and do our best to provide donor centers and mobile drives that are convenient for you. To schedule your appointment to donate blood, click below:<\/p>","protected":false},"author":3,"featured_media":16726,"parent":0,"menu_order":1,"comment_status":"closed","ping_status":"closed","template":"","meta":{"_acf_changed":false,"footnotes":""},"class_list":["post-17512","page","type-page","status-publish","has-post-thumbnail","hentry"],"acf":[],"yoast_head":"<!-- This site is optimized with the Yoast SEO Premium plugin v27.2 (Yoast SEO v27.2) - https:\/\/yoast.com\/product\/yoast-seo-premium-wordpress\/ -->\n<title>HELP SAVE LIVES, DONATE BLOOD - LifeStream Blood Bank<\/title>\n<meta name=\"robots\" content=\"noindex, follow, max-snippet:-1, max-image-preview:large, max-video-preview:-1\" \/>\n<meta property=\"og:locale\" content=\"es_MX\" \/>\n<meta property=\"og:type\" content=\"article\" \/>\n<meta property=\"og:title\" content=\"HELP SAVE LIVES, DONATE BLOOD\" \/>\n<meta property=\"og:description\" content=\"HELP SAVE LIVES, DONATE BLOOD We value your time and do our best to provide donor centers and mobile drives that are convenient for you. To schedule your appointment to donate blood, click below:\" \/>\n<meta property=\"og:url\" content=\"https:\/\/www.lstream.org\/es\/donatebloodtoday\/\" \/>\n<meta property=\"og:site_name\" content=\"LifeStream Blood Bank\" \/>\n<meta name=\"twitter:card\" content=\"summary_large_image\" \/>\n<script type=\"application\/ld+json\" class=\"yoast-schema-graph\">{\"@context\":\"https:\/\/schema.org\",\"@graph\":[{\"@type\":\"WebPage\",\"@id\":\"https:\/\/www.lstream.org\/donatebloodtoday\/\",\"url\":\"https:\/\/www.lstream.org\/donatebloodtoday\/\",\"name\":\"HELP SAVE LIVES, DONATE BLOOD - LifeStream Blood Bank\",\"isPartOf\":{\"@id\":\"https:\/\/www.lstream.org\/#website\"},\"primaryImageOfPage\":{\"@id\":\"https:\/\/www.lstream.org\/donatebloodtoday\/#primaryimage\"},\"image\":{\"@id\":\"https:\/\/www.lstream.org\/donatebloodtoday\/#primaryimage\"},\"thumbnailUrl\":\"\",\"datePublished\":\"2022-06-24T18:25:22+00:00\",\"breadcrumb\":{\"@id\":\"https:\/\/www.lstream.org\/donatebloodtoday\/#breadcrumb\"},\"inLanguage\":\"es\",\"potentialAction\":[{\"@type\":\"ReadAction\",\"target\":[\"https:\/\/www.lstream.org\/donatebloodtoday\/\"]}]},{\"@type\":\"ImageObject\",\"inLanguage\":\"es\",\"@id\":\"https:\/\/www.lstream.org\/donatebloodtoday\/#primaryimage\",\"url\":\"\",\"contentUrl\":\"\"},{\"@type\":\"BreadcrumbList\",\"@id\":\"https:\/\/www.lstream.org\/donatebloodtoday\/#breadcrumb\",\"itemListElement\":[{\"@type\":\"ListItem\",\"position\":1,\"name\":\"Home\",\"item\":\"https:\/\/www.lstream.org\/\"},{\"@type\":\"ListItem\",\"position\":2,\"name\":\"HELP SAVE LIVES, DONATE BLOOD\"}]},{\"@type\":\"WebSite\",\"@id\":\"https:\/\/www.lstream.org\/#website\",\"url\":\"https:\/\/www.lstream.org\/\",\"name\":\"LifeStream Blood Bank\",\"description\":\"\",\"publisher\":{\"@id\":\"https:\/\/www.lstream.org\/#organization\"},\"potentialAction\":[{\"@type\":\"SearchAction\",\"target\":{\"@type\":\"EntryPoint\",\"urlTemplate\":\"https:\/\/www.lstream.org\/?s={search_term_string}\"},\"query-input\":{\"@type\":\"PropertyValueSpecification\",\"valueRequired\":true,\"valueName\":\"search_term_string\"}}],\"inLanguage\":\"es\"},{\"@type\":\"Organization\",\"@id\":\"https:\/\/www.lstream.org\/#organization\",\"name\":\"LifeStream Blood Bank\",\"url\":\"https:\/\/www.lstream.org\/\",\"logo\":{\"@type\":\"ImageObject\",\"inLanguage\":\"es\",\"@id\":\"https:\/\/www.lstream.org\/#\/schema\/logo\/image\/\",\"url\":\"https:\/\/www.lstream.org\/wp-content\/uploads\/2022\/09\/Site-Logo.svg\",\"contentUrl\":\"https:\/\/www.lstream.org\/wp-content\/uploads\/2022\/09\/Site-Logo.svg\",\"width\":348,\"height\":82.3524,\"caption\":\"LifeStream Blood Bank\"},\"image\":{\"@id\":\"https:\/\/www.lstream.org\/#\/schema\/logo\/image\/\"}}]}<\/script>\n<!-- \/ Yoast SEO Premium plugin. -->","yoast_head_json":{"title":"HELP SAVE LIVES, DONATE BLOOD - LifeStream Blood Bank","robots":{"index":"noindex","follow":"follow","max-snippet":"max-snippet:-1","max-image-preview":"max-image-preview:large","max-video-preview":"max-video-preview:-1"},"og_locale":"es_MX","og_type":"article","og_title":"HELP SAVE LIVES, DONATE BLOOD","og_description":"HELP SAVE LIVES, DONATE BLOOD We value your time and do our best to provide donor centers and mobile drives that are convenient for you. To schedule your appointment to donate blood, click below:","og_url":"https:\/\/www.lstream.org\/es\/donatebloodtoday\/","og_site_name":"LifeStream Blood Bank","twitter_card":"summary_large_image","schema":{"@context":"https:\/\/schema.org","@graph":[{"@type":"WebPage","@id":"https:\/\/www.lstream.org\/donatebloodtoday\/","url":"https:\/\/www.lstream.org\/donatebloodtoday\/","name":"HELP SAVE LIVES, DONATE BLOOD - LifeStream Blood Bank","isPartOf":{"@id":"https:\/\/www.lstream.org\/#website"},"primaryImageOfPage":{"@id":"https:\/\/www.lstream.org\/donatebloodtoday\/#primaryimage"},"image":{"@id":"https:\/\/www.lstream.org\/donatebloodtoday\/#primaryimage"},"thumbnailUrl":"","datePublished":"2022-06-24T18:25:22+00:00","breadcrumb":{"@id":"https:\/\/www.lstream.org\/donatebloodtoday\/#breadcrumb"},"inLanguage":"es","potentialAction":[{"@type":"ReadAction","target":["https:\/\/www.lstream.org\/donatebloodtoday\/"]}]},{"@type":"ImageObject","inLanguage":"es","@id":"https:\/\/www.lstream.org\/donatebloodtoday\/#primaryimage","url":"","contentUrl":""},{"@type":"BreadcrumbList","@id":"https:\/\/www.lstream.org\/donatebloodtoday\/#breadcrumb","itemListElement":[{"@type":"ListItem","position":1,"name":"Home","item":"https:\/\/www.lstream.org\/"},{"@type":"ListItem","position":2,"name":"HELP SAVE LIVES, DONATE BLOOD"}]},{"@type":"WebSite","@id":"https:\/\/www.lstream.org\/#website","url":"https:\/\/www.lstream.org\/","name":"Banco de sangre LifeStream","description":"","publisher":{"@id":"https:\/\/www.lstream.org\/#organization"},"potentialAction":[{"@type":"SearchAction","target":{"@type":"EntryPoint","urlTemplate":"https:\/\/www.lstream.org\/?s={search_term_string}"},"query-input":{"@type":"PropertyValueSpecification","valueRequired":true,"valueName":"search_term_string"}}],"inLanguage":"es"},{"@type":"Organization","@id":"https:\/\/www.lstream.org\/#organization","name":"Banco de sangre LifeStream","url":"https:\/\/www.lstream.org\/","logo":{"@type":"ImageObject","inLanguage":"es","@id":"https:\/\/www.lstream.org\/#\/schema\/logo\/image\/","url":"https:\/\/www.lstream.org\/wp-content\/uploads\/2022\/09\/Site-Logo.svg","contentUrl":"https:\/\/www.lstream.org\/wp-content\/uploads\/2022\/09\/Site-Logo.svg","width":348,"height":82.3524,"caption":"LifeStream Blood Bank"},"image":{"@id":"https:\/\/www.lstream.org\/#\/schema\/logo\/image\/"}}]}},"_links":{"self":[{"href":"https:\/\/www.lstream.org\/es\/wp-json\/wp\/v2\/pages\/17512","targetHints":{"allow":["GET"]}}],"collection":[{"href":"https:\/\/www.lstream.org\/es\/wp-json\/wp\/v2\/pages"}],"about":[{"href":"https:\/\/www.lstream.org\/es\/wp-json\/wp\/v2\/types\/page"}],"author":[{"embeddable":true,"href":"https:\/\/www.lstream.org\/es\/wp-json\/wp\/v2\/users\/3"}],"replies":[{"embeddable":true,"href":"https:\/\/www.lstream.org\/es\/wp-json\/wp\/v2\/comments?post=17512"}],"version-history":[{"count":0,"href":"https:\/\/www.lstream.org\/es\/wp-json\/wp\/v2\/pages\/17512\/revisions"}],"wp:featuredmedia":[{"embeddable":true,"href":"https:\/\/www.lstream.org\/es\/wp-json\/"}],"wp:attachment":[{"href":"https:\/\/www.lstream.org\/es\/wp-json\/wp\/v2\/media?parent=17512"}],"curies":[{"name":"wp","href":"https:\/\/api.w.org\/{rel}","templated":true}]}}