{"id":194,"date":"2022-09-07T21:14:13","date_gmt":"2022-09-07T21:14:13","guid":{"rendered":"https:\/\/www.lstream.org\/?page_id=194"},"modified":"2022-11-11T23:35:04","modified_gmt":"2022-11-11T23:35:04","slug":"terms-of-use","status":"publish","type":"page","link":"https:\/\/www.lstream.org\/es\/terms-of-use\/","title":{"rendered":"Condiciones de uso"},"content":{"rendered":"<div data-elementor-type=\"wp-page\" data-elementor-id=\"194\" class=\"elementor elementor-194\" data-elementor-post-type=\"page\">\n\t\t\t\t\t\t<section data-particle_enable=\"false\" data-particle-mobile-disabled=\"false\" class=\"elementor-section elementor-top-section elementor-element elementor-element-a8131bf elementor-section-full_width elementor-section-content-bottom elementor-section-height-default elementor-section-height-default\" data-id=\"a8131bf\" data-element_type=\"section\" data-e-type=\"section\" data-settings=\"{&quot;background_background&quot;:&quot;classic&quot;}\">\n\t\t\t\t\t\t<div class=\"elementor-container elementor-column-gap-no\">\n\t\t\t\t\t<div class=\"elementor-column elementor-col-100 elementor-top-column elementor-element elementor-element-1dad2f9\" data-id=\"1dad2f9\" data-element_type=\"column\" data-e-type=\"column\">\n\t\t\t<div class=\"elementor-widget-wrap elementor-element-populated\">\n\t\t\t\t\t\t<div class=\"elementor-element elementor-element-ad2db43 elementor-widget elementor-widget-heading\" data-id=\"ad2db43\" data-element_type=\"widget\" data-e-type=\"widget\" data-widget_type=\"heading.default\">\n\t\t\t\t<div class=\"elementor-widget-container\">\n\t\t\t\t\t<h2 class=\"elementor-heading-title elementor-size-default\">Condiciones de uso<\/h2>\t\t\t\t<\/div>\n\t\t\t\t<\/div>\n\t\t\t\t<div class=\"elementor-element elementor-element-82b61a6 elementor-align-center elementor-widget elementor-widget-global elementor-global-2059 elementor-widget-breadcrumbs\" data-id=\"82b61a6\" data-element_type=\"widget\" data-e-type=\"widget\" data-widget_type=\"breadcrumbs.default\">\n\t\t\t\t<div class=\"elementor-widget-container\">\n\t\t\t\t\t<span id=\"breadcrumbs\"><span><span><a href=\"https:\/\/www.lstream.org\/es\/\">Hogar<\/a><\/span><\/span><\/span>\t\t\t\t<\/div>\n\t\t\t\t<\/div>\n\t\t\t\t\t<\/div>\n\t\t<\/div>\n\t\t\t\t\t<\/div>\n\t\t<\/section>\n\t\t\t\t<section data-particle_enable=\"false\" data-particle-mobile-disabled=\"false\" class=\"elementor-section elementor-top-section elementor-element elementor-element-5b152edb elementor-section-boxed elementor-section-height-default elementor-section-height-default\" data-id=\"5b152edb\" data-element_type=\"section\" data-e-type=\"section\">\n\t\t\t\t\t\t<div class=\"elementor-container elementor-column-gap-default\">\n\t\t\t\t\t<div class=\"elementor-column elementor-col-100 elementor-top-column elementor-element elementor-element-1c304f3f\" data-id=\"1c304f3f\" data-element_type=\"column\" data-e-type=\"column\">\n\t\t\t<div class=\"elementor-widget-wrap elementor-element-populated\">\n\t\t\t\t\t\t<div class=\"elementor-element elementor-element-1fc382e1 elementor-widget elementor-widget-text-editor\" data-id=\"1fc382e1\" data-element_type=\"widget\" data-e-type=\"widget\" data-widget_type=\"text-editor.default\">\n\t\t\t\t<div class=\"elementor-widget-container\">\n\t\t\t\t\t\t\t\t\t<p><strong>Introducci\u00f3n<\/strong><\/p><p>Este sitio web es propiedad de LifeStream Blood Bank. Al visitar este sitio web y acceder a la informaci\u00f3n, recursos, servicios, productos y herramientas que brindamos, usted comprende y acepta aceptar y cumplir con los siguientes t\u00e9rminos y condiciones (en adelante, &quot;T\u00e9rminos de uso&quot;), junto con nuestra Pol\u00edtica de privacidad. , que est\u00e1 disponible en www.lstream.org\/privacy-policy<\/p><p>Nos reservamos el derecho de cambiar estos T\u00e9rminos de uso en cualquier momento sin previo aviso. Si cambiamos los T\u00e9rminos de uso o la Pol\u00edtica de privacidad, publicaremos los nuevos T\u00e9rminos de uso y actualizaremos la fecha de modificaci\u00f3n a continuaci\u00f3n. Tambi\u00e9n podemos mostrar en el sitio web que los T\u00e9rminos de uso o la Pol\u00edtica de privacidad se han actualizado, pero no estamos obligados a hacerlo. Usted reconoce y acepta que es su responsabilidad revisar estos T\u00e9rminos de uso peri\u00f3dicamente para ver cualquier modificaci\u00f3n. Su uso continuado de un sitio web constituye un reconocimiento y aceptaci\u00f3n de estar sujeto a los T\u00e9rminos de uso y la Pol\u00edtica de privacidad modificados.<\/p><p>Esta pol\u00edtica fue modificada por \u00faltima vez el 29 de diciembre de 2021.<\/p><p><strong>Uso y conducta responsables<\/strong><\/p><p>El sitio web no est\u00e1 destinado a ni\u00f1os menores de 13 a\u00f1os. Cualquier ni\u00f1o menor de 13 a\u00f1os debe contar con el permiso de sus padres para utilizar los Sitios web. Los usuarios registrados del sitio web que sean residentes de California menores de 18 a\u00f1os pueden solicitar que se elimine la informaci\u00f3n publicada por el usuario en el sitio web comunic\u00e1ndose con nosotros a:<\/p><p>pol\u00edtica de privacidad<br \/>384 W. Orange Show Road<br \/>San Bernardino, CA 92408<br \/>909-386-6821<br \/><u><a href=\"mailto:PrivacyOfficer@LStream.org\">PrivacyOfficer@LStream.org<\/a><\/u><\/p><p>Sin embargo, es posible que no sea posible eliminar completa o integralmente el material publicado.<\/p><ul><li>Usted acepta utilizar la informaci\u00f3n, los recursos, los servicios, los productos y las herramientas que est\u00e1n disponibles a trav\u00e9s del sitio web (los &quot;Recursos&quot;) solo seg\u00fan lo permitido por (a) estos T\u00e9rminos de uso y (b) las leyes, regulaciones y pr\u00e1cticas en l\u00ednea generalmente aceptadas aplicables. o directrices.<\/li><li>Es posible que se le solicite que proporcione cierta informaci\u00f3n sobre usted para utilizar el sitio web, incluso como parte del procesador de registro para utilizar ciertos Recursos. Usted acepta que cualquier informaci\u00f3n que proporcione ser\u00e1 precisa, correcta y estar\u00e1 actualizada. No se permite el uso de seud\u00f3nimos (nombres falsos), n\u00fameros de tel\u00e9fono falsos, direcciones de correo falsas o direcciones de correo electr\u00f3nico falsas. Tambi\u00e9n podemos recopilar informaci\u00f3n, como informaci\u00f3n sobre la direcci\u00f3n IP de la computadora que est\u00e1 utilizando, y podemos utilizar cookies. Hay m\u00e1s informaci\u00f3n disponible en la Pol\u00edtica de Privacidad, que est\u00e1 disponible en www.lstream.org\/privacy-policy. Usted es responsable de mantener la confidencialidad de su informaci\u00f3n de inicio de sesi\u00f3n. Usted es responsable de todas las actividades que ocurran utilizando su nombre de usuario o contrase\u00f1a, o que ocurran de otro modo en su(s) cuenta(s). Est\u00e1 prohibido el uso de las credenciales de inicio de sesi\u00f3n de otra persona. Est\u00e1 estrictamente prohibido acceder o intentar acceder a cualquiera de nuestros Recursos por cualquier medio que no sea el que proporcionamos. Est\u00e1 espec\u00edficamente prohibido el uso de web o screen scraping, robots u otros medios automatizados para acceder, categorizar o recopilar Recursos, que no sean el uso est\u00e1ndar de motores de b\u00fasqueda basados en la web.<\/li><li>\u00a0<\/li><\/ul><ul><li><ul><li>Participar en cualquier actividad que interrumpa o interfiera con nuestros Recursos, incluidos los servidores y\/o redes a los que se encuentran o conectan nuestros Recursos, est\u00e1 estrictamente prohibido y puede exponerlo a responsabilidad civil o penal.<\/li><\/ul><\/li><\/ul><ul><li><ul><li>Los Recursos son propiedad valiosa de LifeStream. Est\u00e1 estrictamente prohibido intentar copiar, duplicar, reproducir, vender, comercializar o revender los Recursos.<\/li><\/ul><\/li><\/ul><ul><li><ul><li>Usted es el \u00fanico responsable de cualquier consecuencia, p\u00e9rdida o da\u00f1o que directa o indirectamente resulte u ocurra debido a cualquier actividad u omisi\u00f3n no autorizada que se le pueda atribuir, incluida cualquier responsabilidad penal o civil.<\/li><\/ul><\/li><\/ul><ul><li><ul><li>Podemos proporcionar varias herramientas de comunicaci\u00f3n abierta en nuestro sitio web, como comentarios de blogs, publicaciones de blogs, chat p\u00fablico, foros, tableros de mensajes, grupos de noticias, wikis, calificaciones y rese\u00f1as de productos o diversas interacciones en redes sociales, entre otras. Usted comprende que, en general, no realizamos una selecci\u00f3n previa ni monitoreamos el contenido publicado por los usuarios de estas diversas herramientas de comunicaci\u00f3n. Si elige acceder y utilizar estas herramientas, es su responsabilidad personal utilizarlas de manera responsable y \u00e9tica. Usted acepta que no cargar\u00e1, publicar\u00e1, compartir\u00e1 ni distribuir\u00e1 de otro modo ning\u00fan contenido que:<\/li><\/ul><\/li><\/ul><ul><li><ul><li><ul><li><ul><li>Sea ilegal, amenazante, difamatorio, abusivo, acosador, degradante, intimidante, fraudulento, enga\u00f1oso, invasivo, racista o contenga cualquier tipo de lenguaje sugerente, inapropiado o expl\u00edcito;<\/li><\/ul><\/li><\/ul><\/li><\/ul><\/li><\/ul><ul><li><ul><li><ul><li><ul><li>Infrinja cualquier marca registrada, patente, secreto comercial, derechos de autor u otro derecho de propiedad de cualquier parte;<\/li><\/ul><\/li><\/ul><\/li><\/ul><\/li><\/ul><ul><li><ul><li><ul><li><ul><li>Contiene cualquier tipo de publicidad no autorizada o no solicitada; o,<\/li><\/ul><\/li><li>Se hace pasar por cualquier persona o entidad, incluidos los empleados, afiliados o representantes de LifeStream.<\/li><\/ul><\/li><\/ul><\/li><\/ul><ul><li><ul><li>Tenemos el derecho, a nuestro exclusivo criterio, de eliminar cualquier contenido que consideremos que no cumple con estos T\u00e9rminos de uso, o que consideremos que es ofensivo, da\u00f1ino, objetable, inexacto o que viola cualquier propiedad intelectual de terceros. No somos responsables de ning\u00fan retraso o falla en la eliminaci\u00f3n de dicho contenido. Si publica contenido que decidimos eliminar, por la presente acepta dicha eliminaci\u00f3n y renuncia a cualquier reclamo contra nosotros. No estamos obligados a devolverle ning\u00fan contenido eliminado.<\/li><\/ul><\/li><\/ul><ul><li><ul><li>No asumimos ninguna responsabilidad por el contenido publicado por usted o por otros usuarios externos de nuestros sitios web. Sin embargo, cualquier contenido publicado por usted utilizando cualquier herramienta de comunicaci\u00f3n abierta en nuestros sitios web pasa a ser propiedad de LifeStream y, como tal, nos otorga una licencia perpetua, irrevocable, mundial, exclusiva y libre de regal\u00edas para reproducir, modificar, adaptar, traducir y publicar. , mostrar p\u00fablicamente y\/o distribuir como mejor nos parezca. Esto solo se refiere y se aplica al contenido publicado a trav\u00e9s de herramientas de comunicaci\u00f3n abiertas como se describe, y no se refiere a la informaci\u00f3n que se proporciona como parte del proceso de registro o que es necesaria para utilizar nuestros Recursos. Toda la informaci\u00f3n proporcionada como parte de nuestro proceso de registro est\u00e1 cubierta por nuestra Pol\u00edtica de Privacidad. Adem\u00e1s, LifeStream no reclama ning\u00fan derecho de propiedad sobre materiales propiedad de terceros.<\/li><\/ul><\/li><\/ul><ul><li>Usted acepta defender, indemnizar y eximir de responsabilidad a LifeStream y sus respectivos directores, funcionarios, gerentes, empleados, donantes, agentes y licenciantes de y contra todas las p\u00e9rdidas, gastos, responsabilidades, da\u00f1os y costos, incluidos los honorarios razonables de abogados, que resulten de cualquier violaci\u00f3n. de estos T\u00e9rminos de uso o el incumplimiento de cualquier obligaci\u00f3n relacionada con su cuenta o incurrida por usted o cualquier otra persona que utilice su cuenta o sus credenciales de inicio de sesi\u00f3n. Nos reservamos el derecho de asumir la defensa exclusiva de cualquier reclamo por el cual tengamos derecho a indemnizaci\u00f3n seg\u00fan estos T\u00e9rminos de uso. En tal caso, usted deber\u00e1 brindarnos la cooperaci\u00f3n que le solicitemos razonablemente.<\/li><\/ul><p><strong>Privacidad<\/strong><\/p><p>Su privacidad es muy importante para nosotros, por eso hemos creado una Pol\u00edtica de Privacidad separada. La Pol\u00edtica de Privacidad explica en detalle c\u00f3mo recopilamos, administramos, procesamos, protegemos y almacenamos su informaci\u00f3n privada. Nuestra Pol\u00edtica de Privacidad est\u00e1 disponible en www.lstream.org\/privacy-policy y se incluye como referencia en estos T\u00e9rminos de uso.<\/p><p><strong>Limitaci\u00f3n de garant\u00edas<\/strong><\/p><p>Al utilizar el sitio web, usted comprende y acepta que todos los Recursos que proporcionamos son &quot;tal cual&quot; y &quot;seg\u00fan est\u00e9n disponibles&quot;. Esto significa que no declaramos ni garantizamos que:<\/p><ol><li>El uso de nuestros Recursos satisfar\u00e1 sus necesidades o requerimientos.<\/li><li>El uso de nuestros Recursos ser\u00e1 ininterrumpido, oportuno, seguro y libre de errores.<\/li><li>La informaci\u00f3n obtenida mediante el uso de nuestros Recursos ser\u00e1 precisa o confiable.<\/li><li>Cualquier defecto en el funcionamiento o funcionalidad de cualquier recurso que proporcionemos ser\u00e1 reparado o corregido.<\/li><\/ol><p>Adem\u00e1s, entiende y acepta que:<\/p><ol><li>Cualquier contenido descargado u obtenido de otro modo mediante el uso de los Recursos se realiza bajo su propia discreci\u00f3n y riesgo, y usted es el \u00fanico responsable de cualquier da\u00f1o a su computadora u otros dispositivos, incluida (pero no limitada a) la p\u00e9rdida de datos. que pueda resultar de la descarga de dicho contenido.<\/li><li>Ninguna informaci\u00f3n o consejo, ya sea expreso, impl\u00edcito, oral o escrito, obtenido por usted del sitio web de LifeStream o a trav\u00e9s de cualquier Recurso crear\u00e1 garant\u00eda o condiciones de ning\u00fan tipo.<\/li><li>LifeStream no practica la medicina. Cualquier pregunta m\u00e9dica debe dirigirse a su profesional de la salud.<br \/><br \/><\/li><\/ol><p><strong>Limitaci\u00f3n de responsabilidad<\/strong><\/p><p>JUNTO CON LA LIMITACI\u00d3N DE GARANT\u00cdAS COMO SE EXPLICA ANTERIORMENTE, USTED ENTIENDE Y ACEPTA EXPRESAMENTE QUE CUALQUIER RECLAMACI\u00d3N CONTRA LIFESTREAM SE LIMITA A LA CANTIDAD QUE USTED PAG\u00d3, SI LA HUBIERA, PARA ACCEDER AL SITIO WEB O RECURSO EN CUESTI\u00d3N, O PARA EL USO DE PRODUCTOS Y\/O SERVICIOS DIRECTAMENTE RELACIONADO CON LA P\u00c9RDIDA O LESI\u00d3N. LIFESTREAM NO SER\u00c1 RESPONSABLE DE NINGUNA P\u00c9RDIDA O DA\u00d1O DIRECTO, INDIRECTO, INCIDENTAL, CONSECUENTE O EJEMPLAR QUE PUEDA SUFRIR USTED O CUALQUIER OTRA PERSONA COMO RESULTADO DEL USO DE LOS RECURSOS, O COMO RESULTADO DE CUALQUIER CAMBIO, DA\u00d1O, P\u00c9RDIDA DE DATOS O CORRUPCI\u00d3N, CANCELACI\u00d3N, P\u00c9RDIDA DE ACCESO O TIEMPO DE INACTIVIDAD. ESTA LIMITACI\u00d3N DE RESPONSABILIDAD SE APLICAR\u00c1 EN LA MEDIDA EN QUE LO PERMITA LA LEY.<\/p><p><strong>Derechos de autor y marcas comerciales<\/strong><\/p><p>Todo el contenido y los materiales disponibles en el sitio web de LifeStream, incluidos, entre otros, textos, documentos, gr\u00e1ficos, nombres de sitios web, c\u00f3digos, im\u00e1genes y logotipos publicados son propiedad intelectual de LifeStream y est\u00e1n protegidos por las leyes de derechos de autor y marcas comerciales aplicables. Cualquier uso no autorizado, que incluye, entre otros, la reproducci\u00f3n, distribuci\u00f3n, exhibici\u00f3n o transmisi\u00f3n de cualquier contenido de los sitios web, est\u00e1 estrictamente prohibido, a menos que LifeStream o los agentes autorizados lo autoricen espec\u00edficamente por escrito.<\/p><p><strong>Terminaci\u00f3n del uso<\/strong><\/p><p>Usted acepta que podemos, a nuestro exclusivo criterio, suspender o cancelar su acceso a todo o parte de nuestros sitios web y Recursos con o sin previo aviso y por cualquier motivo, incluido, entre otros, el incumplimiento de estos T\u00e9rminos de uso. Cualquier sospecha de actividad ilegal, fraudulenta o abusiva puede ser motivo para terminar su relaci\u00f3n y puede ser remitida a las autoridades policiales correspondientes. Tras la suspensi\u00f3n o terminaci\u00f3n, su derecho a utilizar los Recursos cesar\u00e1 inmediatamente. Adem\u00e1s, nos reservamos el derecho de eliminar o eliminar cualquier informaci\u00f3n que pueda tener registrada con nosotros, incluida cualquier cuenta o informaci\u00f3n de inicio de sesi\u00f3n.<\/p><p><strong>Ley que rige<\/strong><\/p><p>Este sitio web se controla desde nuestras oficinas corporativas ubicadas en California, EE. UU. Se puede acceder a \u00e9l desde la mayor\u00eda de los pa\u00edses del mundo. Al acceder a nuestros sitios web, usted acepta que los estatutos y leyes del estado de California, sin tener en cuenta el conflicto de leyes y la Convenci\u00f3n de las Naciones Unidas sobre la Compraventa Internacional de Mercader\u00edas, se aplicar\u00e1n a todos los asuntos relacionados con el uso de estos sitios web y la compra de cualquier producto o servicio a trav\u00e9s de estos sitios. Usted reconoce que las leyes de privacidad del Estado de California y los Estados Unidos pueden diferir de las leyes de privacidad de su ubicaci\u00f3n, y acepta expresamente la aplicaci\u00f3n de las leyes de privacidad del Estado de California y los Estados Unidos, incluidas las leyes relativas a la uso de cookies.<\/p><p>Cualquier acci\u00f3n para hacer cumplir estos T\u00e9rminos de Uso se presentar\u00e1 ante los tribunales federales o estatales ubicados en el Estado de California, Estados Unidos. Por la presente, usted acepta la jurisdicci\u00f3n personal de dichos tribunales y renuncia a cualquier objeci\u00f3n jurisdiccional, de jurisdicci\u00f3n o de foro inconveniente ante dichos tribunales.<\/p><p><strong>Descargo de responsabilidad<\/strong><\/p><p>LIFESTREAM RENUNCIA EXPRESAMENTE A TODAS LAS GARANT\u00cdAS Y CONDICIONES DE CUALQUIER TIPO, YA SEA EXPRESAS O IMPL\u00cdCITAS, INCLUYENDO, PERO NO LIMITADO A LAS GARANT\u00cdAS Y CONDICIONES IMPL\u00cdCITAS DE COMERCIABILIDAD, IDONEIDAD PARA UN PROP\u00d3SITO PARTICULAR Y NO INFRACCI\u00d3N.<\/p><p><strong>Cont\u00e1ctenos<\/strong><\/p><p>Si tiene alguna pregunta sobre estos T\u00e9rminos de servicio como se describe anteriormente, puede comunicarse con nosotros en la siguiente direcci\u00f3n:<\/p><p>pol\u00edtica de privacidad<br \/>384 W. Orange Show Road<br \/>San Bernardino, CA 92408<br \/>909-386-6821<br \/><u><a href=\"mailto:PrivacyOfficer@LStream.org\">PrivacyOfficer@LStream.org<\/a><\/u><\/p>\t\t\t\t\t\t\t\t<\/div>\n\t\t\t\t<\/div>\n\t\t\t\t\t<\/div>\n\t\t<\/div>\n\t\t\t\t\t<\/div>\n\t\t<\/section>\n\t\t\t\t<\/div>","protected":false},"excerpt":{"rendered":"<p>Terms of Use Introduction This website is the property of LifeStream Blood Bank. By visiting this website and accessing the information, resources, services, products and tools we provide, you understand and agree to accept and comply with the following terms and conditions (hereafter referred to as \u201cTerms of Use\u201d), along with our Privacy Policy, which [&hellip;]<\/p>\n","protected":false},"author":1,"featured_media":0,"parent":0,"menu_order":9999,"comment_status":"closed","ping_status":"closed","template":"elementor_header_footer","meta":{"_acf_changed":false,"footnotes":""},"class_list":["post-194","page","type-page","status-publish","hentry"],"acf":[],"yoast_head":"<!-- This site is optimized with the Yoast SEO Premium plugin v27.2 (Yoast SEO v27.2) - https:\/\/yoast.com\/product\/yoast-seo-premium-wordpress\/ -->\n<title>Terms of Use - LifeStream Blood Bank<\/title>\n<meta name=\"robots\" content=\"noindex, follow, max-snippet:-1, max-image-preview:large, max-video-preview:-1\" \/>\n<meta property=\"og:locale\" content=\"es_MX\" \/>\n<meta property=\"og:type\" content=\"article\" \/>\n<meta property=\"og:title\" content=\"Terms of Use\" \/>\n<meta property=\"og:description\" content=\"Terms of Use Introduction This website is the property of LifeStream Blood Bank. By visiting this website and accessing the information, resources, services, products and tools we provide, you understand and agree to accept and comply with the following terms and conditions (hereafter referred to as \u201cTerms of Use\u201d), along with our Privacy Policy, which [&hellip;]\" \/>\n<meta property=\"og:url\" content=\"https:\/\/www.lstream.org\/es\/terms-of-use\/\" \/>\n<meta property=\"og:site_name\" content=\"LifeStream Blood Bank\" \/>\n<meta property=\"article:modified_time\" content=\"2022-11-11T23:35:04+00:00\" \/>\n<meta name=\"twitter:card\" content=\"summary_large_image\" \/>\n<meta name=\"twitter:label1\" content=\"Tiempo de lectura\" \/>\n\t<meta name=\"twitter:data1\" content=\"9 minutos\" \/>\n<script type=\"application\/ld+json\" class=\"yoast-schema-graph\">{\"@context\":\"https:\/\/schema.org\",\"@graph\":[{\"@type\":\"WebPage\",\"@id\":\"https:\/\/www.lstream.org\/terms-of-use\/\",\"url\":\"https:\/\/www.lstream.org\/terms-of-use\/\",\"name\":\"Terms of Use - LifeStream Blood Bank\",\"isPartOf\":{\"@id\":\"https:\/\/www.lstream.org\/#website\"},\"datePublished\":\"2022-09-07T21:14:13+00:00\",\"dateModified\":\"2022-11-11T23:35:04+00:00\",\"breadcrumb\":{\"@id\":\"https:\/\/www.lstream.org\/terms-of-use\/#breadcrumb\"},\"inLanguage\":\"es\",\"potentialAction\":[{\"@type\":\"ReadAction\",\"target\":[\"https:\/\/www.lstream.org\/terms-of-use\/\"]}]},{\"@type\":\"BreadcrumbList\",\"@id\":\"https:\/\/www.lstream.org\/terms-of-use\/#breadcrumb\",\"itemListElement\":[{\"@type\":\"ListItem\",\"position\":1,\"name\":\"Home\",\"item\":\"https:\/\/www.lstream.org\/\"},{\"@type\":\"ListItem\",\"position\":2,\"name\":\"Terms of Use\"}]},{\"@type\":\"WebSite\",\"@id\":\"https:\/\/www.lstream.org\/#website\",\"url\":\"https:\/\/www.lstream.org\/\",\"name\":\"LifeStream Blood Bank\",\"description\":\"\",\"publisher\":{\"@id\":\"https:\/\/www.lstream.org\/#organization\"},\"potentialAction\":[{\"@type\":\"SearchAction\",\"target\":{\"@type\":\"EntryPoint\",\"urlTemplate\":\"https:\/\/www.lstream.org\/?s={search_term_string}\"},\"query-input\":{\"@type\":\"PropertyValueSpecification\",\"valueRequired\":true,\"valueName\":\"search_term_string\"}}],\"inLanguage\":\"es\"},{\"@type\":\"Organization\",\"@id\":\"https:\/\/www.lstream.org\/#organization\",\"name\":\"LifeStream Blood Bank\",\"url\":\"https:\/\/www.lstream.org\/\",\"logo\":{\"@type\":\"ImageObject\",\"inLanguage\":\"es\",\"@id\":\"https:\/\/www.lstream.org\/#\/schema\/logo\/image\/\",\"url\":\"https:\/\/www.lstream.org\/wp-content\/uploads\/2022\/09\/Site-Logo.svg\",\"contentUrl\":\"https:\/\/www.lstream.org\/wp-content\/uploads\/2022\/09\/Site-Logo.svg\",\"width\":348,\"height\":82.3524,\"caption\":\"LifeStream Blood Bank\"},\"image\":{\"@id\":\"https:\/\/www.lstream.org\/#\/schema\/logo\/image\/\"}}]}<\/script>\n<!-- \/ Yoast SEO Premium plugin. -->","yoast_head_json":{"title":"Terms of Use - LifeStream Blood Bank","robots":{"index":"noindex","follow":"follow","max-snippet":"max-snippet:-1","max-image-preview":"max-image-preview:large","max-video-preview":"max-video-preview:-1"},"og_locale":"es_MX","og_type":"article","og_title":"Terms of Use","og_description":"Terms of Use Introduction This website is the property of LifeStream Blood Bank. By visiting this website and accessing the information, resources, services, products and tools we provide, you understand and agree to accept and comply with the following terms and conditions (hereafter referred to as \u201cTerms of Use\u201d), along with our Privacy Policy, which [&hellip;]","og_url":"https:\/\/www.lstream.org\/es\/terms-of-use\/","og_site_name":"LifeStream Blood Bank","article_modified_time":"2022-11-11T23:35:04+00:00","twitter_card":"summary_large_image","twitter_misc":{"Tiempo de lectura":"9 minutos"},"schema":{"@context":"https:\/\/schema.org","@graph":[{"@type":"WebPage","@id":"https:\/\/www.lstream.org\/terms-of-use\/","url":"https:\/\/www.lstream.org\/terms-of-use\/","name":"Terms of Use - LifeStream Blood Bank","isPartOf":{"@id":"https:\/\/www.lstream.org\/#website"},"datePublished":"2022-09-07T21:14:13+00:00","dateModified":"2022-11-11T23:35:04+00:00","breadcrumb":{"@id":"https:\/\/www.lstream.org\/terms-of-use\/#breadcrumb"},"inLanguage":"es","potentialAction":[{"@type":"ReadAction","target":["https:\/\/www.lstream.org\/terms-of-use\/"]}]},{"@type":"BreadcrumbList","@id":"https:\/\/www.lstream.org\/terms-of-use\/#breadcrumb","itemListElement":[{"@type":"ListItem","position":1,"name":"Home","item":"https:\/\/www.lstream.org\/"},{"@type":"ListItem","position":2,"name":"Terms of Use"}]},{"@type":"WebSite","@id":"https:\/\/www.lstream.org\/#website","url":"https:\/\/www.lstream.org\/","name":"Banco de sangre LifeStream","description":"","publisher":{"@id":"https:\/\/www.lstream.org\/#organization"},"potentialAction":[{"@type":"SearchAction","target":{"@type":"EntryPoint","urlTemplate":"https:\/\/www.lstream.org\/?s={search_term_string}"},"query-input":{"@type":"PropertyValueSpecification","valueRequired":true,"valueName":"search_term_string"}}],"inLanguage":"es"},{"@type":"Organization","@id":"https:\/\/www.lstream.org\/#organization","name":"Banco de sangre LifeStream","url":"https:\/\/www.lstream.org\/","logo":{"@type":"ImageObject","inLanguage":"es","@id":"https:\/\/www.lstream.org\/#\/schema\/logo\/image\/","url":"https:\/\/www.lstream.org\/wp-content\/uploads\/2022\/09\/Site-Logo.svg","contentUrl":"https:\/\/www.lstream.org\/wp-content\/uploads\/2022\/09\/Site-Logo.svg","width":348,"height":82.3524,"caption":"LifeStream Blood Bank"},"image":{"@id":"https:\/\/www.lstream.org\/#\/schema\/logo\/image\/"}}]}},"_links":{"self":[{"href":"https:\/\/www.lstream.org\/es\/wp-json\/wp\/v2\/pages\/194","targetHints":{"allow":["GET"]}}],"collection":[{"href":"https:\/\/www.lstream.org\/es\/wp-json\/wp\/v2\/pages"}],"about":[{"href":"https:\/\/www.lstream.org\/es\/wp-json\/wp\/v2\/types\/page"}],"author":[{"embeddable":true,"href":"https:\/\/www.lstream.org\/es\/wp-json\/wp\/v2\/users\/1"}],"replies":[{"embeddable":true,"href":"https:\/\/www.lstream.org\/es\/wp-json\/wp\/v2\/comments?post=194"}],"version-history":[{"count":11,"href":"https:\/\/www.lstream.org\/es\/wp-json\/wp\/v2\/pages\/194\/revisions"}],"predecessor-version":[{"id":4561,"href":"https:\/\/www.lstream.org\/es\/wp-json\/wp\/v2\/pages\/194\/revisions\/4561"}],"wp:attachment":[{"href":"https:\/\/www.lstream.org\/es\/wp-json\/wp\/v2\/media?parent=194"}],"curies":[{"name":"wp","href":"https:\/\/api.w.org\/{rel}","templated":true}]}}