{"id":19622,"date":"2023-02-15T23:55:03","date_gmt":"2023-02-15T23:55:03","guid":{"rendered":"https:\/\/www.lstream.org\/?page_id=19622"},"modified":"2023-04-26T15:40:44","modified_gmt":"2023-04-26T15:40:44","slug":"expresspass3","status":"publish","type":"page","link":"https:\/\/www.lstream.org\/es\/expresspass\/expresspass3\/","title":{"rendered":"ExpressPass3"},"content":{"rendered":"<div data-elementor-type=\"wp-page\" data-elementor-id=\"19622\" class=\"elementor elementor-19622\" data-elementor-post-type=\"page\">\n\t\t\t\t\t\t<section data-particle_enable=\"false\" data-particle-mobile-disabled=\"false\" class=\"elementor-section elementor-top-section elementor-element elementor-element-9fb1d7a elementor-section-full_width elementor-section-height-default elementor-section-height-default\" data-id=\"9fb1d7a\" data-element_type=\"section\" data-e-type=\"section\">\n\t\t\t\t\t\t<div class=\"elementor-container elementor-column-gap-default\">\n\t\t\t\t\t<div class=\"elementor-column elementor-col-100 elementor-top-column elementor-element elementor-element-4b960996\" data-id=\"4b960996\" data-element_type=\"column\" data-e-type=\"column\">\n\t\t\t<div class=\"elementor-widget-wrap elementor-element-populated\">\n\t\t\t\t\t\t<div class=\"elementor-element elementor-element-424e1c13 elementor-widget elementor-widget-text-editor\" data-id=\"424e1c13\" data-element_type=\"widget\" data-e-type=\"widget\" data-widget_type=\"text-editor.default\">\n\t\t\t\t<div class=\"elementor-widget-container\">\n\t\t\t\t\t\t\t\t\t<!DOCTYPE html>\n<html lang=\"en\">\n  <head>\n    <meta charset=\"UTF-8\">\n    <meta name=\"viewport\" content=\"width=device-width, initial-scale=1.0\">\n    <meta http-equiv=\"X-UA-Compatible\" content=\"ie=edge\">\n  <\/head>\n  <body id=\"main\">\n\t\n\n \n<div>\n<form action=\"#\" method=\"POST\" data-trp-original-action=\"#\">\n<div>\n  <div style=\"font-weight: bold; font-size: larger;\">Informaci\u00f3n de identificaci\u00f3n personal<\/div>\n  <div style=\"margin-top: 30px;\"><span style=\"font-weight: bold;\">\n  Aseg\u00farese de utilizar el nombre que figura en su tarjeta de identificaci\u00f3n de donante y\/o su nombre legal tal como aparece en su identificaci\u00f3n con fotograf\u00eda.\n  <\/span><\/div>\n  <div><span class=\"myerror\" style=\"color:#d32027;\">* Campos requeridos<\/span><\/div>\n  <br\/>\n\n\n\n<div class=\"FieldLabel\">\n\n\n<div>\n\n<span class=\"names\"> <label id=\"firstnamelabel\" class=\"mylabel\" for=\"fname\">Nombre de pila<span style=\"color:#d32027;\" class=\"myerror\">*<\/span><\/label>\n<span id=\"firsterror\" class=\"myerror\" style=\"visibility: hidden; color: #d32027;\">Solo se permiten letras y espacios en blanco para el nombre.<\/span>\n<input id=\"fname\" class=\"name\" name=\"fname\" type=\"text\" onfocusout=\"fieldchecker();\" value=\"\" \/>\n<\/span>\n<br\/>\n<br\/>\n\n<span class=\"names\"> <label id=\"lastnamelabel\" class=\"mylabel\" for=\"lname\">Apellido<span style=\"color:#d32027;\" class=\"myerror\">*<\/span><\/label><\/span>\n<span id=\"lasterror\" class=\"myerror\" style=\"visibility: hidden; color: #d32027;\">Solo se permiten letras y espacios en blanco para el apellido.<\/span>\n<\/div>\n<div><span class=\"names\"> <input id=\"lname\" class=\"name\" name=\"lname\" type=\"text\" onfocusout=\"fieldchecker();\" value=\"\" \/>\n\n<\/span><\/div>\n<div style=\"clear: both;\"><\/div>\n<\/div>\n<br\/>\n<div class=\"qbox\">\n<div class=\"lbox\"><input id=\"check\" name=\"nameack\" onclick=\"fieldchecker();\" type=\"checkbox\" \/><span style=\"color:#d32027;\" class=\"myerror\">*<\/span><\/div>\n<div class=\"rbox\">\n<div>Reconozco que he ingresado mi nombre legal tal como aparece en mi identificaci\u00f3n con fotograf\u00eda. Si el nombre que ingres\u00e9 no coincide con mi identificaci\u00f3n, se me pedir\u00e1 que vuelva a completar el cuestionario previo a la donaci\u00f3n al momento de la donaci\u00f3n.<\/div>\n<\/div>\n&nbsp;\n<div class=\"clear\"><\/div>\n<\/div>\n<div class=\"FieldLabel\">\n<div><span class=\"names\"> <label id=\"donoridlable\" class=\"mylabel\" for=\"donorid\">Identificaci\u00f3n del donante            <\/label> \n<span id=\"diderror\" class=\"myerror\" style=\"visibility: hidden; color: #d32027;\">S\u00f3lo se permiten n\u00fameros para la identificaci\u00f3n del donante.<\/span>\n<input id=\"donorid\" class=\"donorid\" name=\"donorid\" type=\"text\" autocomplete=\"off\" onfocusout=\"adhqCheck(this.value);\" value=\"\" \/><\/span>\n\n<span id =\"LastDonation\" class=\"names\" style=\"visibility: hidden; font-weight:bold;\"> \n<label class=\"mylabel\" for=\"LastDDate\">Fecha de la \u00faltima donaci\u00f3n<\/label>\n<span id=\"LastDDate\">N \/ A<\/span>\n<\/span><\/span><\/div>\n<div><span class=\"clear\">Para ser considerado para un cuestionario abreviado, proporcione su n\u00famero de identificaci\u00f3n de donante.<\/span>\n<\/div>\n<\/div><br\/>\n<div class=\"FieldLabel\">\n\n<label id=\"birthdatelabel\" class=\"complex\" for=\"bdate\">\nFecha de nacimiento<span style=\"color:#d32027;\" class=\"myerror\">*<\/span><\/label><span class=\"names\">\n<span id=\"bdayerror\" class=\"myerror\" style=\"visibility: hidden; color:#D32027;\">Utilice el formato de fecha de nacimiento sugerido.<\/span>\n<input id=\"bdate\" style=\"width: 100%;\" name=\"bdate\" type=\"date\" onfocusout=\"fieldchecker();\" value=\"\" \/>\n<\/span>\n<div>Utilice la opci\u00f3n de calendario si el navegador no le permite escribir su fecha de nacimiento. Si este formato no funciona, intente con aaaa-mm-dd.<\/div>\n<\/div>\n<br\/>\n\n<div class=\"FieldLabel\">\n\n\n<div>\n  <label id=\"gender\" class=\"complex\" for=\"gender\">\n    G\u00e9nero<span style=\"color:#d32027;\" class=\"myerror\">*<\/span>\n    <\/label>\n<div><input class=\"fchoice\" name=\"gender\" type=\"radio\" onclick=\"fieldchecker();\" value=\"M\" \/>Masculino<\/div>\n<div><input class=\"fchoice\" name=\"gender\" type=\"radio\" onclick=\"fieldchecker();\" value=\"F\" \/>Femenino<\/div>\n<\/div>\n<div class=\"clear\"><\/div>\n<div><a href=\"https:\/\/www.lstream.org\/wp-content\/uploads\/2023\/02\/Gender-Request-Description.pdf\" target=\"_blank\" rel=\"noopener\">\u00bfPor qu\u00e9 se requiere esto?<\/a>\n<a href=\"https:\/\/www.lstream.org\/wp-content\/uploads\/2023\/02\/Gender-Request-Description-SPN.pdf\" target=\"_blank\" rel=\"noopener\">(Haga clic aqu\u00ed para espa\u00f1ol)<\/a><\/div>\n<\/div>\n<br\/>\n<div class=\"FieldLabel\">\n\n<label id=\"language\" class=\"complex\" for=\"language\">\nIdioma<span style=\"color:#d32027;\" class=\"myerror\">*<\/span>\n<\/label>\n<div>\n<div><input class=\"fchoice2\" name=\"languages\" type=\"radio\" onclick=\"fieldchecker();\" value=\"en-US\" \/>Ingl\u00e9s<\/div>\n<div><input class=\"fchoice2\" name=\"languages\" type=\"radio\" onclick=\"fieldchecker();\" value=\"es-MX\" \/>Espa\u00f1ol<\/div>\n<\/div>\n<div class=\"clear\"><\/div>\n<\/div>\n<div style=\"color: red;\">Tenga en cuenta: recomendamos encarecidamente verificar que el c\u00f3digo de barras de ExpressPass sea visible cuando imprima, env\u00ede por correo electr\u00f3nico, haga una captura de pantalla o guarde su recibo de ExpressPass ANTES de cerrar la p\u00e1gina. Si no puede ver el c\u00f3digo de barras de ExpressPass, deber\u00e1 responder las preguntas nuevamente al llegar para realizar su donaci\u00f3n.<\/div>\n<div><input id=\"NextButton\" class=\"btn-2 step4\" style=\"max-width: 500px; visibility: hidden;\" type=\"submit\" value=\"CONTINUAR CON EL CUESTIONARIO\" \/><\/div>\n<\/div>\n<div><\/div>\n<input id=\"QuestionSet\" name=\"QuestionSet\" type=\"hidden\" value=\"\" \/>\n\n<input type=\"hidden\" name=\"trp-form-language\" value=\"es\"\/><\/form>\n<\/div>\n  <\/body>\n<\/html>\t\t\t\t\t\t\t\t<\/div>\n\t\t\t\t<\/div>\n\t\t\t\t\t<\/div>\n\t\t<\/div>\n\t\t\t\t\t<\/div>\n\t\t<\/section>\n\t\t\t\t<\/div>","protected":false},"excerpt":{"rendered":"<p>Personal Identifying Information Be sure to use the name listed on your donor ID card and\/or your legal name as it appears on your picture identification. * Required fields First Name* Only letters and white space allowed for first name. Last Name* Only letters and white space allowed for last name. * I acknowledge that [&hellip;]<\/p>\n","protected":false},"author":7,"featured_media":0,"parent":2190,"menu_order":0,"comment_status":"closed","ping_status":"closed","template":"","meta":{"_acf_changed":false,"footnotes":""},"class_list":["post-19622","page","type-page","status-publish","hentry"],"acf":[],"yoast_head":"<!-- This site is optimized with the Yoast SEO Premium plugin v27.2 (Yoast SEO v27.2) - https:\/\/yoast.com\/product\/yoast-seo-premium-wordpress\/ -->\n<title>ExpressPass3 - LifeStream Blood Bank<\/title>\n<meta name=\"robots\" content=\"noindex, follow, max-snippet:-1, max-image-preview:large, max-video-preview:-1\" \/>\n<meta property=\"og:locale\" content=\"es_MX\" \/>\n<meta property=\"og:type\" content=\"article\" \/>\n<meta property=\"og:title\" content=\"ExpressPass3\" \/>\n<meta property=\"og:description\" content=\"Personal Identifying Information Be sure to use the name listed on your donor ID card and\/or your legal name as it appears on your picture identification. * Required fields First Name* Only letters and white space allowed for first name. Last Name* Only letters and white space allowed for last name. * I acknowledge that [&hellip;]\" \/>\n<meta property=\"og:url\" content=\"https:\/\/www.lstream.org\/es\/expresspass\/expresspass3\/\" \/>\n<meta property=\"og:site_name\" content=\"LifeStream Blood Bank\" \/>\n<meta property=\"article:modified_time\" content=\"2023-04-26T15:40:44+00:00\" \/>\n<meta name=\"twitter:card\" content=\"summary_large_image\" \/>\n<meta name=\"twitter:label1\" content=\"Tiempo de lectura\" \/>\n\t<meta name=\"twitter:data1\" content=\"1 minuto\" \/>\n<script type=\"application\/ld+json\" class=\"yoast-schema-graph\">{\"@context\":\"https:\/\/schema.org\",\"@graph\":[{\"@type\":\"WebPage\",\"@id\":\"https:\/\/www.lstream.org\/expresspass\/expresspass3\/\",\"url\":\"https:\/\/www.lstream.org\/expresspass\/expresspass3\/\",\"name\":\"ExpressPass3 - LifeStream Blood Bank\",\"isPartOf\":{\"@id\":\"https:\/\/www.lstream.org\/#website\"},\"datePublished\":\"2023-02-15T23:55:03+00:00\",\"dateModified\":\"2023-04-26T15:40:44+00:00\",\"breadcrumb\":{\"@id\":\"https:\/\/www.lstream.org\/expresspass\/expresspass3\/#breadcrumb\"},\"inLanguage\":\"es\",\"potentialAction\":[{\"@type\":\"ReadAction\",\"target\":[\"https:\/\/www.lstream.org\/expresspass\/expresspass3\/\"]}]},{\"@type\":\"BreadcrumbList\",\"@id\":\"https:\/\/www.lstream.org\/expresspass\/expresspass3\/#breadcrumb\",\"itemListElement\":[{\"@type\":\"ListItem\",\"position\":1,\"name\":\"Home\",\"item\":\"https:\/\/www.lstream.org\/\"},{\"@type\":\"ListItem\",\"position\":2,\"name\":\"ExpressPass\",\"item\":\"https:\/\/www.lstream.org\/expresspass\/\"},{\"@type\":\"ListItem\",\"position\":3,\"name\":\"ExpressPass3\"}]},{\"@type\":\"WebSite\",\"@id\":\"https:\/\/www.lstream.org\/#website\",\"url\":\"https:\/\/www.lstream.org\/\",\"name\":\"LifeStream Blood Bank\",\"description\":\"\",\"publisher\":{\"@id\":\"https:\/\/www.lstream.org\/#organization\"},\"potentialAction\":[{\"@type\":\"SearchAction\",\"target\":{\"@type\":\"EntryPoint\",\"urlTemplate\":\"https:\/\/www.lstream.org\/?s={search_term_string}\"},\"query-input\":{\"@type\":\"PropertyValueSpecification\",\"valueRequired\":true,\"valueName\":\"search_term_string\"}}],\"inLanguage\":\"es\"},{\"@type\":\"Organization\",\"@id\":\"https:\/\/www.lstream.org\/#organization\",\"name\":\"LifeStream Blood Bank\",\"url\":\"https:\/\/www.lstream.org\/\",\"logo\":{\"@type\":\"ImageObject\",\"inLanguage\":\"es\",\"@id\":\"https:\/\/www.lstream.org\/#\/schema\/logo\/image\/\",\"url\":\"https:\/\/www.lstream.org\/wp-content\/uploads\/2022\/09\/Site-Logo.svg\",\"contentUrl\":\"https:\/\/www.lstream.org\/wp-content\/uploads\/2022\/09\/Site-Logo.svg\",\"width\":348,\"height\":82.3524,\"caption\":\"LifeStream Blood Bank\"},\"image\":{\"@id\":\"https:\/\/www.lstream.org\/#\/schema\/logo\/image\/\"}}]}<\/script>\n<!-- \/ Yoast SEO Premium plugin. -->","yoast_head_json":{"title":"ExpressPass3 - LifeStream Blood Bank","robots":{"index":"noindex","follow":"follow","max-snippet":"max-snippet:-1","max-image-preview":"max-image-preview:large","max-video-preview":"max-video-preview:-1"},"og_locale":"es_MX","og_type":"article","og_title":"ExpressPass3","og_description":"Personal Identifying Information Be sure to use the name listed on your donor ID card and\/or your legal name as it appears on your picture identification. * Required fields First Name* Only letters and white space allowed for first name. Last Name* Only letters and white space allowed for last name. * I acknowledge that [&hellip;]","og_url":"https:\/\/www.lstream.org\/es\/expresspass\/expresspass3\/","og_site_name":"LifeStream Blood Bank","article_modified_time":"2023-04-26T15:40:44+00:00","twitter_card":"summary_large_image","twitter_misc":{"Tiempo de lectura":"1 minuto"},"schema":{"@context":"https:\/\/schema.org","@graph":[{"@type":"WebPage","@id":"https:\/\/www.lstream.org\/expresspass\/expresspass3\/","url":"https:\/\/www.lstream.org\/expresspass\/expresspass3\/","name":"ExpressPass3 - LifeStream Blood Bank","isPartOf":{"@id":"https:\/\/www.lstream.org\/#website"},"datePublished":"2023-02-15T23:55:03+00:00","dateModified":"2023-04-26T15:40:44+00:00","breadcrumb":{"@id":"https:\/\/www.lstream.org\/expresspass\/expresspass3\/#breadcrumb"},"inLanguage":"es","potentialAction":[{"@type":"ReadAction","target":["https:\/\/www.lstream.org\/expresspass\/expresspass3\/"]}]},{"@type":"BreadcrumbList","@id":"https:\/\/www.lstream.org\/expresspass\/expresspass3\/#breadcrumb","itemListElement":[{"@type":"ListItem","position":1,"name":"Home","item":"https:\/\/www.lstream.org\/"},{"@type":"ListItem","position":2,"name":"ExpressPass","item":"https:\/\/www.lstream.org\/expresspass\/"},{"@type":"ListItem","position":3,"name":"ExpressPass3"}]},{"@type":"WebSite","@id":"https:\/\/www.lstream.org\/#website","url":"https:\/\/www.lstream.org\/","name":"Banco de sangre LifeStream","description":"","publisher":{"@id":"https:\/\/www.lstream.org\/#organization"},"potentialAction":[{"@type":"SearchAction","target":{"@type":"EntryPoint","urlTemplate":"https:\/\/www.lstream.org\/?s={search_term_string}"},"query-input":{"@type":"PropertyValueSpecification","valueRequired":true,"valueName":"search_term_string"}}],"inLanguage":"es"},{"@type":"Organization","@id":"https:\/\/www.lstream.org\/#organization","name":"Banco de sangre LifeStream","url":"https:\/\/www.lstream.org\/","logo":{"@type":"ImageObject","inLanguage":"es","@id":"https:\/\/www.lstream.org\/#\/schema\/logo\/image\/","url":"https:\/\/www.lstream.org\/wp-content\/uploads\/2022\/09\/Site-Logo.svg","contentUrl":"https:\/\/www.lstream.org\/wp-content\/uploads\/2022\/09\/Site-Logo.svg","width":348,"height":82.3524,"caption":"LifeStream Blood Bank"},"image":{"@id":"https:\/\/www.lstream.org\/#\/schema\/logo\/image\/"}}]}},"_links":{"self":[{"href":"https:\/\/www.lstream.org\/es\/wp-json\/wp\/v2\/pages\/19622","targetHints":{"allow":["GET"]}}],"collection":[{"href":"https:\/\/www.lstream.org\/es\/wp-json\/wp\/v2\/pages"}],"about":[{"href":"https:\/\/www.lstream.org\/es\/wp-json\/wp\/v2\/types\/page"}],"author":[{"embeddable":true,"href":"https:\/\/www.lstream.org\/es\/wp-json\/wp\/v2\/users\/7"}],"replies":[{"embeddable":true,"href":"https:\/\/www.lstream.org\/es\/wp-json\/wp\/v2\/comments?post=19622"}],"version-history":[{"count":1320,"href":"https:\/\/www.lstream.org\/es\/wp-json\/wp\/v2\/pages\/19622\/revisions"}],"predecessor-version":[{"id":22406,"href":"https:\/\/www.lstream.org\/es\/wp-json\/wp\/v2\/pages\/19622\/revisions\/22406"}],"up":[{"embeddable":true,"href":"https:\/\/www.lstream.org\/es\/wp-json\/wp\/v2\/pages\/2190"}],"wp:attachment":[{"href":"https:\/\/www.lstream.org\/es\/wp-json\/wp\/v2\/media?parent=19622"}],"curies":[{"name":"wp","href":"https:\/\/api.w.org\/{rel}","templated":true}]}}