{"id":2199,"date":"2022-10-05T20:24:39","date_gmt":"2022-10-05T20:24:39","guid":{"rendered":"https:\/\/www.lstream.org\/?page_id=2199"},"modified":"2025-03-06T16:50:34","modified_gmt":"2025-03-06T16:50:34","slug":"expresspass1","status":"publish","type":"page","link":"https:\/\/www.lstream.org\/es\/expresspass\/expresspass1\/","title":{"rendered":"Paso expr\u00e9s 1"},"content":{"rendered":"<div data-elementor-type=\"wp-page\" data-elementor-id=\"2199\" class=\"elementor elementor-2199\" data-elementor-post-type=\"page\">\n\t\t\t\t\t\t<section data-particle_enable=\"false\" data-particle-mobile-disabled=\"false\" class=\"elementor-section elementor-top-section elementor-element elementor-element-921659f elementor-section-full_width elementor-section-content-bottom elementor-section-height-default elementor-section-height-default\" data-id=\"921659f\" data-element_type=\"section\" data-e-type=\"section\" data-settings=\"{&quot;background_background&quot;:&quot;classic&quot;}\">\n\t\t\t\t\t\t<div class=\"elementor-container elementor-column-gap-no\">\n\t\t\t\t\t<div class=\"elementor-column elementor-col-100 elementor-top-column elementor-element elementor-element-8b85d80\" data-id=\"8b85d80\" data-element_type=\"column\" data-e-type=\"column\">\n\t\t\t<div class=\"elementor-widget-wrap elementor-element-populated\">\n\t\t\t\t\t\t<div class=\"elementor-element elementor-element-0ed6782 elementor-widget elementor-widget-heading\" data-id=\"0ed6782\" data-element_type=\"widget\" data-e-type=\"widget\" data-widget_type=\"heading.default\">\n\t\t\t\t<div class=\"elementor-widget-container\">\n\t\t\t\t\t<h2 class=\"elementor-heading-title elementor-size-default\">ExpressPass - Paso 1<\/h2>\t\t\t\t<\/div>\n\t\t\t\t<\/div>\n\t\t\t\t<div class=\"elementor-element elementor-element-f9e090f elementor-align-center elementor-widget elementor-widget-global elementor-global-2059 elementor-widget-breadcrumbs\" data-id=\"f9e090f\" data-element_type=\"widget\" data-e-type=\"widget\" data-widget_type=\"breadcrumbs.default\">\n\t\t\t\t<div class=\"elementor-widget-container\">\n\t\t\t\t\t<span id=\"breadcrumbs\"><span><span><a href=\"https:\/\/www.lstream.org\/es\/\">Hogar<\/a><\/span><\/span><\/span>\t\t\t\t<\/div>\n\t\t\t\t<\/div>\n\t\t\t\t\t<\/div>\n\t\t<\/div>\n\t\t\t\t\t<\/div>\n\t\t<\/section>\n\t\t\t\t<section data-particle_enable=\"false\" data-particle-mobile-disabled=\"false\" class=\"elementor-section elementor-top-section elementor-element elementor-element-4c89fe0 elementor-section-boxed elementor-section-height-default elementor-section-height-default\" data-id=\"4c89fe0\" data-element_type=\"section\" data-e-type=\"section\">\n\t\t\t\t\t\t<div class=\"elementor-container elementor-column-gap-default\">\n\t\t\t\t\t<div class=\"elementor-column elementor-col-100 elementor-top-column elementor-element elementor-element-6195ff7\" data-id=\"6195ff7\" data-element_type=\"column\" data-e-type=\"column\">\n\t\t\t<div class=\"elementor-widget-wrap elementor-element-populated\">\n\t\t\t\t\t\t<div class=\"elementor-element elementor-element-5451c7f elementor-widget elementor-widget-text-editor\" data-id=\"5451c7f\" data-element_type=\"widget\" data-e-type=\"widget\" data-widget_type=\"text-editor.default\">\n\t\t\t\t<div class=\"elementor-widget-container\">\n\t\t\t\t\t\t\t\t\t<h5><strong>Lea y verifique las siguientes afirmaciones.<\/strong><\/h5>\n<div><\/div>\n<form action=\"https:\/\/www.lstream.org\/es\/expresspass\/expresspass3\/\" method=\"POST\" data-trp-original-action=\"https:\/\/www.lstream.org\/expresspass\/expresspass3\/\">\n<div class=\"qbox\">\n<div class=\"lbox\"><input name=\"check_list\" type=\"checkbox\" \/> Tengo al menos 15 a\u00f1os (entre 15 y 16 a\u00f1os, por favor traiga un\u00a0<a href=\"https:\/\/www.lstream.org\/wp-content\/uploads\/2023\/02\/Young-Donor-Consent-Form.pdf\" target=\"_blank\" rel=\"noopener\" data-lf-fd-inspected-xbp1oaebojy8edvj=\"true\">formulario de consentimiento de los padres completado<\/a>\u00a0\u00a0\u00a0\u00a0\u00a0<a href=\"https:\/\/www.lstream.org\/wp-content\/uploads\/2023\/02\/Young-Donor-Consent-Form-SPN.pdf\" target=\"_blank\" rel=\"noopener\" data-lf-fd-inspected-xbp1oaebojy8edvj=\"true\">(Haga clic aqu\u00ed para espa\u00f1ol)<\/a>.<\/div>\n<div class=\"rbox\">\n<ul>\n \t<li>Se requiere prueba de edad para todos los donantes menores de 18 a\u00f1os y puede ser necesaria para verificar la edad de los adultos j\u00f3venes.<\/li>\n<\/ul>\n<\/div>\n<div class=\"clear\"><\/div>\n<\/div>\n<div class=\"qbox\">\n<div class=\"lbox\"><input name=\"check_list\" type=\"checkbox\" onclick=\"setNext(); value=\"2\" \/> Tengo una identificaci\u00f3n con fotograf\u00eda v\u00e1lida.<\/div>\n<div class=\"clear\"><\/div>\n<\/div>\n<div class=\"qbox\">\n<div class=\"lbox\"><input name=\"check_list\" type=\"checkbox\" onclick=\"setNext(); value=\"4\" \/> entiendo que mi\u00a0<a href=\"https:\/\/www.lstream.org\/es\/give-blood\/who-can-donate\/\" target=\"_blank\" rel=\"noopener\">elegibilidad<\/a>\u00a0donar se determinar\u00e1 en el momento de la donaci\u00f3n.<\/div>\n<div class=\"clear\"><\/div>\n<\/div>\n<div class=\"qbox\">\n<div class=\"lbox\"><input name=\"check_list\" type=\"checkbox\" onclick=\"setNext(); value=\"8\" \/> Estoy completando este cuestionario previo a la donaci\u00f3n el d\u00eda que planeo donar.<\/div>\n<div class=\"clear\"><\/div>\n<\/div>\n<div class=\"qbox\">\n<div class=\"lbox\"><input name=\"check_list\" type=\"checkbox\" onclick=\"setNext(); value=\"16\" \/> Estoy en un entorno privado y responder\u00e9 las preguntas sobre donaciones sin la ayuda de nadie m\u00e1s.<\/div>\n<div class=\"clear\"><\/div>\n<\/div>\n<div class=\"qbox\">\n<div class=\"lbox\"><input name=\"check_list\" type=\"checkbox\" onclick=\"setNext(); value=\"32\" \/> Tengo acceso a una impresora o dispositivo m\u00f3vil inteligente.<\/div>\n<div class=\"clear\"><\/div>\n<\/div>\n<div>Revisar materiales educativos<\/div>\n<div>Revise cuidadosamente la siguiente informaci\u00f3n para asegurarse de que sea seguro donar hoy. Despu\u00e9s de la revisi\u00f3n, puede cerrar la ventana del material educativo. Luego, las casillas de verificaci\u00f3n se completar\u00e1n autom\u00e1ticamente en esta p\u00e1gina. Tenga en cuenta que las casillas de verificaci\u00f3n deben completarse para poder pasar a la p\u00e1gina siguiente.<\/div>\n<div class=\"qbox\">\n<div><\/div>\n<div class=\"lbox\"><input id=\"educational\" disabled=\"disabled\" name=\"check_list\" type=\"checkbox\" value=\"512\" \/> <a href=\"https:\/\/www.lstream.org\/wp-content\/uploads\/2025\/02\/Making-Blood-Donation-Safe.pdf\" onclick=\"clickmonitor('educational');\" target=\"_blank\" rel=\"noopener\" data-lf-fd-inspected-xbp1oaebojy8edvj=\"true\">Folleto educativo (haga clic aqu\u00ed para ingl\u00e9s)<\/a> \u00a0\u00a0\u00a0\u00a0<a href=\"https:\/\/www.lstream.org\/wp-content\/uploads\/2025\/02\/CA-Spanish-Making-Blood-Donation-Safe.pdf\" onclick=\"clickmonitor('educational');\" target=\"_blank\" rel=\"noopener\" data-lf-fd-inspected-xbp1oaebojy8edvj=\"true\">(haga clic aqu\u00ed para espa\u00f1ol)<\/a><\/div>\n<div class=\"rbox\">\n<div><\/div>\n<\/div>\n<\/div>\n<div class=\"qbox\">\n<div class=\"lbox\"><input name=\"check_list\" type=\"checkbox\" onclick=\"setNext();\" value=\"1024\" \/> He le\u00eddo y entiendo los materiales educativos previos a la donaci\u00f3n anteriores.<\/div>\n<div class=\"qbox\">\u00a0\u00a0\u00a0\u00a0\u00a0\u00a0\u00a0\u00a0\u00a0\u00a0\u00a0\u00a0\u00a0\u00a0\u00a0\u00a0\u00a0\u00a0\u00a0\u00a0\u00a0\u00a0\u00a0\u00a0\u00a0\u00a0\u00a0\u00a0\u00a0\u00a0 <input id=\"NextButton\" class=\"btn-2 step4\" style=\"max-width: 500px; visibility: hidden;\" type=\"submit\" value=\"CONTINUAR CON INFORMACI\u00d3N PERSONAL\" \/><\/div>\n<\/div>\n<input type=\"hidden\" name=\"trp-form-language\" value=\"es\"\/><\/form>\t\t\t\t\t\t\t\t<\/div>\n\t\t\t\t<\/div>\n\t\t\t\t\t<\/div>\n\t\t<\/div>\n\t\t\t\t\t<\/div>\n\t\t<\/section>\n\t\t\t\t<\/div>","protected":false},"excerpt":{"rendered":"<p>ExpressPass &#8211; Step 1 Read and verify the following statements. I am at least 15 years old (15-16 year-olds, please bring a\u00a0completed parental consent form\u00a0\u00a0\u00a0\u00a0\u00a0(Click here for Spanish). Proof of age is required for all donors under 18 and may be needed to verify the age of young adults. I understand that my\u00a0eligibility\u00a0to donate will [&hellip;]<\/p>\n","protected":false},"author":1,"featured_media":0,"parent":2190,"menu_order":0,"comment_status":"closed","ping_status":"closed","template":"","meta":{"_acf_changed":false,"footnotes":""},"class_list":["post-2199","page","type-page","status-publish","hentry"],"acf":[],"yoast_head":"<!-- This site is optimized with the Yoast SEO Premium plugin v27.2 (Yoast SEO v27.2) - https:\/\/yoast.com\/product\/yoast-seo-premium-wordpress\/ -->\n<title>ExpressPass Step 1 - LifeStream Blood Bank<\/title>\n<meta name=\"robots\" content=\"noindex, follow, max-snippet:-1, max-image-preview:large, max-video-preview:-1\" \/>\n<meta property=\"og:locale\" content=\"es_MX\" \/>\n<meta property=\"og:type\" content=\"article\" \/>\n<meta property=\"og:title\" content=\"ExpressPass Step 1\" \/>\n<meta property=\"og:description\" content=\"ExpressPass &#8211; Step 1 Read and verify the following statements. I am at least 15 years old (15-16 year-olds, please bring a\u00a0completed parental consent form\u00a0\u00a0\u00a0\u00a0\u00a0(Click here for Spanish). Proof of age is required for all donors under 18 and may be needed to verify the age of young adults. I understand that my\u00a0eligibility\u00a0to donate will [&hellip;]\" \/>\n<meta property=\"og:url\" content=\"https:\/\/www.lstream.org\/es\/expresspass\/expresspass1\/\" \/>\n<meta property=\"og:site_name\" content=\"LifeStream Blood Bank\" \/>\n<meta property=\"article:modified_time\" content=\"2025-03-06T16:50:34+00:00\" \/>\n<meta name=\"twitter:card\" content=\"summary_large_image\" \/>\n<meta name=\"twitter:label1\" content=\"Tiempo de lectura\" \/>\n\t<meta name=\"twitter:data1\" content=\"1 minuto\" \/>\n<script type=\"application\/ld+json\" class=\"yoast-schema-graph\">{\"@context\":\"https:\/\/schema.org\",\"@graph\":[{\"@type\":\"WebPage\",\"@id\":\"https:\/\/www.lstream.org\/expresspass\/expresspass1\/\",\"url\":\"https:\/\/www.lstream.org\/expresspass\/expresspass1\/\",\"name\":\"ExpressPass Step 1 - LifeStream Blood Bank\",\"isPartOf\":{\"@id\":\"https:\/\/www.lstream.org\/#website\"},\"datePublished\":\"2022-10-05T20:24:39+00:00\",\"dateModified\":\"2025-03-06T16:50:34+00:00\",\"breadcrumb\":{\"@id\":\"https:\/\/www.lstream.org\/expresspass\/expresspass1\/#breadcrumb\"},\"inLanguage\":\"es\",\"potentialAction\":[{\"@type\":\"ReadAction\",\"target\":[\"https:\/\/www.lstream.org\/expresspass\/expresspass1\/\"]}]},{\"@type\":\"BreadcrumbList\",\"@id\":\"https:\/\/www.lstream.org\/expresspass\/expresspass1\/#breadcrumb\",\"itemListElement\":[{\"@type\":\"ListItem\",\"position\":1,\"name\":\"Home\",\"item\":\"https:\/\/www.lstream.org\/\"},{\"@type\":\"ListItem\",\"position\":2,\"name\":\"ExpressPass\",\"item\":\"https:\/\/www.lstream.org\/expresspass\/\"},{\"@type\":\"ListItem\",\"position\":3,\"name\":\"ExpressPass Step 1\"}]},{\"@type\":\"WebSite\",\"@id\":\"https:\/\/www.lstream.org\/#website\",\"url\":\"https:\/\/www.lstream.org\/\",\"name\":\"LifeStream Blood Bank\",\"description\":\"\",\"publisher\":{\"@id\":\"https:\/\/www.lstream.org\/#organization\"},\"potentialAction\":[{\"@type\":\"SearchAction\",\"target\":{\"@type\":\"EntryPoint\",\"urlTemplate\":\"https:\/\/www.lstream.org\/?s={search_term_string}\"},\"query-input\":{\"@type\":\"PropertyValueSpecification\",\"valueRequired\":true,\"valueName\":\"search_term_string\"}}],\"inLanguage\":\"es\"},{\"@type\":\"Organization\",\"@id\":\"https:\/\/www.lstream.org\/#organization\",\"name\":\"LifeStream Blood Bank\",\"url\":\"https:\/\/www.lstream.org\/\",\"logo\":{\"@type\":\"ImageObject\",\"inLanguage\":\"es\",\"@id\":\"https:\/\/www.lstream.org\/#\/schema\/logo\/image\/\",\"url\":\"https:\/\/www.lstream.org\/wp-content\/uploads\/2022\/09\/Site-Logo.svg\",\"contentUrl\":\"https:\/\/www.lstream.org\/wp-content\/uploads\/2022\/09\/Site-Logo.svg\",\"width\":348,\"height\":82.3524,\"caption\":\"LifeStream Blood Bank\"},\"image\":{\"@id\":\"https:\/\/www.lstream.org\/#\/schema\/logo\/image\/\"}}]}<\/script>\n<!-- \/ Yoast SEO Premium plugin. -->","yoast_head_json":{"title":"ExpressPass Step 1 - LifeStream Blood Bank","robots":{"index":"noindex","follow":"follow","max-snippet":"max-snippet:-1","max-image-preview":"max-image-preview:large","max-video-preview":"max-video-preview:-1"},"og_locale":"es_MX","og_type":"article","og_title":"ExpressPass Step 1","og_description":"ExpressPass &#8211; Step 1 Read and verify the following statements. I am at least 15 years old (15-16 year-olds, please bring a\u00a0completed parental consent form\u00a0\u00a0\u00a0\u00a0\u00a0(Click here for Spanish). Proof of age is required for all donors under 18 and may be needed to verify the age of young adults. I understand that my\u00a0eligibility\u00a0to donate will [&hellip;]","og_url":"https:\/\/www.lstream.org\/es\/expresspass\/expresspass1\/","og_site_name":"LifeStream Blood Bank","article_modified_time":"2025-03-06T16:50:34+00:00","twitter_card":"summary_large_image","twitter_misc":{"Tiempo de lectura":"1 minuto"},"schema":{"@context":"https:\/\/schema.org","@graph":[{"@type":"WebPage","@id":"https:\/\/www.lstream.org\/expresspass\/expresspass1\/","url":"https:\/\/www.lstream.org\/expresspass\/expresspass1\/","name":"ExpressPass Step 1 - LifeStream Blood Bank","isPartOf":{"@id":"https:\/\/www.lstream.org\/#website"},"datePublished":"2022-10-05T20:24:39+00:00","dateModified":"2025-03-06T16:50:34+00:00","breadcrumb":{"@id":"https:\/\/www.lstream.org\/expresspass\/expresspass1\/#breadcrumb"},"inLanguage":"es","potentialAction":[{"@type":"ReadAction","target":["https:\/\/www.lstream.org\/expresspass\/expresspass1\/"]}]},{"@type":"BreadcrumbList","@id":"https:\/\/www.lstream.org\/expresspass\/expresspass1\/#breadcrumb","itemListElement":[{"@type":"ListItem","position":1,"name":"Home","item":"https:\/\/www.lstream.org\/"},{"@type":"ListItem","position":2,"name":"ExpressPass","item":"https:\/\/www.lstream.org\/expresspass\/"},{"@type":"ListItem","position":3,"name":"ExpressPass Step 1"}]},{"@type":"WebSite","@id":"https:\/\/www.lstream.org\/#website","url":"https:\/\/www.lstream.org\/","name":"Banco de sangre LifeStream","description":"","publisher":{"@id":"https:\/\/www.lstream.org\/#organization"},"potentialAction":[{"@type":"SearchAction","target":{"@type":"EntryPoint","urlTemplate":"https:\/\/www.lstream.org\/?s={search_term_string}"},"query-input":{"@type":"PropertyValueSpecification","valueRequired":true,"valueName":"search_term_string"}}],"inLanguage":"es"},{"@type":"Organization","@id":"https:\/\/www.lstream.org\/#organization","name":"Banco de sangre LifeStream","url":"https:\/\/www.lstream.org\/","logo":{"@type":"ImageObject","inLanguage":"es","@id":"https:\/\/www.lstream.org\/#\/schema\/logo\/image\/","url":"https:\/\/www.lstream.org\/wp-content\/uploads\/2022\/09\/Site-Logo.svg","contentUrl":"https:\/\/www.lstream.org\/wp-content\/uploads\/2022\/09\/Site-Logo.svg","width":348,"height":82.3524,"caption":"LifeStream Blood Bank"},"image":{"@id":"https:\/\/www.lstream.org\/#\/schema\/logo\/image\/"}}]}},"_links":{"self":[{"href":"https:\/\/www.lstream.org\/es\/wp-json\/wp\/v2\/pages\/2199","targetHints":{"allow":["GET"]}}],"collection":[{"href":"https:\/\/www.lstream.org\/es\/wp-json\/wp\/v2\/pages"}],"about":[{"href":"https:\/\/www.lstream.org\/es\/wp-json\/wp\/v2\/types\/page"}],"author":[{"embeddable":true,"href":"https:\/\/www.lstream.org\/es\/wp-json\/wp\/v2\/users\/1"}],"replies":[{"embeddable":true,"href":"https:\/\/www.lstream.org\/es\/wp-json\/wp\/v2\/comments?post=2199"}],"version-history":[{"count":282,"href":"https:\/\/www.lstream.org\/es\/wp-json\/wp\/v2\/pages\/2199\/revisions"}],"predecessor-version":[{"id":26328,"href":"https:\/\/www.lstream.org\/es\/wp-json\/wp\/v2\/pages\/2199\/revisions\/26328"}],"up":[{"embeddable":true,"href":"https:\/\/www.lstream.org\/es\/wp-json\/wp\/v2\/pages\/2190"}],"wp:attachment":[{"href":"https:\/\/www.lstream.org\/es\/wp-json\/wp\/v2\/media?parent=2199"}],"curies":[{"name":"wp","href":"https:\/\/api.w.org\/{rel}","templated":true}]}}