{"id":258,"date":"2022-09-07T21:29:50","date_gmt":"2022-09-07T21:29:50","guid":{"rendered":"https:\/\/www.lstream.org\/?page_id=258"},"modified":"2023-09-28T22:42:51","modified_gmt":"2023-09-28T22:42:51","slug":"facts-statistics","status":"publish","type":"page","link":"https:\/\/www.lstream.org\/es\/give-blood\/facts-statistics\/","title":{"rendered":"Hechos y estad\u00edsticas"},"content":{"rendered":"<div data-elementor-type=\"wp-page\" data-elementor-id=\"258\" class=\"elementor elementor-258\" data-elementor-post-type=\"page\">\n\t\t\t\t\t\t<section data-particle_enable=\"false\" data-particle-mobile-disabled=\"false\" class=\"elementor-section elementor-top-section elementor-element elementor-element-39010f0 elementor-section-full_width elementor-section-content-bottom elementor-section-height-default elementor-section-height-default\" data-id=\"39010f0\" data-element_type=\"section\" data-e-type=\"section\" data-settings=\"{&quot;background_background&quot;:&quot;classic&quot;}\">\n\t\t\t\t\t\t<div class=\"elementor-container elementor-column-gap-no\">\n\t\t\t\t\t<div class=\"elementor-column elementor-col-100 elementor-top-column elementor-element elementor-element-a85e137\" data-id=\"a85e137\" data-element_type=\"column\" data-e-type=\"column\">\n\t\t\t<div class=\"elementor-widget-wrap elementor-element-populated\">\n\t\t\t\t\t\t<div class=\"elementor-element elementor-element-8e5f243 elementor-widget elementor-widget-heading\" data-id=\"8e5f243\" data-element_type=\"widget\" data-e-type=\"widget\" data-widget_type=\"heading.default\">\n\t\t\t\t<div class=\"elementor-widget-container\">\n\t\t\t\t\t<h2 class=\"elementor-heading-title elementor-size-default\">Facts &amp; Statistics<\/h2>\t\t\t\t<\/div>\n\t\t\t\t<\/div>\n\t\t\t\t<div class=\"elementor-element elementor-element-70a64aa elementor-align-center elementor-widget elementor-widget-global elementor-global-2059 elementor-widget-breadcrumbs\" data-id=\"70a64aa\" data-element_type=\"widget\" data-e-type=\"widget\" data-widget_type=\"breadcrumbs.default\">\n\t\t\t\t<div class=\"elementor-widget-container\">\n\t\t\t\t\t<span id=\"breadcrumbs\"><span><span><a href=\"https:\/\/www.lstream.org\/es\/\">Hogar<\/a><\/span><\/span><\/span>\t\t\t\t<\/div>\n\t\t\t\t<\/div>\n\t\t\t\t\t<\/div>\n\t\t<\/div>\n\t\t\t\t\t<\/div>\n\t\t<\/section>\n\t\t\t\t<section data-particle_enable=\"false\" data-particle-mobile-disabled=\"false\" class=\"elementor-section elementor-top-section elementor-element elementor-element-5f8c5c7 elementor-section-boxed elementor-section-height-default elementor-section-height-default\" data-id=\"5f8c5c7\" data-element_type=\"section\" data-e-type=\"section\">\n\t\t\t\t\t\t<div class=\"elementor-container elementor-column-gap-default\">\n\t\t\t\t\t<div class=\"elementor-column elementor-col-50 elementor-top-column elementor-element elementor-element-ad5212c\" data-id=\"ad5212c\" data-element_type=\"column\" data-e-type=\"column\">\n\t\t\t<div class=\"elementor-widget-wrap elementor-element-populated\">\n\t\t\t\t\t\t<div class=\"elementor-element elementor-element-0822023 elementor-widget elementor-widget-heading\" data-id=\"0822023\" data-element_type=\"widget\" data-e-type=\"widget\" data-widget_type=\"heading.default\">\n\t\t\t\t<div class=\"elementor-widget-container\">\n\t\t\t\t\t<h2 class=\"elementor-heading-title elementor-size-default\">\u00bfSab\u00edas?<\/h2>\t\t\t\t<\/div>\n\t\t\t\t<\/div>\n\t\t\t\t<div class=\"elementor-element elementor-element-b2cd8a5 elementor-widget elementor-widget-text-editor\" data-id=\"b2cd8a5\" data-element_type=\"widget\" data-e-type=\"widget\" data-widget_type=\"text-editor.default\">\n\t\t\t\t<div class=\"elementor-widget-container\">\n\t\t\t\t\t\t\t\t\t<ul class=\"list\"><li>Una donaci\u00f3n puede ayudar a varios pacientes. Despu\u00e9s de la recolecci\u00f3n, los gl\u00f3bulos rojos, el plasma y las plaquetas se separan, almacenan y distribuyen por separado.<\/li><li>La sangre no se puede fabricar: s\u00f3lo puede proceder de donantes generosos.<\/li><li>La sangre se compone de 3 componentes principales: gl\u00f3bulos rojos, plasma y plaquetas.<\/li><li>La mayor\u00eda de los gl\u00f3bulos rojos donados deben usarse dentro de los 42 d\u00edas posteriores a su recolecci\u00f3n.<\/li><li>La af\u00e9resis es un modo de recolecci\u00f3n que permite a un donante administrar solo el componente sangu\u00edneo espec\u00edfico que necesitan los pacientes, como las plaquetas.<\/li><li>Las plaquetas son especialmente necesarias para los pacientes con c\u00e1ncer y deben usarse dentro de los 5 a 7 d\u00edas posteriores a su recolecci\u00f3n. Continuamente se necesitan nuevas donaciones.<\/li><li>Se necesitan todos los tipos de sangre para ayudar a los pacientes; la necesidad de tipo O negativo es especialmente aguda. S\u00f3lo el 7% de los residentes de EE.UU. tienen sangre \u201cuniversal\u201d.<\/li><li>1 de cada 7 personas que ingresan al hospital necesitar\u00e1n una transfusi\u00f3n de sangre.<\/li><li>Menos del 5% de la poblaci\u00f3n elegible para donar sangre lo hace.<\/li><li>Cada 2 segundos alguien necesita sangre.<\/li><li>La sangre constituye aproximadamente 8% del cuerpo humano.<\/li><\/ul>\t\t\t\t\t\t\t\t<\/div>\n\t\t\t\t<\/div>\n\t\t\t\t\t<\/div>\n\t\t<\/div>\n\t\t\t\t<div class=\"elementor-column elementor-col-50 elementor-top-column elementor-element elementor-element-0689df0\" data-id=\"0689df0\" data-element_type=\"column\" data-e-type=\"column\">\n\t\t\t<div class=\"elementor-widget-wrap elementor-element-populated\">\n\t\t\t\t\t\t<div class=\"elementor-element elementor-element-3212b33 elementor-widget elementor-widget-image\" data-id=\"3212b33\" data-element_type=\"widget\" data-e-type=\"widget\" data-widget_type=\"image.default\">\n\t\t\t\t<div class=\"elementor-widget-container\">\n\t\t\t\t\t\t\t\t\t\t\t\t<figure class=\"wp-caption\">\n\t\t\t\t\t\t\t\t\t\t\t<a href=\"https:\/\/www.lstream.org\/wp-content\/uploads\/2022\/10\/Facts-Stats-Halfsheet-1.png\" data-elementor-open-lightbox=\"yes\" data-elementor-lightbox-title=\"Facts-Stats-Halfsheet-1\" data-e-action-hash=\"#elementor-action%3Aaction%3Dlightbox%26settings%3DeyJpZCI6MjE4MywidXJsIjoiaHR0cHM6XC9cL3d3dy5sc3RyZWFtLm9yZ1wvd3AtY29udGVudFwvdXBsb2Fkc1wvMjAyMlwvMTBcL0ZhY3RzLVN0YXRzLUhhbGZzaGVldC0xLnBuZyJ9\">\n\t\t\t\t\t\t\t<img decoding=\"async\" src=\"https:\/\/www.lstream.org\/wp-content\/uploads\/elementor\/thumbs\/Facts-Stats-Halfsheet-1-pvqi45rd3p3d1q1r3ol7gftmk7ke2624qzdbt6xb0g.png\" title=\"Hechos-Estad\u00edsticas-Media hoja-1\" alt=\"Facts-Stats-Halfsheet-1\" loading=\"lazy\" \/>\t\t\t\t\t\t\t\t<\/a>\n\t\t\t\t\t\t\t\t\t\t\t<figcaption class=\"widget-image-caption wp-caption-text\">Haga clic para ampliar la imagen<\/figcaption>\n\t\t\t\t\t\t\t\t\t\t<\/figure>\n\t\t\t\t\t\t\t\t\t<\/div>\n\t\t\t\t<\/div>\n\t\t\t\t\t<\/div>\n\t\t<\/div>\n\t\t\t\t\t<\/div>\n\t\t<\/section>\n\t\t\t\t<section data-particle_enable=\"false\" data-particle-mobile-disabled=\"false\" class=\"elementor-section elementor-top-section elementor-element elementor-element-84c0256 elementor-section-full_width elementor-section-height-min-height elementor-section-items-stretch elementor-section-content-top elementor-section-height-default\" data-id=\"84c0256\" data-element_type=\"section\" data-e-type=\"section\">\n\t\t\t\t\t\t<div class=\"elementor-container elementor-column-gap-no\">\n\t\t\t\t\t<div class=\"elementor-column elementor-col-100 elementor-top-column elementor-element elementor-element-448bcc7\" data-id=\"448bcc7\" data-element_type=\"column\" data-e-type=\"column\">\n\t\t\t<div class=\"elementor-widget-wrap elementor-element-populated\">\n\t\t\t\t\t\t<div class=\"elementor-element elementor-element-2b3e31a elementor-widget elementor-widget-heading\" data-id=\"2b3e31a\" data-element_type=\"widget\" data-e-type=\"widget\" data-widget_type=\"heading.default\">\n\t\t\t\t<div class=\"elementor-widget-container\">\n\t\t\t\t\t<h2 class=\"elementor-heading-title elementor-size-default\">Cada 2 segundos, alguien en EE. UU. necesita sangre<\/h2>\t\t\t\t<\/div>\n\t\t\t\t<\/div>\n\t\t\t\t<section data-particle_enable=\"false\" data-particle-mobile-disabled=\"false\" class=\"elementor-section elementor-inner-section elementor-element elementor-element-4ff96f1 elementor-reverse-mobile elementor-section-height-min-height elementor-section-boxed elementor-section-height-default\" data-id=\"4ff96f1\" data-element_type=\"section\" data-e-type=\"section\">\n\t\t\t\t\t\t<div class=\"elementor-container elementor-column-gap-default\">\n\t\t\t\t\t<div class=\"elementor-column elementor-col-50 elementor-inner-column elementor-element elementor-element-05d2aa1\" data-id=\"05d2aa1\" data-element_type=\"column\" data-e-type=\"column\" data-settings=\"{&quot;background_background&quot;:&quot;classic&quot;}\">\n\t\t\t<div class=\"elementor-widget-wrap elementor-element-populated\">\n\t\t\t\t\t\t<div class=\"elementor-element elementor-element-f8b76e5 elementor-widget elementor-widget-spacer\" data-id=\"f8b76e5\" data-element_type=\"widget\" data-e-type=\"widget\" data-widget_type=\"spacer.default\">\n\t\t\t\t<div class=\"elementor-widget-container\">\n\t\t\t\t\t\t\t<div class=\"elementor-spacer\">\n\t\t\t<div class=\"elementor-spacer-inner\"><\/div>\n\t\t<\/div>\n\t\t\t\t\t\t<\/div>\n\t\t\t\t<\/div>\n\t\t\t\t\t<\/div>\n\t\t<\/div>\n\t\t\t\t<div class=\"elementor-column elementor-col-50 elementor-inner-column elementor-element elementor-element-05cf2b2\" data-id=\"05cf2b2\" data-element_type=\"column\" data-e-type=\"column\" data-settings=\"{&quot;background_background&quot;:&quot;classic&quot;}\">\n\t\t\t<div class=\"elementor-widget-wrap elementor-element-populated\">\n\t\t\t\t\t\t<div class=\"elementor-element elementor-element-32fe013 elementor-widget elementor-widget-heading\" data-id=\"32fe013\" data-element_type=\"widget\" data-e-type=\"widget\" data-widget_type=\"heading.default\">\n\t\t\t\t<div class=\"elementor-widget-container\">\n\t\t\t\t\t<h2 class=\"elementor-heading-title elementor-size-default\">Importancia de la donaci\u00f3n de sangre<\/h2>\t\t\t\t<\/div>\n\t\t\t\t<\/div>\n\t\t\t\t<div class=\"elementor-element elementor-element-dcd7b7d elementor-widget elementor-widget-text-editor\" data-id=\"dcd7b7d\" data-element_type=\"widget\" data-e-type=\"widget\" data-widget_type=\"text-editor.default\">\n\t\t\t\t<div class=\"elementor-widget-container\">\n\t\t\t\t\t\t\t\t\t<div><p>Nadie quiere estar en la situaci\u00f3n de necesitar sangre para mantener la salud, combatir enfermedades o recuperarse de una lesi\u00f3n; sin embargo, 1 de cada 4 de nosotros, en alg\u00fan momento de nuestra vida, requerir\u00e1 de una transfusi\u00f3n de sangre.<\/p><\/div><ul><li>Un receptor de trasplante de h\u00edgado necesita aprox. 45 unidades de gl\u00f3bulos rojos, plasma y plaquetas.<\/li><li>Los pacientes de cirug\u00eda card\u00edaca pueden necesitar 7 unidades de gl\u00f3bulos rojos y plaquetas.<\/li><li>Un receptor de trasplante de m\u00e9dula necesita hasta 45 unidades de gl\u00f3bulos rojos y plaquetas.<\/li><li>Las v\u00edctimas de traumatismos pueden necesitar hasta 50 unidades de gl\u00f3bulos rojos, plaquetas y plasma.<\/li><li>Los pacientes con anemia falciforme necesitan de 2 a 10 unidades de gl\u00f3bulos rojos por tratamiento.<\/li><\/ul><p><strong><br \/>Para obtener m\u00e1s informaci\u00f3n sobre las vidas salvadas gracias a las donaciones de sangre, haga clic <a href=\"https:\/\/www.lstream.org\/es\/about-us\/community-impact\/lives-saved\/\">aqu\u00ed<\/a>.\u00a0<\/strong><\/p>\t\t\t\t\t\t\t\t<\/div>\n\t\t\t\t<\/div>\n\t\t\t\t\t<\/div>\n\t\t<\/div>\n\t\t\t\t\t<\/div>\n\t\t<\/section>\n\t\t\t\t<div class=\"elementor-element elementor-element-8bdf531 elementor-widget-divider--view-line elementor-widget elementor-widget-divider\" data-id=\"8bdf531\" data-element_type=\"widget\" data-e-type=\"widget\" data-widget_type=\"divider.default\">\n\t\t\t\t<div class=\"elementor-widget-container\">\n\t\t\t\t\t\t\t<div class=\"elementor-divider\">\n\t\t\t<span class=\"elementor-divider-separator\">\n\t\t\t\t\t\t<\/span>\n\t\t<\/div>\n\t\t\t\t\t\t<\/div>\n\t\t\t\t<\/div>\n\t\t\t\t\t<\/div>\n\t\t<\/div>\n\t\t\t\t\t<\/div>\n\t\t<\/section>\n\t\t\t\t<\/div>","protected":false},"excerpt":{"rendered":"<p>Facts &#038; Statistics Did You Know? One donation can help multiple patients. Following collection, red blood cells, plasma and platelets are separated, stored and distributed separately. Blood cannot be manufactured\u2013it can only come from generous donors. Blood is composed of 3 main components: red cells, plasma and platelets. Most donated red blood cells must be [&hellip;]<\/p>\n","protected":false},"author":1,"featured_media":0,"parent":129,"menu_order":6,"comment_status":"closed","ping_status":"closed","template":"elementor_header_footer","meta":{"_acf_changed":false,"footnotes":""},"class_list":["post-258","page","type-page","status-publish","hentry"],"acf":[],"yoast_head":"<!-- This site is optimized with the Yoast SEO Premium plugin v27.2 (Yoast SEO v27.2) - https:\/\/yoast.com\/product\/yoast-seo-premium-wordpress\/ -->\n<title>Facts &amp; Statistics - LifeStream Blood Bank<\/title>\n<meta name=\"robots\" content=\"noindex, follow, max-snippet:-1, max-image-preview:large, max-video-preview:-1\" \/>\n<meta property=\"og:locale\" content=\"es_MX\" \/>\n<meta property=\"og:type\" content=\"article\" \/>\n<meta property=\"og:title\" content=\"Facts &amp; Statistics\" \/>\n<meta property=\"og:description\" content=\"Facts &#038; Statistics Did You Know? One donation can help multiple patients. Following collection, red blood cells, plasma and platelets are separated, stored and distributed separately. Blood cannot be manufactured\u2013it can only come from generous donors. Blood is composed of 3 main components: red cells, plasma and platelets. Most donated red blood cells must be [&hellip;]\" \/>\n<meta property=\"og:url\" content=\"https:\/\/www.lstream.org\/es\/give-blood\/facts-statistics\/\" \/>\n<meta property=\"og:site_name\" content=\"LifeStream Blood Bank\" \/>\n<meta property=\"article:modified_time\" content=\"2023-09-28T22:42:51+00:00\" \/>\n<meta property=\"og:image\" content=\"https:\/\/www.lstream.org\/wp-content\/uploads\/elementor\/thumbs\/Facts-Stats-Halfsheet-1-pvqi45rd3p3d1q1r3ol7gftmk7ke2624qzdbt6xb0g.png\" \/>\n<meta name=\"twitter:card\" content=\"summary_large_image\" \/>\n<meta name=\"twitter:label1\" content=\"Tiempo de lectura\" \/>\n\t<meta name=\"twitter:data1\" content=\"2 minutos\" \/>\n<script type=\"application\/ld+json\" class=\"yoast-schema-graph\">{\"@context\":\"https:\/\/schema.org\",\"@graph\":[{\"@type\":\"WebPage\",\"@id\":\"https:\/\/www.lstream.org\/give-blood\/facts-statistics\/\",\"url\":\"https:\/\/www.lstream.org\/give-blood\/facts-statistics\/\",\"name\":\"Facts & Statistics - LifeStream Blood Bank\",\"isPartOf\":{\"@id\":\"https:\/\/www.lstream.org\/#website\"},\"primaryImageOfPage\":{\"@id\":\"https:\/\/www.lstream.org\/give-blood\/facts-statistics\/#primaryimage\"},\"image\":{\"@id\":\"https:\/\/www.lstream.org\/give-blood\/facts-statistics\/#primaryimage\"},\"thumbnailUrl\":\"https:\/\/www.lstream.org\/wp-content\/uploads\/elementor\/thumbs\/Facts-Stats-Halfsheet-1-pvqi45rd3p3d1q1r3ol7gftmk7ke2624qzdbt6xb0g.png\",\"datePublished\":\"2022-09-07T21:29:50+00:00\",\"dateModified\":\"2023-09-28T22:42:51+00:00\",\"breadcrumb\":{\"@id\":\"https:\/\/www.lstream.org\/give-blood\/facts-statistics\/#breadcrumb\"},\"inLanguage\":\"es\",\"potentialAction\":[{\"@type\":\"ReadAction\",\"target\":[\"https:\/\/www.lstream.org\/give-blood\/facts-statistics\/\"]}]},{\"@type\":\"ImageObject\",\"inLanguage\":\"es\",\"@id\":\"https:\/\/www.lstream.org\/give-blood\/facts-statistics\/#primaryimage\",\"url\":\"https:\/\/www.lstream.org\/wp-content\/uploads\/elementor\/thumbs\/Facts-Stats-Halfsheet-1-pvqi45rd3p3d1q1r3ol7gftmk7ke2624qzdbt6xb0g.png\",\"contentUrl\":\"https:\/\/www.lstream.org\/wp-content\/uploads\/elementor\/thumbs\/Facts-Stats-Halfsheet-1-pvqi45rd3p3d1q1r3ol7gftmk7ke2624qzdbt6xb0g.png\"},{\"@type\":\"BreadcrumbList\",\"@id\":\"https:\/\/www.lstream.org\/give-blood\/facts-statistics\/#breadcrumb\",\"itemListElement\":[{\"@type\":\"ListItem\",\"position\":1,\"name\":\"Home\",\"item\":\"https:\/\/www.lstream.org\/\"},{\"@type\":\"ListItem\",\"position\":2,\"name\":\"Give Blood\",\"item\":\"https:\/\/www.lstream.org\/give-blood\/\"},{\"@type\":\"ListItem\",\"position\":3,\"name\":\"Facts &#038; Statistics\"}]},{\"@type\":\"WebSite\",\"@id\":\"https:\/\/www.lstream.org\/#website\",\"url\":\"https:\/\/www.lstream.org\/\",\"name\":\"LifeStream Blood Bank\",\"description\":\"\",\"publisher\":{\"@id\":\"https:\/\/www.lstream.org\/#organization\"},\"potentialAction\":[{\"@type\":\"SearchAction\",\"target\":{\"@type\":\"EntryPoint\",\"urlTemplate\":\"https:\/\/www.lstream.org\/?s={search_term_string}\"},\"query-input\":{\"@type\":\"PropertyValueSpecification\",\"valueRequired\":true,\"valueName\":\"search_term_string\"}}],\"inLanguage\":\"es\"},{\"@type\":\"Organization\",\"@id\":\"https:\/\/www.lstream.org\/#organization\",\"name\":\"LifeStream Blood Bank\",\"url\":\"https:\/\/www.lstream.org\/\",\"logo\":{\"@type\":\"ImageObject\",\"inLanguage\":\"es\",\"@id\":\"https:\/\/www.lstream.org\/#\/schema\/logo\/image\/\",\"url\":\"https:\/\/www.lstream.org\/wp-content\/uploads\/2022\/09\/Site-Logo.svg\",\"contentUrl\":\"https:\/\/www.lstream.org\/wp-content\/uploads\/2022\/09\/Site-Logo.svg\",\"width\":348,\"height\":82.3524,\"caption\":\"LifeStream Blood Bank\"},\"image\":{\"@id\":\"https:\/\/www.lstream.org\/#\/schema\/logo\/image\/\"}}]}<\/script>\n<!-- \/ Yoast SEO Premium plugin. -->","yoast_head_json":{"title":"Facts & Statistics - LifeStream Blood Bank","robots":{"index":"noindex","follow":"follow","max-snippet":"max-snippet:-1","max-image-preview":"max-image-preview:large","max-video-preview":"max-video-preview:-1"},"og_locale":"es_MX","og_type":"article","og_title":"Facts & Statistics","og_description":"Facts &#038; Statistics Did You Know? One donation can help multiple patients. Following collection, red blood cells, plasma and platelets are separated, stored and distributed separately. Blood cannot be manufactured\u2013it can only come from generous donors. Blood is composed of 3 main components: red cells, plasma and platelets. Most donated red blood cells must be [&hellip;]","og_url":"https:\/\/www.lstream.org\/es\/give-blood\/facts-statistics\/","og_site_name":"LifeStream Blood Bank","article_modified_time":"2023-09-28T22:42:51+00:00","og_image":[{"url":"https:\/\/www.lstream.org\/wp-content\/uploads\/elementor\/thumbs\/Facts-Stats-Halfsheet-1-pvqi45rd3p3d1q1r3ol7gftmk7ke2624qzdbt6xb0g.png","type":"","width":"","height":""}],"twitter_card":"summary_large_image","twitter_misc":{"Tiempo de lectura":"2 minutos"},"schema":{"@context":"https:\/\/schema.org","@graph":[{"@type":"WebPage","@id":"https:\/\/www.lstream.org\/give-blood\/facts-statistics\/","url":"https:\/\/www.lstream.org\/give-blood\/facts-statistics\/","name":"Facts & Statistics - LifeStream Blood Bank","isPartOf":{"@id":"https:\/\/www.lstream.org\/#website"},"primaryImageOfPage":{"@id":"https:\/\/www.lstream.org\/give-blood\/facts-statistics\/#primaryimage"},"image":{"@id":"https:\/\/www.lstream.org\/give-blood\/facts-statistics\/#primaryimage"},"thumbnailUrl":"https:\/\/www.lstream.org\/wp-content\/uploads\/elementor\/thumbs\/Facts-Stats-Halfsheet-1-pvqi45rd3p3d1q1r3ol7gftmk7ke2624qzdbt6xb0g.png","datePublished":"2022-09-07T21:29:50+00:00","dateModified":"2023-09-28T22:42:51+00:00","breadcrumb":{"@id":"https:\/\/www.lstream.org\/give-blood\/facts-statistics\/#breadcrumb"},"inLanguage":"es","potentialAction":[{"@type":"ReadAction","target":["https:\/\/www.lstream.org\/give-blood\/facts-statistics\/"]}]},{"@type":"ImageObject","inLanguage":"es","@id":"https:\/\/www.lstream.org\/give-blood\/facts-statistics\/#primaryimage","url":"https:\/\/www.lstream.org\/wp-content\/uploads\/elementor\/thumbs\/Facts-Stats-Halfsheet-1-pvqi45rd3p3d1q1r3ol7gftmk7ke2624qzdbt6xb0g.png","contentUrl":"https:\/\/www.lstream.org\/wp-content\/uploads\/elementor\/thumbs\/Facts-Stats-Halfsheet-1-pvqi45rd3p3d1q1r3ol7gftmk7ke2624qzdbt6xb0g.png"},{"@type":"BreadcrumbList","@id":"https:\/\/www.lstream.org\/give-blood\/facts-statistics\/#breadcrumb","itemListElement":[{"@type":"ListItem","position":1,"name":"Home","item":"https:\/\/www.lstream.org\/"},{"@type":"ListItem","position":2,"name":"Give Blood","item":"https:\/\/www.lstream.org\/give-blood\/"},{"@type":"ListItem","position":3,"name":"Facts &#038; Statistics"}]},{"@type":"WebSite","@id":"https:\/\/www.lstream.org\/#website","url":"https:\/\/www.lstream.org\/","name":"Banco de sangre LifeStream","description":"","publisher":{"@id":"https:\/\/www.lstream.org\/#organization"},"potentialAction":[{"@type":"SearchAction","target":{"@type":"EntryPoint","urlTemplate":"https:\/\/www.lstream.org\/?s={search_term_string}"},"query-input":{"@type":"PropertyValueSpecification","valueRequired":true,"valueName":"search_term_string"}}],"inLanguage":"es"},{"@type":"Organization","@id":"https:\/\/www.lstream.org\/#organization","name":"Banco de sangre LifeStream","url":"https:\/\/www.lstream.org\/","logo":{"@type":"ImageObject","inLanguage":"es","@id":"https:\/\/www.lstream.org\/#\/schema\/logo\/image\/","url":"https:\/\/www.lstream.org\/wp-content\/uploads\/2022\/09\/Site-Logo.svg","contentUrl":"https:\/\/www.lstream.org\/wp-content\/uploads\/2022\/09\/Site-Logo.svg","width":348,"height":82.3524,"caption":"LifeStream Blood Bank"},"image":{"@id":"https:\/\/www.lstream.org\/#\/schema\/logo\/image\/"}}]}},"_links":{"self":[{"href":"https:\/\/www.lstream.org\/es\/wp-json\/wp\/v2\/pages\/258","targetHints":{"allow":["GET"]}}],"collection":[{"href":"https:\/\/www.lstream.org\/es\/wp-json\/wp\/v2\/pages"}],"about":[{"href":"https:\/\/www.lstream.org\/es\/wp-json\/wp\/v2\/types\/page"}],"author":[{"embeddable":true,"href":"https:\/\/www.lstream.org\/es\/wp-json\/wp\/v2\/users\/1"}],"replies":[{"embeddable":true,"href":"https:\/\/www.lstream.org\/es\/wp-json\/wp\/v2\/comments?post=258"}],"version-history":[{"count":100,"href":"https:\/\/www.lstream.org\/es\/wp-json\/wp\/v2\/pages\/258\/revisions"}],"predecessor-version":[{"id":23850,"href":"https:\/\/www.lstream.org\/es\/wp-json\/wp\/v2\/pages\/258\/revisions\/23850"}],"up":[{"embeddable":true,"href":"https:\/\/www.lstream.org\/es\/wp-json\/wp\/v2\/pages\/129"}],"wp:attachment":[{"href":"https:\/\/www.lstream.org\/es\/wp-json\/wp\/v2\/media?parent=258"}],"curies":[{"name":"wp","href":"https:\/\/api.w.org\/{rel}","templated":true}]}}