{"id":25994,"date":"2025-01-02T21:14:47","date_gmt":"2025-01-02T21:14:47","guid":{"rendered":"https:\/\/www.lstream.org\/?page_id=25994"},"modified":"2026-01-06T20:45:13","modified_gmt":"2026-01-06T20:45:13","slug":"platelet-gold-club","status":"publish","type":"page","link":"https:\/\/www.lstream.org\/es\/promotions\/platelet-gold-club\/","title":{"rendered":"Club de Plaquetas de Oro"},"content":{"rendered":"<div data-elementor-type=\"wp-page\" data-elementor-id=\"25994\" class=\"elementor elementor-25994\" data-elementor-post-type=\"page\">\n\t\t\t\t\t\t<section data-particle_enable=\"false\" data-particle-mobile-disabled=\"false\" class=\"elementor-section elementor-top-section elementor-element elementor-element-3876e22 elementor-section-boxed elementor-section-height-default elementor-section-height-default\" data-id=\"3876e22\" data-element_type=\"section\" data-e-type=\"section\">\n\t\t\t\t\t\t<div class=\"elementor-container elementor-column-gap-default\">\n\t\t\t\t\t<div class=\"elementor-column elementor-col-100 elementor-top-column elementor-element elementor-element-c519aa4\" data-id=\"c519aa4\" data-element_type=\"column\" data-e-type=\"column\">\n\t\t\t<div class=\"elementor-widget-wrap elementor-element-populated\">\n\t\t\t\t\t\t<div class=\"elementor-element elementor-element-3894038 elementor-widget elementor-widget-image\" data-id=\"3894038\" data-element_type=\"widget\" data-e-type=\"widget\" data-widget_type=\"image.default\">\n\t\t\t\t<div class=\"elementor-widget-container\">\n\t\t\t\t\t\t\t\t\t\t\t\t\t\t\t<img decoding=\"async\" src=\"https:\/\/www.lstream.org\/wp-content\/uploads\/2026\/01\/Platelet-Gold-Club-2026.png\" title=\"Platelet Gold Club 2026\" alt=\"Platelet Gold Club 2026\" loading=\"lazy\" \/>\t\t\t\t\t\t\t\t\t\t\t\t\t\t\t<\/div>\n\t\t\t\t<\/div>\n\t\t\t\t<div class=\"elementor-element elementor-element-9213d2d elementor-widget elementor-widget-spacer\" data-id=\"9213d2d\" data-element_type=\"widget\" data-e-type=\"widget\" data-widget_type=\"spacer.default\">\n\t\t\t\t<div class=\"elementor-widget-container\">\n\t\t\t\t\t\t\t<div class=\"elementor-spacer\">\n\t\t\t<div class=\"elementor-spacer-inner\"><\/div>\n\t\t<\/div>\n\t\t\t\t\t\t<\/div>\n\t\t\t\t<\/div>\n\t\t\t\t\t<\/div>\n\t\t<\/div>\n\t\t\t\t\t<\/div>\n\t\t<\/section>\n\t\t\t\t<section data-particle_enable=\"false\" data-particle-mobile-disabled=\"false\" class=\"elementor-section elementor-top-section elementor-element elementor-element-30fccfd elementor-section-boxed elementor-section-height-default elementor-section-height-default\" data-id=\"30fccfd\" data-element_type=\"section\" data-e-type=\"section\">\n\t\t\t\t\t\t<div class=\"elementor-container elementor-column-gap-default\">\n\t\t\t\t\t<div class=\"elementor-column elementor-col-50 elementor-top-column elementor-element elementor-element-3bb4c4e\" data-id=\"3bb4c4e\" data-element_type=\"column\" data-e-type=\"column\">\n\t\t\t<div class=\"elementor-widget-wrap elementor-element-populated\">\n\t\t\t\t\t\t<div class=\"elementor-element elementor-element-b6b2bb7 elementor-widget elementor-widget-image\" data-id=\"b6b2bb7\" data-element_type=\"widget\" data-e-type=\"widget\" data-widget_type=\"image.default\">\n\t\t\t\t<div class=\"elementor-widget-container\">\n\t\t\t\t\t\t\t\t\t\t\t\t\t\t\t<img fetchpriority=\"high\" decoding=\"async\" width=\"2048\" height=\"1365\" src=\"https:\/\/www.lstream.org\/wp-content\/uploads\/2025\/01\/Untitled-design-10.png\" class=\"attachment-full size-full wp-image-25997\" alt=\"\" srcset=\"https:\/\/www.lstream.org\/wp-content\/uploads\/2025\/01\/Untitled-design-10.png 2048w, https:\/\/www.lstream.org\/wp-content\/uploads\/2025\/01\/Untitled-design-10-300x200.png 300w, https:\/\/www.lstream.org\/wp-content\/uploads\/2025\/01\/Untitled-design-10-1024x683.png 1024w, https:\/\/www.lstream.org\/wp-content\/uploads\/2025\/01\/Untitled-design-10-768x512.png 768w, https:\/\/www.lstream.org\/wp-content\/uploads\/2025\/01\/Untitled-design-10-1536x1024.png 1536w, https:\/\/www.lstream.org\/wp-content\/uploads\/2025\/01\/Untitled-design-10-18x12.png 18w\" sizes=\"(max-width: 2048px) 100vw, 2048px\" \/>\t\t\t\t\t\t\t\t\t\t\t\t\t\t\t<\/div>\n\t\t\t\t<\/div>\n\t\t\t\t<div class=\"elementor-element elementor-element-b490d27 elementor-widget elementor-widget-spacer\" data-id=\"b490d27\" data-element_type=\"widget\" data-e-type=\"widget\" data-widget_type=\"spacer.default\">\n\t\t\t\t<div class=\"elementor-widget-container\">\n\t\t\t\t\t\t\t<div class=\"elementor-spacer\">\n\t\t\t<div class=\"elementor-spacer-inner\"><\/div>\n\t\t<\/div>\n\t\t\t\t\t\t<\/div>\n\t\t\t\t<\/div>\n\t\t\t\t\t<\/div>\n\t\t<\/div>\n\t\t\t\t<div class=\"elementor-column elementor-col-50 elementor-top-column elementor-element elementor-element-2964a1e\" data-id=\"2964a1e\" data-element_type=\"column\" data-e-type=\"column\">\n\t\t\t<div class=\"elementor-widget-wrap elementor-element-populated\">\n\t\t\t\t\t\t<div class=\"elementor-element elementor-element-2ce7a65 elementor-widget elementor-widget-heading\" data-id=\"2ce7a65\" data-element_type=\"widget\" data-e-type=\"widget\" data-widget_type=\"heading.default\">\n\t\t\t\t<div class=\"elementor-widget-container\">\n\t\t\t\t\t<h2 class=\"elementor-heading-title elementor-size-default\">\u00a1Se re\u00fanen los donantes de plaquetas!<\/h2>\t\t\t\t<\/div>\n\t\t\t\t<\/div>\n\t\t\t\t<div class=\"elementor-element elementor-element-583cf2b elementor-widget elementor-widget-text-editor\" data-id=\"583cf2b\" data-element_type=\"widget\" data-e-type=\"widget\" data-widget_type=\"text-editor.default\">\n\t\t\t\t<div class=\"elementor-widget-container\">\n\t\t\t\t\t\t\t\t\t<p data-start=\"62\" data-end=\"410\">\u00a0<\/p><p data-start=\"62\" data-end=\"410\"><strong data-start=\"62\" data-end=\"125\">Introducing the 2026 Platelet Gold Club Rewards Collection!<\/strong><\/p><p data-start=\"62\" data-end=\"410\">Earn exclusive items every time you hit a platelet donation milestone. Donors are automatically enrolled in the Platelet Gold Club after donating platelets. Once you reach a milestone, your exclusive reward will be given to you immediately after your donation at the donor center.<\/p><p>Las plaquetas son un recurso especial y escaso. Muchos pacientes, incluidos adultos y ni\u00f1os que luchan contra el c\u00e1ncer de sangre y otros tipos de c\u00e1ncer, necesitan desesperadamente transfusiones frecuentes de plaquetas para salvar sus vidas.<\/p><p>Every platelet donation earns you exclusive rewards such as gift cards, event tickets, and points worth $30 to $70 that can be redeemed in our Donor Store. Maximize your platelet rewards by donating up to 24 times per year. Frequent platelet donors can earn hundreds of dollars or more in value annually in addition to milestone gifts.<\/p><div class=\"is-layout-flow wp-block-group\"><div>\u00a0<\/div><div class=\"wp-block-group__inner-container\"><strong>En las siguientes donaciones clave, los donantes de plaquetas recibir\u00e1n el siguiente art\u00edculo:<\/strong><\/div><div>\u00a0<\/div><\/div><div class=\"is-layout-flow wp-block-group\"><div class=\"wp-block-group__inner-container\"><p>A Platelet Gold Club <strong>Crossbody Sling<\/strong> en donaci\u00f3n<strong> #2<\/strong><\/p><p>A Platelet Gold Club<strong> Soft-Textured Blanket<\/strong>\u00a0en donaci\u00f3n<strong> #6<\/strong><\/p><p>A Platelet Gold Club<strong> JBL Wireless Buds<\/strong>\u00a0en donaci\u00f3n<strong> #12<\/strong><\/p><p>A Platelet Gold Club <strong>Ogio Full-Zip Jacket<\/strong> en donaci\u00f3n<strong> #19<\/strong><\/p><\/div><\/div>\t\t\t\t\t\t\t\t<\/div>\n\t\t\t\t<\/div>\n\t\t\t\t\t<\/div>\n\t\t<\/div>\n\t\t\t\t\t<\/div>\n\t\t<\/section>\n\t\t\t\t<section data-particle_enable=\"false\" data-particle-mobile-disabled=\"false\" class=\"elementor-section elementor-top-section elementor-element elementor-element-e6adade elementor-section-boxed elementor-section-height-default elementor-section-height-default\" data-id=\"e6adade\" data-element_type=\"section\" data-e-type=\"section\">\n\t\t\t\t\t\t<div class=\"elementor-container elementor-column-gap-default\">\n\t\t\t\t\t<div class=\"elementor-column elementor-col-100 elementor-top-column elementor-element elementor-element-c9223c6\" data-id=\"c9223c6\" data-element_type=\"column\" data-e-type=\"column\">\n\t\t\t<div class=\"elementor-widget-wrap elementor-element-populated\">\n\t\t\t\t\t\t<div class=\"elementor-element elementor-element-4f90d8a elementor-widget elementor-widget-heading\" data-id=\"4f90d8a\" data-element_type=\"widget\" data-e-type=\"widget\" data-widget_type=\"heading.default\">\n\t\t\t\t<div class=\"elementor-widget-container\">\n\t\t\t\t\t<h2 class=\"elementor-heading-title elementor-size-default\">Earn $30 to $70 in Rewards Points with Every Platelet Donation, Plus Exclusive Milestone Items!<\/h2>\t\t\t\t<\/div>\n\t\t\t\t<\/div>\n\t\t\t\t<div class=\"elementor-element elementor-element-cb2a70e elementor-widget elementor-widget-text-editor\" data-id=\"cb2a70e\" data-element_type=\"widget\" data-e-type=\"widget\" data-widget_type=\"text-editor.default\">\n\t\t\t\t<div class=\"elementor-widget-container\">\n\t\t\t\t\t\t\t\t\t<p>\u00a0<\/p><p><strong>The more you donate, the more you can earn. Redeem your points for exciting rewards in the <a href=\"https:\/\/www.lstream.org\/es\/donorstore\/\">Tienda de donantes<\/a>!<\/strong><\/p>\t\t\t\t\t\t\t\t<\/div>\n\t\t\t\t<\/div>\n\t\t\t\t<div class=\"elementor-element elementor-element-7336dec elementor-widget elementor-widget-heading\" data-id=\"7336dec\" data-element_type=\"widget\" data-e-type=\"widget\" data-widget_type=\"heading.default\">\n\t\t\t\t<div class=\"elementor-widget-container\">\n\t\t\t\t\t<h2 class=\"elementor-heading-title elementor-size-default\">Platelet donation FAQ's<\/h2>\t\t\t\t<\/div>\n\t\t\t\t<\/div>\n\t\t\t\t<div class=\"elementor-element elementor-element-685cbfd elementor-widget elementor-widget-text-editor\" data-id=\"685cbfd\" data-element_type=\"widget\" data-e-type=\"widget\" data-widget_type=\"text-editor.default\">\n\t\t\t\t<div class=\"elementor-widget-container\">\n\t\t\t\t\t\t\t\t\t<p><br \/><strong>\u00bfCu\u00e1nto tiempo se tarda?<\/strong><\/p><p>Una donaci\u00f3n de plaquetas tarda aproximadamente 2 horas en completarse desde el registro hasta el comedor. Este tiempo puede variar seg\u00fan el donante.<\/p><p><strong>\u00bfCon qu\u00e9 frecuencia puedo donar plaquetas?<\/strong><\/p><p>Puedes donar plaquetas cada 7 d\u00edas, hasta 24 veces al a\u00f1o.<\/p><p><strong>Para m\u00e1s informaci\u00f3n sobre las plaquetas haga clic <a href=\"https:\/\/www.lstream.org\/es\/give-blood\/facts-statistics\/iron-your-blood-donation\/iron-in-young-donors\/apheresis\/platelets\/\"><span style=\"color: #d32027;\">aqu\u00ed<\/span><\/a>.<\/strong><\/p><p>\u00a0<\/p><hr \/><p><strong data-rich-text-format-boundary=\"true\"><br \/>Para programar una cita, haga clic <span style=\"color: #000000;\"><a style=\"color: #000000;\" href=\"https:\/\/giftoflife.lstream.org\/donor\/schedules\/zip\">aqu\u00ed<\/a> <\/span>\u00a1O llame al 800-879-4484 o descargue la aplicaci\u00f3n m\u00f3vil LifeStream! <\/strong>Los pacientes necesitan su ayuda.<\/p><p>No olvides usar\u00a0<a href=\"https:\/\/www.lstream.org\/es\/expresspass\/\">Pase expreso\u00a0<\/a>para acelerar su proceso de donaci\u00f3n.<\/p>\t\t\t\t\t\t\t\t<\/div>\n\t\t\t\t<\/div>\n\t\t\t\t<div class=\"elementor-element elementor-element-8a932f6 elementor-widget elementor-widget-spacer\" data-id=\"8a932f6\" data-element_type=\"widget\" data-e-type=\"widget\" data-widget_type=\"spacer.default\">\n\t\t\t\t<div class=\"elementor-widget-container\">\n\t\t\t\t\t\t\t<div class=\"elementor-spacer\">\n\t\t\t<div class=\"elementor-spacer-inner\"><\/div>\n\t\t<\/div>\n\t\t\t\t\t\t<\/div>\n\t\t\t\t<\/div>\n\t\t\t\t<div class=\"elementor-element elementor-element-6d1beab elementor-widget elementor-widget-image\" data-id=\"6d1beab\" data-element_type=\"widget\" data-e-type=\"widget\" data-widget_type=\"image.default\">\n\t\t\t\t<div class=\"elementor-widget-container\">\n\t\t\t\t\t\t\t\t\t\t\t\t\t\t\t<img decoding=\"async\" src=\"https:\/\/www.lstream.org\/wp-content\/uploads\/2026\/01\/Platelet-Gold-Club-1-1.png\" title=\"Platelet Gold Club (1)\" alt=\"Platelet Gold Club (1)\" loading=\"lazy\" \/>\t\t\t\t\t\t\t\t\t\t\t\t\t\t\t<\/div>\n\t\t\t\t<\/div>\n\t\t\t\t<div class=\"elementor-element elementor-element-500896b elementor-widget elementor-widget-spacer\" data-id=\"500896b\" data-element_type=\"widget\" data-e-type=\"widget\" data-widget_type=\"spacer.default\">\n\t\t\t\t<div class=\"elementor-widget-container\">\n\t\t\t\t\t\t\t<div class=\"elementor-spacer\">\n\t\t\t<div class=\"elementor-spacer-inner\"><\/div>\n\t\t<\/div>\n\t\t\t\t\t\t<\/div>\n\t\t\t\t<\/div>\n\t\t\t\t\t<\/div>\n\t\t<\/div>\n\t\t\t\t\t<\/div>\n\t\t<\/section>\n\t\t\t\t<\/div>","protected":false},"excerpt":{"rendered":"<p>Platelet Donors Assemble! \u00a0 Introducing the 2026 Platelet Gold Club Rewards Collection! Earn exclusive items every time you hit a platelet donation milestone. Donors are automatically enrolled in the Platelet Gold Club after donating platelets. Once you reach a milestone, your exclusive reward will be given to you immediately after your donation at the donor [&hellip;]<\/p>\n","protected":false},"author":3,"featured_media":26059,"parent":151,"menu_order":0,"comment_status":"closed","ping_status":"closed","template":"","meta":{"_acf_changed":false,"footnotes":""},"class_list":["post-25994","page","type-page","status-publish","has-post-thumbnail","hentry"],"acf":[],"yoast_head":"<!-- This site is optimized with the Yoast SEO Premium plugin v27.2 (Yoast SEO v27.2) - https:\/\/yoast.com\/product\/yoast-seo-premium-wordpress\/ -->\n<title>Platelet Gold Club - LifeStream Blood Bank<\/title>\n<meta name=\"robots\" content=\"noindex, follow, max-snippet:-1, max-image-preview:large, max-video-preview:-1\" \/>\n<meta property=\"og:locale\" content=\"es_MX\" \/>\n<meta property=\"og:type\" content=\"article\" \/>\n<meta property=\"og:title\" content=\"Platelet Gold Club\" \/>\n<meta property=\"og:description\" content=\"Platelet Donors Assemble! \u00a0 Introducing the 2026 Platelet Gold Club Rewards Collection! Earn exclusive items every time you hit a platelet donation milestone. Donors are automatically enrolled in the Platelet Gold Club after donating platelets. Once you reach a milestone, your exclusive reward will be given to you immediately after your donation at the donor [&hellip;]\" \/>\n<meta property=\"og:url\" content=\"https:\/\/www.lstream.org\/es\/promotions\/platelet-gold-club\/\" \/>\n<meta property=\"og:site_name\" content=\"LifeStream Blood Bank\" \/>\n<meta property=\"article:modified_time\" content=\"2026-01-06T20:45:13+00:00\" \/>\n<meta property=\"og:image\" content=\"https:\/\/www.lstream.org\/wp-content\/uploads\/2025\/01\/Platelet-Gold-Club-1.png\" \/>\n\t<meta property=\"og:image:width\" content=\"700\" \/>\n\t<meta property=\"og:image:height\" content=\"467\" \/>\n\t<meta property=\"og:image:type\" content=\"image\/png\" \/>\n<meta name=\"twitter:card\" content=\"summary_large_image\" \/>\n<meta name=\"twitter:label1\" content=\"Tiempo de lectura\" \/>\n\t<meta name=\"twitter:data1\" content=\"2 minutos\" \/>\n<script type=\"application\/ld+json\" class=\"yoast-schema-graph\">{\"@context\":\"https:\/\/schema.org\",\"@graph\":[{\"@type\":\"WebPage\",\"@id\":\"https:\/\/www.lstream.org\/promotions\/platelet-gold-club\/\",\"url\":\"https:\/\/www.lstream.org\/promotions\/platelet-gold-club\/\",\"name\":\"Platelet Gold Club - LifeStream Blood Bank\",\"isPartOf\":{\"@id\":\"https:\/\/www.lstream.org\/#website\"},\"primaryImageOfPage\":{\"@id\":\"https:\/\/www.lstream.org\/promotions\/platelet-gold-club\/#primaryimage\"},\"image\":{\"@id\":\"https:\/\/www.lstream.org\/promotions\/platelet-gold-club\/#primaryimage\"},\"thumbnailUrl\":\"https:\/\/www.lstream.org\/wp-content\/uploads\/2025\/01\/Platelet-Gold-Club-1.png\",\"datePublished\":\"2025-01-02T21:14:47+00:00\",\"dateModified\":\"2026-01-06T20:45:13+00:00\",\"breadcrumb\":{\"@id\":\"https:\/\/www.lstream.org\/promotions\/platelet-gold-club\/#breadcrumb\"},\"inLanguage\":\"es\",\"potentialAction\":[{\"@type\":\"ReadAction\",\"target\":[\"https:\/\/www.lstream.org\/promotions\/platelet-gold-club\/\"]}]},{\"@type\":\"ImageObject\",\"inLanguage\":\"es\",\"@id\":\"https:\/\/www.lstream.org\/promotions\/platelet-gold-club\/#primaryimage\",\"url\":\"https:\/\/www.lstream.org\/wp-content\/uploads\/2025\/01\/Platelet-Gold-Club-1.png\",\"contentUrl\":\"https:\/\/www.lstream.org\/wp-content\/uploads\/2025\/01\/Platelet-Gold-Club-1.png\",\"width\":700,\"height\":467},{\"@type\":\"BreadcrumbList\",\"@id\":\"https:\/\/www.lstream.org\/promotions\/platelet-gold-club\/#breadcrumb\",\"itemListElement\":[{\"@type\":\"ListItem\",\"position\":1,\"name\":\"Home\",\"item\":\"https:\/\/www.lstream.org\/\"},{\"@type\":\"ListItem\",\"position\":2,\"name\":\"Promotions\",\"item\":\"https:\/\/www.lstream.org\/promotions\/\"},{\"@type\":\"ListItem\",\"position\":3,\"name\":\"Platelet Gold Club\"}]},{\"@type\":\"WebSite\",\"@id\":\"https:\/\/www.lstream.org\/#website\",\"url\":\"https:\/\/www.lstream.org\/\",\"name\":\"LifeStream Blood Bank\",\"description\":\"\",\"publisher\":{\"@id\":\"https:\/\/www.lstream.org\/#organization\"},\"potentialAction\":[{\"@type\":\"SearchAction\",\"target\":{\"@type\":\"EntryPoint\",\"urlTemplate\":\"https:\/\/www.lstream.org\/?s={search_term_string}\"},\"query-input\":{\"@type\":\"PropertyValueSpecification\",\"valueRequired\":true,\"valueName\":\"search_term_string\"}}],\"inLanguage\":\"es\"},{\"@type\":\"Organization\",\"@id\":\"https:\/\/www.lstream.org\/#organization\",\"name\":\"LifeStream Blood Bank\",\"url\":\"https:\/\/www.lstream.org\/\",\"logo\":{\"@type\":\"ImageObject\",\"inLanguage\":\"es\",\"@id\":\"https:\/\/www.lstream.org\/#\/schema\/logo\/image\/\",\"url\":\"https:\/\/www.lstream.org\/wp-content\/uploads\/2022\/09\/Site-Logo.svg\",\"contentUrl\":\"https:\/\/www.lstream.org\/wp-content\/uploads\/2022\/09\/Site-Logo.svg\",\"width\":348,\"height\":82.3524,\"caption\":\"LifeStream Blood Bank\"},\"image\":{\"@id\":\"https:\/\/www.lstream.org\/#\/schema\/logo\/image\/\"}}]}<\/script>\n<!-- \/ Yoast SEO Premium plugin. -->","yoast_head_json":{"title":"Platelet Gold Club - LifeStream Blood Bank","robots":{"index":"noindex","follow":"follow","max-snippet":"max-snippet:-1","max-image-preview":"max-image-preview:large","max-video-preview":"max-video-preview:-1"},"og_locale":"es_MX","og_type":"article","og_title":"Platelet Gold Club","og_description":"Platelet Donors Assemble! \u00a0 Introducing the 2026 Platelet Gold Club Rewards Collection! Earn exclusive items every time you hit a platelet donation milestone. Donors are automatically enrolled in the Platelet Gold Club after donating platelets. Once you reach a milestone, your exclusive reward will be given to you immediately after your donation at the donor [&hellip;]","og_url":"https:\/\/www.lstream.org\/es\/promotions\/platelet-gold-club\/","og_site_name":"LifeStream Blood Bank","article_modified_time":"2026-01-06T20:45:13+00:00","og_image":[{"width":700,"height":467,"url":"https:\/\/www.lstream.org\/wp-content\/uploads\/2025\/01\/Platelet-Gold-Club-1.png","type":"image\/png"}],"twitter_card":"summary_large_image","twitter_misc":{"Tiempo de lectura":"2 minutos"},"schema":{"@context":"https:\/\/schema.org","@graph":[{"@type":"WebPage","@id":"https:\/\/www.lstream.org\/promotions\/platelet-gold-club\/","url":"https:\/\/www.lstream.org\/promotions\/platelet-gold-club\/","name":"Platelet Gold Club - LifeStream Blood Bank","isPartOf":{"@id":"https:\/\/www.lstream.org\/#website"},"primaryImageOfPage":{"@id":"https:\/\/www.lstream.org\/promotions\/platelet-gold-club\/#primaryimage"},"image":{"@id":"https:\/\/www.lstream.org\/promotions\/platelet-gold-club\/#primaryimage"},"thumbnailUrl":"https:\/\/www.lstream.org\/wp-content\/uploads\/2025\/01\/Platelet-Gold-Club-1.png","datePublished":"2025-01-02T21:14:47+00:00","dateModified":"2026-01-06T20:45:13+00:00","breadcrumb":{"@id":"https:\/\/www.lstream.org\/promotions\/platelet-gold-club\/#breadcrumb"},"inLanguage":"es","potentialAction":[{"@type":"ReadAction","target":["https:\/\/www.lstream.org\/promotions\/platelet-gold-club\/"]}]},{"@type":"ImageObject","inLanguage":"es","@id":"https:\/\/www.lstream.org\/promotions\/platelet-gold-club\/#primaryimage","url":"https:\/\/www.lstream.org\/wp-content\/uploads\/2025\/01\/Platelet-Gold-Club-1.png","contentUrl":"https:\/\/www.lstream.org\/wp-content\/uploads\/2025\/01\/Platelet-Gold-Club-1.png","width":700,"height":467},{"@type":"BreadcrumbList","@id":"https:\/\/www.lstream.org\/promotions\/platelet-gold-club\/#breadcrumb","itemListElement":[{"@type":"ListItem","position":1,"name":"Home","item":"https:\/\/www.lstream.org\/"},{"@type":"ListItem","position":2,"name":"Promotions","item":"https:\/\/www.lstream.org\/promotions\/"},{"@type":"ListItem","position":3,"name":"Platelet Gold Club"}]},{"@type":"WebSite","@id":"https:\/\/www.lstream.org\/#website","url":"https:\/\/www.lstream.org\/","name":"Banco de sangre LifeStream","description":"","publisher":{"@id":"https:\/\/www.lstream.org\/#organization"},"potentialAction":[{"@type":"SearchAction","target":{"@type":"EntryPoint","urlTemplate":"https:\/\/www.lstream.org\/?s={search_term_string}"},"query-input":{"@type":"PropertyValueSpecification","valueRequired":true,"valueName":"search_term_string"}}],"inLanguage":"es"},{"@type":"Organization","@id":"https:\/\/www.lstream.org\/#organization","name":"Banco de sangre LifeStream","url":"https:\/\/www.lstream.org\/","logo":{"@type":"ImageObject","inLanguage":"es","@id":"https:\/\/www.lstream.org\/#\/schema\/logo\/image\/","url":"https:\/\/www.lstream.org\/wp-content\/uploads\/2022\/09\/Site-Logo.svg","contentUrl":"https:\/\/www.lstream.org\/wp-content\/uploads\/2022\/09\/Site-Logo.svg","width":348,"height":82.3524,"caption":"LifeStream Blood Bank"},"image":{"@id":"https:\/\/www.lstream.org\/#\/schema\/logo\/image\/"}}]}},"_links":{"self":[{"href":"https:\/\/www.lstream.org\/es\/wp-json\/wp\/v2\/pages\/25994","targetHints":{"allow":["GET"]}}],"collection":[{"href":"https:\/\/www.lstream.org\/es\/wp-json\/wp\/v2\/pages"}],"about":[{"href":"https:\/\/www.lstream.org\/es\/wp-json\/wp\/v2\/types\/page"}],"author":[{"embeddable":true,"href":"https:\/\/www.lstream.org\/es\/wp-json\/wp\/v2\/users\/3"}],"replies":[{"embeddable":true,"href":"https:\/\/www.lstream.org\/es\/wp-json\/wp\/v2\/comments?post=25994"}],"version-history":[{"count":53,"href":"https:\/\/www.lstream.org\/es\/wp-json\/wp\/v2\/pages\/25994\/revisions"}],"predecessor-version":[{"id":27391,"href":"https:\/\/www.lstream.org\/es\/wp-json\/wp\/v2\/pages\/25994\/revisions\/27391"}],"up":[{"embeddable":true,"href":"https:\/\/www.lstream.org\/es\/wp-json\/wp\/v2\/pages\/151"}],"wp:featuredmedia":[{"embeddable":true,"href":"https:\/\/www.lstream.org\/es\/wp-json\/wp\/v2\/media\/26059"}],"wp:attachment":[{"href":"https:\/\/www.lstream.org\/es\/wp-json\/wp\/v2\/media?parent=25994"}],"curies":[{"name":"wp","href":"https:\/\/api.w.org\/{rel}","templated":true}]}}