{"id":2979,"date":"2022-11-03T21:58:05","date_gmt":"2022-11-03T21:58:05","guid":{"rendered":"https:\/\/www.lstream.org\/?page_id=2979"},"modified":"2025-04-23T20:13:29","modified_gmt":"2025-04-23T20:13:29","slug":"lifestreams-501-c3-status","status":"publish","type":"page","link":"https:\/\/www.lstream.org\/es\/lifestreams-501-c3-status\/","title":{"rendered":"Estado 501 c3 de Lifestream"},"content":{"rendered":"<div data-elementor-type=\"wp-page\" data-elementor-id=\"2979\" class=\"elementor elementor-2979\" data-elementor-post-type=\"page\">\n\t\t\t\t\t\t<section data-particle_enable=\"false\" data-particle-mobile-disabled=\"false\" class=\"elementor-section elementor-top-section elementor-element elementor-element-55f0b66 elementor-section-full_width elementor-section-content-bottom elementor-section-height-default elementor-section-height-default\" data-id=\"55f0b66\" data-element_type=\"section\" data-e-type=\"section\" data-settings=\"{&quot;background_background&quot;:&quot;classic&quot;}\">\n\t\t\t\t\t\t<div class=\"elementor-container elementor-column-gap-no\">\n\t\t\t\t\t<div class=\"elementor-column elementor-col-100 elementor-top-column elementor-element elementor-element-0863dcf\" data-id=\"0863dcf\" data-element_type=\"column\" data-e-type=\"column\">\n\t\t\t<div class=\"elementor-widget-wrap elementor-element-populated\">\n\t\t\t\t\t\t<div class=\"elementor-element elementor-element-f6793f5 elementor-widget elementor-widget-heading\" data-id=\"f6793f5\" data-element_type=\"widget\" data-e-type=\"widget\" data-widget_type=\"heading.default\">\n\t\t\t\t<div class=\"elementor-widget-container\">\n\t\t\t\t\t<h2 class=\"elementor-heading-title elementor-size-default\">Estado 501 (C)(3) de LifeStream<\/h2>\t\t\t\t<\/div>\n\t\t\t\t<\/div>\n\t\t\t\t<div class=\"elementor-element elementor-element-0d5b41e elementor-align-center elementor-widget elementor-widget-global elementor-global-2059 elementor-widget-breadcrumbs\" data-id=\"0d5b41e\" data-element_type=\"widget\" data-e-type=\"widget\" data-widget_type=\"breadcrumbs.default\">\n\t\t\t\t<div class=\"elementor-widget-container\">\n\t\t\t\t\t<span id=\"breadcrumbs\"><span><span><a href=\"https:\/\/www.lstream.org\/es\/\">Hogar<\/a><\/span><\/span><\/span>\t\t\t\t<\/div>\n\t\t\t\t<\/div>\n\t\t\t\t\t<\/div>\n\t\t<\/div>\n\t\t\t\t\t<\/div>\n\t\t<\/section>\n\t\t\t\t<section data-particle_enable=\"false\" data-particle-mobile-disabled=\"false\" class=\"elementor-section elementor-top-section elementor-element elementor-element-6f404081 elementor-section-boxed elementor-section-height-default elementor-section-height-default\" data-id=\"6f404081\" data-element_type=\"section\" data-e-type=\"section\">\n\t\t\t\t\t\t<div class=\"elementor-container elementor-column-gap-default\">\n\t\t\t\t\t<div class=\"elementor-column elementor-col-100 elementor-top-column elementor-element elementor-element-41c79a3c\" data-id=\"41c79a3c\" data-element_type=\"column\" data-e-type=\"column\">\n\t\t\t<div class=\"elementor-widget-wrap elementor-element-populated\">\n\t\t\t\t\t\t<div class=\"elementor-element elementor-element-72f9426 elementor-widget elementor-widget-text-editor\" data-id=\"72f9426\" data-element_type=\"widget\" data-e-type=\"widget\" data-widget_type=\"text-editor.default\">\n\t\t\t\t<div class=\"elementor-widget-container\">\n\t\t\t\t\t\t\t\t\t<h4>\u00bfQu\u00e9 significa que LifeStream es una organizaci\u00f3n sin fines de lucro 501 (C)(3)?<\/h4><p>La Secci\u00f3n 501(c)(3) es la parte del C\u00f3digo de Rentas Internas de EE. UU. que permite la exenci\u00f3n de impuestos federales de organizaciones sin fines de lucro, espec\u00edficamente aquellas que se consideran organizaciones ben\u00e9ficas p\u00fablicas, fundaciones privadas o fundaciones operativas privadas. Las regulaciones del Servicio de Impuestos Internos (IRS) permiten este estado para organizaciones que operan con un prop\u00f3sito distinto al de generar ganancias.<\/p><h4>Si LifeStream es una organizaci\u00f3n sin fines de lucro, \u00bfpor qu\u00e9 cobra a los hospitales por la sangre?<\/h4><p>LifeStream, como todos los bancos de sangre con sede en Am\u00e9rica del Norte, cobra a los hospitales una tarifa de servicio por los productos sangu\u00edneos recolectados. Esta tarifa ayuda a cubrir el costo de nuestras operaciones. Esto incluye:<\/p><ul><li>Reclutamiento de donantes<\/li><li>Emplear personal para recolectar, analizar, procesar y entregar sangre.<\/li><li>Pruebas (se realizan un m\u00ednimo de 12 pruebas en cada donaci\u00f3n de sangre) para afecciones que incluyen:<ul><li>Hepatitis B<\/li><li>Hepatitis C<\/li><li>VIH 1 \/ 2<\/li><li>HTLVI\/II<\/li><li>S\u00edfilis<\/li><li>Virus del Nilo Occidental<\/li><li>Chagas<\/li><\/ul><\/li><\/ul><ul><li>Comprar y mantener una flota confiable de veh\u00edculos para recolectar sangre en m\u00f3viles y entregar sangre a nuestros clientes hospitalarios, a veces varias veces al d\u00eda.<\/li><li>Compra de equipos de af\u00e9resis para recolectar productos sangu\u00edneos espec\u00edficos como plaquetas.<\/li><li>Compra y monitoreo 24 horas al d\u00eda, 7 d\u00edas a la semana, de refrigeradores y congeladores para almacenamiento de sangre.<\/li><li>Compra y mantenimiento de equipos de oficina y laboratorio.<\/li><\/ul><p>Las tarifas que cobran los hospitales est\u00e1n dise\u00f1adas para cubrir los gastos. Cualquier dinero extra se reinvierte en las operaciones del banco de sangre.<\/p><h4>\u00bfQu\u00e9 pasar\u00eda si los hospitales dejaran de pagar esas tarifas?<\/h4><p>LifeStream no pudo cubrir los costos asociados con la recolecci\u00f3n, las pruebas, el procesamiento y la entrega de sangre y no pudo continuar conectando a donantes y pacientes a trav\u00e9s de la donaci\u00f3n de sangre, el prop\u00f3sito bajo el cual opera seg\u00fan las reglas del IRS que rigen 501(c)(3). ) organizaciones.<\/p><h4>T\u00fa tambi\u00e9n recaudas dinero. \u00a1Tienes eventos para recaudar fondos! \u00bfQu\u00e9 pasa con esos ingresos?<\/h4><p>Los ingresos de la recaudaci\u00f3n de fondos ayudan a pagar muchos art\u00edculos, incluidos nuevos entrenadores m\u00f3viles, camas de donantes, equipos de laboratorio, computadoras y otros art\u00edculos que necesita el banco de sangre. Todos los fondos deben usarse para apoyar el prop\u00f3sito de la organizaci\u00f3n: en el caso de LifeStream, la recolecci\u00f3n, prueba, etiquetado, almacenamiento y distribuci\u00f3n de productos sangu\u00edneos a m\u00e1s de 80 hospitales e instalaciones m\u00e9dicas en seis condados del sur de California. Somos extremadamente cuidadosos y diligentes sobre c\u00f3mo se utilizan esos fondos.<\/p><h4>\u00bfPor qu\u00e9 no se les paga a los donantes de sangre?<\/h4><p>De acuerdo con la ley estatal aprobada en la d\u00e9cada de 1970, California exige un suministro de sangre totalmente voluntario.<\/p><h4>\u00bfPor qu\u00e9 no se pagan las donaciones de plasma? Algunos lugares lo hacen.<\/h4><p>LifeStream se rige por reglas diferentes a las de los centros que pagan a sus donantes para recolectar plasma. Esos centros env\u00edan su plasma a instalaciones de procesamiento donde es tratado, modificado, combinado con plasma de otros donantes y convertido en un producto comercial con fines de lucro antes de administrarlo a los pacientes. Adem\u00e1s, las agencias que supervisan nuestras operaciones y finanzas exigen que utilicemos un suministro de sangre &quot;totalmente voluntario&quot;, por lo que, seg\u00fan las leyes actuales, no podemos pagar a nuestros donantes directamente por sus recolecciones.<\/p><h4>\u00bfSe revisa el estatus de organizaci\u00f3n sin fines de lucro de LifeStream?<\/h4><p>Como todas las organizaciones sin fines de lucro 501(c)(3), LifeStream est\u00e1 sujeta a las regulaciones y revisiones del IRS para garantizar que la organizaci\u00f3n contin\u00fae haciendo el trabajo que la llev\u00f3 a recibir el estado de exenci\u00f3n de impuestos. No seguir estas pautas puede dar lugar a multas y a la p\u00e9rdida de nuestro estado de exenci\u00f3n de impuestos. Desde su fundaci\u00f3n en 1951, LifeStream nunca ha sido objeto de una sanci\u00f3n o disciplina del IRS.<\/p>\t\t\t\t\t\t\t\t<\/div>\n\t\t\t\t<\/div>\n\t\t\t\t\t<\/div>\n\t\t<\/div>\n\t\t\t\t\t<\/div>\n\t\t<\/section>\n\t\t\t\t<\/div>","protected":false},"excerpt":{"rendered":"<p>LifeStream\u2019s 501 (C)(3) Status What Does It Mean That LifeStream Is A 501 (C)(3) Nonprofit Organization? Section 501(c)(3) is the portion of the US Internal Revenue Code that allows for federal tax exemption of nonprofit organizations, specifically those that are considered public charities, private foundations or private operating foundations. Internal Revenue Service (IRS) regulations permit [&hellip;]<\/p>\n","protected":false},"author":1,"featured_media":0,"parent":0,"menu_order":995,"comment_status":"closed","ping_status":"closed","template":"elementor_header_footer","meta":{"_acf_changed":false,"footnotes":""},"class_list":["post-2979","page","type-page","status-publish","hentry"],"acf":[],"yoast_head":"<!-- This site is optimized with the Yoast SEO Premium plugin v27.2 (Yoast SEO v27.2) - https:\/\/yoast.com\/product\/yoast-seo-premium-wordpress\/ -->\n<title>Lifestream&#039;s 501 c3 Status - LifeStream Blood Bank<\/title>\n<meta name=\"robots\" content=\"noindex, follow, max-snippet:-1, max-image-preview:large, max-video-preview:-1\" \/>\n<meta property=\"og:locale\" content=\"es_MX\" \/>\n<meta property=\"og:type\" content=\"article\" \/>\n<meta property=\"og:title\" content=\"Lifestream&#039;s 501 c3 Status\" \/>\n<meta property=\"og:description\" content=\"LifeStream\u2019s 501 (C)(3) Status What Does It Mean That LifeStream Is A 501 (C)(3) Nonprofit Organization? Section 501(c)(3) is the portion of the US Internal Revenue Code that allows for federal tax exemption of nonprofit organizations, specifically those that are considered public charities, private foundations or private operating foundations. Internal Revenue Service (IRS) regulations permit [&hellip;]\" \/>\n<meta property=\"og:url\" content=\"https:\/\/www.lstream.org\/es\/lifestreams-501-c3-status\/\" \/>\n<meta property=\"og:site_name\" content=\"LifeStream Blood Bank\" \/>\n<meta property=\"article:modified_time\" content=\"2025-04-23T20:13:29+00:00\" \/>\n<meta name=\"twitter:card\" content=\"summary_large_image\" \/>\n<meta name=\"twitter:label1\" content=\"Tiempo de lectura\" \/>\n\t<meta name=\"twitter:data1\" content=\"3 minutos\" \/>\n<script type=\"application\/ld+json\" class=\"yoast-schema-graph\">{\"@context\":\"https:\/\/schema.org\",\"@graph\":[{\"@type\":\"WebPage\",\"@id\":\"https:\/\/www.lstream.org\/lifestreams-501-c3-status\/\",\"url\":\"https:\/\/www.lstream.org\/lifestreams-501-c3-status\/\",\"name\":\"Lifestream's 501 c3 Status - LifeStream Blood Bank\",\"isPartOf\":{\"@id\":\"https:\/\/www.lstream.org\/#website\"},\"datePublished\":\"2022-11-03T21:58:05+00:00\",\"dateModified\":\"2025-04-23T20:13:29+00:00\",\"breadcrumb\":{\"@id\":\"https:\/\/www.lstream.org\/lifestreams-501-c3-status\/#breadcrumb\"},\"inLanguage\":\"es\",\"potentialAction\":[{\"@type\":\"ReadAction\",\"target\":[\"https:\/\/www.lstream.org\/lifestreams-501-c3-status\/\"]}]},{\"@type\":\"BreadcrumbList\",\"@id\":\"https:\/\/www.lstream.org\/lifestreams-501-c3-status\/#breadcrumb\",\"itemListElement\":[{\"@type\":\"ListItem\",\"position\":1,\"name\":\"Home\",\"item\":\"https:\/\/www.lstream.org\/\"},{\"@type\":\"ListItem\",\"position\":2,\"name\":\"Lifestream&#8217;s 501 c3 Status\"}]},{\"@type\":\"WebSite\",\"@id\":\"https:\/\/www.lstream.org\/#website\",\"url\":\"https:\/\/www.lstream.org\/\",\"name\":\"LifeStream Blood Bank\",\"description\":\"\",\"publisher\":{\"@id\":\"https:\/\/www.lstream.org\/#organization\"},\"potentialAction\":[{\"@type\":\"SearchAction\",\"target\":{\"@type\":\"EntryPoint\",\"urlTemplate\":\"https:\/\/www.lstream.org\/?s={search_term_string}\"},\"query-input\":{\"@type\":\"PropertyValueSpecification\",\"valueRequired\":true,\"valueName\":\"search_term_string\"}}],\"inLanguage\":\"es\"},{\"@type\":\"Organization\",\"@id\":\"https:\/\/www.lstream.org\/#organization\",\"name\":\"LifeStream Blood Bank\",\"url\":\"https:\/\/www.lstream.org\/\",\"logo\":{\"@type\":\"ImageObject\",\"inLanguage\":\"es\",\"@id\":\"https:\/\/www.lstream.org\/#\/schema\/logo\/image\/\",\"url\":\"https:\/\/www.lstream.org\/wp-content\/uploads\/2022\/09\/Site-Logo.svg\",\"contentUrl\":\"https:\/\/www.lstream.org\/wp-content\/uploads\/2022\/09\/Site-Logo.svg\",\"width\":348,\"height\":82.3524,\"caption\":\"LifeStream Blood Bank\"},\"image\":{\"@id\":\"https:\/\/www.lstream.org\/#\/schema\/logo\/image\/\"}}]}<\/script>\n<!-- \/ Yoast SEO Premium plugin. -->","yoast_head_json":{"title":"Lifestream's 501 c3 Status - LifeStream Blood Bank","robots":{"index":"noindex","follow":"follow","max-snippet":"max-snippet:-1","max-image-preview":"max-image-preview:large","max-video-preview":"max-video-preview:-1"},"og_locale":"es_MX","og_type":"article","og_title":"Lifestream's 501 c3 Status","og_description":"LifeStream\u2019s 501 (C)(3) Status What Does It Mean That LifeStream Is A 501 (C)(3) Nonprofit Organization? Section 501(c)(3) is the portion of the US Internal Revenue Code that allows for federal tax exemption of nonprofit organizations, specifically those that are considered public charities, private foundations or private operating foundations. Internal Revenue Service (IRS) regulations permit [&hellip;]","og_url":"https:\/\/www.lstream.org\/es\/lifestreams-501-c3-status\/","og_site_name":"LifeStream Blood Bank","article_modified_time":"2025-04-23T20:13:29+00:00","twitter_card":"summary_large_image","twitter_misc":{"Tiempo de lectura":"3 minutos"},"schema":{"@context":"https:\/\/schema.org","@graph":[{"@type":"WebPage","@id":"https:\/\/www.lstream.org\/lifestreams-501-c3-status\/","url":"https:\/\/www.lstream.org\/lifestreams-501-c3-status\/","name":"Lifestream's 501 c3 Status - LifeStream Blood Bank","isPartOf":{"@id":"https:\/\/www.lstream.org\/#website"},"datePublished":"2022-11-03T21:58:05+00:00","dateModified":"2025-04-23T20:13:29+00:00","breadcrumb":{"@id":"https:\/\/www.lstream.org\/lifestreams-501-c3-status\/#breadcrumb"},"inLanguage":"es","potentialAction":[{"@type":"ReadAction","target":["https:\/\/www.lstream.org\/lifestreams-501-c3-status\/"]}]},{"@type":"BreadcrumbList","@id":"https:\/\/www.lstream.org\/lifestreams-501-c3-status\/#breadcrumb","itemListElement":[{"@type":"ListItem","position":1,"name":"Home","item":"https:\/\/www.lstream.org\/"},{"@type":"ListItem","position":2,"name":"Lifestream&#8217;s 501 c3 Status"}]},{"@type":"WebSite","@id":"https:\/\/www.lstream.org\/#website","url":"https:\/\/www.lstream.org\/","name":"Banco de sangre LifeStream","description":"","publisher":{"@id":"https:\/\/www.lstream.org\/#organization"},"potentialAction":[{"@type":"SearchAction","target":{"@type":"EntryPoint","urlTemplate":"https:\/\/www.lstream.org\/?s={search_term_string}"},"query-input":{"@type":"PropertyValueSpecification","valueRequired":true,"valueName":"search_term_string"}}],"inLanguage":"es"},{"@type":"Organization","@id":"https:\/\/www.lstream.org\/#organization","name":"Banco de sangre LifeStream","url":"https:\/\/www.lstream.org\/","logo":{"@type":"ImageObject","inLanguage":"es","@id":"https:\/\/www.lstream.org\/#\/schema\/logo\/image\/","url":"https:\/\/www.lstream.org\/wp-content\/uploads\/2022\/09\/Site-Logo.svg","contentUrl":"https:\/\/www.lstream.org\/wp-content\/uploads\/2022\/09\/Site-Logo.svg","width":348,"height":82.3524,"caption":"LifeStream Blood Bank"},"image":{"@id":"https:\/\/www.lstream.org\/#\/schema\/logo\/image\/"}}]}},"_links":{"self":[{"href":"https:\/\/www.lstream.org\/es\/wp-json\/wp\/v2\/pages\/2979","targetHints":{"allow":["GET"]}}],"collection":[{"href":"https:\/\/www.lstream.org\/es\/wp-json\/wp\/v2\/pages"}],"about":[{"href":"https:\/\/www.lstream.org\/es\/wp-json\/wp\/v2\/types\/page"}],"author":[{"embeddable":true,"href":"https:\/\/www.lstream.org\/es\/wp-json\/wp\/v2\/users\/1"}],"replies":[{"embeddable":true,"href":"https:\/\/www.lstream.org\/es\/wp-json\/wp\/v2\/comments?post=2979"}],"version-history":[{"count":13,"href":"https:\/\/www.lstream.org\/es\/wp-json\/wp\/v2\/pages\/2979\/revisions"}],"predecessor-version":[{"id":26436,"href":"https:\/\/www.lstream.org\/es\/wp-json\/wp\/v2\/pages\/2979\/revisions\/26436"}],"wp:attachment":[{"href":"https:\/\/www.lstream.org\/es\/wp-json\/wp\/v2\/media?parent=2979"}],"curies":[{"name":"wp","href":"https:\/\/api.w.org\/{rel}","templated":true}]}}