{"id":3,"date":"2022-08-30T23:20:48","date_gmt":"2022-08-30T23:20:48","guid":{"rendered":"https:\/\/www.lstream.org\/?page_id=3"},"modified":"2022-11-11T23:35:25","modified_gmt":"2022-11-11T23:35:25","slug":"privacy-policy","status":"publish","type":"page","link":"https:\/\/www.lstream.org\/es\/privacy-policy\/","title":{"rendered":"pol\u00edtica de privacidad"},"content":{"rendered":"<div data-elementor-type=\"wp-page\" data-elementor-id=\"3\" class=\"elementor elementor-3\" data-elementor-post-type=\"page\">\n\t\t\t\t\t\t<section data-particle_enable=\"false\" data-particle-mobile-disabled=\"false\" class=\"elementor-section elementor-top-section elementor-element elementor-element-3487436 elementor-section-full_width elementor-section-content-bottom elementor-section-height-default elementor-section-height-default\" data-id=\"3487436\" data-element_type=\"section\" data-e-type=\"section\" data-settings=\"{&quot;background_background&quot;:&quot;classic&quot;}\">\n\t\t\t\t\t\t<div class=\"elementor-container elementor-column-gap-no\">\n\t\t\t\t\t<div class=\"elementor-column elementor-col-100 elementor-top-column elementor-element elementor-element-ab5a089\" data-id=\"ab5a089\" data-element_type=\"column\" data-e-type=\"column\">\n\t\t\t<div class=\"elementor-widget-wrap elementor-element-populated\">\n\t\t\t\t\t\t<div class=\"elementor-element elementor-element-ee0c80e elementor-widget elementor-widget-heading\" data-id=\"ee0c80e\" data-element_type=\"widget\" data-e-type=\"widget\" data-widget_type=\"heading.default\">\n\t\t\t\t<div class=\"elementor-widget-container\">\n\t\t\t\t\t<h2 class=\"elementor-heading-title elementor-size-default\">pol\u00edtica de privacidad<\/h2>\t\t\t\t<\/div>\n\t\t\t\t<\/div>\n\t\t\t\t<div class=\"elementor-element elementor-element-fb89f17 elementor-align-center elementor-widget elementor-widget-global elementor-global-2059 elementor-widget-breadcrumbs\" data-id=\"fb89f17\" data-element_type=\"widget\" data-e-type=\"widget\" data-widget_type=\"breadcrumbs.default\">\n\t\t\t\t<div class=\"elementor-widget-container\">\n\t\t\t\t\t<span id=\"breadcrumbs\"><span><span><a href=\"https:\/\/www.lstream.org\/es\/\">Hogar<\/a><\/span><\/span><\/span>\t\t\t\t<\/div>\n\t\t\t\t<\/div>\n\t\t\t\t\t<\/div>\n\t\t<\/div>\n\t\t\t\t\t<\/div>\n\t\t<\/section>\n\t\t\t\t<section data-particle_enable=\"false\" data-particle-mobile-disabled=\"false\" class=\"elementor-section elementor-top-section elementor-element elementor-element-139003ac elementor-section-boxed elementor-section-height-default elementor-section-height-default\" data-id=\"139003ac\" data-element_type=\"section\" data-e-type=\"section\">\n\t\t\t\t\t\t<div class=\"elementor-container elementor-column-gap-default\">\n\t\t\t\t\t<div class=\"elementor-column elementor-col-100 elementor-top-column elementor-element elementor-element-3a1d4ccb\" data-id=\"3a1d4ccb\" data-element_type=\"column\" data-e-type=\"column\">\n\t\t\t<div class=\"elementor-widget-wrap elementor-element-populated\">\n\t\t\t\t\t\t<div class=\"elementor-element elementor-element-3ef228ee elementor-widget elementor-widget-text-editor\" data-id=\"3ef228ee\" data-element_type=\"widget\" data-e-type=\"widget\" data-widget_type=\"text-editor.default\">\n\t\t\t\t<div class=\"elementor-widget-container\">\n\t\t\t\t\t\t\t\t\t\n<p><strong>Tu consentimiento<\/strong><\/p>\n<p>Esta Pol\u00edtica de Privacidad se aplica a todos los sitios web y otros canales de comunicaci\u00f3n electr\u00f3nica operados por LifeStream Blood Bank. Al utilizar un sitio web o comunicarse electr\u00f3nicamente con LifeStream, usted acepta y cumple con esta Pol\u00edtica de Privacidad.<\/p>\n<p><strong>\u00bfQu\u00e9 informaci\u00f3n recopilamos?<\/strong><\/p>\n<p>Recopilamos informaci\u00f3n sobre usted cuando inicia sesi\u00f3n en los sitios web, actualiza su perfil personal, realiza una donaci\u00f3n monetaria, dona sangre, asiste a un evento de capacitaci\u00f3n, se suscribe a notificaciones o publicaciones por correo electr\u00f3nico, responde a una encuesta en l\u00ednea o env\u00eda un formulario web.<\/p>\n<p>Al iniciar sesi\u00f3n, realizar pedidos o realizar otras transacciones en los sitios web, es posible que se le solicite que ingrese su nombre, cargo, fecha de nacimiento, edad, direcci\u00f3n de correo electr\u00f3nico, direcci\u00f3n postal o n\u00famero de tel\u00e9fono y, si act\u00faa en nombre de su empleador. , el nombre del empleador. Tambi\u00e9n recopilamos informaci\u00f3n autom\u00e1ticamente, incluyendo:<\/p>\n<ul>\n<li>la direcci\u00f3n IP de la computadora que utiliza para acceder al sitio web;<\/li>\n<li>el navegador y el dominio de Internet utilizados,<\/li>\n<li>el sistema operativo utilizado por su navegador,<\/li>\n<li>la fecha y hora de acceso al sitio web,<\/li>\n<li>cookies recuperadas,<\/li>\n<li>informaci\u00f3n de navegaci\u00f3n, incluido el sitio desde el que fue remitido, si corresponde; y p\u00e1ginas visitadas en el sitio web.<\/li>\n<\/ul>\n<p>Puede visitar los sitios web sin proporcionar informaci\u00f3n personal; sin embargo, es posible que no sea posible realizar ciertas transacciones en los sitios web sin proporcionar dicha informaci\u00f3n.<\/p>\n<p><strong>Informaci\u00f3n m\u00f3vil<\/strong><\/p>\n<p>Es posible que los sitios web no est\u00e9n optimizados ni destinados a su uso en dispositivos m\u00f3viles. Si accede a los sitios web desde dispositivos m\u00f3viles, es posible que se recopile informaci\u00f3n adicional, como datos de geolocalizaci\u00f3n.<\/p>\n<p><strong>Menores<\/strong><\/p>\n<p>El sitio web no est\u00e1 destinado a ni\u00f1os menores de 13 a\u00f1os. Cualquier ni\u00f1o menor de 13 a\u00f1os debe contar con el permiso de sus padres para utilizar el sitio web.<\/p>\n<p><strong>\u00bfC\u00f3mo usamos su informaci\u00f3n?<\/strong><\/p>\n<p>Cualquiera de la informaci\u00f3n que recopilamos de usted puede usarse de una de las siguientes maneras:<\/p>\n<ul>\n<li>Para personalizar tu experiencia. Su informaci\u00f3n nos ayuda a responder mejor a sus necesidades individuales.<\/li>\n<li>Para mejorar el sitio web. Nos esforzamos continuamente por mejorar las ofertas del sitio web en funci\u00f3n de la informaci\u00f3n y los comentarios que recibimos de usted.<\/li>\n<li>Responder a preguntas e inquietudes y mejorar el servicio al cliente. Su informaci\u00f3n nos ayuda a responder de manera m\u00e1s efectiva a sus solicitudes de servicio al cliente y necesidades de soporte.<\/li>\n<li>Para procesar transacciones y realizar actividades comerciales en general. Por ejemplo, su informaci\u00f3n puede compartirse con proveedores de servicios externos que la utilizan para realizar funciones en nuestro nombre. Estas empresas o individuos podr\u00e1n realizar servicios tales como procesar pedidos, enviar correo, correo electr\u00f3nico o mensajes de texto, brindar servicios de marketing o marketing de bases de datos, brindar an\u00e1lisis de optimizaci\u00f3n de motores de b\u00fasqueda o brindar servicios de call center, entre otros.<\/li>\n<li>Para administrar un concurso, promoci\u00f3n, encuesta u otra caracter\u00edstica del sitio.<\/li>\n<li>Para enviar correos electr\u00f3nicos peri\u00f3dicos. Podemos utilizar las direcciones de correo electr\u00f3nico que usted proporciona para enviarle informaci\u00f3n y actualizaciones relacionadas con nuestros productos y servicios que utiliza, adem\u00e1s de enviarle ocasionalmente noticias de la empresa, actualizaciones, informaci\u00f3n relacionada con productos o servicios, etc. Si desea restringir el uso de su direcci\u00f3n de correo electr\u00f3nico de cualquier manera, llame al 1(800) 879-4484.<\/li>\n<li>Programar donaciones de sangre. Al brindarnos su(s) n\u00famero(s) de tel\u00e9fono, incluido su n\u00famero de tel\u00e9fono celular, usted reconoce que usted, como suscriptor de los n\u00fameros, da su consentimiento expreso a este contacto futuro, incluido el contacto mediante marcaci\u00f3n autom\u00e1tica o mensaje de texto autom\u00e1tico. Podemos utilizar los n\u00fameros de tel\u00e9fono celular que usted proporcione para llamarlo o enviarle mensajes de texto para programar donaciones de sangre, notificarle sobre pr\u00f3ximos eventos de donaci\u00f3n o recordarle sus citas de donaci\u00f3n. Incluso si no acepta permitir avisos en su tel\u00e9fono celular, podemos llamar al tel\u00e9fono de su casa u oficina para programar donaciones, notificarle sobre eventos de donaci\u00f3n y brindarle recordatorios de citas.<\/li>\n<li>Para notificarle informaci\u00f3n m\u00e9dica importante. En el proceso de recolecci\u00f3n, prueba, procesamiento o transfusi\u00f3n de sangre o productos sangu\u00edneos donados por usted, es posible que necesitemos brindarle informaci\u00f3n m\u00e9dica importante que pueda afectar su salud, incluidas enfermedades infecciosas. Tambi\u00e9n recopilamos y podemos proporcionar como servicio a nuestros donantes cierta informaci\u00f3n de salud, como los niveles de colesterol. Sin embargo, es importante que a\u00fan consulte a su m\u00e9dico personal para recibir atenci\u00f3n.<\/li>\n<li>Identificar necesidades nuevas o modificadas que nuestra organizaci\u00f3n pueda satisfacer.<\/li>\n<li>Para cumplir con la ley, con fines regulatorios o con fines de acreditaci\u00f3n o cumplimiento.<\/li>\n<\/ul>\n<p><strong>\u00bfC\u00f3mo protegemos tu informaci\u00f3n?<\/strong><\/p>\n<p>Implementamos una variedad de medidas de seguridad para mantener la seguridad de su informaci\u00f3n personal. Utilizamos un servidor seguro para las transacciones de pago. Toda la informaci\u00f3n confidencial\/cr\u00e9dito proporcionada se transmite a trav\u00e9s de la tecnolog\u00eda Secure Socket Layer (SSL). Los datos confidenciales tambi\u00e9n se cifran en la base de datos del proveedor de la pasarela de pago, a la que solo pueden acceder aquellos con autoridad que realizan funciones autorizadas. Limitamos los datos que conservamos a los datos necesarios para este fin. Puede ayudar a proteger su informaci\u00f3n protegiendo y no compartiendo su nombre de usuario y contrase\u00f1a. Sin embargo, no es posible garantizar absolutamente la seguridad de la informaci\u00f3n electr\u00f3nica.<\/p>\n<p><strong>\u00bfCu\u00e1nto tiempo se almacena mi informaci\u00f3n?<\/strong><\/p>\n<p>El almacenamiento de informaci\u00f3n se basa en el tipo de informaci\u00f3n y su uso. La informaci\u00f3n general incluye informaci\u00f3n como nombre de usuario y contrase\u00f1as, informaci\u00f3n sobre donaciones y citas de donaci\u00f3n e informaci\u00f3n general sobre transacciones comerciales. La informaci\u00f3n de pago no se considera informaci\u00f3n general sobre transacciones comerciales y se aborda en el siguiente p\u00e1rrafo. LifeStream tiene una pol\u00edtica de gesti\u00f3n de documentos que rige la retenci\u00f3n de informaci\u00f3n. La retenci\u00f3n se basa en las necesidades legales y comerciales.<\/p>\n<p>Despu\u00e9s de una transacci\u00f3n de pago, su informaci\u00f3n privada, como n\u00fameros de tarjetas de cr\u00e9dito y n\u00fameros de \u00f3rdenes de compra, no se almacenar\u00e1 en nuestros servidores por m\u00e1s tiempo del necesario para completar la transacci\u00f3n.<\/p>\n<p><strong>\u00bfUtilizamos cookies?<\/strong><\/p>\n<p>S\u00ed, utilizamos cookies. Las cookies son peque\u00f1os archivos inform\u00e1ticos que se transfieren al disco duro de su computadora a trav\u00e9s de su navegador web. Las cookies permiten que los sistemas del sitio web o del proveedor de servicios reconozcan su computadora y capturen y recuerden cierta informaci\u00f3n.<\/p>\n<p>Utilizamos cookies para ayudarnos a recordar y procesar los art\u00edculos de su carrito de compras, comprender y guardar sus preferencias para futuras visitas y compilar datos agregados sobre el tr\u00e1fico del sitio y la interacci\u00f3n del sitio para que podamos ofrecer mejores experiencias y herramientas del sitio en el futuro.<\/p>\n<p>Las cookies pueden permitir la visualizaci\u00f3n de informaci\u00f3n basada en intereses, incluida, en algunos casos, informaci\u00f3n de marketing. El sitio web de LifeStream o, si visita cualquiera de los sitios web de terceros vinculados, puede proporcionar informaci\u00f3n basada en intereses, esos sitios web de terceros. Si ha activado las opciones de \u201cno rastrear\u201d en su computadora,\u00a0<strong>Es posible que nuestro sistema operativo no pueda atender su solicitud.<\/strong>\u00a0No podemos controlar c\u00f3mo los sitios web de terceros manejan las opciones de no seguimiento. Lea las pol\u00edticas de privacidad de los sitios web de terceros para comprender su respuesta a los mecanismos de no seguimiento.<\/p>\n<p><strong>\u00bfVendemos informaci\u00f3n personal a terceros?<\/strong><\/p>\n<p>No, no vendemos ni comercializamos su informaci\u00f3n de identificaci\u00f3n personal a terceros con fines de marketing cruzado o ventas. Proporcionamos informaci\u00f3n de identificaci\u00f3n personal a terceros solo cuando esas entidades nos brindan servicios y aceptan cumplir con nuestra Pol\u00edtica de Privacidad.<\/p>\n<p>Su informaci\u00f3n puede incluirse en datos agregados y anonimizados que LifeStream divulga a terceros con fines de operaciones comerciales y en apoyo de nuestra misi\u00f3n.<\/p>\n<p><strong>Combinaci\u00f3n con otra informaci\u00f3n<\/strong><\/p>\n<p>Aparte de la informaci\u00f3n de las citas, no combinamos la informaci\u00f3n de los sitios web con la informaci\u00f3n recopilada durante las citas de donaci\u00f3n de sangre. La informaci\u00f3n que incluye informaci\u00f3n de salud identificable puede estar sujeta a protecciones adicionales.<\/p>\n<p><strong>Enlaces de terceros<\/strong><\/p>\n<p>Ocasionalmente, a nuestra discreci\u00f3n, podemos incluir u ofrecer informaci\u00f3n, productos o servicios de terceros en nuestros sitios web. Estos sitios de terceros tienen pol\u00edticas de privacidad separadas e independientes. Por lo tanto, no tenemos ninguna responsabilidad por el contenido y las actividades de estos sitios vinculados. El hecho de que incluyamos informaci\u00f3n sobre productos o sitios de terceros no constituye un respaldo de dichos productos o sitios.<\/p>\n<p><strong>Cumplimiento de las leyes aplicables y aplicaci\u00f3n de la ley<\/strong><\/p>\n<p>Tenemos la intenci\u00f3n de que los sitios web cumplan con todas las leyes aplicables en todo momento, y podemos cambiar los sitios web y las pol\u00edticas sin previo aviso, incluso si creemos que el cambio es necesario para fines de cumplimiento legal. Nos reservamos el derecho de divulgar en cualquier momento, sin previo aviso, cualquier informaci\u00f3n personal cuando creamos que la divulgaci\u00f3n es apropiada para cumplir con la ley, hacer cumplir las pol\u00edticas del sitio web o proteger nuestros derechos, propiedad o seguridad o los de otros. Cada usuario del sitio web tambi\u00e9n est\u00e1 obligado a utilizarlo de conformidad con la ley.<\/p>\n<p><strong>Cumplimiento de la Ley de Protecci\u00f3n de la Privacidad en L\u00ednea de California<\/strong><\/p>\n<p>Valoramos su privacidad y cumplimos con la Ley de Protecci\u00f3n de la Privacidad en L\u00ednea de California. Todos los usuarios de los sitios web pueden realizar cambios en su informaci\u00f3n en cualquier momento utilizando las funciones de edici\u00f3n de perfiles de los sitios web o llamando al 909-386-6821. La informaci\u00f3n sobre la informaci\u00f3n que recopilamos y nuestra respuesta a las solicitudes de no seguimiento se puede encontrar en esta Pol\u00edtica de Privacidad.<\/p>\n<p><strong>Cumplimiento de la Ley de Protecci\u00f3n de la Privacidad Infantil en L\u00ednea<\/strong><\/p>\n<p>Tambi\u00e9n cumplimos con los requisitos de COPPA (Ley de Protecci\u00f3n de la Privacidad Infantil en L\u00ednea). No recopilamos intencionalmente ninguna informaci\u00f3n de ninguna persona menor de 13 a\u00f1os. Nuestros sitios web, productos y servicios est\u00e1n dirigidos a personas que tienen al menos 13 a\u00f1os o m\u00e1s. Si un padre descubre que se ha proporcionado informaci\u00f3n de un ni\u00f1o menor de 13 a\u00f1os a cualquiera de los sitios web, notif\u00edquenos a\u00a0<a href=\"mailto:blooddonors@LStream.org\">blooddonors@LStream.org<\/a>\u00a0para que podamos eliminar esa informaci\u00f3n.<\/p>\n<p><strong>T\u00e9rminos de uso del sitio web<\/strong><\/p>\n<p>Al utilizar los sitios web, acepta tanto esta Pol\u00edtica de privacidad como los T\u00e9rminos de uso del sitio web. Revise los T\u00e9rminos de uso, disponibles en\u00a0<a href=\"file:\/\/\/C:\/terms-of-use\/\">www.lstream.org\/terms-of-use<\/a><\/p>\n<p><strong>Cambios en nuestra Pol\u00edtica de Privacidad<\/strong><\/p>\n<p>Podemos decidir cambiar nuestra Pol\u00edtica de Privacidad en cualquier momento sin previo aviso. Si cambiamos nuestra Pol\u00edtica de Privacidad, la publicaremos en el sitio web y actualizaremos la fecha de modificaci\u00f3n de la pol\u00edtica de privacidad a continuaci\u00f3n.<\/p>\n<p>Esta pol\u00edtica fue modificada por \u00faltima vez el 29 de diciembre de 2021.<\/p>\n<p><strong>Cont\u00e1ctenos<\/strong><\/p>\n<p>Si tiene alguna pregunta sobre esta Pol\u00edtica de Privacidad, o si cree que tenemos informaci\u00f3n incorrecta sobre usted, puede contactarnos a la siguiente direcci\u00f3n:<\/p>\n<p>pol\u00edtica de privacidad<br \/>384 W. Orange Show Road<br \/>San Bernardino, CA 92408<br \/>909-885-6503<br \/><a href=\"mailto:PrivacyOfficer@LStream.org\">PrivacyOfficer@LStream.org<\/a><\/p>\n\t\t\t\t\t\t\t\t<\/div>\n\t\t\t\t<\/div>\n\t\t\t\t\t<\/div>\n\t\t<\/div>\n\t\t\t\t\t<\/div>\n\t\t<\/section>\n\t\t\t\t<\/div>","protected":false},"excerpt":{"rendered":"<p>Privacy Policy Your Consent This Privacy Policy applies to all of the websites and other electronic communication channels operated by LifeStream Blood Bank. By using a website or communicating electronically with LifeStream you consent to accept and comply with this Privacy Policy. What information do we collect? We collect information from you when you log [&hellip;]<\/p>\n","protected":false},"author":1,"featured_media":0,"parent":0,"menu_order":999,"comment_status":"closed","ping_status":"closed","template":"elementor_header_footer","meta":{"_acf_changed":false,"footnotes":""},"class_list":["post-3","page","type-page","status-publish","hentry"],"acf":[],"yoast_head":"<!-- This site is optimized with the Yoast SEO Premium plugin v27.2 (Yoast SEO v27.2) - https:\/\/yoast.com\/product\/yoast-seo-premium-wordpress\/ -->\n<title>Privacy Policy - LifeStream Blood Bank<\/title>\n<meta name=\"robots\" content=\"noindex, follow, max-snippet:-1, max-image-preview:large, max-video-preview:-1\" \/>\n<meta property=\"og:locale\" content=\"es_MX\" \/>\n<meta property=\"og:type\" content=\"article\" \/>\n<meta property=\"og:title\" content=\"Privacy Policy\" \/>\n<meta property=\"og:description\" content=\"Privacy Policy Your Consent This Privacy Policy applies to all of the websites and other electronic communication channels operated by LifeStream Blood Bank. By using a website or communicating electronically with LifeStream you consent to accept and comply with this Privacy Policy. What information do we collect? We collect information from you when you log [&hellip;]\" \/>\n<meta property=\"og:url\" content=\"https:\/\/www.lstream.org\/es\/privacy-policy\/\" \/>\n<meta property=\"og:site_name\" content=\"LifeStream Blood Bank\" \/>\n<meta property=\"article:modified_time\" content=\"2022-11-11T23:35:25+00:00\" \/>\n<meta name=\"twitter:card\" content=\"summary_large_image\" \/>\n<meta name=\"twitter:label1\" content=\"Tiempo de lectura\" \/>\n\t<meta name=\"twitter:data1\" content=\"8 minutos\" \/>\n<script type=\"application\/ld+json\" class=\"yoast-schema-graph\">{\"@context\":\"https:\/\/schema.org\",\"@graph\":[{\"@type\":\"WebPage\",\"@id\":\"https:\/\/www.lstream.org\/privacy-policy\/\",\"url\":\"https:\/\/www.lstream.org\/privacy-policy\/\",\"name\":\"Privacy Policy - LifeStream Blood Bank\",\"isPartOf\":{\"@id\":\"https:\/\/www.lstream.org\/#website\"},\"datePublished\":\"2022-08-30T23:20:48+00:00\",\"dateModified\":\"2022-11-11T23:35:25+00:00\",\"breadcrumb\":{\"@id\":\"https:\/\/www.lstream.org\/privacy-policy\/#breadcrumb\"},\"inLanguage\":\"es\",\"potentialAction\":[{\"@type\":\"ReadAction\",\"target\":[\"https:\/\/www.lstream.org\/privacy-policy\/\"]}]},{\"@type\":\"BreadcrumbList\",\"@id\":\"https:\/\/www.lstream.org\/privacy-policy\/#breadcrumb\",\"itemListElement\":[{\"@type\":\"ListItem\",\"position\":1,\"name\":\"Home\",\"item\":\"https:\/\/www.lstream.org\/\"},{\"@type\":\"ListItem\",\"position\":2,\"name\":\"Privacy Policy\"}]},{\"@type\":\"WebSite\",\"@id\":\"https:\/\/www.lstream.org\/#website\",\"url\":\"https:\/\/www.lstream.org\/\",\"name\":\"LifeStream Blood Bank\",\"description\":\"\",\"publisher\":{\"@id\":\"https:\/\/www.lstream.org\/#organization\"},\"potentialAction\":[{\"@type\":\"SearchAction\",\"target\":{\"@type\":\"EntryPoint\",\"urlTemplate\":\"https:\/\/www.lstream.org\/?s={search_term_string}\"},\"query-input\":{\"@type\":\"PropertyValueSpecification\",\"valueRequired\":true,\"valueName\":\"search_term_string\"}}],\"inLanguage\":\"es\"},{\"@type\":\"Organization\",\"@id\":\"https:\/\/www.lstream.org\/#organization\",\"name\":\"LifeStream Blood Bank\",\"url\":\"https:\/\/www.lstream.org\/\",\"logo\":{\"@type\":\"ImageObject\",\"inLanguage\":\"es\",\"@id\":\"https:\/\/www.lstream.org\/#\/schema\/logo\/image\/\",\"url\":\"https:\/\/www.lstream.org\/wp-content\/uploads\/2022\/09\/Site-Logo.svg\",\"contentUrl\":\"https:\/\/www.lstream.org\/wp-content\/uploads\/2022\/09\/Site-Logo.svg\",\"width\":348,\"height\":82.3524,\"caption\":\"LifeStream Blood Bank\"},\"image\":{\"@id\":\"https:\/\/www.lstream.org\/#\/schema\/logo\/image\/\"}}]}<\/script>\n<!-- \/ Yoast SEO Premium plugin. -->","yoast_head_json":{"title":"Privacy Policy - LifeStream Blood Bank","robots":{"index":"noindex","follow":"follow","max-snippet":"max-snippet:-1","max-image-preview":"max-image-preview:large","max-video-preview":"max-video-preview:-1"},"og_locale":"es_MX","og_type":"article","og_title":"Privacy Policy","og_description":"Privacy Policy Your Consent This Privacy Policy applies to all of the websites and other electronic communication channels operated by LifeStream Blood Bank. By using a website or communicating electronically with LifeStream you consent to accept and comply with this Privacy Policy. What information do we collect? We collect information from you when you log [&hellip;]","og_url":"https:\/\/www.lstream.org\/es\/privacy-policy\/","og_site_name":"LifeStream Blood Bank","article_modified_time":"2022-11-11T23:35:25+00:00","twitter_card":"summary_large_image","twitter_misc":{"Tiempo de lectura":"8 minutos"},"schema":{"@context":"https:\/\/schema.org","@graph":[{"@type":"WebPage","@id":"https:\/\/www.lstream.org\/privacy-policy\/","url":"https:\/\/www.lstream.org\/privacy-policy\/","name":"Privacy Policy - LifeStream Blood Bank","isPartOf":{"@id":"https:\/\/www.lstream.org\/#website"},"datePublished":"2022-08-30T23:20:48+00:00","dateModified":"2022-11-11T23:35:25+00:00","breadcrumb":{"@id":"https:\/\/www.lstream.org\/privacy-policy\/#breadcrumb"},"inLanguage":"es","potentialAction":[{"@type":"ReadAction","target":["https:\/\/www.lstream.org\/privacy-policy\/"]}]},{"@type":"BreadcrumbList","@id":"https:\/\/www.lstream.org\/privacy-policy\/#breadcrumb","itemListElement":[{"@type":"ListItem","position":1,"name":"Home","item":"https:\/\/www.lstream.org\/"},{"@type":"ListItem","position":2,"name":"Privacy Policy"}]},{"@type":"WebSite","@id":"https:\/\/www.lstream.org\/#website","url":"https:\/\/www.lstream.org\/","name":"Banco de sangre LifeStream","description":"","publisher":{"@id":"https:\/\/www.lstream.org\/#organization"},"potentialAction":[{"@type":"SearchAction","target":{"@type":"EntryPoint","urlTemplate":"https:\/\/www.lstream.org\/?s={search_term_string}"},"query-input":{"@type":"PropertyValueSpecification","valueRequired":true,"valueName":"search_term_string"}}],"inLanguage":"es"},{"@type":"Organization","@id":"https:\/\/www.lstream.org\/#organization","name":"Banco de sangre LifeStream","url":"https:\/\/www.lstream.org\/","logo":{"@type":"ImageObject","inLanguage":"es","@id":"https:\/\/www.lstream.org\/#\/schema\/logo\/image\/","url":"https:\/\/www.lstream.org\/wp-content\/uploads\/2022\/09\/Site-Logo.svg","contentUrl":"https:\/\/www.lstream.org\/wp-content\/uploads\/2022\/09\/Site-Logo.svg","width":348,"height":82.3524,"caption":"LifeStream Blood Bank"},"image":{"@id":"https:\/\/www.lstream.org\/#\/schema\/logo\/image\/"}}]}},"_links":{"self":[{"href":"https:\/\/www.lstream.org\/es\/wp-json\/wp\/v2\/pages\/3","targetHints":{"allow":["GET"]}}],"collection":[{"href":"https:\/\/www.lstream.org\/es\/wp-json\/wp\/v2\/pages"}],"about":[{"href":"https:\/\/www.lstream.org\/es\/wp-json\/wp\/v2\/types\/page"}],"author":[{"embeddable":true,"href":"https:\/\/www.lstream.org\/es\/wp-json\/wp\/v2\/users\/1"}],"replies":[{"embeddable":true,"href":"https:\/\/www.lstream.org\/es\/wp-json\/wp\/v2\/comments?post=3"}],"version-history":[{"count":9,"href":"https:\/\/www.lstream.org\/es\/wp-json\/wp\/v2\/pages\/3\/revisions"}],"predecessor-version":[{"id":19521,"href":"https:\/\/www.lstream.org\/es\/wp-json\/wp\/v2\/pages\/3\/revisions\/19521"}],"wp:attachment":[{"href":"https:\/\/www.lstream.org\/es\/wp-json\/wp\/v2\/media?parent=3"}],"curies":[{"name":"wp","href":"https:\/\/api.w.org\/{rel}","templated":true}]}}