{"id":3118,"date":"2022-11-04T00:53:58","date_gmt":"2022-11-04T00:53:58","guid":{"rendered":"https:\/\/www.lstream.org\/?page_id=3118"},"modified":"2023-03-22T23:17:32","modified_gmt":"2023-03-22T23:17:32","slug":"iron-in-young-donors","status":"publish","type":"page","link":"https:\/\/www.lstream.org\/es\/give-blood\/facts-statistics\/iron-your-blood-donation\/iron-in-young-donors\/","title":{"rendered":"Hierro en donantes j\u00f3venes"},"content":{"rendered":"<div data-elementor-type=\"wp-page\" data-elementor-id=\"3118\" class=\"elementor elementor-3118\" data-elementor-post-type=\"page\">\n\t\t\t\t\t\t<section data-particle_enable=\"false\" data-particle-mobile-disabled=\"false\" class=\"elementor-section elementor-top-section elementor-element elementor-element-76e34df elementor-section-full_width elementor-section-content-bottom elementor-section-height-default elementor-section-height-default\" data-id=\"76e34df\" data-element_type=\"section\" data-e-type=\"section\" data-settings=\"{&quot;background_background&quot;:&quot;classic&quot;}\">\n\t\t\t\t\t\t<div class=\"elementor-container elementor-column-gap-no\">\n\t\t\t\t\t<div class=\"elementor-column elementor-col-100 elementor-top-column elementor-element elementor-element-3b8a838\" data-id=\"3b8a838\" data-element_type=\"column\" data-e-type=\"column\">\n\t\t\t<div class=\"elementor-widget-wrap elementor-element-populated\">\n\t\t\t\t\t\t<div class=\"elementor-element elementor-element-4b4dc40 elementor-widget elementor-widget-heading\" data-id=\"4b4dc40\" data-element_type=\"widget\" data-e-type=\"widget\" data-widget_type=\"heading.default\">\n\t\t\t\t<div class=\"elementor-widget-container\">\n\t\t\t\t\t<h2 class=\"elementor-heading-title elementor-size-default\">Hierro en donantes j\u00f3venes<\/h2>\t\t\t\t<\/div>\n\t\t\t\t<\/div>\n\t\t\t\t<div class=\"elementor-element elementor-element-9f2479d elementor-align-center elementor-widget elementor-widget-global elementor-global-2059 elementor-widget-breadcrumbs\" data-id=\"9f2479d\" data-element_type=\"widget\" data-e-type=\"widget\" data-widget_type=\"breadcrumbs.default\">\n\t\t\t\t<div class=\"elementor-widget-container\">\n\t\t\t\t\t<span id=\"breadcrumbs\"><span><span><a href=\"https:\/\/www.lstream.org\/es\/\">Hogar<\/a><\/span><\/span><\/span>\t\t\t\t<\/div>\n\t\t\t\t<\/div>\n\t\t\t\t\t<\/div>\n\t\t<\/div>\n\t\t\t\t\t<\/div>\n\t\t<\/section>\n\t\t\t\t<section data-particle_enable=\"false\" data-particle-mobile-disabled=\"false\" class=\"elementor-section elementor-top-section elementor-element elementor-element-5a412e1 elementor-section-full_width elementor-section-height-min-height elementor-section-items-stretch elementor-section-content-top elementor-section-height-default\" data-id=\"5a412e1\" data-element_type=\"section\" data-e-type=\"section\">\n\t\t\t\t\t\t<div class=\"elementor-container elementor-column-gap-no\">\n\t\t\t\t\t<div class=\"elementor-column elementor-col-100 elementor-top-column elementor-element elementor-element-806f4a2\" data-id=\"806f4a2\" data-element_type=\"column\" data-e-type=\"column\">\n\t\t\t<div class=\"elementor-widget-wrap elementor-element-populated\">\n\t\t\t\t\t\t<section data-particle_enable=\"false\" data-particle-mobile-disabled=\"false\" class=\"elementor-section elementor-inner-section elementor-element elementor-element-7e7b334 elementor-reverse-mobile elementor-section-boxed elementor-section-height-default elementor-section-height-default\" data-id=\"7e7b334\" data-element_type=\"section\" data-e-type=\"section\">\n\t\t\t\t\t\t<div class=\"elementor-container elementor-column-gap-default\">\n\t\t\t\t\t<div class=\"elementor-column elementor-col-50 elementor-inner-column elementor-element elementor-element-63f2ab3\" data-id=\"63f2ab3\" data-element_type=\"column\" data-e-type=\"column\" data-settings=\"{&quot;background_background&quot;:&quot;classic&quot;}\">\n\t\t\t<div class=\"elementor-widget-wrap elementor-element-populated\">\n\t\t\t\t\t\t<div class=\"elementor-element elementor-element-97673f1 elementor-widget elementor-widget-spacer\" data-id=\"97673f1\" data-element_type=\"widget\" data-e-type=\"widget\" data-widget_type=\"spacer.default\">\n\t\t\t\t<div class=\"elementor-widget-container\">\n\t\t\t\t\t\t\t<div class=\"elementor-spacer\">\n\t\t\t<div class=\"elementor-spacer-inner\"><\/div>\n\t\t<\/div>\n\t\t\t\t\t\t<\/div>\n\t\t\t\t<\/div>\n\t\t\t\t\t<\/div>\n\t\t<\/div>\n\t\t\t\t<div class=\"elementor-column elementor-col-50 elementor-inner-column elementor-element elementor-element-7bbcdd1\" data-id=\"7bbcdd1\" data-element_type=\"column\" data-e-type=\"column\">\n\t\t\t<div class=\"elementor-widget-wrap elementor-element-populated\">\n\t\t\t\t\t\t<div class=\"elementor-element elementor-element-66dccb1 elementor-widget elementor-widget-heading\" data-id=\"66dccb1\" data-element_type=\"widget\" data-e-type=\"widget\" data-widget_type=\"heading.default\">\n\t\t\t\t<div class=\"elementor-widget-container\">\n\t\t\t\t\t<h2 class=\"elementor-heading-title elementor-size-default\">Donaci\u00f3n de sangre para adolescentes<\/h2>\t\t\t\t<\/div>\n\t\t\t\t<\/div>\n\t\t\t\t<div class=\"elementor-element elementor-element-98c0450 elementor-widget elementor-widget-text-editor\" data-id=\"98c0450\" data-element_type=\"widget\" data-e-type=\"widget\" data-widget_type=\"text-editor.default\">\n\t\t\t\t<div class=\"elementor-widget-container\">\n\t\t\t\t\t\t\t\t\t<h5><strong>Unas palabras para los padres de donantes adolescentes<\/strong><\/h5><p>Los estudios han demostrado que la donaci\u00f3n de sangre es segura para nuestros &quot;h\u00e9roes&quot; m\u00e1s j\u00f3venes y LifeStream quiere garantizar su salud y bienestar continuos. Despu\u00e9s de todo, nuestros j\u00f3venes tienen la clave, a trav\u00e9s de su generosidad y compasi\u00f3n, para ayudar con \u00e9xito a los pacientes en el futuro.<\/p><p>Todos perdemos hierro al donar sangre. Los adolescentes de ambos sexos tienen m\u00e1s probabilidades que los adultos de tener deficiencia de hierro, incluso antes de donar sangre. Entre los donantes de sangre, los adolescentes, junto con las mujeres menores de 50 a\u00f1os y los donantes frecuentes de sangre, tienen mayor riesgo de sufrir deficiencia de hierro.<\/p>\t\t\t\t\t\t\t\t<\/div>\n\t\t\t\t<\/div>\n\t\t\t\t\t<\/div>\n\t\t<\/div>\n\t\t\t\t\t<\/div>\n\t\t<\/section>\n\t\t\t\t<section data-particle_enable=\"false\" data-particle-mobile-disabled=\"false\" class=\"elementor-section elementor-inner-section elementor-element elementor-element-b7fbb69 elementor-section-boxed elementor-section-height-default elementor-section-height-default\" data-id=\"b7fbb69\" data-element_type=\"section\" data-e-type=\"section\">\n\t\t\t\t\t\t<div class=\"elementor-container elementor-column-gap-default\">\n\t\t\t\t\t<div class=\"elementor-column elementor-col-100 elementor-inner-column elementor-element elementor-element-442842d\" data-id=\"442842d\" data-element_type=\"column\" data-e-type=\"column\" data-settings=\"{&quot;background_background&quot;:&quot;classic&quot;}\">\n\t\t\t<div class=\"elementor-widget-wrap elementor-element-populated\">\n\t\t\t\t\t\t<div class=\"elementor-element elementor-element-95bfb07 elementor-widget elementor-widget-text-editor\" data-id=\"95bfb07\" data-element_type=\"widget\" data-e-type=\"widget\" data-widget_type=\"text-editor.default\">\n\t\t\t\t<div class=\"elementor-widget-container\">\n\t\t\t\t\t\t\t\t\t<p>Para ayudar a prevenir la deficiencia de hierro en los adolescentes, recomendamos consumir una dieta sana y equilibrada. Las opciones de alimentos saludables se enumeran aqu\u00ed (<a href=\"https:\/\/www.lstream.org\/wp-content\/uploads\/2023\/01\/If-At-First-You-Dont-Succeed-4.21.22.pdf\" data-lf-fd-inspected-xbp1oaebojy8edvj=\"true\">Coma bien para tener una sangre sana<\/a>) para que su hijo adolescente pueda estar en el camino correcto.<\/p>\t\t\t\t\t\t\t\t<\/div>\n\t\t\t\t<\/div>\n\t\t\t\t\t<\/div>\n\t\t<\/div>\n\t\t\t\t\t<\/div>\n\t\t<\/section>\n\t\t\t\t<section data-particle_enable=\"false\" data-particle-mobile-disabled=\"false\" class=\"elementor-section elementor-inner-section elementor-element elementor-element-b66dbb6 elementor-section-boxed elementor-section-height-default elementor-section-height-default\" data-id=\"b66dbb6\" data-element_type=\"section\" data-e-type=\"section\">\n\t\t\t\t\t\t<div class=\"elementor-container elementor-column-gap-default\">\n\t\t\t\t\t<div class=\"elementor-column elementor-col-50 elementor-inner-column elementor-element elementor-element-5cfc0e3\" data-id=\"5cfc0e3\" data-element_type=\"column\" data-e-type=\"column\">\n\t\t\t<div class=\"elementor-widget-wrap elementor-element-populated\">\n\t\t\t\t\t\t<div class=\"elementor-element elementor-element-8c0056c elementor-widget elementor-widget-text-editor\" data-id=\"8c0056c\" data-element_type=\"widget\" data-e-type=\"widget\" data-widget_type=\"text-editor.default\">\n\t\t\t\t<div class=\"elementor-widget-container\">\n\t\t\t\t\t\t\t\t\t<p>Sin embargo, el hierro no se absorbe de manera muy eficiente, incluso despu\u00e9s de ingerir alimentos ricos en hierro. Por ese motivo, con la aprobaci\u00f3n de su proveedor de atenci\u00f3n m\u00e9dica, LifeStream recomienda que su donante adolescente tome 18 mg de hierro elemental todos los d\u00edas durante 60 d\u00edas para reemplazar el hierro perdido durante la donaci\u00f3n.<\/p><p>Cuando tome suplementos de hierro, tenga en cuenta que lo mejor es \u201clento y constante\u201d. Tomar dosis mayores durante un per\u00edodo de tiempo m\u00e1s corto no ayudar\u00e1 y podr\u00eda provocar efectos secundarios no deseados.<\/p><h5><strong>Regla #1: consulte siempre a un proveedor de atenci\u00f3n m\u00e9dica acerca de si su donante adolescente toma suplementos de hierro<\/strong><\/h5>\t\t\t\t\t\t\t\t<\/div>\n\t\t\t\t<\/div>\n\t\t\t\t<div class=\"elementor-element elementor-element-29e205a elementor-widget elementor-widget-heading\" data-id=\"29e205a\" data-element_type=\"widget\" data-e-type=\"widget\" data-widget_type=\"heading.default\">\n\t\t\t\t<div class=\"elementor-widget-container\">\n\t\t\t\t\t<h2 class=\"elementor-heading-title elementor-size-default\">\u00bfC\u00f3mo puedo obtener m\u00e1s informaci\u00f3n sobre las reservas de hierro y la donaci\u00f3n de sangre?<\/h2>\t\t\t\t<\/div>\n\t\t\t\t<\/div>\n\t\t\t\t<div class=\"elementor-element elementor-element-b93d2c6 elementor-widget elementor-widget-text-editor\" data-id=\"b93d2c6\" data-element_type=\"widget\" data-e-type=\"widget\" data-widget_type=\"text-editor.default\">\n\t\t\t\t<div class=\"elementor-widget-container\">\n\t\t\t\t\t\t\t\t\t<p>Puede encontrar informaci\u00f3n adicional sobre la donaci\u00f3n de sangre y las reservas de hierro en:\u00a0<a href=\"https:\/\/www.ods.od.nih.gov\/factsheets\/Iron-Consumer\" target=\"_blank\" rel=\"noopener noreferrer\">https:\/\/www.ods.od.nih.gov\/factsheets\/Iron-Consumer<\/a>\u00a0y\u00a0<a href=\"http:\/\/www.nhlbi.nih.gov\/health-topics\/topics\/ida\" target=\"_blank\" rel=\"noopener noreferrer\">http:\/\/www.nhlbi.nih.gov\/health-topics\/topics\/ida<\/a>.<\/p>\t\t\t\t\t\t\t\t<\/div>\n\t\t\t\t<\/div>\n\t\t\t\t\t<\/div>\n\t\t<\/div>\n\t\t\t\t<div class=\"elementor-column elementor-col-50 elementor-inner-column elementor-element elementor-element-b36f2dc\" data-id=\"b36f2dc\" data-element_type=\"column\" data-e-type=\"column\" data-settings=\"{&quot;background_background&quot;:&quot;classic&quot;}\">\n\t\t\t<div class=\"elementor-widget-wrap elementor-element-populated\">\n\t\t\t\t\t\t<div class=\"elementor-element elementor-element-32f980b elementor-widget elementor-widget-spacer\" data-id=\"32f980b\" data-element_type=\"widget\" data-e-type=\"widget\" data-widget_type=\"spacer.default\">\n\t\t\t\t<div class=\"elementor-widget-container\">\n\t\t\t\t\t\t\t<div class=\"elementor-spacer\">\n\t\t\t<div class=\"elementor-spacer-inner\"><\/div>\n\t\t<\/div>\n\t\t\t\t\t\t<\/div>\n\t\t\t\t<\/div>\n\t\t\t\t\t<\/div>\n\t\t<\/div>\n\t\t\t\t\t<\/div>\n\t\t<\/section>\n\t\t\t\t<div class=\"elementor-element elementor-element-bc493ec elementor-widget-divider--view-line elementor-widget elementor-widget-divider\" data-id=\"bc493ec\" data-element_type=\"widget\" data-e-type=\"widget\" data-widget_type=\"divider.default\">\n\t\t\t\t<div class=\"elementor-widget-container\">\n\t\t\t\t\t\t\t<div class=\"elementor-divider\">\n\t\t\t<span class=\"elementor-divider-separator\">\n\t\t\t\t\t\t<\/span>\n\t\t<\/div>\n\t\t\t\t\t\t<\/div>\n\t\t\t\t<\/div>\n\t\t\t\t\t<\/div>\n\t\t<\/div>\n\t\t\t\t\t<\/div>\n\t\t<\/section>\n\t\t\t\t<\/div>","protected":false},"excerpt":{"rendered":"<p>Iron In Young Donors Blood Donation For Teenagers A Word To Parents Of Teenage Donors Studies have shown blood donation to be safe for our youngest \u201cheroes,\u201d and LifeStream wants to ensure their continued health and well-being. After all, our young people hold the key through their generosity and compassion to successfully assisting patients in [&hellip;]<\/p>\n","protected":false},"author":1,"featured_media":0,"parent":3116,"menu_order":1,"comment_status":"closed","ping_status":"closed","template":"elementor_header_footer","meta":{"_acf_changed":false,"footnotes":""},"class_list":["post-3118","page","type-page","status-publish","hentry"],"acf":[],"yoast_head":"<!-- This site is optimized with the Yoast SEO Premium plugin v27.2 (Yoast SEO v27.2) - https:\/\/yoast.com\/product\/yoast-seo-premium-wordpress\/ -->\n<title>Iron In Young Donors - LifeStream Blood Bank<\/title>\n<meta name=\"robots\" content=\"noindex, follow, max-snippet:-1, max-image-preview:large, max-video-preview:-1\" \/>\n<meta property=\"og:locale\" content=\"es_MX\" \/>\n<meta property=\"og:type\" content=\"article\" \/>\n<meta property=\"og:title\" content=\"Iron In Young Donors\" \/>\n<meta property=\"og:description\" content=\"Iron In Young Donors Blood Donation For Teenagers A Word To Parents Of Teenage Donors Studies have shown blood donation to be safe for our youngest \u201cheroes,\u201d and LifeStream wants to ensure their continued health and well-being. After all, our young people hold the key through their generosity and compassion to successfully assisting patients in [&hellip;]\" \/>\n<meta property=\"og:url\" content=\"https:\/\/www.lstream.org\/es\/give-blood\/facts-statistics\/iron-your-blood-donation\/iron-in-young-donors\/\" \/>\n<meta property=\"og:site_name\" content=\"LifeStream Blood Bank\" \/>\n<meta property=\"article:modified_time\" content=\"2023-03-22T23:17:32+00:00\" \/>\n<meta name=\"twitter:card\" content=\"summary_large_image\" \/>\n<meta name=\"twitter:label1\" content=\"Tiempo de lectura\" \/>\n\t<meta name=\"twitter:data1\" content=\"2 minutos\" \/>\n<script type=\"application\/ld+json\" class=\"yoast-schema-graph\">{\"@context\":\"https:\/\/schema.org\",\"@graph\":[{\"@type\":\"WebPage\",\"@id\":\"https:\/\/www.lstream.org\/give-blood\/facts-statistics\/iron-your-blood-donation\/iron-in-young-donors\/\",\"url\":\"https:\/\/www.lstream.org\/give-blood\/facts-statistics\/iron-your-blood-donation\/iron-in-young-donors\/\",\"name\":\"Iron In Young Donors - LifeStream Blood Bank\",\"isPartOf\":{\"@id\":\"https:\/\/www.lstream.org\/#website\"},\"datePublished\":\"2022-11-04T00:53:58+00:00\",\"dateModified\":\"2023-03-22T23:17:32+00:00\",\"breadcrumb\":{\"@id\":\"https:\/\/www.lstream.org\/give-blood\/facts-statistics\/iron-your-blood-donation\/iron-in-young-donors\/#breadcrumb\"},\"inLanguage\":\"es\",\"potentialAction\":[{\"@type\":\"ReadAction\",\"target\":[\"https:\/\/www.lstream.org\/give-blood\/facts-statistics\/iron-your-blood-donation\/iron-in-young-donors\/\"]}]},{\"@type\":\"BreadcrumbList\",\"@id\":\"https:\/\/www.lstream.org\/give-blood\/facts-statistics\/iron-your-blood-donation\/iron-in-young-donors\/#breadcrumb\",\"itemListElement\":[{\"@type\":\"ListItem\",\"position\":1,\"name\":\"Home\",\"item\":\"https:\/\/www.lstream.org\/\"},{\"@type\":\"ListItem\",\"position\":2,\"name\":\"Give Blood\",\"item\":\"https:\/\/www.lstream.org\/give-blood\/\"},{\"@type\":\"ListItem\",\"position\":3,\"name\":\"Facts &#038; Statistics\",\"item\":\"https:\/\/www.lstream.org\/give-blood\/facts-statistics\/\"},{\"@type\":\"ListItem\",\"position\":4,\"name\":\"Iron &#038; Your Blood Donation\",\"item\":\"https:\/\/www.lstream.org\/give-blood\/facts-statistics\/iron-your-blood-donation\/\"},{\"@type\":\"ListItem\",\"position\":5,\"name\":\"Iron In Young Donors\"}]},{\"@type\":\"WebSite\",\"@id\":\"https:\/\/www.lstream.org\/#website\",\"url\":\"https:\/\/www.lstream.org\/\",\"name\":\"LifeStream Blood Bank\",\"description\":\"\",\"publisher\":{\"@id\":\"https:\/\/www.lstream.org\/#organization\"},\"potentialAction\":[{\"@type\":\"SearchAction\",\"target\":{\"@type\":\"EntryPoint\",\"urlTemplate\":\"https:\/\/www.lstream.org\/?s={search_term_string}\"},\"query-input\":{\"@type\":\"PropertyValueSpecification\",\"valueRequired\":true,\"valueName\":\"search_term_string\"}}],\"inLanguage\":\"es\"},{\"@type\":\"Organization\",\"@id\":\"https:\/\/www.lstream.org\/#organization\",\"name\":\"LifeStream Blood Bank\",\"url\":\"https:\/\/www.lstream.org\/\",\"logo\":{\"@type\":\"ImageObject\",\"inLanguage\":\"es\",\"@id\":\"https:\/\/www.lstream.org\/#\/schema\/logo\/image\/\",\"url\":\"https:\/\/www.lstream.org\/wp-content\/uploads\/2022\/09\/Site-Logo.svg\",\"contentUrl\":\"https:\/\/www.lstream.org\/wp-content\/uploads\/2022\/09\/Site-Logo.svg\",\"width\":348,\"height\":82.3524,\"caption\":\"LifeStream Blood Bank\"},\"image\":{\"@id\":\"https:\/\/www.lstream.org\/#\/schema\/logo\/image\/\"}}]}<\/script>\n<!-- \/ Yoast SEO Premium plugin. -->","yoast_head_json":{"title":"Iron In Young Donors - LifeStream Blood Bank","robots":{"index":"noindex","follow":"follow","max-snippet":"max-snippet:-1","max-image-preview":"max-image-preview:large","max-video-preview":"max-video-preview:-1"},"og_locale":"es_MX","og_type":"article","og_title":"Iron In Young Donors","og_description":"Iron In Young Donors Blood Donation For Teenagers A Word To Parents Of Teenage Donors Studies have shown blood donation to be safe for our youngest \u201cheroes,\u201d and LifeStream wants to ensure their continued health and well-being. After all, our young people hold the key through their generosity and compassion to successfully assisting patients in [&hellip;]","og_url":"https:\/\/www.lstream.org\/es\/give-blood\/facts-statistics\/iron-your-blood-donation\/iron-in-young-donors\/","og_site_name":"LifeStream Blood Bank","article_modified_time":"2023-03-22T23:17:32+00:00","twitter_card":"summary_large_image","twitter_misc":{"Tiempo de lectura":"2 minutos"},"schema":{"@context":"https:\/\/schema.org","@graph":[{"@type":"WebPage","@id":"https:\/\/www.lstream.org\/give-blood\/facts-statistics\/iron-your-blood-donation\/iron-in-young-donors\/","url":"https:\/\/www.lstream.org\/give-blood\/facts-statistics\/iron-your-blood-donation\/iron-in-young-donors\/","name":"Iron In Young Donors - LifeStream Blood Bank","isPartOf":{"@id":"https:\/\/www.lstream.org\/#website"},"datePublished":"2022-11-04T00:53:58+00:00","dateModified":"2023-03-22T23:17:32+00:00","breadcrumb":{"@id":"https:\/\/www.lstream.org\/give-blood\/facts-statistics\/iron-your-blood-donation\/iron-in-young-donors\/#breadcrumb"},"inLanguage":"es","potentialAction":[{"@type":"ReadAction","target":["https:\/\/www.lstream.org\/give-blood\/facts-statistics\/iron-your-blood-donation\/iron-in-young-donors\/"]}]},{"@type":"BreadcrumbList","@id":"https:\/\/www.lstream.org\/give-blood\/facts-statistics\/iron-your-blood-donation\/iron-in-young-donors\/#breadcrumb","itemListElement":[{"@type":"ListItem","position":1,"name":"Home","item":"https:\/\/www.lstream.org\/"},{"@type":"ListItem","position":2,"name":"Give Blood","item":"https:\/\/www.lstream.org\/give-blood\/"},{"@type":"ListItem","position":3,"name":"Facts &#038; Statistics","item":"https:\/\/www.lstream.org\/give-blood\/facts-statistics\/"},{"@type":"ListItem","position":4,"name":"Iron &#038; Your Blood Donation","item":"https:\/\/www.lstream.org\/give-blood\/facts-statistics\/iron-your-blood-donation\/"},{"@type":"ListItem","position":5,"name":"Iron In Young Donors"}]},{"@type":"WebSite","@id":"https:\/\/www.lstream.org\/#website","url":"https:\/\/www.lstream.org\/","name":"Banco de sangre LifeStream","description":"","publisher":{"@id":"https:\/\/www.lstream.org\/#organization"},"potentialAction":[{"@type":"SearchAction","target":{"@type":"EntryPoint","urlTemplate":"https:\/\/www.lstream.org\/?s={search_term_string}"},"query-input":{"@type":"PropertyValueSpecification","valueRequired":true,"valueName":"search_term_string"}}],"inLanguage":"es"},{"@type":"Organization","@id":"https:\/\/www.lstream.org\/#organization","name":"Banco de sangre LifeStream","url":"https:\/\/www.lstream.org\/","logo":{"@type":"ImageObject","inLanguage":"es","@id":"https:\/\/www.lstream.org\/#\/schema\/logo\/image\/","url":"https:\/\/www.lstream.org\/wp-content\/uploads\/2022\/09\/Site-Logo.svg","contentUrl":"https:\/\/www.lstream.org\/wp-content\/uploads\/2022\/09\/Site-Logo.svg","width":348,"height":82.3524,"caption":"LifeStream Blood Bank"},"image":{"@id":"https:\/\/www.lstream.org\/#\/schema\/logo\/image\/"}}]}},"_links":{"self":[{"href":"https:\/\/www.lstream.org\/es\/wp-json\/wp\/v2\/pages\/3118","targetHints":{"allow":["GET"]}}],"collection":[{"href":"https:\/\/www.lstream.org\/es\/wp-json\/wp\/v2\/pages"}],"about":[{"href":"https:\/\/www.lstream.org\/es\/wp-json\/wp\/v2\/types\/page"}],"author":[{"embeddable":true,"href":"https:\/\/www.lstream.org\/es\/wp-json\/wp\/v2\/users\/1"}],"replies":[{"embeddable":true,"href":"https:\/\/www.lstream.org\/es\/wp-json\/wp\/v2\/comments?post=3118"}],"version-history":[{"count":25,"href":"https:\/\/www.lstream.org\/es\/wp-json\/wp\/v2\/pages\/3118\/revisions"}],"predecessor-version":[{"id":21813,"href":"https:\/\/www.lstream.org\/es\/wp-json\/wp\/v2\/pages\/3118\/revisions\/21813"}],"up":[{"embeddable":true,"href":"https:\/\/www.lstream.org\/es\/wp-json\/wp\/v2\/pages\/3116"}],"wp:attachment":[{"href":"https:\/\/www.lstream.org\/es\/wp-json\/wp\/v2\/media?parent=3118"}],"curies":[{"name":"wp","href":"https:\/\/api.w.org\/{rel}","templated":true}]}}