{"id":3126,"date":"2022-11-04T00:55:08","date_gmt":"2022-11-04T00:55:08","guid":{"rendered":"https:\/\/www.lstream.org\/?page_id=3126"},"modified":"2023-02-21T18:31:39","modified_gmt":"2023-02-21T18:31:39","slug":"platelets","status":"publish","type":"page","link":"https:\/\/www.lstream.org\/es\/give-blood\/facts-statistics\/iron-your-blood-donation\/iron-in-young-donors\/apheresis\/platelets\/","title":{"rendered":"Plaquetas"},"content":{"rendered":"<div data-elementor-type=\"wp-page\" data-elementor-id=\"3126\" class=\"elementor elementor-3126\" data-elementor-post-type=\"page\">\n\t\t\t\t\t\t<section data-particle_enable=\"false\" data-particle-mobile-disabled=\"false\" class=\"elementor-section elementor-top-section elementor-element elementor-element-4a408ac elementor-section-full_width elementor-section-content-bottom elementor-section-height-default elementor-section-height-default\" data-id=\"4a408ac\" data-element_type=\"section\" data-e-type=\"section\" data-settings=\"{&quot;background_background&quot;:&quot;classic&quot;}\">\n\t\t\t\t\t\t<div class=\"elementor-container elementor-column-gap-no\">\n\t\t\t\t\t<div class=\"elementor-column elementor-col-100 elementor-top-column elementor-element elementor-element-e1cbafb\" data-id=\"e1cbafb\" data-element_type=\"column\" data-e-type=\"column\">\n\t\t\t<div class=\"elementor-widget-wrap elementor-element-populated\">\n\t\t\t\t\t\t<div class=\"elementor-element elementor-element-594efbe elementor-widget elementor-widget-heading\" data-id=\"594efbe\" data-element_type=\"widget\" data-e-type=\"widget\" data-widget_type=\"heading.default\">\n\t\t\t\t<div class=\"elementor-widget-container\">\n\t\t\t\t\t<h2 class=\"elementor-heading-title elementor-size-default\">Plaquetas<\/h2>\t\t\t\t<\/div>\n\t\t\t\t<\/div>\n\t\t\t\t<div class=\"elementor-element elementor-element-bfb20e0 elementor-align-center elementor-widget elementor-widget-global elementor-global-2059 elementor-widget-breadcrumbs\" data-id=\"bfb20e0\" data-element_type=\"widget\" data-e-type=\"widget\" data-widget_type=\"breadcrumbs.default\">\n\t\t\t\t<div class=\"elementor-widget-container\">\n\t\t\t\t\t<span id=\"breadcrumbs\"><span><span><a href=\"https:\/\/www.lstream.org\/es\/\">Hogar<\/a><\/span><\/span><\/span>\t\t\t\t<\/div>\n\t\t\t\t<\/div>\n\t\t\t\t\t<\/div>\n\t\t<\/div>\n\t\t\t\t\t<\/div>\n\t\t<\/section>\n\t\t\t\t<section data-particle_enable=\"false\" data-particle-mobile-disabled=\"false\" class=\"elementor-section elementor-top-section elementor-element elementor-element-7e48e21 elementor-section-full_width elementor-section-height-min-height elementor-section-items-stretch elementor-section-content-top elementor-section-height-default\" data-id=\"7e48e21\" data-element_type=\"section\" data-e-type=\"section\">\n\t\t\t\t\t\t<div class=\"elementor-container elementor-column-gap-no\">\n\t\t\t\t\t<div class=\"elementor-column elementor-col-100 elementor-top-column elementor-element elementor-element-fac2824\" data-id=\"fac2824\" data-element_type=\"column\" data-e-type=\"column\">\n\t\t\t<div class=\"elementor-widget-wrap elementor-element-populated\">\n\t\t\t\t\t\t<section data-particle_enable=\"false\" data-particle-mobile-disabled=\"false\" class=\"elementor-section elementor-inner-section elementor-element elementor-element-166ce92 elementor-reverse-mobile elementor-section-boxed elementor-section-height-default elementor-section-height-default\" data-id=\"166ce92\" data-element_type=\"section\" data-e-type=\"section\">\n\t\t\t\t\t\t<div class=\"elementor-container elementor-column-gap-default\">\n\t\t\t\t\t<div class=\"elementor-column elementor-col-50 elementor-inner-column elementor-element elementor-element-c865044\" data-id=\"c865044\" data-element_type=\"column\" data-e-type=\"column\" data-settings=\"{&quot;background_background&quot;:&quot;classic&quot;}\">\n\t\t\t<div class=\"elementor-widget-wrap elementor-element-populated\">\n\t\t\t\t\t\t<div class=\"elementor-element elementor-element-dc63260 elementor-widget elementor-widget-spacer\" data-id=\"dc63260\" data-element_type=\"widget\" data-e-type=\"widget\" data-widget_type=\"spacer.default\">\n\t\t\t\t<div class=\"elementor-widget-container\">\n\t\t\t\t\t\t\t<div class=\"elementor-spacer\">\n\t\t\t<div class=\"elementor-spacer-inner\"><\/div>\n\t\t<\/div>\n\t\t\t\t\t\t<\/div>\n\t\t\t\t<\/div>\n\t\t\t\t\t<\/div>\n\t\t<\/div>\n\t\t\t\t<div class=\"elementor-column elementor-col-50 elementor-inner-column elementor-element elementor-element-f405efc\" data-id=\"f405efc\" data-element_type=\"column\" data-e-type=\"column\">\n\t\t\t<div class=\"elementor-widget-wrap elementor-element-populated\">\n\t\t\t\t\t\t<div class=\"elementor-element elementor-element-97dfcfe elementor-widget elementor-widget-text-editor\" data-id=\"97dfcfe\" data-element_type=\"widget\" data-e-type=\"widget\" data-widget_type=\"text-editor.default\">\n\t\t\t\t<div class=\"elementor-widget-container\">\n\t\t\t\t\t\t\t\t\t<p>Las plaquetas son de color amarillo y son los agentes coagulantes de nuestra sangre. Cuando nos cortamos, las plaquetas son fundamentales para ayudar a minimizar el sangrado. Los pacientes que reciben tratamiento por enfermedades de la sangre, incluido el c\u00e1ncer, a menudo necesitan transfusiones de plaquetas frecuentes, ya que el tratamiento de la enfermedad puede reducir el recuento de plaquetas.<\/p>\t\t\t\t\t\t\t\t<\/div>\n\t\t\t\t<\/div>\n\t\t\t\t<div class=\"elementor-element elementor-element-951c717 elementor-widget elementor-widget-heading\" data-id=\"951c717\" data-element_type=\"widget\" data-e-type=\"widget\" data-widget_type=\"heading.default\">\n\t\t\t\t<div class=\"elementor-widget-container\">\n\t\t\t\t\t<h2 class=\"elementor-heading-title elementor-size-default\">Una donaci\u00f3n de plaquetas<\/h2>\t\t\t\t<\/div>\n\t\t\t\t<\/div>\n\t\t\t\t<div class=\"elementor-element elementor-element-5d0bdb8 elementor-widget elementor-widget-text-editor\" data-id=\"5d0bdb8\" data-element_type=\"widget\" data-e-type=\"widget\" data-widget_type=\"text-editor.default\">\n\t\t\t\t<div class=\"elementor-widget-container\">\n\t\t\t\t\t\t\t\t\t<p>Dependiendo del donante, las plaquetas se pueden administrar en unidades simples, dobles o triples. Las plaquetas tambi\u00e9n son ricas en plasma, que trabaja en estrecha colaboraci\u00f3n con las plaquetas para detener el sangrado.<\/p><h5><strong>La donaci\u00f3n de plaquetas es la donaci\u00f3n ideal para:<\/strong><\/h5><ul><li>Un positivo<\/li><li>Un negativo<\/li><li>B Positivo<\/li><li>B Negativo<\/li><\/ul>\t\t\t\t\t\t\t\t<\/div>\n\t\t\t\t<\/div>\n\t\t\t\t\t<\/div>\n\t\t<\/div>\n\t\t\t\t\t<\/div>\n\t\t<\/section>\n\t\t\t\t<section data-particle_enable=\"false\" data-particle-mobile-disabled=\"false\" class=\"elementor-section elementor-inner-section elementor-element elementor-element-8a385b8 elementor-section-boxed elementor-section-height-default elementor-section-height-default\" data-id=\"8a385b8\" data-element_type=\"section\" data-e-type=\"section\">\n\t\t\t\t\t\t<div class=\"elementor-container elementor-column-gap-default\">\n\t\t\t\t\t<div class=\"elementor-column elementor-col-50 elementor-inner-column elementor-element elementor-element-489f503\" data-id=\"489f503\" data-element_type=\"column\" data-e-type=\"column\">\n\t\t\t<div class=\"elementor-widget-wrap elementor-element-populated\">\n\t\t\t\t\t\t<div class=\"elementor-element elementor-element-91c9bc0 elementor-widget elementor-widget-heading\" data-id=\"91c9bc0\" data-element_type=\"widget\" data-e-type=\"widget\" data-widget_type=\"heading.default\">\n\t\t\t\t<div class=\"elementor-widget-container\">\n\t\t\t\t\t<h2 class=\"elementor-heading-title elementor-size-default\">Preguntas frecuentes sobre la donaci\u00f3n de plaquetas<\/h2>\t\t\t\t<\/div>\n\t\t\t\t<\/div>\n\t\t\t\t<div class=\"elementor-element elementor-element-f094f6f elementor-widget elementor-widget-text-editor\" data-id=\"f094f6f\" data-element_type=\"widget\" data-e-type=\"widget\" data-widget_type=\"text-editor.default\">\n\t\t\t\t<div class=\"elementor-widget-container\">\n\t\t\t\t\t\t\t\t\t<h5><strong>\u00bfCu\u00e1nto tiempo se tarda?<\/strong><\/h5><p>Una donaci\u00f3n de plaquetas tarda aproximadamente 2 horas en completarse desde el registro hasta el comedor. Este tiempo puede variar seg\u00fan el donante.<\/p><h5><strong>\u00bfCon qu\u00e9 frecuencia puedo donar plaquetas?<\/strong><\/h5><p>Puedes donar plaquetas cada 7 d\u00edas, hasta 24 veces al a\u00f1o.<\/p><h5><strong>\u00bfPor qu\u00e9 donar plaquetas?<\/strong><\/h5><p>Las plaquetas deben transfundirse dentro de los 5 a 7 d\u00edas posteriores a su recolecci\u00f3n. Dado que deben usarse con tanta rapidez y que muchos pacientes necesitan regularmente este componente sangu\u00edneo, la necesidad es constante.<\/p>\t\t\t\t\t\t\t\t<\/div>\n\t\t\t\t<\/div>\n\t\t\t\t\t<\/div>\n\t\t<\/div>\n\t\t\t\t<div class=\"elementor-column elementor-col-50 elementor-inner-column elementor-element elementor-element-015d4b7\" data-id=\"015d4b7\" data-element_type=\"column\" data-e-type=\"column\" data-settings=\"{&quot;background_background&quot;:&quot;classic&quot;}\">\n\t\t\t<div class=\"elementor-widget-wrap elementor-element-populated\">\n\t\t\t\t\t\t<div class=\"elementor-element elementor-element-6a71ee7 elementor-widget elementor-widget-spacer\" data-id=\"6a71ee7\" data-element_type=\"widget\" data-e-type=\"widget\" data-widget_type=\"spacer.default\">\n\t\t\t\t<div class=\"elementor-widget-container\">\n\t\t\t\t\t\t\t<div class=\"elementor-spacer\">\n\t\t\t<div class=\"elementor-spacer-inner\"><\/div>\n\t\t<\/div>\n\t\t\t\t\t\t<\/div>\n\t\t\t\t<\/div>\n\t\t\t\t\t<\/div>\n\t\t<\/div>\n\t\t\t\t\t<\/div>\n\t\t<\/section>\n\t\t\t\t<section data-particle_enable=\"false\" data-particle-mobile-disabled=\"false\" class=\"elementor-section elementor-inner-section elementor-element elementor-element-e2256ac elementor-reverse-mobile elementor-section-boxed elementor-section-height-default elementor-section-height-default\" data-id=\"e2256ac\" data-element_type=\"section\" data-e-type=\"section\">\n\t\t\t\t\t\t<div class=\"elementor-container elementor-column-gap-default\">\n\t\t\t\t\t<div class=\"elementor-column elementor-col-50 elementor-inner-column elementor-element elementor-element-82123dc\" data-id=\"82123dc\" data-element_type=\"column\" data-e-type=\"column\" data-settings=\"{&quot;background_background&quot;:&quot;classic&quot;}\">\n\t\t\t<div class=\"elementor-widget-wrap elementor-element-populated\">\n\t\t\t\t\t\t<div class=\"elementor-element elementor-element-2817589 elementor-widget elementor-widget-spacer\" data-id=\"2817589\" data-element_type=\"widget\" data-e-type=\"widget\" data-widget_type=\"spacer.default\">\n\t\t\t\t<div class=\"elementor-widget-container\">\n\t\t\t\t\t\t\t<div class=\"elementor-spacer\">\n\t\t\t<div class=\"elementor-spacer-inner\"><\/div>\n\t\t<\/div>\n\t\t\t\t\t\t<\/div>\n\t\t\t\t<\/div>\n\t\t\t\t\t<\/div>\n\t\t<\/div>\n\t\t\t\t<div class=\"elementor-column elementor-col-50 elementor-inner-column elementor-element elementor-element-0173935\" data-id=\"0173935\" data-element_type=\"column\" data-e-type=\"column\">\n\t\t\t<div class=\"elementor-widget-wrap elementor-element-populated\">\n\t\t\t\t\t\t<div class=\"elementor-element elementor-element-3cd488b elementor-widget elementor-widget-heading\" data-id=\"3cd488b\" data-element_type=\"widget\" data-e-type=\"widget\" data-widget_type=\"heading.default\">\n\t\t\t\t<div class=\"elementor-widget-container\">\n\t\t\t\t\t<h2 class=\"elementor-heading-title elementor-size-default\">Beneficios para los donantes<\/h2>\t\t\t\t<\/div>\n\t\t\t\t<\/div>\n\t\t\t\t<div class=\"elementor-element elementor-element-9b9da78 elementor-widget elementor-widget-text-editor\" data-id=\"9b9da78\" data-element_type=\"widget\" data-e-type=\"widget\" data-widget_type=\"text-editor.default\">\n\t\t\t\t<div class=\"elementor-widget-container\">\n\t\t\t\t\t\t\t\t\t<p><strong>GALONES:<\/strong> Las donaciones de plaquetas llevan m\u00e1s tiempo y, para agradecerle por su tiempo, LifeStream recompensa a nuestros donantes de plaquetas con 2 cr\u00e9ditos para su nivel de galones cada vez que realiza una donaci\u00f3n. \u00a1Haz 24 donaciones y podr\u00e1s llegar a 6 galones en un a\u00f1o!<\/p>\n<p><strong>SENTIRSE BIEN:<\/strong> Todos los procedimientos de af\u00e9resis hidratan su cuerpo. Adem\u00e1s, como no est\u00e1s administrando gl\u00f3bulos rojos, tus niveles de hierro y ox\u00edgeno en sangre no se ven afectados. \u00a1Te sientes genial despu\u00e9s de donar!<\/p>\t\t\t\t\t\t\t\t<\/div>\n\t\t\t\t<\/div>\n\t\t\t\t\t<\/div>\n\t\t<\/div>\n\t\t\t\t\t<\/div>\n\t\t<\/section>\n\t\t\t\t<section data-particle_enable=\"false\" data-particle-mobile-disabled=\"false\" class=\"elementor-section elementor-inner-section elementor-element elementor-element-0f3c780 elementor-section-boxed elementor-section-height-default elementor-section-height-default\" data-id=\"0f3c780\" data-element_type=\"section\" data-e-type=\"section\">\n\t\t\t\t\t\t<div class=\"elementor-container elementor-column-gap-default\">\n\t\t\t\t\t<div class=\"elementor-column elementor-col-50 elementor-inner-column elementor-element elementor-element-b0c007e\" data-id=\"b0c007e\" data-element_type=\"column\" data-e-type=\"column\">\n\t\t\t<div class=\"elementor-widget-wrap elementor-element-populated\">\n\t\t\t\t\t\t<div class=\"elementor-element elementor-element-98049d0 elementor-widget elementor-widget-heading\" data-id=\"98049d0\" data-element_type=\"widget\" data-e-type=\"widget\" data-widget_type=\"heading.default\">\n\t\t\t\t<div class=\"elementor-widget-container\">\n\t\t\t\t\t<h2 class=\"elementor-heading-title elementor-size-default\">Elegibilidad<\/h2>\t\t\t\t<\/div>\n\t\t\t\t<\/div>\n\t\t\t\t<div class=\"elementor-element elementor-element-dd1e4ac elementor-widget elementor-widget-text-editor\" data-id=\"dd1e4ac\" data-element_type=\"widget\" data-e-type=\"widget\" data-widget_type=\"text-editor.default\">\n\t\t\t\t<div class=\"elementor-widget-container\">\n\t\t\t\t\t\t\t\t\t<p>Para donar plaquetas, los donantes deben cumplir con los requisitos generales de donaci\u00f3n de sangre completa. Antes de cualquier procedimiento de af\u00e9resis, el equipo de af\u00e9resis capacitado de LifeStream evaluar\u00e1 al donante para determinar si es posible una donaci\u00f3n por af\u00e9resis.<\/p>\t\t\t\t\t\t\t\t<\/div>\n\t\t\t\t<\/div>\n\t\t\t\t<div class=\"elementor-element elementor-element-ffe08d9 elementor-align-center elementor-mobile-align-center elementor-widget elementor-widget-button\" data-id=\"ffe08d9\" data-element_type=\"widget\" data-e-type=\"widget\" data-widget_type=\"button.default\">\n\t\t\t\t<div class=\"elementor-widget-container\">\n\t\t\t\t\t\t\t\t\t<div class=\"elementor-button-wrapper\">\n\t\t\t\t\t<a class=\"elementor-button elementor-button-link elementor-size-sm\" href=\"https:\/\/giftoflife.lstream.org\/donor\/schedules\/zip\" target=\"_blank\">\n\t\t\t\t\t\t<span class=\"elementor-button-content-wrapper\">\n\t\t\t\t\t\t\t\t\t<span class=\"elementor-button-text\">Agendar una cita de trabajo<\/span>\n\t\t\t\t\t<\/span>\n\t\t\t\t\t<\/a>\n\t\t\t\t<\/div>\n\t\t\t\t\t\t\t\t<\/div>\n\t\t\t\t<\/div>\n\t\t\t\t\t<\/div>\n\t\t<\/div>\n\t\t\t\t<div class=\"elementor-column elementor-col-50 elementor-inner-column elementor-element elementor-element-b28a79b\" data-id=\"b28a79b\" data-element_type=\"column\" data-e-type=\"column\" data-settings=\"{&quot;background_background&quot;:&quot;classic&quot;}\">\n\t\t\t<div class=\"elementor-widget-wrap elementor-element-populated\">\n\t\t\t\t\t\t<div class=\"elementor-element elementor-element-5ede046 elementor-widget elementor-widget-spacer\" data-id=\"5ede046\" data-element_type=\"widget\" data-e-type=\"widget\" data-widget_type=\"spacer.default\">\n\t\t\t\t<div class=\"elementor-widget-container\">\n\t\t\t\t\t\t\t<div class=\"elementor-spacer\">\n\t\t\t<div class=\"elementor-spacer-inner\"><\/div>\n\t\t<\/div>\n\t\t\t\t\t\t<\/div>\n\t\t\t\t<\/div>\n\t\t\t\t\t<\/div>\n\t\t<\/div>\n\t\t\t\t\t<\/div>\n\t\t<\/section>\n\t\t\t\t<div class=\"elementor-element elementor-element-7653003 elementor-widget-divider--view-line elementor-widget elementor-widget-divider\" data-id=\"7653003\" data-element_type=\"widget\" data-e-type=\"widget\" data-widget_type=\"divider.default\">\n\t\t\t\t<div class=\"elementor-widget-container\">\n\t\t\t\t\t\t\t<div class=\"elementor-divider\">\n\t\t\t<span class=\"elementor-divider-separator\">\n\t\t\t\t\t\t<\/span>\n\t\t<\/div>\n\t\t\t\t\t\t<\/div>\n\t\t\t\t<\/div>\n\t\t\t\t\t<\/div>\n\t\t<\/div>\n\t\t\t\t\t<\/div>\n\t\t<\/section>\n\t\t\t\t<\/div>","protected":false},"excerpt":{"rendered":"<p>Platelets Platelets are yellow in color and the clotting agents in our blood. When we are cut, platelets are essential to help minimize bleeding. Patients being treated for blood diseases, including cancer, often need frequent platelet transfusions as treatment for the disease can reduce platelet count. A Platelet Donation Depending on the donor, platelets can [&hellip;]<\/p>\n","protected":false},"author":1,"featured_media":0,"parent":3122,"menu_order":2,"comment_status":"closed","ping_status":"closed","template":"elementor_header_footer","meta":{"_acf_changed":false,"footnotes":""},"class_list":["post-3126","page","type-page","status-publish","hentry"],"acf":[],"yoast_head":"<!-- This site is optimized with the Yoast SEO Premium plugin v27.2 (Yoast SEO v27.2) - https:\/\/yoast.com\/product\/yoast-seo-premium-wordpress\/ -->\n<title>Platelets - LifeStream Blood Bank<\/title>\n<meta name=\"robots\" content=\"noindex, follow, max-snippet:-1, max-image-preview:large, max-video-preview:-1\" \/>\n<meta property=\"og:locale\" content=\"es_MX\" \/>\n<meta property=\"og:type\" content=\"article\" \/>\n<meta property=\"og:title\" content=\"Platelets\" \/>\n<meta property=\"og:description\" content=\"Platelets Platelets are yellow in color and the clotting agents in our blood. When we are cut, platelets are essential to help minimize bleeding. Patients being treated for blood diseases, including cancer, often need frequent platelet transfusions as treatment for the disease can reduce platelet count. A Platelet Donation Depending on the donor, platelets can [&hellip;]\" \/>\n<meta property=\"og:url\" content=\"https:\/\/www.lstream.org\/es\/give-blood\/facts-statistics\/iron-your-blood-donation\/iron-in-young-donors\/apheresis\/platelets\/\" \/>\n<meta property=\"og:site_name\" content=\"LifeStream Blood Bank\" \/>\n<meta property=\"article:modified_time\" content=\"2023-02-21T18:31:39+00:00\" \/>\n<meta name=\"twitter:card\" content=\"summary_large_image\" \/>\n<meta name=\"twitter:label1\" content=\"Tiempo de lectura\" \/>\n\t<meta name=\"twitter:data1\" content=\"2 minutos\" \/>\n<script type=\"application\/ld+json\" class=\"yoast-schema-graph\">{\"@context\":\"https:\/\/schema.org\",\"@graph\":[{\"@type\":\"WebPage\",\"@id\":\"https:\/\/www.lstream.org\/give-blood\/facts-statistics\/iron-your-blood-donation\/iron-in-young-donors\/apheresis\/platelets\/\",\"url\":\"https:\/\/www.lstream.org\/give-blood\/facts-statistics\/iron-your-blood-donation\/iron-in-young-donors\/apheresis\/platelets\/\",\"name\":\"Platelets - LifeStream Blood Bank\",\"isPartOf\":{\"@id\":\"https:\/\/www.lstream.org\/#website\"},\"datePublished\":\"2022-11-04T00:55:08+00:00\",\"dateModified\":\"2023-02-21T18:31:39+00:00\",\"breadcrumb\":{\"@id\":\"https:\/\/www.lstream.org\/give-blood\/facts-statistics\/iron-your-blood-donation\/iron-in-young-donors\/apheresis\/platelets\/#breadcrumb\"},\"inLanguage\":\"es\",\"potentialAction\":[{\"@type\":\"ReadAction\",\"target\":[\"https:\/\/www.lstream.org\/give-blood\/facts-statistics\/iron-your-blood-donation\/iron-in-young-donors\/apheresis\/platelets\/\"]}]},{\"@type\":\"BreadcrumbList\",\"@id\":\"https:\/\/www.lstream.org\/give-blood\/facts-statistics\/iron-your-blood-donation\/iron-in-young-donors\/apheresis\/platelets\/#breadcrumb\",\"itemListElement\":[{\"@type\":\"ListItem\",\"position\":1,\"name\":\"Home\",\"item\":\"https:\/\/www.lstream.org\/\"},{\"@type\":\"ListItem\",\"position\":2,\"name\":\"Give Blood\",\"item\":\"https:\/\/www.lstream.org\/give-blood\/\"},{\"@type\":\"ListItem\",\"position\":3,\"name\":\"Facts &#038; Statistics\",\"item\":\"https:\/\/www.lstream.org\/give-blood\/facts-statistics\/\"},{\"@type\":\"ListItem\",\"position\":4,\"name\":\"Iron &#038; Your Blood Donation\",\"item\":\"https:\/\/www.lstream.org\/give-blood\/facts-statistics\/iron-your-blood-donation\/\"},{\"@type\":\"ListItem\",\"position\":5,\"name\":\"Iron In Young Donors\",\"item\":\"https:\/\/www.lstream.org\/give-blood\/facts-statistics\/iron-your-blood-donation\/iron-in-young-donors\/\"},{\"@type\":\"ListItem\",\"position\":6,\"name\":\"Apheresis\",\"item\":\"https:\/\/www.lstream.org\/give-blood\/facts-statistics\/iron-your-blood-donation\/iron-in-young-donors\/apheresis\/\"},{\"@type\":\"ListItem\",\"position\":7,\"name\":\"Platelets\"}]},{\"@type\":\"WebSite\",\"@id\":\"https:\/\/www.lstream.org\/#website\",\"url\":\"https:\/\/www.lstream.org\/\",\"name\":\"LifeStream Blood Bank\",\"description\":\"\",\"publisher\":{\"@id\":\"https:\/\/www.lstream.org\/#organization\"},\"potentialAction\":[{\"@type\":\"SearchAction\",\"target\":{\"@type\":\"EntryPoint\",\"urlTemplate\":\"https:\/\/www.lstream.org\/?s={search_term_string}\"},\"query-input\":{\"@type\":\"PropertyValueSpecification\",\"valueRequired\":true,\"valueName\":\"search_term_string\"}}],\"inLanguage\":\"es\"},{\"@type\":\"Organization\",\"@id\":\"https:\/\/www.lstream.org\/#organization\",\"name\":\"LifeStream Blood Bank\",\"url\":\"https:\/\/www.lstream.org\/\",\"logo\":{\"@type\":\"ImageObject\",\"inLanguage\":\"es\",\"@id\":\"https:\/\/www.lstream.org\/#\/schema\/logo\/image\/\",\"url\":\"https:\/\/www.lstream.org\/wp-content\/uploads\/2022\/09\/Site-Logo.svg\",\"contentUrl\":\"https:\/\/www.lstream.org\/wp-content\/uploads\/2022\/09\/Site-Logo.svg\",\"width\":348,\"height\":82.3524,\"caption\":\"LifeStream Blood Bank\"},\"image\":{\"@id\":\"https:\/\/www.lstream.org\/#\/schema\/logo\/image\/\"}}]}<\/script>\n<!-- \/ Yoast SEO Premium plugin. -->","yoast_head_json":{"title":"Platelets - LifeStream Blood Bank","robots":{"index":"noindex","follow":"follow","max-snippet":"max-snippet:-1","max-image-preview":"max-image-preview:large","max-video-preview":"max-video-preview:-1"},"og_locale":"es_MX","og_type":"article","og_title":"Platelets","og_description":"Platelets Platelets are yellow in color and the clotting agents in our blood. When we are cut, platelets are essential to help minimize bleeding. Patients being treated for blood diseases, including cancer, often need frequent platelet transfusions as treatment for the disease can reduce platelet count. A Platelet Donation Depending on the donor, platelets can [&hellip;]","og_url":"https:\/\/www.lstream.org\/es\/give-blood\/facts-statistics\/iron-your-blood-donation\/iron-in-young-donors\/apheresis\/platelets\/","og_site_name":"LifeStream Blood Bank","article_modified_time":"2023-02-21T18:31:39+00:00","twitter_card":"summary_large_image","twitter_misc":{"Tiempo de lectura":"2 minutos"},"schema":{"@context":"https:\/\/schema.org","@graph":[{"@type":"WebPage","@id":"https:\/\/www.lstream.org\/give-blood\/facts-statistics\/iron-your-blood-donation\/iron-in-young-donors\/apheresis\/platelets\/","url":"https:\/\/www.lstream.org\/give-blood\/facts-statistics\/iron-your-blood-donation\/iron-in-young-donors\/apheresis\/platelets\/","name":"Platelets - LifeStream Blood Bank","isPartOf":{"@id":"https:\/\/www.lstream.org\/#website"},"datePublished":"2022-11-04T00:55:08+00:00","dateModified":"2023-02-21T18:31:39+00:00","breadcrumb":{"@id":"https:\/\/www.lstream.org\/give-blood\/facts-statistics\/iron-your-blood-donation\/iron-in-young-donors\/apheresis\/platelets\/#breadcrumb"},"inLanguage":"es","potentialAction":[{"@type":"ReadAction","target":["https:\/\/www.lstream.org\/give-blood\/facts-statistics\/iron-your-blood-donation\/iron-in-young-donors\/apheresis\/platelets\/"]}]},{"@type":"BreadcrumbList","@id":"https:\/\/www.lstream.org\/give-blood\/facts-statistics\/iron-your-blood-donation\/iron-in-young-donors\/apheresis\/platelets\/#breadcrumb","itemListElement":[{"@type":"ListItem","position":1,"name":"Home","item":"https:\/\/www.lstream.org\/"},{"@type":"ListItem","position":2,"name":"Give Blood","item":"https:\/\/www.lstream.org\/give-blood\/"},{"@type":"ListItem","position":3,"name":"Facts &#038; Statistics","item":"https:\/\/www.lstream.org\/give-blood\/facts-statistics\/"},{"@type":"ListItem","position":4,"name":"Iron &#038; Your Blood Donation","item":"https:\/\/www.lstream.org\/give-blood\/facts-statistics\/iron-your-blood-donation\/"},{"@type":"ListItem","position":5,"name":"Iron In Young Donors","item":"https:\/\/www.lstream.org\/give-blood\/facts-statistics\/iron-your-blood-donation\/iron-in-young-donors\/"},{"@type":"ListItem","position":6,"name":"Apheresis","item":"https:\/\/www.lstream.org\/give-blood\/facts-statistics\/iron-your-blood-donation\/iron-in-young-donors\/apheresis\/"},{"@type":"ListItem","position":7,"name":"Platelets"}]},{"@type":"WebSite","@id":"https:\/\/www.lstream.org\/#website","url":"https:\/\/www.lstream.org\/","name":"Banco de sangre LifeStream","description":"","publisher":{"@id":"https:\/\/www.lstream.org\/#organization"},"potentialAction":[{"@type":"SearchAction","target":{"@type":"EntryPoint","urlTemplate":"https:\/\/www.lstream.org\/?s={search_term_string}"},"query-input":{"@type":"PropertyValueSpecification","valueRequired":true,"valueName":"search_term_string"}}],"inLanguage":"es"},{"@type":"Organization","@id":"https:\/\/www.lstream.org\/#organization","name":"Banco de sangre LifeStream","url":"https:\/\/www.lstream.org\/","logo":{"@type":"ImageObject","inLanguage":"es","@id":"https:\/\/www.lstream.org\/#\/schema\/logo\/image\/","url":"https:\/\/www.lstream.org\/wp-content\/uploads\/2022\/09\/Site-Logo.svg","contentUrl":"https:\/\/www.lstream.org\/wp-content\/uploads\/2022\/09\/Site-Logo.svg","width":348,"height":82.3524,"caption":"LifeStream Blood Bank"},"image":{"@id":"https:\/\/www.lstream.org\/#\/schema\/logo\/image\/"}}]}},"_links":{"self":[{"href":"https:\/\/www.lstream.org\/es\/wp-json\/wp\/v2\/pages\/3126","targetHints":{"allow":["GET"]}}],"collection":[{"href":"https:\/\/www.lstream.org\/es\/wp-json\/wp\/v2\/pages"}],"about":[{"href":"https:\/\/www.lstream.org\/es\/wp-json\/wp\/v2\/types\/page"}],"author":[{"embeddable":true,"href":"https:\/\/www.lstream.org\/es\/wp-json\/wp\/v2\/users\/1"}],"replies":[{"embeddable":true,"href":"https:\/\/www.lstream.org\/es\/wp-json\/wp\/v2\/comments?post=3126"}],"version-history":[{"count":29,"href":"https:\/\/www.lstream.org\/es\/wp-json\/wp\/v2\/pages\/3126\/revisions"}],"predecessor-version":[{"id":24348,"href":"https:\/\/www.lstream.org\/es\/wp-json\/wp\/v2\/pages\/3126\/revisions\/24348"}],"up":[{"embeddable":true,"href":"https:\/\/www.lstream.org\/es\/wp-json\/wp\/v2\/pages\/3122"}],"wp:attachment":[{"href":"https:\/\/www.lstream.org\/es\/wp-json\/wp\/v2\/media?parent=3126"}],"curies":[{"name":"wp","href":"https:\/\/api.w.org\/{rel}","templated":true}]}}