{"id":3128,"date":"2022-11-04T00:55:20","date_gmt":"2022-11-04T00:55:20","guid":{"rendered":"https:\/\/www.lstream.org\/?page_id=3128"},"modified":"2022-11-11T20:23:14","modified_gmt":"2022-11-11T20:23:14","slug":"plasma","status":"publish","type":"page","link":"https:\/\/www.lstream.org\/es\/give-blood\/facts-statistics\/iron-your-blood-donation\/iron-in-young-donors\/apheresis\/plasma\/","title":{"rendered":"Plasma"},"content":{"rendered":"<div data-elementor-type=\"wp-page\" data-elementor-id=\"3128\" class=\"elementor elementor-3128\" data-elementor-post-type=\"page\">\n\t\t\t\t\t\t<section data-particle_enable=\"false\" data-particle-mobile-disabled=\"false\" class=\"elementor-section elementor-top-section elementor-element elementor-element-f140e37 elementor-section-full_width elementor-section-content-bottom elementor-section-height-default elementor-section-height-default\" data-id=\"f140e37\" data-element_type=\"section\" data-e-type=\"section\" data-settings=\"{&quot;background_background&quot;:&quot;classic&quot;}\">\n\t\t\t\t\t\t<div class=\"elementor-container elementor-column-gap-no\">\n\t\t\t\t\t<div class=\"elementor-column elementor-col-100 elementor-top-column elementor-element elementor-element-d2711bb\" data-id=\"d2711bb\" data-element_type=\"column\" data-e-type=\"column\">\n\t\t\t<div class=\"elementor-widget-wrap elementor-element-populated\">\n\t\t\t\t\t\t<div class=\"elementor-element elementor-element-6841869 elementor-widget elementor-widget-heading\" data-id=\"6841869\" data-element_type=\"widget\" data-e-type=\"widget\" data-widget_type=\"heading.default\">\n\t\t\t\t<div class=\"elementor-widget-container\">\n\t\t\t\t\t<h2 class=\"elementor-heading-title elementor-size-default\">Plasma<\/h2>\t\t\t\t<\/div>\n\t\t\t\t<\/div>\n\t\t\t\t<div class=\"elementor-element elementor-element-7d44658 elementor-align-center elementor-widget elementor-widget-global elementor-global-2059 elementor-widget-breadcrumbs\" data-id=\"7d44658\" data-element_type=\"widget\" data-e-type=\"widget\" data-widget_type=\"breadcrumbs.default\">\n\t\t\t\t<div class=\"elementor-widget-container\">\n\t\t\t\t\t<span id=\"breadcrumbs\"><span><span><a href=\"https:\/\/www.lstream.org\/es\/\">Hogar<\/a><\/span><\/span><\/span>\t\t\t\t<\/div>\n\t\t\t\t<\/div>\n\t\t\t\t\t<\/div>\n\t\t<\/div>\n\t\t\t\t\t<\/div>\n\t\t<\/section>\n\t\t\t\t<section data-particle_enable=\"false\" data-particle-mobile-disabled=\"false\" class=\"elementor-section elementor-top-section elementor-element elementor-element-46c09d2 elementor-section-full_width elementor-section-height-min-height elementor-section-items-stretch elementor-section-content-top elementor-section-height-default\" data-id=\"46c09d2\" data-element_type=\"section\" data-e-type=\"section\">\n\t\t\t\t\t\t<div class=\"elementor-container elementor-column-gap-no\">\n\t\t\t\t\t<div class=\"elementor-column elementor-col-100 elementor-top-column elementor-element elementor-element-34e2aee\" data-id=\"34e2aee\" data-element_type=\"column\" data-e-type=\"column\">\n\t\t\t<div class=\"elementor-widget-wrap elementor-element-populated\">\n\t\t\t\t\t\t<section data-particle_enable=\"false\" data-particle-mobile-disabled=\"false\" class=\"elementor-section elementor-inner-section elementor-element elementor-element-03080ce elementor-reverse-mobile elementor-section-boxed elementor-section-height-default elementor-section-height-default\" data-id=\"03080ce\" data-element_type=\"section\" data-e-type=\"section\">\n\t\t\t\t\t\t<div class=\"elementor-container elementor-column-gap-default\">\n\t\t\t\t\t<div class=\"elementor-column elementor-col-50 elementor-inner-column elementor-element elementor-element-ebc437b\" data-id=\"ebc437b\" data-element_type=\"column\" data-e-type=\"column\" data-settings=\"{&quot;background_background&quot;:&quot;classic&quot;}\">\n\t\t\t<div class=\"elementor-widget-wrap elementor-element-populated\">\n\t\t\t\t\t\t<div class=\"elementor-element elementor-element-f59c403 elementor-widget elementor-widget-spacer\" data-id=\"f59c403\" data-element_type=\"widget\" data-e-type=\"widget\" data-widget_type=\"spacer.default\">\n\t\t\t\t<div class=\"elementor-widget-container\">\n\t\t\t\t\t\t\t<div class=\"elementor-spacer\">\n\t\t\t<div class=\"elementor-spacer-inner\"><\/div>\n\t\t<\/div>\n\t\t\t\t\t\t<\/div>\n\t\t\t\t<\/div>\n\t\t\t\t\t<\/div>\n\t\t<\/div>\n\t\t\t\t<div class=\"elementor-column elementor-col-50 elementor-inner-column elementor-element elementor-element-99bc550\" data-id=\"99bc550\" data-element_type=\"column\" data-e-type=\"column\">\n\t\t\t<div class=\"elementor-widget-wrap elementor-element-populated\">\n\t\t\t\t\t\t<div class=\"elementor-element elementor-element-8f850bc elementor-widget elementor-widget-text-editor\" data-id=\"8f850bc\" data-element_type=\"widget\" data-e-type=\"widget\" data-widget_type=\"text-editor.default\">\n\t\t\t\t<div class=\"elementor-widget-container\">\n\t\t\t\t\t\t\t\t\t<p>El plasma es un l\u00edquido amarillento que constituye m\u00e1s de la mitad de nuestro volumen sangu\u00edneo total. Aunque es principalmente agua, el plasma tambi\u00e9n contiene prote\u00ednas y muchos otros ingredientes importantes que el cuerpo necesita.<\/p><p>Al igual que las plaquetas, la funci\u00f3n m\u00e1s importante del plasma es ayudar a detener el sangrado. Es vital que el personal hospitalario tenga plasma a mano para tratar a las v\u00edctimas de quemaduras y a los pacientes que luchan contra el c\u00e1ncer.<\/p>\t\t\t\t\t\t\t\t<\/div>\n\t\t\t\t<\/div>\n\t\t\t\t<div class=\"elementor-element elementor-element-04860c2 elementor-widget elementor-widget-heading\" data-id=\"04860c2\" data-element_type=\"widget\" data-e-type=\"widget\" data-widget_type=\"heading.default\">\n\t\t\t\t<div class=\"elementor-widget-container\">\n\t\t\t\t\t<h2 class=\"elementor-heading-title elementor-size-default\">Una donaci\u00f3n de plasma<\/h2>\t\t\t\t<\/div>\n\t\t\t\t<\/div>\n\t\t\t\t<div class=\"elementor-element elementor-element-a5f16a5 elementor-widget elementor-widget-text-editor\" data-id=\"a5f16a5\" data-element_type=\"widget\" data-e-type=\"widget\" data-widget_type=\"text-editor.default\">\n\t\t\t\t<div class=\"elementor-widget-container\">\n\t\t\t\t\t\t\t\t\t<p>Al igual que las plaquetas, el plasma se puede donar en unidades \u00fanicas o m\u00faltiples. El plasma es un componente crucial para la curaci\u00f3n; cuanto m\u00e1s pueda dar, mayor ser\u00e1 el impacto en el paciente que lo necesita.<\/p><h5><strong>Una donaci\u00f3n de plasma es la donaci\u00f3n ideal para:<\/strong><\/h5><p>Tipos de sangre AB positivo y AB negativo.<\/p>\t\t\t\t\t\t\t\t<\/div>\n\t\t\t\t<\/div>\n\t\t\t\t\t<\/div>\n\t\t<\/div>\n\t\t\t\t\t<\/div>\n\t\t<\/section>\n\t\t\t\t<section data-particle_enable=\"false\" data-particle-mobile-disabled=\"false\" class=\"elementor-section elementor-inner-section elementor-element elementor-element-c8dd90d elementor-section-boxed elementor-section-height-default elementor-section-height-default\" data-id=\"c8dd90d\" data-element_type=\"section\" data-e-type=\"section\">\n\t\t\t\t\t\t<div class=\"elementor-container elementor-column-gap-default\">\n\t\t\t\t\t<div class=\"elementor-column elementor-col-50 elementor-inner-column elementor-element elementor-element-2a587a8\" data-id=\"2a587a8\" data-element_type=\"column\" data-e-type=\"column\">\n\t\t\t<div class=\"elementor-widget-wrap elementor-element-populated\">\n\t\t\t\t\t\t<div class=\"elementor-element elementor-element-34f3416 elementor-widget elementor-widget-heading\" data-id=\"34f3416\" data-element_type=\"widget\" data-e-type=\"widget\" data-widget_type=\"heading.default\">\n\t\t\t\t<div class=\"elementor-widget-container\">\n\t\t\t\t\t<h2 class=\"elementor-heading-title elementor-size-default\">Preguntas frecuentes sobre donaci\u00f3n de plasma<\/h2>\t\t\t\t<\/div>\n\t\t\t\t<\/div>\n\t\t\t\t<div class=\"elementor-element elementor-element-32fe81a elementor-widget elementor-widget-text-editor\" data-id=\"32fe81a\" data-element_type=\"widget\" data-e-type=\"widget\" data-widget_type=\"text-editor.default\">\n\t\t\t\t<div class=\"elementor-widget-container\">\n\t\t\t\t\t\t\t\t\t<h5><strong>\u00bfCu\u00e1nto tiempo se tarda?<\/strong><\/h5><p>Una donaci\u00f3n de plasma tarda aproximadamente 1,5 horas en completarse desde el registro hasta el comedor. Este tiempo puede variar seg\u00fan el donante.<\/p><h5><strong>\u00bfCon qu\u00e9 frecuencia puedo donar plasma?<\/strong><\/h5><p>Puedes donar plasma cada 4 semanas, hasta 12 veces al a\u00f1o.<\/p><h5><strong>\u00bfPor qu\u00e9 donar plasma?<\/strong><\/h5><p>Se requiere plasma para curar quemaduras. En una regi\u00f3n susceptible a incendios forestales, el plasma siempre debe estar disponible para nuestros bomberos de primera l\u00ednea. El plasma se puede almacenar hasta por un a\u00f1o. Sin embargo, la demanda es tal que LifeStream rara vez conserva el plasma m\u00e1s de unos pocos d\u00edas antes de la distribuci\u00f3n solicitada a un hospital local.<\/p>\t\t\t\t\t\t\t\t<\/div>\n\t\t\t\t<\/div>\n\t\t\t\t\t<\/div>\n\t\t<\/div>\n\t\t\t\t<div class=\"elementor-column elementor-col-50 elementor-inner-column elementor-element elementor-element-89a0572\" data-id=\"89a0572\" data-element_type=\"column\" data-e-type=\"column\" data-settings=\"{&quot;background_background&quot;:&quot;classic&quot;}\">\n\t\t\t<div class=\"elementor-widget-wrap elementor-element-populated\">\n\t\t\t\t\t\t<div class=\"elementor-element elementor-element-c72a38f elementor-widget elementor-widget-spacer\" data-id=\"c72a38f\" data-element_type=\"widget\" data-e-type=\"widget\" data-widget_type=\"spacer.default\">\n\t\t\t\t<div class=\"elementor-widget-container\">\n\t\t\t\t\t\t\t<div class=\"elementor-spacer\">\n\t\t\t<div class=\"elementor-spacer-inner\"><\/div>\n\t\t<\/div>\n\t\t\t\t\t\t<\/div>\n\t\t\t\t<\/div>\n\t\t\t\t\t<\/div>\n\t\t<\/div>\n\t\t\t\t\t<\/div>\n\t\t<\/section>\n\t\t\t\t<section data-particle_enable=\"false\" data-particle-mobile-disabled=\"false\" class=\"elementor-section elementor-inner-section elementor-element elementor-element-852ab79 elementor-reverse-mobile elementor-section-boxed elementor-section-height-default elementor-section-height-default\" data-id=\"852ab79\" data-element_type=\"section\" data-e-type=\"section\">\n\t\t\t\t\t\t<div class=\"elementor-container elementor-column-gap-default\">\n\t\t\t\t\t<div class=\"elementor-column elementor-col-50 elementor-inner-column elementor-element elementor-element-adb627d\" data-id=\"adb627d\" data-element_type=\"column\" data-e-type=\"column\" data-settings=\"{&quot;background_background&quot;:&quot;classic&quot;}\">\n\t\t\t<div class=\"elementor-widget-wrap elementor-element-populated\">\n\t\t\t\t\t\t<div class=\"elementor-element elementor-element-b7cc3d3 elementor-widget elementor-widget-spacer\" data-id=\"b7cc3d3\" data-element_type=\"widget\" data-e-type=\"widget\" data-widget_type=\"spacer.default\">\n\t\t\t\t<div class=\"elementor-widget-container\">\n\t\t\t\t\t\t\t<div class=\"elementor-spacer\">\n\t\t\t<div class=\"elementor-spacer-inner\"><\/div>\n\t\t<\/div>\n\t\t\t\t\t\t<\/div>\n\t\t\t\t<\/div>\n\t\t\t\t\t<\/div>\n\t\t<\/div>\n\t\t\t\t<div class=\"elementor-column elementor-col-50 elementor-inner-column elementor-element elementor-element-56a59c9\" data-id=\"56a59c9\" data-element_type=\"column\" data-e-type=\"column\">\n\t\t\t<div class=\"elementor-widget-wrap elementor-element-populated\">\n\t\t\t\t\t\t<div class=\"elementor-element elementor-element-5db9117 elementor-widget elementor-widget-heading\" data-id=\"5db9117\" data-element_type=\"widget\" data-e-type=\"widget\" data-widget_type=\"heading.default\">\n\t\t\t\t<div class=\"elementor-widget-container\">\n\t\t\t\t\t<h2 class=\"elementor-heading-title elementor-size-default\">Beneficios para los donantes<\/h2>\t\t\t\t<\/div>\n\t\t\t\t<\/div>\n\t\t\t\t<div class=\"elementor-element elementor-element-8d3bff0 elementor-widget elementor-widget-text-editor\" data-id=\"8d3bff0\" data-element_type=\"widget\" data-e-type=\"widget\" data-widget_type=\"text-editor.default\">\n\t\t\t\t<div class=\"elementor-widget-container\">\n\t\t\t\t\t\t\t\t\t<p><strong>PRESTIGIO:&nbsp;<\/strong>LifeStream otorga a los donantes de plasma 2 cr\u00e9ditos por donaci\u00f3n para su nivel de galones. Al donar 12 veces al a\u00f1o, los donantes de plasma pueden unirse al exclusivo Club de Donantes de 10 Galones de LifeStream en menos de cuatro a\u00f1os.<\/p>\n<p><strong>FACILIDAD DE PROGRAMACI\u00d3N:&nbsp;<\/strong>Reserve su \u201ctiempo para salvar vidas\u201d cada mes. \u00bfTercer mi\u00e9rcoles del mes a las 8 am? \u00bfEl segundo s\u00e1bado de cada mes al mediod\u00eda? Siempre que sea conveniente para usted, los pacientes y sus seres queridos agradecer\u00e1n su continua dedicaci\u00f3n.<\/p>\t\t\t\t\t\t\t\t<\/div>\n\t\t\t\t<\/div>\n\t\t\t\t\t<\/div>\n\t\t<\/div>\n\t\t\t\t\t<\/div>\n\t\t<\/section>\n\t\t\t\t<section data-particle_enable=\"false\" data-particle-mobile-disabled=\"false\" class=\"elementor-section elementor-inner-section elementor-element elementor-element-52a64b0 elementor-section-boxed elementor-section-height-default elementor-section-height-default\" data-id=\"52a64b0\" data-element_type=\"section\" data-e-type=\"section\">\n\t\t\t\t\t\t<div class=\"elementor-container elementor-column-gap-default\">\n\t\t\t\t\t<div class=\"elementor-column elementor-col-50 elementor-inner-column elementor-element elementor-element-fdf19c4\" data-id=\"fdf19c4\" data-element_type=\"column\" data-e-type=\"column\">\n\t\t\t<div class=\"elementor-widget-wrap elementor-element-populated\">\n\t\t\t\t\t\t<div class=\"elementor-element elementor-element-c637ccd elementor-widget elementor-widget-heading\" data-id=\"c637ccd\" data-element_type=\"widget\" data-e-type=\"widget\" data-widget_type=\"heading.default\">\n\t\t\t\t<div class=\"elementor-widget-container\">\n\t\t\t\t\t<h2 class=\"elementor-heading-title elementor-size-default\">Elegibilidad<\/h2>\t\t\t\t<\/div>\n\t\t\t\t<\/div>\n\t\t\t\t<div class=\"elementor-element elementor-element-0ae02e6 elementor-widget elementor-widget-text-editor\" data-id=\"0ae02e6\" data-element_type=\"widget\" data-e-type=\"widget\" data-widget_type=\"text-editor.default\">\n\t\t\t\t<div class=\"elementor-widget-container\">\n\t\t\t\t\t\t\t\t\t<p>Al igual que las plaquetas, los donantes deben cumplir con los requisitos generales de donaci\u00f3n de sangre completa. Antes de cualquier procedimiento de af\u00e9resis, el equipo de af\u00e9resis capacitado de LifeStream evaluar\u00e1 el volumen sangu\u00edneo total del donante y el acceso a las venas para determinar si es posible una donaci\u00f3n por af\u00e9resis.<\/p>\t\t\t\t\t\t\t\t<\/div>\n\t\t\t\t<\/div>\n\t\t\t\t<div class=\"elementor-element elementor-element-e8c6584 elementor-align-center elementor-mobile-align-center elementor-widget elementor-widget-button\" data-id=\"e8c6584\" data-element_type=\"widget\" data-e-type=\"widget\" data-widget_type=\"button.default\">\n\t\t\t\t<div class=\"elementor-widget-container\">\n\t\t\t\t\t\t\t\t\t<div class=\"elementor-button-wrapper\">\n\t\t\t\t\t<a class=\"elementor-button elementor-button-link elementor-size-sm\" href=\"https:\/\/giftoflife.lstream.org\/donor\/schedules\/centers\" target=\"_blank\">\n\t\t\t\t\t\t<span class=\"elementor-button-content-wrapper\">\n\t\t\t\t\t\t\t\t\t<span class=\"elementor-button-text\">Cita en el centro de donantes<\/span>\n\t\t\t\t\t<\/span>\n\t\t\t\t\t<\/a>\n\t\t\t\t<\/div>\n\t\t\t\t\t\t\t\t<\/div>\n\t\t\t\t<\/div>\n\t\t\t\t\t<\/div>\n\t\t<\/div>\n\t\t\t\t<div class=\"elementor-column elementor-col-50 elementor-inner-column elementor-element elementor-element-5732b36\" data-id=\"5732b36\" data-element_type=\"column\" data-e-type=\"column\" data-settings=\"{&quot;background_background&quot;:&quot;classic&quot;}\">\n\t\t\t<div class=\"elementor-widget-wrap elementor-element-populated\">\n\t\t\t\t\t\t<div class=\"elementor-element elementor-element-204bb93 elementor-widget elementor-widget-spacer\" data-id=\"204bb93\" data-element_type=\"widget\" data-e-type=\"widget\" data-widget_type=\"spacer.default\">\n\t\t\t\t<div class=\"elementor-widget-container\">\n\t\t\t\t\t\t\t<div class=\"elementor-spacer\">\n\t\t\t<div class=\"elementor-spacer-inner\"><\/div>\n\t\t<\/div>\n\t\t\t\t\t\t<\/div>\n\t\t\t\t<\/div>\n\t\t\t\t\t<\/div>\n\t\t<\/div>\n\t\t\t\t\t<\/div>\n\t\t<\/section>\n\t\t\t\t<div class=\"elementor-element elementor-element-e206c72 elementor-widget-divider--view-line elementor-widget elementor-widget-divider\" data-id=\"e206c72\" data-element_type=\"widget\" data-e-type=\"widget\" data-widget_type=\"divider.default\">\n\t\t\t\t<div class=\"elementor-widget-container\">\n\t\t\t\t\t\t\t<div class=\"elementor-divider\">\n\t\t\t<span class=\"elementor-divider-separator\">\n\t\t\t\t\t\t<\/span>\n\t\t<\/div>\n\t\t\t\t\t\t<\/div>\n\t\t\t\t<\/div>\n\t\t\t\t\t<\/div>\n\t\t<\/div>\n\t\t\t\t\t<\/div>\n\t\t<\/section>\n\t\t\t\t<\/div>","protected":false},"excerpt":{"rendered":"<p>Plasma Plasma is a yellowish fluid that makes up more than one-half our total blood volume. Though it is mostly water, plasma\u00a0also contains proteins and many other important ingredients the body needs. Like platelets, plasma\u2019s most important job is to help stop bleeding. Plasma is vital for hospital personnel to have on hand in order [&hellip;]<\/p>\n","protected":false},"author":1,"featured_media":0,"parent":3122,"menu_order":3,"comment_status":"closed","ping_status":"closed","template":"elementor_header_footer","meta":{"_acf_changed":false,"footnotes":""},"class_list":["post-3128","page","type-page","status-publish","hentry"],"acf":[],"yoast_head":"<!-- This site is optimized with the Yoast SEO Premium plugin v27.2 (Yoast SEO v27.2) - https:\/\/yoast.com\/product\/yoast-seo-premium-wordpress\/ -->\n<title>Plasma - LifeStream Blood Bank<\/title>\n<meta name=\"robots\" content=\"noindex, follow, max-snippet:-1, max-image-preview:large, max-video-preview:-1\" \/>\n<meta property=\"og:locale\" content=\"es_MX\" \/>\n<meta property=\"og:type\" content=\"article\" \/>\n<meta property=\"og:title\" content=\"Plasma\" \/>\n<meta property=\"og:description\" content=\"Plasma Plasma is a yellowish fluid that makes up more than one-half our total blood volume. Though it is mostly water, plasma\u00a0also contains proteins and many other important ingredients the body needs. Like platelets, plasma\u2019s most important job is to help stop bleeding. Plasma is vital for hospital personnel to have on hand in order [&hellip;]\" \/>\n<meta property=\"og:url\" content=\"https:\/\/www.lstream.org\/es\/give-blood\/facts-statistics\/iron-your-blood-donation\/iron-in-young-donors\/apheresis\/plasma\/\" \/>\n<meta property=\"og:site_name\" content=\"LifeStream Blood Bank\" \/>\n<meta property=\"article:modified_time\" content=\"2022-11-11T20:23:14+00:00\" \/>\n<meta name=\"twitter:card\" content=\"summary_large_image\" \/>\n<meta name=\"twitter:label1\" content=\"Tiempo de lectura\" \/>\n\t<meta name=\"twitter:data1\" content=\"2 minutos\" \/>\n<script type=\"application\/ld+json\" class=\"yoast-schema-graph\">{\"@context\":\"https:\/\/schema.org\",\"@graph\":[{\"@type\":\"WebPage\",\"@id\":\"https:\/\/www.lstream.org\/give-blood\/facts-statistics\/iron-your-blood-donation\/iron-in-young-donors\/apheresis\/plasma\/\",\"url\":\"https:\/\/www.lstream.org\/give-blood\/facts-statistics\/iron-your-blood-donation\/iron-in-young-donors\/apheresis\/plasma\/\",\"name\":\"Plasma - LifeStream Blood Bank\",\"isPartOf\":{\"@id\":\"https:\/\/www.lstream.org\/#website\"},\"datePublished\":\"2022-11-04T00:55:20+00:00\",\"dateModified\":\"2022-11-11T20:23:14+00:00\",\"breadcrumb\":{\"@id\":\"https:\/\/www.lstream.org\/give-blood\/facts-statistics\/iron-your-blood-donation\/iron-in-young-donors\/apheresis\/plasma\/#breadcrumb\"},\"inLanguage\":\"es\",\"potentialAction\":[{\"@type\":\"ReadAction\",\"target\":[\"https:\/\/www.lstream.org\/give-blood\/facts-statistics\/iron-your-blood-donation\/iron-in-young-donors\/apheresis\/plasma\/\"]}]},{\"@type\":\"BreadcrumbList\",\"@id\":\"https:\/\/www.lstream.org\/give-blood\/facts-statistics\/iron-your-blood-donation\/iron-in-young-donors\/apheresis\/plasma\/#breadcrumb\",\"itemListElement\":[{\"@type\":\"ListItem\",\"position\":1,\"name\":\"Home\",\"item\":\"https:\/\/www.lstream.org\/\"},{\"@type\":\"ListItem\",\"position\":2,\"name\":\"Give Blood\",\"item\":\"https:\/\/www.lstream.org\/give-blood\/\"},{\"@type\":\"ListItem\",\"position\":3,\"name\":\"Facts &#038; Statistics\",\"item\":\"https:\/\/www.lstream.org\/give-blood\/facts-statistics\/\"},{\"@type\":\"ListItem\",\"position\":4,\"name\":\"Iron &#038; Your Blood Donation\",\"item\":\"https:\/\/www.lstream.org\/give-blood\/facts-statistics\/iron-your-blood-donation\/\"},{\"@type\":\"ListItem\",\"position\":5,\"name\":\"Iron In Young Donors\",\"item\":\"https:\/\/www.lstream.org\/give-blood\/facts-statistics\/iron-your-blood-donation\/iron-in-young-donors\/\"},{\"@type\":\"ListItem\",\"position\":6,\"name\":\"Apheresis\",\"item\":\"https:\/\/www.lstream.org\/give-blood\/facts-statistics\/iron-your-blood-donation\/iron-in-young-donors\/apheresis\/\"},{\"@type\":\"ListItem\",\"position\":7,\"name\":\"Plasma\"}]},{\"@type\":\"WebSite\",\"@id\":\"https:\/\/www.lstream.org\/#website\",\"url\":\"https:\/\/www.lstream.org\/\",\"name\":\"LifeStream Blood Bank\",\"description\":\"\",\"publisher\":{\"@id\":\"https:\/\/www.lstream.org\/#organization\"},\"potentialAction\":[{\"@type\":\"SearchAction\",\"target\":{\"@type\":\"EntryPoint\",\"urlTemplate\":\"https:\/\/www.lstream.org\/?s={search_term_string}\"},\"query-input\":{\"@type\":\"PropertyValueSpecification\",\"valueRequired\":true,\"valueName\":\"search_term_string\"}}],\"inLanguage\":\"es\"},{\"@type\":\"Organization\",\"@id\":\"https:\/\/www.lstream.org\/#organization\",\"name\":\"LifeStream Blood Bank\",\"url\":\"https:\/\/www.lstream.org\/\",\"logo\":{\"@type\":\"ImageObject\",\"inLanguage\":\"es\",\"@id\":\"https:\/\/www.lstream.org\/#\/schema\/logo\/image\/\",\"url\":\"https:\/\/www.lstream.org\/wp-content\/uploads\/2022\/09\/Site-Logo.svg\",\"contentUrl\":\"https:\/\/www.lstream.org\/wp-content\/uploads\/2022\/09\/Site-Logo.svg\",\"width\":348,\"height\":82.3524,\"caption\":\"LifeStream Blood Bank\"},\"image\":{\"@id\":\"https:\/\/www.lstream.org\/#\/schema\/logo\/image\/\"}}]}<\/script>\n<!-- \/ Yoast SEO Premium plugin. -->","yoast_head_json":{"title":"Plasma - LifeStream Blood Bank","robots":{"index":"noindex","follow":"follow","max-snippet":"max-snippet:-1","max-image-preview":"max-image-preview:large","max-video-preview":"max-video-preview:-1"},"og_locale":"es_MX","og_type":"article","og_title":"Plasma","og_description":"Plasma Plasma is a yellowish fluid that makes up more than one-half our total blood volume. Though it is mostly water, plasma\u00a0also contains proteins and many other important ingredients the body needs. Like platelets, plasma\u2019s most important job is to help stop bleeding. Plasma is vital for hospital personnel to have on hand in order [&hellip;]","og_url":"https:\/\/www.lstream.org\/es\/give-blood\/facts-statistics\/iron-your-blood-donation\/iron-in-young-donors\/apheresis\/plasma\/","og_site_name":"LifeStream Blood Bank","article_modified_time":"2022-11-11T20:23:14+00:00","twitter_card":"summary_large_image","twitter_misc":{"Tiempo de lectura":"2 minutos"},"schema":{"@context":"https:\/\/schema.org","@graph":[{"@type":"WebPage","@id":"https:\/\/www.lstream.org\/give-blood\/facts-statistics\/iron-your-blood-donation\/iron-in-young-donors\/apheresis\/plasma\/","url":"https:\/\/www.lstream.org\/give-blood\/facts-statistics\/iron-your-blood-donation\/iron-in-young-donors\/apheresis\/plasma\/","name":"Plasma - LifeStream Blood Bank","isPartOf":{"@id":"https:\/\/www.lstream.org\/#website"},"datePublished":"2022-11-04T00:55:20+00:00","dateModified":"2022-11-11T20:23:14+00:00","breadcrumb":{"@id":"https:\/\/www.lstream.org\/give-blood\/facts-statistics\/iron-your-blood-donation\/iron-in-young-donors\/apheresis\/plasma\/#breadcrumb"},"inLanguage":"es","potentialAction":[{"@type":"ReadAction","target":["https:\/\/www.lstream.org\/give-blood\/facts-statistics\/iron-your-blood-donation\/iron-in-young-donors\/apheresis\/plasma\/"]}]},{"@type":"BreadcrumbList","@id":"https:\/\/www.lstream.org\/give-blood\/facts-statistics\/iron-your-blood-donation\/iron-in-young-donors\/apheresis\/plasma\/#breadcrumb","itemListElement":[{"@type":"ListItem","position":1,"name":"Home","item":"https:\/\/www.lstream.org\/"},{"@type":"ListItem","position":2,"name":"Give Blood","item":"https:\/\/www.lstream.org\/give-blood\/"},{"@type":"ListItem","position":3,"name":"Facts &#038; Statistics","item":"https:\/\/www.lstream.org\/give-blood\/facts-statistics\/"},{"@type":"ListItem","position":4,"name":"Iron &#038; Your Blood Donation","item":"https:\/\/www.lstream.org\/give-blood\/facts-statistics\/iron-your-blood-donation\/"},{"@type":"ListItem","position":5,"name":"Iron In Young Donors","item":"https:\/\/www.lstream.org\/give-blood\/facts-statistics\/iron-your-blood-donation\/iron-in-young-donors\/"},{"@type":"ListItem","position":6,"name":"Apheresis","item":"https:\/\/www.lstream.org\/give-blood\/facts-statistics\/iron-your-blood-donation\/iron-in-young-donors\/apheresis\/"},{"@type":"ListItem","position":7,"name":"Plasma"}]},{"@type":"WebSite","@id":"https:\/\/www.lstream.org\/#website","url":"https:\/\/www.lstream.org\/","name":"Banco de sangre LifeStream","description":"","publisher":{"@id":"https:\/\/www.lstream.org\/#organization"},"potentialAction":[{"@type":"SearchAction","target":{"@type":"EntryPoint","urlTemplate":"https:\/\/www.lstream.org\/?s={search_term_string}"},"query-input":{"@type":"PropertyValueSpecification","valueRequired":true,"valueName":"search_term_string"}}],"inLanguage":"es"},{"@type":"Organization","@id":"https:\/\/www.lstream.org\/#organization","name":"Banco de sangre LifeStream","url":"https:\/\/www.lstream.org\/","logo":{"@type":"ImageObject","inLanguage":"es","@id":"https:\/\/www.lstream.org\/#\/schema\/logo\/image\/","url":"https:\/\/www.lstream.org\/wp-content\/uploads\/2022\/09\/Site-Logo.svg","contentUrl":"https:\/\/www.lstream.org\/wp-content\/uploads\/2022\/09\/Site-Logo.svg","width":348,"height":82.3524,"caption":"LifeStream Blood Bank"},"image":{"@id":"https:\/\/www.lstream.org\/#\/schema\/logo\/image\/"}}]}},"_links":{"self":[{"href":"https:\/\/www.lstream.org\/es\/wp-json\/wp\/v2\/pages\/3128","targetHints":{"allow":["GET"]}}],"collection":[{"href":"https:\/\/www.lstream.org\/es\/wp-json\/wp\/v2\/pages"}],"about":[{"href":"https:\/\/www.lstream.org\/es\/wp-json\/wp\/v2\/types\/page"}],"author":[{"embeddable":true,"href":"https:\/\/www.lstream.org\/es\/wp-json\/wp\/v2\/users\/1"}],"replies":[{"embeddable":true,"href":"https:\/\/www.lstream.org\/es\/wp-json\/wp\/v2\/comments?post=3128"}],"version-history":[{"count":22,"href":"https:\/\/www.lstream.org\/es\/wp-json\/wp\/v2\/pages\/3128\/revisions"}],"predecessor-version":[{"id":4354,"href":"https:\/\/www.lstream.org\/es\/wp-json\/wp\/v2\/pages\/3128\/revisions\/4354"}],"up":[{"embeddable":true,"href":"https:\/\/www.lstream.org\/es\/wp-json\/wp\/v2\/pages\/3122"}],"wp:attachment":[{"href":"https:\/\/www.lstream.org\/es\/wp-json\/wp\/v2\/media?parent=3128"}],"curies":[{"name":"wp","href":"https:\/\/api.w.org\/{rel}","templated":true}]}}