{"id":91,"date":"2022-09-07T20:20:38","date_gmt":"2022-09-07T20:20:38","guid":{"rendered":"https:\/\/www.lstream.org\/?page_id=91"},"modified":"2023-03-24T16:57:55","modified_gmt":"2023-03-24T16:57:55","slug":"region","status":"publish","type":"page","link":"https:\/\/www.lstream.org\/es\/about-us\/region\/","title":{"rendered":"Regi\u00f3n de servicio"},"content":{"rendered":"<div data-elementor-type=\"wp-page\" data-elementor-id=\"91\" class=\"elementor elementor-91\" data-elementor-post-type=\"page\">\n\t\t\t\t\t\t<section data-particle_enable=\"false\" data-particle-mobile-disabled=\"false\" class=\"elementor-section elementor-top-section elementor-element elementor-element-d0270b6 elementor-section-full_width elementor-section-content-bottom elementor-section-height-default elementor-section-height-default\" data-id=\"d0270b6\" data-element_type=\"section\" data-e-type=\"section\" data-settings=\"{&quot;background_background&quot;:&quot;classic&quot;}\">\n\t\t\t\t\t\t<div class=\"elementor-container elementor-column-gap-no\">\n\t\t\t\t\t<div class=\"elementor-column elementor-col-100 elementor-top-column elementor-element elementor-element-445dcb4\" data-id=\"445dcb4\" data-element_type=\"column\" data-e-type=\"column\">\n\t\t\t<div class=\"elementor-widget-wrap elementor-element-populated\">\n\t\t\t\t\t\t<div class=\"elementor-element elementor-element-794453d elementor-widget elementor-widget-heading\" data-id=\"794453d\" data-element_type=\"widget\" data-e-type=\"widget\" data-widget_type=\"heading.default\">\n\t\t\t\t<div class=\"elementor-widget-container\">\n\t\t\t\t\t<h2 class=\"elementor-heading-title elementor-size-default\">Regi\u00f3n de servicio<\/h2>\t\t\t\t<\/div>\n\t\t\t\t<\/div>\n\t\t\t\t<div class=\"elementor-element elementor-element-d9ddafc elementor-align-center elementor-widget elementor-widget-global elementor-global-2059 elementor-widget-breadcrumbs\" data-id=\"d9ddafc\" data-element_type=\"widget\" data-e-type=\"widget\" data-widget_type=\"breadcrumbs.default\">\n\t\t\t\t<div class=\"elementor-widget-container\">\n\t\t\t\t\t<span id=\"breadcrumbs\"><span><span><a href=\"https:\/\/www.lstream.org\/es\/\">Hogar<\/a><\/span><\/span><\/span>\t\t\t\t<\/div>\n\t\t\t\t<\/div>\n\t\t\t\t\t<\/div>\n\t\t<\/div>\n\t\t\t\t\t<\/div>\n\t\t<\/section>\n\t\t\t\t<section data-particle_enable=\"false\" data-particle-mobile-disabled=\"false\" class=\"elementor-section elementor-top-section elementor-element elementor-element-597ea2e elementor-section-full_width elementor-section-height-min-height elementor-section-items-stretch elementor-section-content-top elementor-section-height-default\" data-id=\"597ea2e\" data-element_type=\"section\" data-e-type=\"section\">\n\t\t\t\t\t\t<div class=\"elementor-container elementor-column-gap-no\">\n\t\t\t\t\t<div class=\"elementor-column elementor-col-100 elementor-top-column elementor-element elementor-element-a8ef4d3\" data-id=\"a8ef4d3\" data-element_type=\"column\" data-e-type=\"column\">\n\t\t\t<div class=\"elementor-widget-wrap elementor-element-populated\">\n\t\t\t\t\t\t<section data-particle_enable=\"false\" data-particle-mobile-disabled=\"false\" class=\"elementor-section elementor-inner-section elementor-element elementor-element-f5b02e0 elementor-reverse-mobile elementor-section-height-min-height elementor-section-boxed elementor-section-height-default\" data-id=\"f5b02e0\" data-element_type=\"section\" data-e-type=\"section\">\n\t\t\t\t\t\t<div class=\"elementor-container elementor-column-gap-default\">\n\t\t\t\t\t<div class=\"elementor-column elementor-col-50 elementor-inner-column elementor-element elementor-element-78db3a4\" data-id=\"78db3a4\" data-element_type=\"column\" data-e-type=\"column\">\n\t\t\t<div class=\"elementor-widget-wrap elementor-element-populated\">\n\t\t\t\t\t\t<div class=\"elementor-element elementor-element-421529a elementor-widget elementor-widget-image\" data-id=\"421529a\" data-element_type=\"widget\" data-e-type=\"widget\" data-widget_type=\"image.default\">\n\t\t\t\t<div class=\"elementor-widget-container\">\n\t\t\t\t\t\t\t\t\t\t\t\t\t\t\t<img fetchpriority=\"high\" decoding=\"async\" width=\"2434\" height=\"2722\" src=\"https:\/\/www.lstream.org\/wp-content\/uploads\/2023\/01\/Donor-Center-Locations.png\" class=\"attachment-full size-full wp-image-18881\" alt=\"\" srcset=\"https:\/\/www.lstream.org\/wp-content\/uploads\/2023\/01\/Donor-Center-Locations.png 2434w, https:\/\/www.lstream.org\/wp-content\/uploads\/2023\/01\/Donor-Center-Locations-268x300.png 268w, https:\/\/www.lstream.org\/wp-content\/uploads\/2023\/01\/Donor-Center-Locations-916x1024.png 916w, https:\/\/www.lstream.org\/wp-content\/uploads\/2023\/01\/Donor-Center-Locations-768x859.png 768w, https:\/\/www.lstream.org\/wp-content\/uploads\/2023\/01\/Donor-Center-Locations-1373x1536.png 1373w, https:\/\/www.lstream.org\/wp-content\/uploads\/2023\/01\/Donor-Center-Locations-1831x2048.png 1831w, https:\/\/www.lstream.org\/wp-content\/uploads\/2023\/01\/Donor-Center-Locations-11x12.png 11w\" sizes=\"(max-width: 2434px) 100vw, 2434px\" \/>\t\t\t\t\t\t\t\t\t\t\t\t\t\t\t<\/div>\n\t\t\t\t<\/div>\n\t\t\t\t\t<\/div>\n\t\t<\/div>\n\t\t\t\t<div class=\"elementor-column elementor-col-50 elementor-inner-column elementor-element elementor-element-88f579b\" data-id=\"88f579b\" data-element_type=\"column\" data-e-type=\"column\">\n\t\t\t<div class=\"elementor-widget-wrap elementor-element-populated\">\n\t\t\t\t\t\t<div class=\"elementor-element elementor-element-71f3cfc elementor-widget elementor-widget-heading\" data-id=\"71f3cfc\" data-element_type=\"widget\" data-e-type=\"widget\" data-widget_type=\"heading.default\">\n\t\t\t\t<div class=\"elementor-widget-container\">\n\t\t\t\t\t<h2 class=\"elementor-heading-title elementor-size-default\">Serving San Bernardino, Riverside, Los Angeles, Orange, San Diego &amp; Imperial Counties<\/h2>\t\t\t\t<\/div>\n\t\t\t\t<\/div>\n\t\t\t\t<div class=\"elementor-element elementor-element-2ca3711 elementor-widget elementor-widget-text-editor\" data-id=\"2ca3711\" data-element_type=\"widget\" data-e-type=\"widget\" data-widget_type=\"text-editor.default\">\n\t\t\t\t<div class=\"elementor-widget-container\">\n\t\t\t\t\t\t\t\t\t<p>LifeStream ha facilitado el regalo de la vida a trav\u00e9s de la bondad y generosidad de donantes de sangre voluntarios durante m\u00e1s de 65 a\u00f1os. En la actualidad, LifeStream suministra productos y servicios sangu\u00edneos a m\u00e1s de 80 hospitales e instalaciones m\u00e9dicas del sur de California en los condados de San Bernardino, Riverside, Los \u00c1ngeles, Orange, San Diego e Imperial.<\/p>\t\t\t\t\t\t\t\t<\/div>\n\t\t\t\t<\/div>\n\t\t\t\t<div class=\"elementor-element elementor-element-5451d78 elementor-widget elementor-widget-text-editor\" data-id=\"5451d78\" data-element_type=\"widget\" data-e-type=\"widget\" data-widget_type=\"text-editor.default\">\n\t\t\t\t<div class=\"elementor-widget-container\">\n\t\t\t\t\t\t\t\t\t<p><strong>Para concertar una cita, haga clic a continuaci\u00f3n, llame <span style=\"text-decoration: underline;\"><a href=\"tel:+18008794484\">800.879.4484<\/a><\/span> o <span style=\"text-decoration: underline;\"><a href=\"https:\/\/www.lstream.org\/es\/mobileapp\/\">descargue la aplicaci\u00f3n m\u00f3vil LifeStream<\/a><\/span>! Se recomienda hacer citas, las personas sin cita previa son bienvenidas.<\/strong><\/p><p>No olvides usar <a href=\"https:\/\/www.lstream.org\/es\/expresspass\/\"><span style=\"text-decoration: underline;\"><strong>Pase expreso<\/strong><\/span><\/a> para acelerar su proceso de donaci\u00f3n.<\/p>\t\t\t\t\t\t\t\t<\/div>\n\t\t\t\t<\/div>\n\t\t\t\t<div class=\"elementor-element elementor-element-7b53acc elementor-align-right elementor-mobile-align-center elementor-widget__width-initial elementor-widget elementor-widget-button\" data-id=\"7b53acc\" data-element_type=\"widget\" data-e-type=\"widget\" data-widget_type=\"button.default\">\n\t\t\t\t<div class=\"elementor-widget-container\">\n\t\t\t\t\t\t\t\t\t<div class=\"elementor-button-wrapper\">\n\t\t\t\t\t<a class=\"elementor-button elementor-button-link elementor-size-sm\" href=\"https:\/\/giftoflife.lstream.org\/donor\/schedules\/zip\" target=\"_blank\">\n\t\t\t\t\t\t<span class=\"elementor-button-content-wrapper\">\n\t\t\t\t\t\t\t\t\t<span class=\"elementor-button-text\">Agendar una cita de trabajo<\/span>\n\t\t\t\t\t<\/span>\n\t\t\t\t\t<\/a>\n\t\t\t\t<\/div>\n\t\t\t\t\t\t\t\t<\/div>\n\t\t\t\t<\/div>\n\t\t\t\t<div class=\"elementor-element elementor-element-1e52298 elementor-align-left elementor-mobile-align-center elementor-widget__width-initial elementor-widget elementor-widget-button\" data-id=\"1e52298\" data-element_type=\"widget\" data-e-type=\"widget\" data-widget_type=\"button.default\">\n\t\t\t\t<div class=\"elementor-widget-container\">\n\t\t\t\t\t\t\t\t\t<div class=\"elementor-button-wrapper\">\n\t\t\t\t\t<a class=\"elementor-button elementor-button-link elementor-size-sm\" href=\"https:\/\/www.lstream.org\/es\/expresspass\/\">\n\t\t\t\t\t\t<span class=\"elementor-button-content-wrapper\">\n\t\t\t\t\t\t\t\t\t<span class=\"elementor-button-text\">Pase expreso<\/span>\n\t\t\t\t\t<\/span>\n\t\t\t\t\t<\/a>\n\t\t\t\t<\/div>\n\t\t\t\t\t\t\t\t<\/div>\n\t\t\t\t<\/div>\n\t\t\t\t\t<\/div>\n\t\t<\/div>\n\t\t\t\t\t<\/div>\n\t\t<\/section>\n\t\t\t\t<div class=\"elementor-element elementor-element-4694c0c elementor-widget-divider--view-line elementor-widget elementor-widget-divider\" data-id=\"4694c0c\" data-element_type=\"widget\" data-e-type=\"widget\" data-widget_type=\"divider.default\">\n\t\t\t\t<div class=\"elementor-widget-container\">\n\t\t\t\t\t\t\t<div class=\"elementor-divider\">\n\t\t\t<span class=\"elementor-divider-separator\">\n\t\t\t\t\t\t<\/span>\n\t\t<\/div>\n\t\t\t\t\t\t<\/div>\n\t\t\t\t<\/div>\n\t\t\t\t\t<\/div>\n\t\t<\/div>\n\t\t\t\t\t<\/div>\n\t\t<\/section>\n\t\t\t\t<\/div>","protected":false},"excerpt":{"rendered":"<p>Service Region Serving San Bernardino, Riverside, Los Angeles, Orange, San Diego &#038; Imperial Counties LifeStream has facilitated the gift of life through the goodness and generosity of volunteer blood donors for more than 65 years. Today, LifeStream supplies blood products and services to more than 80 Southern California hospitals and medical facilities in San Bernardino, [&hellip;]<\/p>\n","protected":false},"author":1,"featured_media":0,"parent":82,"menu_order":3,"comment_status":"closed","ping_status":"closed","template":"elementor_header_footer","meta":{"_acf_changed":false,"footnotes":""},"class_list":["post-91","page","type-page","status-publish","hentry"],"acf":[],"yoast_head":"<!-- This site is optimized with the Yoast SEO Premium plugin v27.2 (Yoast SEO v27.2) - https:\/\/yoast.com\/product\/yoast-seo-premium-wordpress\/ -->\n<title>Service Region - LifeStream Blood Bank<\/title>\n<meta name=\"robots\" content=\"noindex, follow, max-snippet:-1, max-image-preview:large, max-video-preview:-1\" \/>\n<meta property=\"og:locale\" content=\"es_MX\" \/>\n<meta property=\"og:type\" content=\"article\" \/>\n<meta property=\"og:title\" content=\"Service Region\" \/>\n<meta property=\"og:description\" content=\"Service Region Serving San Bernardino, Riverside, Los Angeles, Orange, San Diego &#038; Imperial Counties LifeStream has facilitated the gift of life through the goodness and generosity of volunteer blood donors for more than 65 years. Today, LifeStream supplies blood products and services to more than 80 Southern California hospitals and medical facilities in San Bernardino, [&hellip;]\" \/>\n<meta property=\"og:url\" content=\"https:\/\/www.lstream.org\/es\/about-us\/region\/\" \/>\n<meta property=\"og:site_name\" content=\"LifeStream Blood Bank\" \/>\n<meta property=\"article:modified_time\" content=\"2023-03-24T16:57:55+00:00\" \/>\n<meta property=\"og:image\" content=\"https:\/\/www.lstream.org\/wp-content\/uploads\/2023\/01\/Donor-Center-Locations.png\" \/>\n<meta name=\"twitter:card\" content=\"summary_large_image\" \/>\n<meta name=\"twitter:label1\" content=\"Tiempo de lectura\" \/>\n\t<meta name=\"twitter:data1\" content=\"1 minuto\" \/>\n<script type=\"application\/ld+json\" class=\"yoast-schema-graph\">{\"@context\":\"https:\/\/schema.org\",\"@graph\":[{\"@type\":\"WebPage\",\"@id\":\"https:\/\/www.lstream.org\/about-us\/region\/\",\"url\":\"https:\/\/www.lstream.org\/about-us\/region\/\",\"name\":\"Service Region - LifeStream Blood Bank\",\"isPartOf\":{\"@id\":\"https:\/\/www.lstream.org\/#website\"},\"primaryImageOfPage\":{\"@id\":\"https:\/\/www.lstream.org\/about-us\/region\/#primaryimage\"},\"image\":{\"@id\":\"https:\/\/www.lstream.org\/about-us\/region\/#primaryimage\"},\"thumbnailUrl\":\"https:\/\/www.lstream.org\/wp-content\/uploads\/2023\/01\/Donor-Center-Locations.png\",\"datePublished\":\"2022-09-07T20:20:38+00:00\",\"dateModified\":\"2023-03-24T16:57:55+00:00\",\"breadcrumb\":{\"@id\":\"https:\/\/www.lstream.org\/about-us\/region\/#breadcrumb\"},\"inLanguage\":\"es\",\"potentialAction\":[{\"@type\":\"ReadAction\",\"target\":[\"https:\/\/www.lstream.org\/about-us\/region\/\"]}]},{\"@type\":\"ImageObject\",\"inLanguage\":\"es\",\"@id\":\"https:\/\/www.lstream.org\/about-us\/region\/#primaryimage\",\"url\":\"https:\/\/www.lstream.org\/wp-content\/uploads\/2023\/01\/Donor-Center-Locations.png\",\"contentUrl\":\"https:\/\/www.lstream.org\/wp-content\/uploads\/2023\/01\/Donor-Center-Locations.png\"},{\"@type\":\"BreadcrumbList\",\"@id\":\"https:\/\/www.lstream.org\/about-us\/region\/#breadcrumb\",\"itemListElement\":[{\"@type\":\"ListItem\",\"position\":1,\"name\":\"Home\",\"item\":\"https:\/\/www.lstream.org\/\"},{\"@type\":\"ListItem\",\"position\":2,\"name\":\"About Us\",\"item\":\"https:\/\/www.lstream.org\/about-us\/\"},{\"@type\":\"ListItem\",\"position\":3,\"name\":\"Service Region\"}]},{\"@type\":\"WebSite\",\"@id\":\"https:\/\/www.lstream.org\/#website\",\"url\":\"https:\/\/www.lstream.org\/\",\"name\":\"LifeStream Blood Bank\",\"description\":\"\",\"publisher\":{\"@id\":\"https:\/\/www.lstream.org\/#organization\"},\"potentialAction\":[{\"@type\":\"SearchAction\",\"target\":{\"@type\":\"EntryPoint\",\"urlTemplate\":\"https:\/\/www.lstream.org\/?s={search_term_string}\"},\"query-input\":{\"@type\":\"PropertyValueSpecification\",\"valueRequired\":true,\"valueName\":\"search_term_string\"}}],\"inLanguage\":\"es\"},{\"@type\":\"Organization\",\"@id\":\"https:\/\/www.lstream.org\/#organization\",\"name\":\"LifeStream Blood Bank\",\"url\":\"https:\/\/www.lstream.org\/\",\"logo\":{\"@type\":\"ImageObject\",\"inLanguage\":\"es\",\"@id\":\"https:\/\/www.lstream.org\/#\/schema\/logo\/image\/\",\"url\":\"https:\/\/www.lstream.org\/wp-content\/uploads\/2022\/09\/Site-Logo.svg\",\"contentUrl\":\"https:\/\/www.lstream.org\/wp-content\/uploads\/2022\/09\/Site-Logo.svg\",\"width\":348,\"height\":82.3524,\"caption\":\"LifeStream Blood Bank\"},\"image\":{\"@id\":\"https:\/\/www.lstream.org\/#\/schema\/logo\/image\/\"}}]}<\/script>\n<!-- \/ Yoast SEO Premium plugin. -->","yoast_head_json":{"title":"Service Region - LifeStream Blood Bank","robots":{"index":"noindex","follow":"follow","max-snippet":"max-snippet:-1","max-image-preview":"max-image-preview:large","max-video-preview":"max-video-preview:-1"},"og_locale":"es_MX","og_type":"article","og_title":"Service Region","og_description":"Service Region Serving San Bernardino, Riverside, Los Angeles, Orange, San Diego &#038; Imperial Counties LifeStream has facilitated the gift of life through the goodness and generosity of volunteer blood donors for more than 65 years. Today, LifeStream supplies blood products and services to more than 80 Southern California hospitals and medical facilities in San Bernardino, [&hellip;]","og_url":"https:\/\/www.lstream.org\/es\/about-us\/region\/","og_site_name":"LifeStream Blood Bank","article_modified_time":"2023-03-24T16:57:55+00:00","og_image":[{"url":"https:\/\/www.lstream.org\/wp-content\/uploads\/2023\/01\/Donor-Center-Locations.png","type":"","width":"","height":""}],"twitter_card":"summary_large_image","twitter_misc":{"Tiempo de lectura":"1 minuto"},"schema":{"@context":"https:\/\/schema.org","@graph":[{"@type":"WebPage","@id":"https:\/\/www.lstream.org\/about-us\/region\/","url":"https:\/\/www.lstream.org\/about-us\/region\/","name":"Service Region - LifeStream Blood Bank","isPartOf":{"@id":"https:\/\/www.lstream.org\/#website"},"primaryImageOfPage":{"@id":"https:\/\/www.lstream.org\/about-us\/region\/#primaryimage"},"image":{"@id":"https:\/\/www.lstream.org\/about-us\/region\/#primaryimage"},"thumbnailUrl":"https:\/\/www.lstream.org\/wp-content\/uploads\/2023\/01\/Donor-Center-Locations.png","datePublished":"2022-09-07T20:20:38+00:00","dateModified":"2023-03-24T16:57:55+00:00","breadcrumb":{"@id":"https:\/\/www.lstream.org\/about-us\/region\/#breadcrumb"},"inLanguage":"es","potentialAction":[{"@type":"ReadAction","target":["https:\/\/www.lstream.org\/about-us\/region\/"]}]},{"@type":"ImageObject","inLanguage":"es","@id":"https:\/\/www.lstream.org\/about-us\/region\/#primaryimage","url":"https:\/\/www.lstream.org\/wp-content\/uploads\/2023\/01\/Donor-Center-Locations.png","contentUrl":"https:\/\/www.lstream.org\/wp-content\/uploads\/2023\/01\/Donor-Center-Locations.png"},{"@type":"BreadcrumbList","@id":"https:\/\/www.lstream.org\/about-us\/region\/#breadcrumb","itemListElement":[{"@type":"ListItem","position":1,"name":"Home","item":"https:\/\/www.lstream.org\/"},{"@type":"ListItem","position":2,"name":"About Us","item":"https:\/\/www.lstream.org\/about-us\/"},{"@type":"ListItem","position":3,"name":"Service Region"}]},{"@type":"WebSite","@id":"https:\/\/www.lstream.org\/#website","url":"https:\/\/www.lstream.org\/","name":"Banco de sangre LifeStream","description":"","publisher":{"@id":"https:\/\/www.lstream.org\/#organization"},"potentialAction":[{"@type":"SearchAction","target":{"@type":"EntryPoint","urlTemplate":"https:\/\/www.lstream.org\/?s={search_term_string}"},"query-input":{"@type":"PropertyValueSpecification","valueRequired":true,"valueName":"search_term_string"}}],"inLanguage":"es"},{"@type":"Organization","@id":"https:\/\/www.lstream.org\/#organization","name":"Banco de sangre LifeStream","url":"https:\/\/www.lstream.org\/","logo":{"@type":"ImageObject","inLanguage":"es","@id":"https:\/\/www.lstream.org\/#\/schema\/logo\/image\/","url":"https:\/\/www.lstream.org\/wp-content\/uploads\/2022\/09\/Site-Logo.svg","contentUrl":"https:\/\/www.lstream.org\/wp-content\/uploads\/2022\/09\/Site-Logo.svg","width":348,"height":82.3524,"caption":"LifeStream Blood Bank"},"image":{"@id":"https:\/\/www.lstream.org\/#\/schema\/logo\/image\/"}}]}},"_links":{"self":[{"href":"https:\/\/www.lstream.org\/es\/wp-json\/wp\/v2\/pages\/91","targetHints":{"allow":["GET"]}}],"collection":[{"href":"https:\/\/www.lstream.org\/es\/wp-json\/wp\/v2\/pages"}],"about":[{"href":"https:\/\/www.lstream.org\/es\/wp-json\/wp\/v2\/types\/page"}],"author":[{"embeddable":true,"href":"https:\/\/www.lstream.org\/es\/wp-json\/wp\/v2\/users\/1"}],"replies":[{"embeddable":true,"href":"https:\/\/www.lstream.org\/es\/wp-json\/wp\/v2\/comments?post=91"}],"version-history":[{"count":38,"href":"https:\/\/www.lstream.org\/es\/wp-json\/wp\/v2\/pages\/91\/revisions"}],"predecessor-version":[{"id":21894,"href":"https:\/\/www.lstream.org\/es\/wp-json\/wp\/v2\/pages\/91\/revisions\/21894"}],"up":[{"embeddable":true,"href":"https:\/\/www.lstream.org\/es\/wp-json\/wp\/v2\/pages\/82"}],"wp:attachment":[{"href":"https:\/\/www.lstream.org\/es\/wp-json\/wp\/v2\/media?parent=91"}],"curies":[{"name":"wp","href":"https:\/\/api.w.org\/{rel}","templated":true}]}}