{"id":93,"date":"2022-09-07T20:20:51","date_gmt":"2022-09-07T20:20:51","guid":{"rendered":"https:\/\/www.lstream.org\/?page_id=93"},"modified":"2024-01-09T21:41:26","modified_gmt":"2024-01-09T21:41:26","slug":"affiliations","status":"publish","type":"page","link":"https:\/\/www.lstream.org\/es\/about-us\/affiliations\/","title":{"rendered":"Afiliaciones"},"content":{"rendered":"<div data-elementor-type=\"wp-page\" data-elementor-id=\"93\" class=\"elementor elementor-93\" data-elementor-post-type=\"page\">\n\t\t\t\t\t\t<section data-particle_enable=\"false\" data-particle-mobile-disabled=\"false\" class=\"elementor-section elementor-top-section elementor-element elementor-element-579a1ef elementor-section-full_width elementor-section-content-bottom elementor-section-height-default elementor-section-height-default\" data-id=\"579a1ef\" data-element_type=\"section\" data-e-type=\"section\" data-settings=\"{&quot;background_background&quot;:&quot;classic&quot;}\">\n\t\t\t\t\t\t<div class=\"elementor-container elementor-column-gap-no\">\n\t\t\t\t\t<div class=\"elementor-column elementor-col-100 elementor-top-column elementor-element elementor-element-9a4228d\" data-id=\"9a4228d\" data-element_type=\"column\" data-e-type=\"column\">\n\t\t\t<div class=\"elementor-widget-wrap elementor-element-populated\">\n\t\t\t\t\t\t<div class=\"elementor-element elementor-element-76aeeb7 elementor-widget elementor-widget-heading\" data-id=\"76aeeb7\" data-element_type=\"widget\" data-e-type=\"widget\" data-widget_type=\"heading.default\">\n\t\t\t\t<div class=\"elementor-widget-container\">\n\t\t\t\t\t<h2 class=\"elementor-heading-title elementor-size-default\">Afiliaciones<\/h2>\t\t\t\t<\/div>\n\t\t\t\t<\/div>\n\t\t\t\t<div class=\"elementor-element elementor-element-2bae398 elementor-align-center elementor-widget elementor-widget-global elementor-global-2059 elementor-widget-breadcrumbs\" data-id=\"2bae398\" data-element_type=\"widget\" data-e-type=\"widget\" data-widget_type=\"breadcrumbs.default\">\n\t\t\t\t<div class=\"elementor-widget-container\">\n\t\t\t\t\t<span id=\"breadcrumbs\"><span><span><a href=\"https:\/\/www.lstream.org\/es\/\">Hogar<\/a><\/span><\/span><\/span>\t\t\t\t<\/div>\n\t\t\t\t<\/div>\n\t\t\t\t\t<\/div>\n\t\t<\/div>\n\t\t\t\t\t<\/div>\n\t\t<\/section>\n\t\t\t\t<section data-particle_enable=\"false\" data-particle-mobile-disabled=\"false\" class=\"elementor-section elementor-top-section elementor-element elementor-element-32e74cc elementor-section-boxed elementor-section-height-default elementor-section-height-default\" data-id=\"32e74cc\" data-element_type=\"section\" data-e-type=\"section\">\n\t\t\t\t\t\t<div class=\"elementor-container elementor-column-gap-default\">\n\t\t\t\t\t<div class=\"elementor-column elementor-col-100 elementor-top-column elementor-element elementor-element-e66773b\" data-id=\"e66773b\" data-element_type=\"column\" data-e-type=\"column\">\n\t\t\t<div class=\"elementor-widget-wrap elementor-element-populated\">\n\t\t\t\t\t\t<div class=\"elementor-element elementor-element-0e51e39 elementor-widget elementor-widget-text-editor\" data-id=\"0e51e39\" data-element_type=\"widget\" data-e-type=\"widget\" data-widget_type=\"text-editor.default\">\n\t\t\t\t<div class=\"elementor-widget-container\">\n\t\t\t\t\t\t\t\t\t<h5>LifeStream, fundada en 1951, se enorgullece de mantener afiliaciones con organizaciones l\u00edderes en la industria de bancos de sangre de Am\u00e9rica del Norte. A trav\u00e9s de un di\u00e1logo serio y constante y consultas profesionales, nos esforzamos continuamente por nuevas oportunidades, un modelo superior de servicio al cliente y excelencia en el apoyo a nuestros hospitales asociados y a los pacientes a los que atienden.<\/h5>\t\t\t\t\t\t\t\t<\/div>\n\t\t\t\t<\/div>\n\t\t\t\t\t<\/div>\n\t\t<\/div>\n\t\t\t\t\t<\/div>\n\t\t<\/section>\n\t\t\t\t<section data-particle_enable=\"false\" data-particle-mobile-disabled=\"false\" class=\"elementor-section elementor-top-section elementor-element elementor-element-fdbfb77 elementor-section-boxed elementor-section-height-default elementor-section-height-default\" data-id=\"fdbfb77\" data-element_type=\"section\" data-e-type=\"section\">\n\t\t\t\t\t\t<div class=\"elementor-container elementor-column-gap-default\">\n\t\t\t\t\t<div class=\"elementor-column elementor-col-100 elementor-top-column elementor-element elementor-element-fe43032\" data-id=\"fe43032\" data-element_type=\"column\" data-e-type=\"column\">\n\t\t\t<div class=\"elementor-widget-wrap elementor-element-populated\">\n\t\t\t\t\t\t<section data-particle_enable=\"false\" data-particle-mobile-disabled=\"false\" class=\"elementor-section elementor-inner-section elementor-element elementor-element-773c0fa elementor-section-boxed elementor-section-height-default elementor-section-height-default\" data-id=\"773c0fa\" data-element_type=\"section\" data-e-type=\"section\">\n\t\t\t\t\t\t<div class=\"elementor-container elementor-column-gap-default\">\n\t\t\t\t\t<div class=\"elementor-column elementor-col-50 elementor-inner-column elementor-element elementor-element-0a5c8ac\" data-id=\"0a5c8ac\" data-element_type=\"column\" data-e-type=\"column\">\n\t\t\t<div class=\"elementor-widget-wrap elementor-element-populated\">\n\t\t\t\t\t\t<div class=\"elementor-element elementor-element-de193ad elementor-flip-box--effect-flip elementor-flip-box--direction-up elementor-widget elementor-widget-flip-box\" data-id=\"de193ad\" data-element_type=\"widget\" data-e-type=\"widget\" data-widget_type=\"flip-box.default\">\n\t\t\t\t<div class=\"elementor-widget-container\">\n\t\t\t\t\t\t\t<div class=\"elementor-flip-box\" tabindex=\"0\">\n\t\t\t<div class=\"elementor-flip-box__layer elementor-flip-box__front\">\n\t\t\t\t<div class=\"elementor-flip-box__layer__overlay\">\n\t\t\t\t\t<div class=\"elementor-flip-box__layer__inner\">\n\t\t\t\t\t\t\t\t\t\t\t\t\t<div class=\"elementor-flip-box__image\">\n\t\t\t\t\t\t\t\t<img decoding=\"async\" width=\"375\" height=\"120\" src=\"https:\/\/www.lstream.org\/wp-content\/uploads\/2022\/10\/60th-anniv.jpg\" class=\"attachment-full size-full wp-image-2250\" alt=\"\" srcset=\"https:\/\/www.lstream.org\/wp-content\/uploads\/2022\/10\/60th-anniv.jpg 375w, https:\/\/www.lstream.org\/wp-content\/uploads\/2022\/10\/60th-anniv-300x96.jpg 300w, https:\/\/www.lstream.org\/wp-content\/uploads\/2022\/10\/60th-anniv-18x6.jpg 18w\" sizes=\"(max-width: 375px) 100vw, 375px\" \/>\t\t\t\t\t\t\t<\/div>\n\t\t\t\t\t\t\n\t\t\t\t\t\t\t\t\t\t\t\t\t<h3 class=\"elementor-flip-box__layer__title\">\n\t\t\t\t\t\t\t\tCentros de sangre de Estados Unidos\t\t\t\t\t\t\t<\/h3>\n\t\t\t\t\t\t\n\t\t\t\t\t\t\t\t\t\t\t\t\t<div class=\"elementor-flip-box__layer__description\">\n\t\t\t\t\t\t\t\tAmerica&#039;s Blood Centers (ABC) es una red de centros de sangre comunitarios con sede en Am\u00e9rica del Norte que en conjunto operan m\u00e1s de 600 centros de donantes fijos y suministran sangre a m\u00e1s de 3,500 hospitales e instalaciones m\u00e9dicas. Los miembros de ABC suscriben una filosof\u00eda de banco de sangre basada en la comunidad; Los donantes saben que su donaci\u00f3n permanece en la comunidad para ayudar a sus seres queridos, amigos, vecinos y colegas. En tiempos de emergencia local o necesidades regionales graves que limitan el suministro, los miembros de ABC colaboran para ayudar a los miembros necesitados.\t\t\t\t\t\t\t<\/div>\n\t\t\t\t\t\t\t\t\t\t\t<\/div>\n\t\t\t\t<\/div>\n\t\t\t<\/div>\n\t\t\t<a class=\"elementor-flip-box__layer elementor-flip-box__back\" href=\"https:\/\/americasblood.org\/\" target=\"_blank\">\n\t\t\t<div class=\"elementor-flip-box__layer__overlay\">\n\t\t\t\t<div class=\"elementor-flip-box__layer__inner\">\n\t\t\t\t\t\t\t\t\t\t\t<h3 class=\"elementor-flip-box__layer__title\">\n\t\t\t\t\t\t\tCentros de sangre de Estados Unidos\t\t\t\t\t\t<\/h3>\n\t\t\t\t\t\n\t\t\t\t\t\n\t\t\t\t\t\t\t\t\t\t\t<span class=\"elementor-flip-box__button elementor-button elementor-size-sm\">\n\t\t\t\t\t\t\tVisita el sitio web\t\t\t\t\t\t<\/span>\n\t\t\t\t\t\t\t\t<\/div>\n\t\t<\/div>\n\t\t<\/a>\n\t\t<\/div>\n\t\t\t\t\t\t<\/div>\n\t\t\t\t<\/div>\n\t\t\t\t\t<\/div>\n\t\t<\/div>\n\t\t\t\t<div class=\"elementor-column elementor-col-50 elementor-inner-column elementor-element elementor-element-63f979c\" data-id=\"63f979c\" data-element_type=\"column\" data-e-type=\"column\">\n\t\t\t<div class=\"elementor-widget-wrap elementor-element-populated\">\n\t\t\t\t\t\t<div class=\"elementor-element elementor-element-088319b elementor-flip-box--effect-flip elementor-flip-box--direction-up elementor-widget elementor-widget-flip-box\" data-id=\"088319b\" data-element_type=\"widget\" data-e-type=\"widget\" data-widget_type=\"flip-box.default\">\n\t\t\t\t<div class=\"elementor-widget-container\">\n\t\t\t\t\t\t\t<div class=\"elementor-flip-box\" tabindex=\"0\">\n\t\t\t<div class=\"elementor-flip-box__layer elementor-flip-box__front\">\n\t\t\t\t<div class=\"elementor-flip-box__layer__overlay\">\n\t\t\t\t\t<div class=\"elementor-flip-box__layer__inner\">\n\t\t\t\t\t\t\t\t\t\t\t\t\t<div class=\"elementor-flip-box__image\">\n\t\t\t\t\t\t\t\t<img fetchpriority=\"high\" decoding=\"async\" width=\"742\" height=\"311\" src=\"https:\/\/www.lstream.org\/wp-content\/uploads\/2022\/10\/aabb-logo.svg\" class=\"attachment-full size-full wp-image-2300\" alt=\"\" \/>\t\t\t\t\t\t\t<\/div>\n\t\t\t\t\t\t\n\t\t\t\t\t\t\t\t\t\t\t\t\t<h3 class=\"elementor-flip-box__layer__title\">\n\t\t\t\t\t\t\t\tAABB\t\t\t\t\t\t\t<\/h3>\n\t\t\t\t\t\t\n\t\t\t\t\t\t\t\t\t\t\t\t\t<div class=\"elementor-flip-box__layer__description\">\n\t\t\t\t\t\t\t\tAABB es una asociaci\u00f3n internacional de bancos de sangre, que incluye centros de sangre hospitalarios y comunitarios, servicios de transfusi\u00f3n y trasplantes e individuos involucrados en actividades relacionadas con la medicina de transfusi\u00f3n y trasplante. AABB apoya altos est\u00e1ndares de desempe\u00f1o m\u00e9dico, t\u00e9cnico y administrativo, investigaci\u00f3n cient\u00edfica, aplicaci\u00f3n cl\u00ednica y educaci\u00f3n. Se dedica a fomentar la donaci\u00f3n voluntaria de sangre y otros tejidos y \u00f3rganos a trav\u00e9s de la educaci\u00f3n, la informaci\u00f3n p\u00fablica y la investigaci\u00f3n.\t\t\t\t\t\t\t<\/div>\n\t\t\t\t\t\t\t\t\t\t\t<\/div>\n\t\t\t\t<\/div>\n\t\t\t<\/div>\n\t\t\t<a class=\"elementor-flip-box__layer elementor-flip-box__back\" href=\"https:\/\/www.aabb.org\/home\" target=\"_blank\">\n\t\t\t<div class=\"elementor-flip-box__layer__overlay\">\n\t\t\t\t<div class=\"elementor-flip-box__layer__inner\">\n\t\t\t\t\t\t\t\t\t\t\t<h3 class=\"elementor-flip-box__layer__title\">\n\t\t\t\t\t\t\tAABB\t\t\t\t\t\t<\/h3>\n\t\t\t\t\t\n\t\t\t\t\t\n\t\t\t\t\t\t\t\t\t\t\t<span class=\"elementor-flip-box__button elementor-button elementor-size-sm\">\n\t\t\t\t\t\t\tVisita el sitio web\t\t\t\t\t\t<\/span>\n\t\t\t\t\t\t\t\t<\/div>\n\t\t<\/div>\n\t\t<\/a>\n\t\t<\/div>\n\t\t\t\t\t\t<\/div>\n\t\t\t\t<\/div>\n\t\t\t\t\t<\/div>\n\t\t<\/div>\n\t\t\t\t\t<\/div>\n\t\t<\/section>\n\t\t\t\t<section data-particle_enable=\"false\" data-particle-mobile-disabled=\"false\" class=\"elementor-section elementor-inner-section elementor-element elementor-element-a1b9f9f elementor-section-boxed elementor-section-height-default elementor-section-height-default\" data-id=\"a1b9f9f\" data-element_type=\"section\" data-e-type=\"section\">\n\t\t\t\t\t\t<div class=\"elementor-container elementor-column-gap-default\">\n\t\t\t\t\t<div class=\"elementor-column elementor-col-50 elementor-inner-column elementor-element elementor-element-0792c84\" data-id=\"0792c84\" data-element_type=\"column\" data-e-type=\"column\">\n\t\t\t<div class=\"elementor-widget-wrap elementor-element-populated\">\n\t\t\t\t\t\t<div class=\"elementor-element elementor-element-14a1536 elementor-flip-box--effect-flip elementor-flip-box--direction-up elementor-widget elementor-widget-flip-box\" data-id=\"14a1536\" data-element_type=\"widget\" data-e-type=\"widget\" data-widget_type=\"flip-box.default\">\n\t\t\t\t<div class=\"elementor-widget-container\">\n\t\t\t\t\t\t\t<div class=\"elementor-flip-box\" tabindex=\"0\">\n\t\t\t<div class=\"elementor-flip-box__layer elementor-flip-box__front\">\n\t\t\t\t<div class=\"elementor-flip-box__layer__overlay\">\n\t\t\t\t\t<div class=\"elementor-flip-box__layer__inner\">\n\t\t\t\t\t\t\n\t\t\t\t\t\t\t\t\t\t\t\t\t<h3 class=\"elementor-flip-box__layer__title\">\n\t\t\t\t\t\t\t\tMembres\u00edas locales\t\t\t\t\t\t\t<\/h3>\n\t\t\t\t\t\t\n\t\t\t\t\t\t\t\t\t\t\t\t\t<div class=\"elementor-flip-box__layer__description\">\n\t\t\t\t\t\t\t\tLifeStream desempe\u00f1a un papel activo en el apoyo al crecimiento econ\u00f3mico y la fortaleza de la comunidad en las \u00e1reas que servimos a trav\u00e9s de membres\u00edas en c\u00e1maras de comercio locales y organizaciones de vitalidad econ\u00f3mica, incluidas Inland Empire Economic Partnership (IEEP) y Coachella Valley Economic Partnership. (PEVC).\t\t\t\t\t\t\t<\/div>\n\t\t\t\t\t\t\t\t\t\t\t<\/div>\n\t\t\t\t<\/div>\n\t\t\t<\/div>\n\t\t\t<a class=\"elementor-flip-box__layer elementor-flip-box__back\" href=\"https:\/\/ieep.com\/\" target=\"_blank\">\n\t\t\t<div class=\"elementor-flip-box__layer__overlay\">\n\t\t\t\t<div class=\"elementor-flip-box__layer__inner\">\n\t\t\t\t\t\t\t\t\t\t\t<h3 class=\"elementor-flip-box__layer__title\">\n\t\t\t\t\t\t\tMembres\u00edas locales\t\t\t\t\t\t<\/h3>\n\t\t\t\t\t\n\t\t\t\t\t\n\t\t\t\t\t\t\t\t\t\t\t<span class=\"elementor-flip-box__button elementor-button elementor-size-sm\">\n\t\t\t\t\t\t\tVisita el sitio web\t\t\t\t\t\t<\/span>\n\t\t\t\t\t\t\t\t<\/div>\n\t\t<\/div>\n\t\t<\/a>\n\t\t<\/div>\n\t\t\t\t\t\t<\/div>\n\t\t\t\t<\/div>\n\t\t\t\t\t<\/div>\n\t\t<\/div>\n\t\t\t\t<div class=\"elementor-column elementor-col-50 elementor-inner-column elementor-element elementor-element-3f70fc5\" data-id=\"3f70fc5\" data-element_type=\"column\" data-e-type=\"column\">\n\t\t\t<div class=\"elementor-widget-wrap elementor-element-populated\">\n\t\t\t\t\t\t<div class=\"elementor-element elementor-element-4439ccd elementor-flip-box--effect-flip elementor-flip-box--direction-up elementor-widget elementor-widget-flip-box\" data-id=\"4439ccd\" data-element_type=\"widget\" data-e-type=\"widget\" data-widget_type=\"flip-box.default\">\n\t\t\t\t<div class=\"elementor-widget-container\">\n\t\t\t\t\t\t\t<div class=\"elementor-flip-box\" tabindex=\"0\">\n\t\t\t<div class=\"elementor-flip-box__layer elementor-flip-box__front\">\n\t\t\t\t<div class=\"elementor-flip-box__layer__overlay\">\n\t\t\t\t\t<div class=\"elementor-flip-box__layer__inner\">\n\t\t\t\t\t\t\t\t\t\t\t\t\t<div class=\"elementor-flip-box__image\">\n\t\t\t\t\t\t\t\t<img decoding=\"async\" width=\"343\" height=\"71\" src=\"https:\/\/www.lstream.org\/wp-content\/uploads\/2022\/10\/cms-site-logo.png\" class=\"attachment-full size-full wp-image-2306\" alt=\"\" srcset=\"https:\/\/www.lstream.org\/wp-content\/uploads\/2022\/10\/cms-site-logo.png 343w, https:\/\/www.lstream.org\/wp-content\/uploads\/2022\/10\/cms-site-logo-300x62.png 300w, https:\/\/www.lstream.org\/wp-content\/uploads\/2022\/10\/cms-site-logo-18x4.png 18w\" sizes=\"(max-width: 343px) 100vw, 343px\" \/>\t\t\t\t\t\t\t<\/div>\n\t\t\t\t\t\t\n\t\t\t\t\t\t\t\t\t\t\t\t\t<h3 class=\"elementor-flip-box__layer__title\">\n\t\t\t\t\t\t\t\tEnmienda de mejora del laboratorio cl\u00ednico (CLIA)\t\t\t\t\t\t\t<\/h3>\n\t\t\t\t\t\t\n\t\t\t\t\t\t\t\t\t\t\t\t\t<div class=\"elementor-flip-box__layer__description\">\n\t\t\t\t\t\t\t\tThe Centers for Medicare &amp; Medicaid Services (CMS) regulates all laboratory testing (except research) performed on humans in the U.S. through the Clinical Laboratory Improvement Amendments (CLIA). The objective of the CLIA program is to ensure quality laboratory testing. In total, CLIA covers approximately 254,000 laboratory entities.\t\t\t\t\t\t\t<\/div>\n\t\t\t\t\t\t\t\t\t\t\t<\/div>\n\t\t\t\t<\/div>\n\t\t\t<\/div>\n\t\t\t<a class=\"elementor-flip-box__layer elementor-flip-box__back\" href=\"https:\/\/www.cms.gov\/\" target=\"_blank\">\n\t\t\t<div class=\"elementor-flip-box__layer__overlay\">\n\t\t\t\t<div class=\"elementor-flip-box__layer__inner\">\n\t\t\t\t\t\t\t\t\t\t\t<h3 class=\"elementor-flip-box__layer__title\">\n\t\t\t\t\t\t\tEnmienda de mejora del laboratorio cl\u00ednico (CLIA)\t\t\t\t\t\t<\/h3>\n\t\t\t\t\t\n\t\t\t\t\t\n\t\t\t\t\t\t\t\t\t\t\t<span class=\"elementor-flip-box__button elementor-button elementor-size-sm\">\n\t\t\t\t\t\t\tVisita el sitio web\t\t\t\t\t\t<\/span>\n\t\t\t\t\t\t\t\t<\/div>\n\t\t<\/div>\n\t\t<\/a>\n\t\t<\/div>\n\t\t\t\t\t\t<\/div>\n\t\t\t\t<\/div>\n\t\t\t\t\t<\/div>\n\t\t<\/div>\n\t\t\t\t\t<\/div>\n\t\t<\/section>\n\t\t\t\t\t<\/div>\n\t\t<\/div>\n\t\t\t\t\t<\/div>\n\t\t<\/section>\n\t\t\t\t<\/div>","protected":false},"excerpt":{"rendered":"<p>Affiliations LifeStream, founded in 1951, proudly maintains affiliations with leading organizations in the North American blood banking industry. Through serious, consistent dialogue and professional consultation, we continually strive for new opportunities, a superior customer service model, and excellence in supporting our partner hospitals and the patients they serve. America&#8217;s Blood Centers America\u2019s Blood Centers (ABC) [&hellip;]<\/p>\n","protected":false},"author":1,"featured_media":0,"parent":82,"menu_order":4,"comment_status":"closed","ping_status":"closed","template":"elementor_header_footer","meta":{"_acf_changed":false,"footnotes":""},"class_list":["post-93","page","type-page","status-publish","hentry"],"acf":[],"yoast_head":"<!-- This site is optimized with the Yoast SEO Premium plugin v27.2 (Yoast SEO v27.2) - https:\/\/yoast.com\/product\/yoast-seo-premium-wordpress\/ -->\n<title>Affiliations - LifeStream Blood Bank<\/title>\n<meta name=\"robots\" content=\"noindex, follow, max-snippet:-1, max-image-preview:large, max-video-preview:-1\" \/>\n<meta property=\"og:locale\" content=\"es_MX\" \/>\n<meta property=\"og:type\" content=\"article\" \/>\n<meta property=\"og:title\" content=\"Affiliations\" \/>\n<meta property=\"og:description\" content=\"Affiliations LifeStream, founded in 1951, proudly maintains affiliations with leading organizations in the North American blood banking industry. Through serious, consistent dialogue and professional consultation, we continually strive for new opportunities, a superior customer service model, and excellence in supporting our partner hospitals and the patients they serve. America&#8217;s Blood Centers America\u2019s Blood Centers (ABC) [&hellip;]\" \/>\n<meta property=\"og:url\" content=\"https:\/\/www.lstream.org\/es\/about-us\/affiliations\/\" \/>\n<meta property=\"og:site_name\" content=\"LifeStream Blood Bank\" \/>\n<meta property=\"article:modified_time\" content=\"2024-01-09T21:41:26+00:00\" \/>\n<meta property=\"og:image\" content=\"https:\/\/www.lstream.org\/wp-content\/uploads\/2022\/10\/60th-anniv.jpg\" \/>\n<meta name=\"twitter:card\" content=\"summary_large_image\" \/>\n<meta name=\"twitter:label1\" content=\"Tiempo de lectura\" \/>\n\t<meta name=\"twitter:data1\" content=\"2 minutos\" \/>\n<script type=\"application\/ld+json\" class=\"yoast-schema-graph\">{\"@context\":\"https:\/\/schema.org\",\"@graph\":[{\"@type\":\"WebPage\",\"@id\":\"https:\/\/www.lstream.org\/about-us\/affiliations\/\",\"url\":\"https:\/\/www.lstream.org\/about-us\/affiliations\/\",\"name\":\"Affiliations - LifeStream Blood Bank\",\"isPartOf\":{\"@id\":\"https:\/\/www.lstream.org\/#website\"},\"primaryImageOfPage\":{\"@id\":\"https:\/\/www.lstream.org\/about-us\/affiliations\/#primaryimage\"},\"image\":{\"@id\":\"https:\/\/www.lstream.org\/about-us\/affiliations\/#primaryimage\"},\"thumbnailUrl\":\"https:\/\/www.lstream.org\/wp-content\/uploads\/2022\/10\/60th-anniv.jpg\",\"datePublished\":\"2022-09-07T20:20:51+00:00\",\"dateModified\":\"2024-01-09T21:41:26+00:00\",\"breadcrumb\":{\"@id\":\"https:\/\/www.lstream.org\/about-us\/affiliations\/#breadcrumb\"},\"inLanguage\":\"es\",\"potentialAction\":[{\"@type\":\"ReadAction\",\"target\":[\"https:\/\/www.lstream.org\/about-us\/affiliations\/\"]}]},{\"@type\":\"ImageObject\",\"inLanguage\":\"es\",\"@id\":\"https:\/\/www.lstream.org\/about-us\/affiliations\/#primaryimage\",\"url\":\"https:\/\/www.lstream.org\/wp-content\/uploads\/2022\/10\/60th-anniv.jpg\",\"contentUrl\":\"https:\/\/www.lstream.org\/wp-content\/uploads\/2022\/10\/60th-anniv.jpg\"},{\"@type\":\"BreadcrumbList\",\"@id\":\"https:\/\/www.lstream.org\/about-us\/affiliations\/#breadcrumb\",\"itemListElement\":[{\"@type\":\"ListItem\",\"position\":1,\"name\":\"Home\",\"item\":\"https:\/\/www.lstream.org\/\"},{\"@type\":\"ListItem\",\"position\":2,\"name\":\"About Us\",\"item\":\"https:\/\/www.lstream.org\/about-us\/\"},{\"@type\":\"ListItem\",\"position\":3,\"name\":\"Affiliations\"}]},{\"@type\":\"WebSite\",\"@id\":\"https:\/\/www.lstream.org\/#website\",\"url\":\"https:\/\/www.lstream.org\/\",\"name\":\"LifeStream Blood Bank\",\"description\":\"\",\"publisher\":{\"@id\":\"https:\/\/www.lstream.org\/#organization\"},\"potentialAction\":[{\"@type\":\"SearchAction\",\"target\":{\"@type\":\"EntryPoint\",\"urlTemplate\":\"https:\/\/www.lstream.org\/?s={search_term_string}\"},\"query-input\":{\"@type\":\"PropertyValueSpecification\",\"valueRequired\":true,\"valueName\":\"search_term_string\"}}],\"inLanguage\":\"es\"},{\"@type\":\"Organization\",\"@id\":\"https:\/\/www.lstream.org\/#organization\",\"name\":\"LifeStream Blood Bank\",\"url\":\"https:\/\/www.lstream.org\/\",\"logo\":{\"@type\":\"ImageObject\",\"inLanguage\":\"es\",\"@id\":\"https:\/\/www.lstream.org\/#\/schema\/logo\/image\/\",\"url\":\"https:\/\/www.lstream.org\/wp-content\/uploads\/2022\/09\/Site-Logo.svg\",\"contentUrl\":\"https:\/\/www.lstream.org\/wp-content\/uploads\/2022\/09\/Site-Logo.svg\",\"width\":348,\"height\":82.3524,\"caption\":\"LifeStream Blood Bank\"},\"image\":{\"@id\":\"https:\/\/www.lstream.org\/#\/schema\/logo\/image\/\"}}]}<\/script>\n<!-- \/ Yoast SEO Premium plugin. -->","yoast_head_json":{"title":"Affiliations - LifeStream Blood Bank","robots":{"index":"noindex","follow":"follow","max-snippet":"max-snippet:-1","max-image-preview":"max-image-preview:large","max-video-preview":"max-video-preview:-1"},"og_locale":"es_MX","og_type":"article","og_title":"Affiliations","og_description":"Affiliations LifeStream, founded in 1951, proudly maintains affiliations with leading organizations in the North American blood banking industry. Through serious, consistent dialogue and professional consultation, we continually strive for new opportunities, a superior customer service model, and excellence in supporting our partner hospitals and the patients they serve. America&#8217;s Blood Centers America\u2019s Blood Centers (ABC) [&hellip;]","og_url":"https:\/\/www.lstream.org\/es\/about-us\/affiliations\/","og_site_name":"LifeStream Blood Bank","article_modified_time":"2024-01-09T21:41:26+00:00","og_image":[{"url":"https:\/\/www.lstream.org\/wp-content\/uploads\/2022\/10\/60th-anniv.jpg","type":"","width":"","height":""}],"twitter_card":"summary_large_image","twitter_misc":{"Tiempo de lectura":"2 minutos"},"schema":{"@context":"https:\/\/schema.org","@graph":[{"@type":"WebPage","@id":"https:\/\/www.lstream.org\/about-us\/affiliations\/","url":"https:\/\/www.lstream.org\/about-us\/affiliations\/","name":"Affiliations - LifeStream Blood Bank","isPartOf":{"@id":"https:\/\/www.lstream.org\/#website"},"primaryImageOfPage":{"@id":"https:\/\/www.lstream.org\/about-us\/affiliations\/#primaryimage"},"image":{"@id":"https:\/\/www.lstream.org\/about-us\/affiliations\/#primaryimage"},"thumbnailUrl":"https:\/\/www.lstream.org\/wp-content\/uploads\/2022\/10\/60th-anniv.jpg","datePublished":"2022-09-07T20:20:51+00:00","dateModified":"2024-01-09T21:41:26+00:00","breadcrumb":{"@id":"https:\/\/www.lstream.org\/about-us\/affiliations\/#breadcrumb"},"inLanguage":"es","potentialAction":[{"@type":"ReadAction","target":["https:\/\/www.lstream.org\/about-us\/affiliations\/"]}]},{"@type":"ImageObject","inLanguage":"es","@id":"https:\/\/www.lstream.org\/about-us\/affiliations\/#primaryimage","url":"https:\/\/www.lstream.org\/wp-content\/uploads\/2022\/10\/60th-anniv.jpg","contentUrl":"https:\/\/www.lstream.org\/wp-content\/uploads\/2022\/10\/60th-anniv.jpg"},{"@type":"BreadcrumbList","@id":"https:\/\/www.lstream.org\/about-us\/affiliations\/#breadcrumb","itemListElement":[{"@type":"ListItem","position":1,"name":"Home","item":"https:\/\/www.lstream.org\/"},{"@type":"ListItem","position":2,"name":"About Us","item":"https:\/\/www.lstream.org\/about-us\/"},{"@type":"ListItem","position":3,"name":"Affiliations"}]},{"@type":"WebSite","@id":"https:\/\/www.lstream.org\/#website","url":"https:\/\/www.lstream.org\/","name":"Banco de sangre LifeStream","description":"","publisher":{"@id":"https:\/\/www.lstream.org\/#organization"},"potentialAction":[{"@type":"SearchAction","target":{"@type":"EntryPoint","urlTemplate":"https:\/\/www.lstream.org\/?s={search_term_string}"},"query-input":{"@type":"PropertyValueSpecification","valueRequired":true,"valueName":"search_term_string"}}],"inLanguage":"es"},{"@type":"Organization","@id":"https:\/\/www.lstream.org\/#organization","name":"Banco de sangre LifeStream","url":"https:\/\/www.lstream.org\/","logo":{"@type":"ImageObject","inLanguage":"es","@id":"https:\/\/www.lstream.org\/#\/schema\/logo\/image\/","url":"https:\/\/www.lstream.org\/wp-content\/uploads\/2022\/09\/Site-Logo.svg","contentUrl":"https:\/\/www.lstream.org\/wp-content\/uploads\/2022\/09\/Site-Logo.svg","width":348,"height":82.3524,"caption":"LifeStream Blood Bank"},"image":{"@id":"https:\/\/www.lstream.org\/#\/schema\/logo\/image\/"}}]}},"_links":{"self":[{"href":"https:\/\/www.lstream.org\/es\/wp-json\/wp\/v2\/pages\/93","targetHints":{"allow":["GET"]}}],"collection":[{"href":"https:\/\/www.lstream.org\/es\/wp-json\/wp\/v2\/pages"}],"about":[{"href":"https:\/\/www.lstream.org\/es\/wp-json\/wp\/v2\/types\/page"}],"author":[{"embeddable":true,"href":"https:\/\/www.lstream.org\/es\/wp-json\/wp\/v2\/users\/1"}],"replies":[{"embeddable":true,"href":"https:\/\/www.lstream.org\/es\/wp-json\/wp\/v2\/comments?post=93"}],"version-history":[{"count":25,"href":"https:\/\/www.lstream.org\/es\/wp-json\/wp\/v2\/pages\/93\/revisions"}],"predecessor-version":[{"id":24400,"href":"https:\/\/www.lstream.org\/es\/wp-json\/wp\/v2\/pages\/93\/revisions\/24400"}],"up":[{"embeddable":true,"href":"https:\/\/www.lstream.org\/es\/wp-json\/wp\/v2\/pages\/82"}],"wp:attachment":[{"href":"https:\/\/www.lstream.org\/es\/wp-json\/wp\/v2\/media?parent=93"}],"curies":[{"name":"wp","href":"https:\/\/api.w.org\/{rel}","templated":true}]}}