{"id":97,"date":"2022-09-07T20:21:25","date_gmt":"2022-09-07T20:21:25","guid":{"rendered":"https:\/\/www.lstream.org\/?page_id=97"},"modified":"2024-08-19T19:58:56","modified_gmt":"2024-08-19T19:58:56","slug":"community-partners","status":"publish","type":"page","link":"https:\/\/www.lstream.org\/es\/about-us\/community-partners\/","title":{"rendered":"Socios comunitarios"},"content":{"rendered":"<div data-elementor-type=\"wp-page\" data-elementor-id=\"97\" class=\"elementor elementor-97\" data-elementor-post-type=\"page\">\n\t\t\t\t\t\t<section data-particle_enable=\"false\" data-particle-mobile-disabled=\"false\" class=\"elementor-section elementor-top-section elementor-element elementor-element-cf98864 elementor-section-full_width elementor-section-content-bottom elementor-section-height-default elementor-section-height-default\" data-id=\"cf98864\" data-element_type=\"section\" data-e-type=\"section\" data-settings=\"{&quot;background_background&quot;:&quot;classic&quot;}\">\n\t\t\t\t\t\t<div class=\"elementor-container elementor-column-gap-no\">\n\t\t\t\t\t<div class=\"elementor-column elementor-col-100 elementor-top-column elementor-element elementor-element-2bc0c32\" data-id=\"2bc0c32\" data-element_type=\"column\" data-e-type=\"column\">\n\t\t\t<div class=\"elementor-widget-wrap elementor-element-populated\">\n\t\t\t\t\t\t<div class=\"elementor-element elementor-element-da95447 elementor-widget elementor-widget-heading\" data-id=\"da95447\" data-element_type=\"widget\" data-e-type=\"widget\" data-widget_type=\"heading.default\">\n\t\t\t\t<div class=\"elementor-widget-container\">\n\t\t\t\t\t<h2 class=\"elementor-heading-title elementor-size-default\">Socios comunitarios<\/h2>\t\t\t\t<\/div>\n\t\t\t\t<\/div>\n\t\t\t\t<div class=\"elementor-element elementor-element-d4e3004 elementor-align-center elementor-widget elementor-widget-global elementor-global-2059 elementor-widget-breadcrumbs\" data-id=\"d4e3004\" data-element_type=\"widget\" data-e-type=\"widget\" data-widget_type=\"breadcrumbs.default\">\n\t\t\t\t<div class=\"elementor-widget-container\">\n\t\t\t\t\t<span id=\"breadcrumbs\"><span><span><a href=\"https:\/\/www.lstream.org\/es\/\">Hogar<\/a><\/span><\/span><\/span>\t\t\t\t<\/div>\n\t\t\t\t<\/div>\n\t\t\t\t\t<\/div>\n\t\t<\/div>\n\t\t\t\t\t<\/div>\n\t\t<\/section>\n\t\t\t\t<section data-particle_enable=\"false\" data-particle-mobile-disabled=\"false\" class=\"elementor-section elementor-top-section elementor-element elementor-element-03fe5ba elementor-section-boxed elementor-section-height-default elementor-section-height-default\" data-id=\"03fe5ba\" data-element_type=\"section\" data-e-type=\"section\">\n\t\t\t\t\t\t<div class=\"elementor-container elementor-column-gap-default\">\n\t\t\t\t\t<div class=\"elementor-column elementor-col-100 elementor-top-column elementor-element elementor-element-2bfbc5c\" data-id=\"2bfbc5c\" data-element_type=\"column\" data-e-type=\"column\">\n\t\t\t<div class=\"elementor-widget-wrap elementor-element-populated\">\n\t\t\t\t\t\t<div class=\"elementor-element elementor-element-ad52790 elementor-widget elementor-widget-heading\" data-id=\"ad52790\" data-element_type=\"widget\" data-e-type=\"widget\" data-widget_type=\"heading.default\">\n\t\t\t\t<div class=\"elementor-widget-container\">\n\t\t\t\t\t<h2 class=\"elementor-heading-title elementor-size-default\">\u00a1Gracias a todos nuestros socios comunitarios!<\/h2>\t\t\t\t<\/div>\n\t\t\t\t<\/div>\n\t\t\t\t\t<\/div>\n\t\t<\/div>\n\t\t\t\t\t<\/div>\n\t\t<\/section>\n\t\t\t\t<section data-particle_enable=\"false\" data-particle-mobile-disabled=\"false\" class=\"elementor-section elementor-top-section elementor-element elementor-element-f2456be elementor-section-boxed elementor-section-height-default elementor-section-height-default\" data-id=\"f2456be\" data-element_type=\"section\" data-e-type=\"section\">\n\t\t\t\t\t\t<div class=\"elementor-container elementor-column-gap-default\">\n\t\t\t\t\t<div class=\"elementor-column elementor-col-100 elementor-top-column elementor-element elementor-element-dd16a66\" data-id=\"dd16a66\" data-element_type=\"column\" data-e-type=\"column\">\n\t\t\t<div class=\"elementor-widget-wrap elementor-element-populated\">\n\t\t\t\t\t\t<div class=\"elementor-element elementor-element-1a46d0e elementor-widget elementor-widget-ucaddon_logo_grid\" data-id=\"1a46d0e\" data-element_type=\"widget\" data-e-type=\"widget\" data-widget_type=\"ucaddon_logo_grid.default\">\n\t\t\t\t<div class=\"elementor-widget-container\">\n\t\t\t\t\t\n<!-- start Logo Grid -->\n<style>\/* widget: Logo Grid *\/\n\n#uc_logo_grid_elementor_1a46d0e {\n  display: grid;\n}\n#uc_logo_grid_elementor_1a46d0e .ue-logo-title\n{\n  width:100%;\n  position:absolute;\n  bottom:0;\n  text-align:center;\n  left:0;\n}\n\n#uc_logo_grid_elementor_1a46d0e div.logo-grid-item\n{\ntext-align:center;\ndisplay:flex;\nflex-direction:column;\njustify-content:center;\nalign-items:center;\noverflow:hidden;\n  position:relative;\n  transition:0.3s;\n\n}\n\n#uc_logo_grid_elementor_1a46d0e div.logo-grid-item img\n{\nwidth:100%;\n  object-fit: contain;\n  display:block;\n  mix-blend-mode: normal;\n  position:absolute;\n  top:0;\n  left:0;\n  right:0;\n  bottom:0;\n  height:100%;\n  transition:0.3s;\n}\n\n\n\n#uc_logo_grid_elementor_1a46d0e a\n{\n  display:block;\n  position:absolute;\n  top:0;\n  left:0;\n  right:0;\n  bottom:0;\n  cursor:pointer;\n  display:flex;\njustify-content:center;\nalign-items:center;\n}\n\n<\/style>\n\n<div id=\"uc_logo_grid_elementor_1a46d0e\" class=\"ue-logo-grid\">\n<div class=\"logo-grid-item\" >\n   \n\t<a href=\"https:\/\/www.angelflightwest.org\/\"  target='_blank'> \n\t\n  \n    <img fetchpriority=\"high\" decoding=\"async\" src=\"https:\/\/www.lstream.org\/wp-content\/uploads\/2022\/10\/Angel-Flight-West.jpg\" title=\"\u00c1ngel Vuelo Oeste\"  alt=\"Angel-Flight-West\" width=\"250\" height=\"250\">\n            <div class=\"ue-logo-title\">\u00c1ngel Vuelo Oeste<\/div>\n      \t\n      \n  <\/a>\n  \t\n<\/div>\n<div class=\"logo-grid-item\" >\n   \n\t<a href=\"https:\/\/www.mydohc.com\/\"  target='_blank'> \n\t\n  \n    <img decoding=\"async\" src=\"https:\/\/www.lstream.org\/wp-content\/uploads\/2022\/10\/DOHC_Logo-1.png\" title=\"Oasis del desierto\"  alt=\"DOHC_Logo-1\" width=\"1675\" height=\"404\">\n            <div class=\"ue-logo-title\">Oasis del desierto<\/div>\n      \t\n      \n  <\/a>\n  \t\n<\/div>\n<div class=\"logo-grid-item\" >\n   \n\t<a href=\"https:\/\/www.macys.com\"  target='_blank'> \n\t\n  \n    <img decoding=\"async\" src=\"https:\/\/www.lstream.org\/wp-content\/uploads\/2022\/10\/MACYS.jpg\" title=\"Macy&#039;s\"  alt=\"MACYS\" width=\"1200\" height=\"1200\">\n            <div class=\"ue-logo-title\">Macy&#039;s<\/div>\n      \t\n      \n  <\/a>\n  \t\n<\/div>\n<div class=\"logo-grid-item\" >\n   \n\t<a href=\"https:\/\/palmspringsairmuseum.org\/\"  target='_blank'> \n\t\n  \n    <img loading=\"lazy\" decoding=\"async\" src=\"https:\/\/www.lstream.org\/wp-content\/uploads\/2023\/01\/Palm-Springs-Air-Museum-logo.png\" title=\"Museo A\u00e9reo de Palm Springs\"  alt=\"Palm Springs Air Museum logo\" width=\"1607\" height=\"474\">\n            <div class=\"ue-logo-title\">Museo A\u00e9reo de Palm Springs<\/div>\n      \t\n      \n  <\/a>\n  \t\n<\/div>\n<div class=\"logo-grid-item\" >\n   \n\t<a href=\"https:\/\/www.nixonfoundation.org\/\"  target='_blank'> \n\t\n  \n    <img loading=\"lazy\" decoding=\"async\" src=\"https:\/\/www.lstream.org\/wp-content\/uploads\/2022\/10\/Richard-Nixon-Logo.jpg\" title=\"Fundaci\u00f3n Richard Nixon\"  alt=\"Richard-Nixon-Logo\" width=\"960\" height=\"960\">\n            <div class=\"ue-logo-title\">Fundaci\u00f3n Richard Nixon<\/div>\n      \t\n      \n  <\/a>\n  \t\n<\/div>\n<div class=\"logo-grid-item\" >\n   \n\t<a href=\"https:\/\/www.milb.com\/inland-empire\"  target='_blank'> \n\t\n  \n    <img loading=\"lazy\" decoding=\"async\" src=\"https:\/\/www.lstream.org\/wp-content\/uploads\/2022\/10\/66ers1.png\" title=\"66ers del Imperio Interior\"  alt=\"66ers1\" width=\"265\" height=\"267\">\n            <div class=\"ue-logo-title\">66ers del Imperio Interior<\/div>\n      \t\n      \n  <\/a>\n  \t\n<\/div>\n<div class=\"logo-grid-item\" >\n   \n\t<a href=\"https:\/\/www.ontarioreign.com\/\"  target='_blank'> \n\t\n  \n    <img loading=\"lazy\" decoding=\"async\" src=\"https:\/\/www.lstream.org\/wp-content\/uploads\/2022\/10\/ontario-reign-lgog.png\" title=\"Reinado de Ontario\"  alt=\"ontario-reign-lgog\" width=\"500\" height=\"500\">\n            <div class=\"ue-logo-title\">Reinado de Ontario<\/div>\n      \t\n      \n  <\/a>\n  \t\n<\/div>\n\n<\/div>\n<!-- end Logo Grid -->\t\t\t\t<\/div>\n\t\t\t\t<\/div>\n\t\t\t\t\t<\/div>\n\t\t<\/div>\n\t\t\t\t\t<\/div>\n\t\t<\/section>\n\t\t\t\t<section data-particle_enable=\"false\" data-particle-mobile-disabled=\"false\" class=\"elementor-section elementor-top-section elementor-element elementor-element-9a1f54f elementor-section-boxed elementor-section-height-default elementor-section-height-default\" data-id=\"9a1f54f\" data-element_type=\"section\" data-e-type=\"section\">\n\t\t\t\t\t\t<div class=\"elementor-container elementor-column-gap-default\">\n\t\t\t\t\t<div class=\"elementor-column elementor-col-100 elementor-top-column elementor-element elementor-element-e44d08c\" data-id=\"e44d08c\" data-element_type=\"column\" data-e-type=\"column\">\n\t\t\t<div class=\"elementor-widget-wrap elementor-element-populated\">\n\t\t\t\t\t\t<div class=\"elementor-element elementor-element-bca27d8 elementor-widget elementor-widget-text-editor\" data-id=\"bca27d8\" data-element_type=\"widget\" data-e-type=\"widget\" data-widget_type=\"text-editor.default\">\n\t\t\t\t<div class=\"elementor-widget-container\">\n\t\t\t\t\t\t\t\t\t<h4 style=\"text-align: center;\">Convi\u00e9rtase en socio de la comunidad LifeStream<\/h4><p style=\"text-align: center;\">Los socios comunitarios son importantes para hacer realidad la misi\u00f3n de LifeStream Blood Bank. Asociarse con LifeStream crea conciencia sobre la importancia de las donaciones de sangre y es una excelente oportunidad para mostrar apoyo a su comunidad. Nos encantar\u00eda hablar con usted sobre algunas de las formas en que podr\u00edamos trabajar juntos.<\/p><p style=\"text-align: center;\"><strong>Para obtener m\u00e1s informaci\u00f3n sobre las oportunidades de asociaci\u00f3n de LifeStream, <\/strong><strong>please contact Adam Botello, Director of Donor Resources &amp; Marketing<\/strong><\/p><p style=\"text-align: center;\"><strong>at <a href=\"mailto:botellad@LStream.org\">botellad@LStream.org<\/a> o llamar <a href=\"tel:+19517052297\">951-705-2297<\/a><\/strong><\/p>\t\t\t\t\t\t\t\t<\/div>\n\t\t\t\t<\/div>\n\t\t\t\t\t<\/div>\n\t\t<\/div>\n\t\t\t\t\t<\/div>\n\t\t<\/section>\n\t\t\t\t<\/div>","protected":false},"excerpt":{"rendered":"<p>Community Partners Thank You To All Of Our Community Partners! Angel Flight West Desert Oasis Macy&#8217;s Palm Springs Air Musuem Richard Nixon Foundation Inland Empire 66ers Ontario Reign Become A LifeStream Community Partner Community partners are important in bringing LifeStream Blood Bank\u2019s mission to life. Partnering with LifeStream raises awareness about the importance of blood [&hellip;]<\/p>\n","protected":false},"author":1,"featured_media":0,"parent":82,"menu_order":3,"comment_status":"closed","ping_status":"closed","template":"elementor_header_footer","meta":{"_acf_changed":false,"footnotes":""},"class_list":["post-97","page","type-page","status-publish","hentry"],"acf":[],"yoast_head":"<!-- This site is optimized with the Yoast SEO Premium plugin v27.2 (Yoast SEO v27.2) - https:\/\/yoast.com\/product\/yoast-seo-premium-wordpress\/ -->\n<title>Community Partners - LifeStream Blood Bank<\/title>\n<meta name=\"robots\" content=\"noindex, follow, max-snippet:-1, max-image-preview:large, max-video-preview:-1\" \/>\n<meta property=\"og:locale\" content=\"es_MX\" \/>\n<meta property=\"og:type\" content=\"article\" \/>\n<meta property=\"og:title\" content=\"Community Partners\" \/>\n<meta property=\"og:description\" content=\"Community Partners Thank You To All Of Our Community Partners! Angel Flight West Desert Oasis Macy&#8217;s Palm Springs Air Musuem Richard Nixon Foundation Inland Empire 66ers Ontario Reign Become A LifeStream Community Partner Community partners are important in bringing LifeStream Blood Bank\u2019s mission to life. Partnering with LifeStream raises awareness about the importance of blood [&hellip;]\" \/>\n<meta property=\"og:url\" content=\"https:\/\/www.lstream.org\/es\/about-us\/community-partners\/\" \/>\n<meta property=\"og:site_name\" content=\"LifeStream Blood Bank\" \/>\n<meta property=\"article:modified_time\" content=\"2024-08-19T19:58:56+00:00\" \/>\n<meta property=\"og:image\" content=\"https:\/\/www.lstream.org\/wp-content\/uploads\/2022\/10\/Angel-Flight-West.jpg\" \/>\n<meta name=\"twitter:card\" content=\"summary_large_image\" \/>\n<meta name=\"twitter:label1\" content=\"Tiempo de lectura\" \/>\n\t<meta name=\"twitter:data1\" content=\"2 minutos\" \/>\n<script type=\"application\/ld+json\" class=\"yoast-schema-graph\">{\"@context\":\"https:\/\/schema.org\",\"@graph\":[{\"@type\":\"WebPage\",\"@id\":\"https:\/\/www.lstream.org\/about-us\/community-partners\/\",\"url\":\"https:\/\/www.lstream.org\/about-us\/community-partners\/\",\"name\":\"Community Partners - LifeStream Blood Bank\",\"isPartOf\":{\"@id\":\"https:\/\/www.lstream.org\/#website\"},\"primaryImageOfPage\":{\"@id\":\"https:\/\/www.lstream.org\/about-us\/community-partners\/#primaryimage\"},\"image\":{\"@id\":\"https:\/\/www.lstream.org\/about-us\/community-partners\/#primaryimage\"},\"thumbnailUrl\":\"https:\/\/www.lstream.org\/wp-content\/uploads\/2022\/10\/Angel-Flight-West.jpg\",\"datePublished\":\"2022-09-07T20:21:25+00:00\",\"dateModified\":\"2024-08-19T19:58:56+00:00\",\"breadcrumb\":{\"@id\":\"https:\/\/www.lstream.org\/about-us\/community-partners\/#breadcrumb\"},\"inLanguage\":\"es\",\"potentialAction\":[{\"@type\":\"ReadAction\",\"target\":[\"https:\/\/www.lstream.org\/about-us\/community-partners\/\"]}]},{\"@type\":\"ImageObject\",\"inLanguage\":\"es\",\"@id\":\"https:\/\/www.lstream.org\/about-us\/community-partners\/#primaryimage\",\"url\":\"https:\/\/www.lstream.org\/wp-content\/uploads\/2022\/10\/Angel-Flight-West.jpg\",\"contentUrl\":\"https:\/\/www.lstream.org\/wp-content\/uploads\/2022\/10\/Angel-Flight-West.jpg\"},{\"@type\":\"BreadcrumbList\",\"@id\":\"https:\/\/www.lstream.org\/about-us\/community-partners\/#breadcrumb\",\"itemListElement\":[{\"@type\":\"ListItem\",\"position\":1,\"name\":\"Home\",\"item\":\"https:\/\/www.lstream.org\/\"},{\"@type\":\"ListItem\",\"position\":2,\"name\":\"About Us\",\"item\":\"https:\/\/www.lstream.org\/about-us\/\"},{\"@type\":\"ListItem\",\"position\":3,\"name\":\"Community Partners\"}]},{\"@type\":\"WebSite\",\"@id\":\"https:\/\/www.lstream.org\/#website\",\"url\":\"https:\/\/www.lstream.org\/\",\"name\":\"LifeStream Blood Bank\",\"description\":\"\",\"publisher\":{\"@id\":\"https:\/\/www.lstream.org\/#organization\"},\"potentialAction\":[{\"@type\":\"SearchAction\",\"target\":{\"@type\":\"EntryPoint\",\"urlTemplate\":\"https:\/\/www.lstream.org\/?s={search_term_string}\"},\"query-input\":{\"@type\":\"PropertyValueSpecification\",\"valueRequired\":true,\"valueName\":\"search_term_string\"}}],\"inLanguage\":\"es\"},{\"@type\":\"Organization\",\"@id\":\"https:\/\/www.lstream.org\/#organization\",\"name\":\"LifeStream Blood Bank\",\"url\":\"https:\/\/www.lstream.org\/\",\"logo\":{\"@type\":\"ImageObject\",\"inLanguage\":\"es\",\"@id\":\"https:\/\/www.lstream.org\/#\/schema\/logo\/image\/\",\"url\":\"https:\/\/www.lstream.org\/wp-content\/uploads\/2022\/09\/Site-Logo.svg\",\"contentUrl\":\"https:\/\/www.lstream.org\/wp-content\/uploads\/2022\/09\/Site-Logo.svg\",\"width\":348,\"height\":82.3524,\"caption\":\"LifeStream Blood Bank\"},\"image\":{\"@id\":\"https:\/\/www.lstream.org\/#\/schema\/logo\/image\/\"}}]}<\/script>\n<!-- \/ Yoast SEO Premium plugin. -->","yoast_head_json":{"title":"Community Partners - LifeStream Blood Bank","robots":{"index":"noindex","follow":"follow","max-snippet":"max-snippet:-1","max-image-preview":"max-image-preview:large","max-video-preview":"max-video-preview:-1"},"og_locale":"es_MX","og_type":"article","og_title":"Community Partners","og_description":"Community Partners Thank You To All Of Our Community Partners! Angel Flight West Desert Oasis Macy&#8217;s Palm Springs Air Musuem Richard Nixon Foundation Inland Empire 66ers Ontario Reign Become A LifeStream Community Partner Community partners are important in bringing LifeStream Blood Bank\u2019s mission to life. Partnering with LifeStream raises awareness about the importance of blood [&hellip;]","og_url":"https:\/\/www.lstream.org\/es\/about-us\/community-partners\/","og_site_name":"LifeStream Blood Bank","article_modified_time":"2024-08-19T19:58:56+00:00","og_image":[{"url":"https:\/\/www.lstream.org\/wp-content\/uploads\/2022\/10\/Angel-Flight-West.jpg","type":"","width":"","height":""}],"twitter_card":"summary_large_image","twitter_misc":{"Tiempo de lectura":"2 minutos"},"schema":{"@context":"https:\/\/schema.org","@graph":[{"@type":"WebPage","@id":"https:\/\/www.lstream.org\/about-us\/community-partners\/","url":"https:\/\/www.lstream.org\/about-us\/community-partners\/","name":"Community Partners - LifeStream Blood Bank","isPartOf":{"@id":"https:\/\/www.lstream.org\/#website"},"primaryImageOfPage":{"@id":"https:\/\/www.lstream.org\/about-us\/community-partners\/#primaryimage"},"image":{"@id":"https:\/\/www.lstream.org\/about-us\/community-partners\/#primaryimage"},"thumbnailUrl":"https:\/\/www.lstream.org\/wp-content\/uploads\/2022\/10\/Angel-Flight-West.jpg","datePublished":"2022-09-07T20:21:25+00:00","dateModified":"2024-08-19T19:58:56+00:00","breadcrumb":{"@id":"https:\/\/www.lstream.org\/about-us\/community-partners\/#breadcrumb"},"inLanguage":"es","potentialAction":[{"@type":"ReadAction","target":["https:\/\/www.lstream.org\/about-us\/community-partners\/"]}]},{"@type":"ImageObject","inLanguage":"es","@id":"https:\/\/www.lstream.org\/about-us\/community-partners\/#primaryimage","url":"https:\/\/www.lstream.org\/wp-content\/uploads\/2022\/10\/Angel-Flight-West.jpg","contentUrl":"https:\/\/www.lstream.org\/wp-content\/uploads\/2022\/10\/Angel-Flight-West.jpg"},{"@type":"BreadcrumbList","@id":"https:\/\/www.lstream.org\/about-us\/community-partners\/#breadcrumb","itemListElement":[{"@type":"ListItem","position":1,"name":"Home","item":"https:\/\/www.lstream.org\/"},{"@type":"ListItem","position":2,"name":"About Us","item":"https:\/\/www.lstream.org\/about-us\/"},{"@type":"ListItem","position":3,"name":"Community Partners"}]},{"@type":"WebSite","@id":"https:\/\/www.lstream.org\/#website","url":"https:\/\/www.lstream.org\/","name":"Banco de sangre LifeStream","description":"","publisher":{"@id":"https:\/\/www.lstream.org\/#organization"},"potentialAction":[{"@type":"SearchAction","target":{"@type":"EntryPoint","urlTemplate":"https:\/\/www.lstream.org\/?s={search_term_string}"},"query-input":{"@type":"PropertyValueSpecification","valueRequired":true,"valueName":"search_term_string"}}],"inLanguage":"es"},{"@type":"Organization","@id":"https:\/\/www.lstream.org\/#organization","name":"Banco de sangre LifeStream","url":"https:\/\/www.lstream.org\/","logo":{"@type":"ImageObject","inLanguage":"es","@id":"https:\/\/www.lstream.org\/#\/schema\/logo\/image\/","url":"https:\/\/www.lstream.org\/wp-content\/uploads\/2022\/09\/Site-Logo.svg","contentUrl":"https:\/\/www.lstream.org\/wp-content\/uploads\/2022\/09\/Site-Logo.svg","width":348,"height":82.3524,"caption":"LifeStream Blood Bank"},"image":{"@id":"https:\/\/www.lstream.org\/#\/schema\/logo\/image\/"}}]}},"_links":{"self":[{"href":"https:\/\/www.lstream.org\/es\/wp-json\/wp\/v2\/pages\/97","targetHints":{"allow":["GET"]}}],"collection":[{"href":"https:\/\/www.lstream.org\/es\/wp-json\/wp\/v2\/pages"}],"about":[{"href":"https:\/\/www.lstream.org\/es\/wp-json\/wp\/v2\/types\/page"}],"author":[{"embeddable":true,"href":"https:\/\/www.lstream.org\/es\/wp-json\/wp\/v2\/users\/1"}],"replies":[{"embeddable":true,"href":"https:\/\/www.lstream.org\/es\/wp-json\/wp\/v2\/comments?post=97"}],"version-history":[{"count":97,"href":"https:\/\/www.lstream.org\/es\/wp-json\/wp\/v2\/pages\/97\/revisions"}],"predecessor-version":[{"id":25476,"href":"https:\/\/www.lstream.org\/es\/wp-json\/wp\/v2\/pages\/97\/revisions\/25476"}],"up":[{"embeddable":true,"href":"https:\/\/www.lstream.org\/es\/wp-json\/wp\/v2\/pages\/82"}],"wp:attachment":[{"href":"https:\/\/www.lstream.org\/es\/wp-json\/wp\/v2\/media?parent=97"}],"curies":[{"name":"wp","href":"https:\/\/api.w.org\/{rel}","templated":true}]}}